{"id":9842,"date":"2021-08-10T09:35:42","date_gmt":"2021-08-10T07:35:42","guid":{"rendered":"https:\/\/obb.de\/?post_type=product&#038;p=9842"},"modified":"2024-12-23T11:06:25","modified_gmt":"2024-12-23T09:06:25","slug":"schwarzwald-rosa-seitenschlaeferkissen","status":"publish","type":"product","link":"https:\/\/obb.de\/zh-hans\/shop\/produkte\/schwarzwald-rosa-seitenschlaeferkissen\/","title":{"rendered":"Schwarzwald &#8220;Rosa&#8221; Seitenschl\u00e4ferkissen"},"content":{"rendered":"<p>Unsere Schwarzwald-Kollektion entstand aus der Verbundenheit zu unserer Heimat. Seit 1965 produzieren wir an unserem Standort in L\u00f6rrach am Rande des wundersch\u00f6nen Schwarzwalds. Unser Seitenschl\u00e4ferkissen &#8220;Rosa&#8221; unterst\u00fctzt Ihre ergonomische Liegeposition, wenn Sie gerne auf der Seite schlafen. Damit beugt es Verspannungen in R\u00fccken, Schultern und Nacken vor und schenkt Ihnen erholsamen Schlaf. F\u00fcr das Seitenschl\u00e4ferkissen wurden nur ausgew\u00e4hlte Materialien verarbeitet, wie einem Baumwollbezug (100%), wei\u00dfen europ\u00e4ischen neuen Federn (85%) und Daunen (15%), welche eine optimale St\u00fctzkraft gew\u00e4hrleisten.<\/p>\n","protected":false},"excerpt":{"rendered":"<p>Unsere Schwarzwald-K<\/p>\n","protected":false},"featured_media":0,"comment_status":"closed","ping_status":"closed","template":"","meta":[],"product_brand":[],"product_cat":[396,543],"product_tag":[],"class_list":{"0":"post-9842","1":"product","2":"type-product","3":"status-publish","5":"product_cat-daunenkissen","6":"product_cat-federn","8":"first","9":"instock","10":"taxable","11":"shipping-taxable","12":"purchasable","13":"product-type-variable","14":"has-default-attributes"},"yoast_head":"<!-- This site is optimized with the Yoast SEO plugin v27.2 - https:\/\/yoast.com\/product\/yoast-seo-wordpress\/ -->\n<title>Schwarzwald &quot;Rosa&quot; Seitenschl\u00e4ferkissen<\/title>\n<meta name=\"description\" content=\"Sch\u00f6ne Seitenschl\u00e4ferkissen aus dem Schwarzwald aus der Produktlinie OBB Schwarzwald Red Label &quot;Rosa&quot;\" \/>\n<meta name=\"robots\" content=\"index, follow, max-snippet:-1, max-image-preview:large, max-video-preview:-1\" \/>\n<link rel=\"canonical\" href=\"https:\/\/obb.de\/zh-hans\/shop\/produkte\/schwarzwald-rosa-seitenschlaeferkissen\/\" \/>\n<meta property=\"og:locale\" content=\"zh_CN\" \/>\n<meta property=\"og:type\" content=\"article\" \/>\n<meta property=\"og:title\" content=\"Schwarzwald &quot;Rosa&quot; Seitenschl\u00e4ferkissen\" \/>\n<meta property=\"og:description\" content=\"Sch\u00f6ne Seitenschl\u00e4ferkissen aus dem Schwarzwald aus der Produktlinie OBB Schwarzwald Red Label &quot;Rosa&quot;\" \/>\n<meta property=\"og:url\" content=\"https:\/\/obb.de\/zh-hans\/shop\/produkte\/schwarzwald-rosa-seitenschlaeferkissen\/\" \/>\n<meta property=\"og:site_name\" content=\"OBB Oberbadische Bettfedernfabrik GmbH\" \/>\n<meta property=\"article:modified_time\" content=\"2024-12-23T09:06:25+00:00\" \/>\n<meta name=\"twitter:card\" content=\"summary_large_image\" \/>\n<meta name=\"twitter:label1\" content=\"\u9884\u8ba1\u9605\u8bfb\u65f6\u95f4\" \/>\n\t<meta name=\"twitter:data1\" content=\"1 \u5206\" \/>\n<script type=\"application\/ld+json\" class=\"yoast-schema-graph\">{\"@context\":\"https:\/\/schema.org\",\"@graph\":[{\"@type\":\"WebPage\",\"@id\":\"https:\/\/obb.de\/zh-hans\/shop\/produkte\/schwarzwald-rosa-seitenschlaeferkissen\/\",\"url\":\"https:\/\/obb.de\/zh-hans\/shop\/produkte\/schwarzwald-rosa-seitenschlaeferkissen\/\",\"name\":\"Schwarzwald \\\"Rosa\\\" Seitenschl\u00e4ferkissen\",\"isPartOf\":{\"@id\":\"https:\/\/obb.de\/zh-hans\/oldsite\/#website\"},\"datePublished\":\"2021-08-10T07:35:42+00:00\",\"dateModified\":\"2024-12-23T09:06:25+00:00\",\"description\":\"Sch\u00f6ne Seitenschl\u00e4ferkissen aus dem Schwarzwald aus der Produktlinie OBB Schwarzwald Red Label \\\"Rosa\\\"\",\"breadcrumb\":{\"@id\":\"https:\/\/obb.de\/zh-hans\/shop\/produkte\/schwarzwald-rosa-seitenschlaeferkissen\/#breadcrumb\"},\"inLanguage\":\"zh-Hans\",\"potentialAction\":[{\"@type\":\"ReadAction\",\"target\":[\"https:\/\/obb.de\/zh-hans\/shop\/produkte\/schwarzwald-rosa-seitenschlaeferkissen\/\"]}]},{\"@type\":\"BreadcrumbList\",\"@id\":\"https:\/\/obb.de\/zh-hans\/shop\/produkte\/schwarzwald-rosa-seitenschlaeferkissen\/#breadcrumb\",\"itemListElement\":[{\"@type\":\"ListItem\",\"position\":1,\"name\":\"Startseite\",\"item\":\"https:\/\/obb.de\/zh-hans\/\"},{\"@type\":\"ListItem\",\"position\":2,\"name\":\"Shop\",\"item\":\"https:\/\/obb.de\/zh-hans\/shop\/\"},{\"@type\":\"ListItem\",\"position\":3,\"name\":\"Schwarzwald &#8222;Rosa&#8220; Seitenschl\u00e4ferkissen\"}]},{\"@type\":\"WebSite\",\"@id\":\"https:\/\/obb.de\/zh-hans\/oldsite\/#website\",\"url\":\"https:\/\/obb.de\/zh-hans\/oldsite\/\",\"name\":\"OBB Oberbadische Bettfedernfabrik GmbH\",\"description\":\"Traumhaft Seit 1900\",\"publisher\":{\"@id\":\"https:\/\/obb.de\/zh-hans\/oldsite\/#organization\"},\"potentialAction\":[{\"@type\":\"SearchAction\",\"target\":{\"@type\":\"EntryPoint\",\"urlTemplate\":\"https:\/\/obb.de\/zh-hans\/oldsite\/?s={search_term_string}\"},\"query-input\":{\"@type\":\"PropertyValueSpecification\",\"valueRequired\":true,\"valueName\":\"search_term_string\"}}],\"inLanguage\":\"zh-Hans\"},{\"@type\":\"Organization\",\"@id\":\"https:\/\/obb.de\/zh-hans\/oldsite\/#organization\",\"name\":\"OBB GmbH\",\"url\":\"https:\/\/obb.de\/zh-hans\/oldsite\/\",\"logo\":{\"@type\":\"ImageObject\",\"inLanguage\":\"zh-Hans\",\"@id\":\"https:\/\/obb.de\/zh-hans\/oldsite\/#\/schema\/logo\/image\/\",\"url\":\"https:\/\/obb.de\/wp-content\/uploads\/2019\/07\/OBB_Logo_4c_Deutsch_Signatur-2.jpg\",\"contentUrl\":\"https:\/\/obb.de\/wp-content\/uploads\/2019\/07\/OBB_Logo_4c_Deutsch_Signatur-2.jpg\",\"width\":707,\"height\":230,\"caption\":\"OBB GmbH\"},\"image\":{\"@id\":\"https:\/\/obb.de\/zh-hans\/oldsite\/#\/schema\/logo\/image\/\"}}]}<\/script>\n<!-- \/ Yoast SEO plugin. -->","yoast_head_json":{"title":"Schwarzwald \"Rosa\" Seitenschl\u00e4ferkissen","description":"Sch\u00f6ne Seitenschl\u00e4ferkissen aus dem Schwarzwald aus der Produktlinie OBB Schwarzwald Red Label \"Rosa\"","robots":{"index":"index","follow":"follow","max-snippet":"max-snippet:-1","max-image-preview":"max-image-preview:large","max-video-preview":"max-video-preview:-1"},"canonical":"https:\/\/obb.de\/zh-hans\/shop\/produkte\/schwarzwald-rosa-seitenschlaeferkissen\/","og_locale":"zh_CN","og_type":"article","og_title":"Schwarzwald \"Rosa\" Seitenschl\u00e4ferkissen","og_description":"Sch\u00f6ne Seitenschl\u00e4ferkissen aus dem Schwarzwald aus der Produktlinie OBB Schwarzwald Red Label \"Rosa\"","og_url":"https:\/\/obb.de\/zh-hans\/shop\/produkte\/schwarzwald-rosa-seitenschlaeferkissen\/","og_site_name":"OBB Oberbadische Bettfedernfabrik GmbH","article_modified_time":"2024-12-23T09:06:25+00:00","twitter_card":"summary_large_image","twitter_misc":{"\u9884\u8ba1\u9605\u8bfb\u65f6\u95f4":"1 \u5206"},"schema":{"@context":"https:\/\/schema.org","@graph":[{"@type":"WebPage","@id":"https:\/\/obb.de\/zh-hans\/shop\/produkte\/schwarzwald-rosa-seitenschlaeferkissen\/","url":"https:\/\/obb.de\/zh-hans\/shop\/produkte\/schwarzwald-rosa-seitenschlaeferkissen\/","name":"Schwarzwald \"Rosa\" Seitenschl\u00e4ferkissen","isPartOf":{"@id":"https:\/\/obb.de\/zh-hans\/oldsite\/#website"},"datePublished":"2021-08-10T07:35:42+00:00","dateModified":"2024-12-23T09:06:25+00:00","description":"Sch\u00f6ne Seitenschl\u00e4ferkissen aus dem Schwarzwald aus der Produktlinie OBB Schwarzwald Red Label \"Rosa\"","breadcrumb":{"@id":"https:\/\/obb.de\/zh-hans\/shop\/produkte\/schwarzwald-rosa-seitenschlaeferkissen\/#breadcrumb"},"inLanguage":"zh-Hans","potentialAction":[{"@type":"ReadAction","target":["https:\/\/obb.de\/zh-hans\/shop\/produkte\/schwarzwald-rosa-seitenschlaeferkissen\/"]}]},{"@type":"BreadcrumbList","@id":"https:\/\/obb.de\/zh-hans\/shop\/produkte\/schwarzwald-rosa-seitenschlaeferkissen\/#breadcrumb","itemListElement":[{"@type":"ListItem","position":1,"name":"Startseite","item":"https:\/\/obb.de\/zh-hans\/"},{"@type":"ListItem","position":2,"name":"Shop","item":"https:\/\/obb.de\/zh-hans\/shop\/"},{"@type":"ListItem","position":3,"name":"Schwarzwald &#8222;Rosa&#8220; Seitenschl\u00e4ferkissen"}]},{"@type":"WebSite","@id":"https:\/\/obb.de\/zh-hans\/oldsite\/#website","url":"https:\/\/obb.de\/zh-hans\/oldsite\/","name":"OBB Oberbadische Bettfedernfabrik GmbH","description":"Traumhaft Seit 1900","publisher":{"@id":"https:\/\/obb.de\/zh-hans\/oldsite\/#organization"},"potentialAction":[{"@type":"SearchAction","target":{"@type":"EntryPoint","urlTemplate":"https:\/\/obb.de\/zh-hans\/oldsite\/?s={search_term_string}"},"query-input":{"@type":"PropertyValueSpecification","valueRequired":true,"valueName":"search_term_string"}}],"inLanguage":"zh-Hans"},{"@type":"Organization","@id":"https:\/\/obb.de\/zh-hans\/oldsite\/#organization","name":"OBB GmbH","url":"https:\/\/obb.de\/zh-hans\/oldsite\/","logo":{"@type":"ImageObject","inLanguage":"zh-Hans","@id":"https:\/\/obb.de\/zh-hans\/oldsite\/#\/schema\/logo\/image\/","url":"https:\/\/obb.de\/wp-content\/uploads\/2019\/07\/OBB_Logo_4c_Deutsch_Signatur-2.jpg","contentUrl":"https:\/\/obb.de\/wp-content\/uploads\/2019\/07\/OBB_Logo_4c_Deutsch_Signatur-2.jpg","width":707,"height":230,"caption":"OBB GmbH"},"image":{"@id":"https:\/\/obb.de\/zh-hans\/oldsite\/#\/schema\/logo\/image\/"}}]}},"_links":{"self":[{"href":"https:\/\/obb.de\/zh-hans\/wp-json\/wp\/v2\/product\/9842","targetHints":{"allow":["GET"]}}],"collection":[{"href":"https:\/\/obb.de\/zh-hans\/wp-json\/wp\/v2\/product"}],"about":[{"href":"https:\/\/obb.de\/zh-hans\/wp-json\/wp\/v2\/types\/product"}],"replies":[{"embeddable":true,"href":"https:\/\/obb.de\/zh-hans\/wp-json\/wp\/v2\/comments?post=9842"}],"wp:attachment":[{"href":"https:\/\/obb.de\/zh-hans\/wp-json\/wp\/v2\/media?parent=9842"}],"wp:term":[{"taxonomy":"product_brand","embeddable":true,"href":"https:\/\/obb.de\/zh-hans\/wp-json\/wp\/v2\/product_brand?post=9842"},{"taxonomy":"product_cat","embeddable":true,"href":"https:\/\/obb.de\/zh-hans\/wp-json\/wp\/v2\/product_cat?post=9842"},{"taxonomy":"product_tag","embeddable":true,"href":"https:\/\/obb.de\/zh-hans\/wp-json\/wp\/v2\/product_tag?post=9842"}],"curies":[{"name":"wp","href":"https:\/\/api.w.org\/{rel}","templated":true}]}}