{"id":9834,"date":"2021-08-10T09:35:41","date_gmt":"2021-08-10T08:35:41","guid":{"rendered":"https:\/\/obb.de\/?post_type=product&#038;p=9834"},"modified":"2025-11-25T16:56:35","modified_gmt":"2025-11-25T14:56:35","slug":"schwarzwald-nana-schafschurwolle-zirbe-kissen","status":"publish","type":"product","link":"https:\/\/obb.de\/zh-hans\/shop\/produkte\/schwarzwald-nana-schafschurwolle-zirbe-kissen\/","title":{"rendered":"Schwarzwald &#8220;Nana&#8221; Schafschurwolle\/Zirbe-Kissen"},"content":{"rendered":"<p>Unsere Schwarzwald-Kollektion entstand aus der Verbundenheit zu unserer Heimat. Seit 1965 produzieren wir an unserem Standort in L\u00f6rrach am Rande des wundersch\u00f6nen Schwarzwalds. In unserer Kissenreihe &#8220;Nana&#8221; verarbeiten wir neben der Daune, vier der besten F\u00fcllstoffe, die die Natur zu bieten hat. In diesem Kissen wurden Schafschurwolle (80%) und Zirbensp\u00e4hne (20%) verarbeitet. Schurwolle kann bis zu 30% ihres Eigengewichts an Feuchtigkeit aufnehmen. Warme Luft wird durch die nat\u00fcrliche Kr\u00e4uselung gespeichert und die \u00fcbersch\u00fcssige W\u00e4rme wird abgeleitet. So sorgt &#8220;Nana&#8221; f\u00fcr ein trockenes, perfekt temperiertes Schlafklima. Des Weiteren ist die Merino-Schurwolle in der Lage sich selbst zu reinigen und besitzt eine antibakterielle Wirkung. Die Zirbensp\u00e4hne verstr\u00f6men dabei einen angenehmen holzigen Duft.<\/p>\n","protected":false},"excerpt":{"rendered":"<p>Unsere Schwarzwald-K<\/p>\n","protected":false},"featured_media":10260,"comment_status":"closed","ping_status":"closed","template":"","meta":[],"product_brand":[],"product_cat":[604,794,795],"product_tag":[],"class_list":{"0":"post-9834","1":"product","2":"type-product","3":"status-publish","4":"has-post-thumbnail","6":"product_cat-naturhaarkissen","7":"product_cat-40x60","8":"product_cat-40x80","10":"first","11":"instock","12":"taxable","13":"shipping-taxable","14":"purchasable","15":"product-type-variable","16":"has-default-attributes"},"yoast_head":"<!-- This site is optimized with the Yoast SEO plugin v27.2 - https:\/\/yoast.com\/product\/yoast-seo-wordpress\/ -->\n<title>Zirbenkopfkissen Schwarzwald \u201cNana\u201d - Schafschurwolle<\/title>\n<meta name=\"description\" content=\"Zirbenkopfkissen \u2713 Sch\u00f6ne Schafschurwolle \u2713 aus dem Schwarzwald aus der Produktlinie OBB Schwarzwald Red Label &quot;Nana&quot; \u25ba Zirbenkopfkissen kaufen\" \/>\n<meta name=\"robots\" content=\"index, follow, max-snippet:-1, max-image-preview:large, max-video-preview:-1\" \/>\n<link rel=\"canonical\" href=\"https:\/\/obb.de\/zh-hans\/shop\/produkte\/schwarzwald-nana-schafschurwolle-zirbe-kissen\/\" \/>\n<meta property=\"og:locale\" content=\"zh_CN\" \/>\n<meta property=\"og:type\" content=\"article\" \/>\n<meta property=\"og:title\" content=\"Zirbenkopfkissen Schwarzwald \u201cNana\u201d - Schafschurwolle\" \/>\n<meta property=\"og:description\" content=\"Zirbenkopfkissen \u2713 Sch\u00f6ne Schafschurwolle \u2713 aus dem Schwarzwald aus der Produktlinie OBB Schwarzwald Red Label &quot;Nana&quot; \u25ba Zirbenkopfkissen kaufen\" \/>\n<meta property=\"og:url\" content=\"https:\/\/obb.de\/zh-hans\/shop\/produkte\/schwarzwald-nana-schafschurwolle-zirbe-kissen\/\" \/>\n<meta property=\"og:site_name\" content=\"OBB Oberbadische Bettfedernfabrik GmbH\" \/>\n<meta property=\"article:modified_time\" content=\"2025-11-25T14:56:35+00:00\" \/>\n<meta property=\"og:image\" content=\"https:\/\/obb.de\/wp-content\/uploads\/2021\/08\/Nana_40x80-1.jpg\" \/>\n\t<meta property=\"og:image:width\" content=\"1500\" \/>\n\t<meta property=\"og:image:height\" content=\"1000\" \/>\n\t<meta property=\"og:image:type\" content=\"image\/jpeg\" \/>\n<meta name=\"twitter:card\" content=\"summary_large_image\" \/>\n<meta name=\"twitter:label1\" content=\"\u9884\u8ba1\u9605\u8bfb\u65f6\u95f4\" \/>\n\t<meta name=\"twitter:data1\" content=\"1 \u5206\" \/>\n<script type=\"application\/ld+json\" class=\"yoast-schema-graph\">{\"@context\":\"https:\/\/schema.org\",\"@graph\":[{\"@type\":\"WebPage\",\"@id\":\"https:\/\/obb.de\/zh-hans\/shop\/produkte\/schwarzwald-nana-schafschurwolle-zirbe-kissen\/\",\"url\":\"https:\/\/obb.de\/zh-hans\/shop\/produkte\/schwarzwald-nana-schafschurwolle-zirbe-kissen\/\",\"name\":\"Zirbenkopfkissen Schwarzwald \u201cNana\u201d - Schafschurwolle\",\"isPartOf\":{\"@id\":\"https:\/\/obb.de\/zh-hans\/oldsite\/#website\"},\"primaryImageOfPage\":{\"@id\":\"https:\/\/obb.de\/zh-hans\/shop\/produkte\/schwarzwald-nana-schafschurwolle-zirbe-kissen\/#primaryimage\"},\"image\":{\"@id\":\"https:\/\/obb.de\/zh-hans\/shop\/produkte\/schwarzwald-nana-schafschurwolle-zirbe-kissen\/#primaryimage\"},\"thumbnailUrl\":\"https:\/\/obb.de\/wp-content\/uploads\/2021\/08\/Nana_40x80-1.jpg\",\"datePublished\":\"2021-08-10T08:35:41+00:00\",\"dateModified\":\"2025-11-25T14:56:35+00:00\",\"description\":\"Zirbenkopfkissen \u2713 Sch\u00f6ne Schafschurwolle \u2713 aus dem Schwarzwald aus der Produktlinie OBB Schwarzwald Red Label \\\"Nana\\\" \u25ba Zirbenkopfkissen kaufen\",\"breadcrumb\":{\"@id\":\"https:\/\/obb.de\/zh-hans\/shop\/produkte\/schwarzwald-nana-schafschurwolle-zirbe-kissen\/#breadcrumb\"},\"inLanguage\":\"zh-Hans\",\"potentialAction\":[{\"@type\":\"ReadAction\",\"target\":[\"https:\/\/obb.de\/zh-hans\/shop\/produkte\/schwarzwald-nana-schafschurwolle-zirbe-kissen\/\"]}]},{\"@type\":\"ImageObject\",\"inLanguage\":\"zh-Hans\",\"@id\":\"https:\/\/obb.de\/zh-hans\/shop\/produkte\/schwarzwald-nana-schafschurwolle-zirbe-kissen\/#primaryimage\",\"url\":\"https:\/\/obb.de\/wp-content\/uploads\/2021\/08\/Nana_40x80-1.jpg\",\"contentUrl\":\"https:\/\/obb.de\/wp-content\/uploads\/2021\/08\/Nana_40x80-1.jpg\",\"width\":1500,\"height\":1000},{\"@type\":\"BreadcrumbList\",\"@id\":\"https:\/\/obb.de\/zh-hans\/shop\/produkte\/schwarzwald-nana-schafschurwolle-zirbe-kissen\/#breadcrumb\",\"itemListElement\":[{\"@type\":\"ListItem\",\"position\":1,\"name\":\"Startseite\",\"item\":\"https:\/\/obb.de\/zh-hans\/\"},{\"@type\":\"ListItem\",\"position\":2,\"name\":\"Shop\",\"item\":\"https:\/\/obb.de\/zh-hans\/shop\/\"},{\"@type\":\"ListItem\",\"position\":3,\"name\":\"Schwarzwald &#8222;Nana&#8220; Schafschurwolle\/Zirbe-Kissen\"}]},{\"@type\":\"WebSite\",\"@id\":\"https:\/\/obb.de\/zh-hans\/oldsite\/#website\",\"url\":\"https:\/\/obb.de\/zh-hans\/oldsite\/\",\"name\":\"OBB Oberbadische Bettfedernfabrik GmbH\",\"description\":\"Traumhaft Seit 1900\",\"publisher\":{\"@id\":\"https:\/\/obb.de\/zh-hans\/oldsite\/#organization\"},\"potentialAction\":[{\"@type\":\"SearchAction\",\"target\":{\"@type\":\"EntryPoint\",\"urlTemplate\":\"https:\/\/obb.de\/zh-hans\/oldsite\/?s={search_term_string}\"},\"query-input\":{\"@type\":\"PropertyValueSpecification\",\"valueRequired\":true,\"valueName\":\"search_term_string\"}}],\"inLanguage\":\"zh-Hans\"},{\"@type\":\"Organization\",\"@id\":\"https:\/\/obb.de\/zh-hans\/oldsite\/#organization\",\"name\":\"OBB GmbH\",\"url\":\"https:\/\/obb.de\/zh-hans\/oldsite\/\",\"logo\":{\"@type\":\"ImageObject\",\"inLanguage\":\"zh-Hans\",\"@id\":\"https:\/\/obb.de\/zh-hans\/oldsite\/#\/schema\/logo\/image\/\",\"url\":\"https:\/\/obb.de\/wp-content\/uploads\/2019\/07\/OBB_Logo_4c_Deutsch_Signatur-2.jpg\",\"contentUrl\":\"https:\/\/obb.de\/wp-content\/uploads\/2019\/07\/OBB_Logo_4c_Deutsch_Signatur-2.jpg\",\"width\":707,\"height\":230,\"caption\":\"OBB GmbH\"},\"image\":{\"@id\":\"https:\/\/obb.de\/zh-hans\/oldsite\/#\/schema\/logo\/image\/\"}}]}<\/script>\n<!-- \/ Yoast SEO plugin. -->","yoast_head_json":{"title":"Zirbenkopfkissen Schwarzwald \u201cNana\u201d - Schafschurwolle","description":"Zirbenkopfkissen \u2713 Sch\u00f6ne Schafschurwolle \u2713 aus dem Schwarzwald aus der Produktlinie OBB Schwarzwald Red Label \"Nana\" \u25ba Zirbenkopfkissen kaufen","robots":{"index":"index","follow":"follow","max-snippet":"max-snippet:-1","max-image-preview":"max-image-preview:large","max-video-preview":"max-video-preview:-1"},"canonical":"https:\/\/obb.de\/zh-hans\/shop\/produkte\/schwarzwald-nana-schafschurwolle-zirbe-kissen\/","og_locale":"zh_CN","og_type":"article","og_title":"Zirbenkopfkissen Schwarzwald \u201cNana\u201d - Schafschurwolle","og_description":"Zirbenkopfkissen \u2713 Sch\u00f6ne Schafschurwolle \u2713 aus dem Schwarzwald aus der Produktlinie OBB Schwarzwald Red Label \"Nana\" \u25ba Zirbenkopfkissen kaufen","og_url":"https:\/\/obb.de\/zh-hans\/shop\/produkte\/schwarzwald-nana-schafschurwolle-zirbe-kissen\/","og_site_name":"OBB Oberbadische Bettfedernfabrik GmbH","article_modified_time":"2025-11-25T14:56:35+00:00","og_image":[{"width":1500,"height":1000,"url":"https:\/\/obb.de\/wp-content\/uploads\/2021\/08\/Nana_40x80-1.jpg","type":"image\/jpeg"}],"twitter_card":"summary_large_image","twitter_misc":{"\u9884\u8ba1\u9605\u8bfb\u65f6\u95f4":"1 \u5206"},"schema":{"@context":"https:\/\/schema.org","@graph":[{"@type":"WebPage","@id":"https:\/\/obb.de\/zh-hans\/shop\/produkte\/schwarzwald-nana-schafschurwolle-zirbe-kissen\/","url":"https:\/\/obb.de\/zh-hans\/shop\/produkte\/schwarzwald-nana-schafschurwolle-zirbe-kissen\/","name":"Zirbenkopfkissen Schwarzwald \u201cNana\u201d - Schafschurwolle","isPartOf":{"@id":"https:\/\/obb.de\/zh-hans\/oldsite\/#website"},"primaryImageOfPage":{"@id":"https:\/\/obb.de\/zh-hans\/shop\/produkte\/schwarzwald-nana-schafschurwolle-zirbe-kissen\/#primaryimage"},"image":{"@id":"https:\/\/obb.de\/zh-hans\/shop\/produkte\/schwarzwald-nana-schafschurwolle-zirbe-kissen\/#primaryimage"},"thumbnailUrl":"https:\/\/obb.de\/wp-content\/uploads\/2021\/08\/Nana_40x80-1.jpg","datePublished":"2021-08-10T08:35:41+00:00","dateModified":"2025-11-25T14:56:35+00:00","description":"Zirbenkopfkissen \u2713 Sch\u00f6ne Schafschurwolle \u2713 aus dem Schwarzwald aus der Produktlinie OBB Schwarzwald Red Label \"Nana\" \u25ba Zirbenkopfkissen kaufen","breadcrumb":{"@id":"https:\/\/obb.de\/zh-hans\/shop\/produkte\/schwarzwald-nana-schafschurwolle-zirbe-kissen\/#breadcrumb"},"inLanguage":"zh-Hans","potentialAction":[{"@type":"ReadAction","target":["https:\/\/obb.de\/zh-hans\/shop\/produkte\/schwarzwald-nana-schafschurwolle-zirbe-kissen\/"]}]},{"@type":"ImageObject","inLanguage":"zh-Hans","@id":"https:\/\/obb.de\/zh-hans\/shop\/produkte\/schwarzwald-nana-schafschurwolle-zirbe-kissen\/#primaryimage","url":"https:\/\/obb.de\/wp-content\/uploads\/2021\/08\/Nana_40x80-1.jpg","contentUrl":"https:\/\/obb.de\/wp-content\/uploads\/2021\/08\/Nana_40x80-1.jpg","width":1500,"height":1000},{"@type":"BreadcrumbList","@id":"https:\/\/obb.de\/zh-hans\/shop\/produkte\/schwarzwald-nana-schafschurwolle-zirbe-kissen\/#breadcrumb","itemListElement":[{"@type":"ListItem","position":1,"name":"Startseite","item":"https:\/\/obb.de\/zh-hans\/"},{"@type":"ListItem","position":2,"name":"Shop","item":"https:\/\/obb.de\/zh-hans\/shop\/"},{"@type":"ListItem","position":3,"name":"Schwarzwald &#8222;Nana&#8220; Schafschurwolle\/Zirbe-Kissen"}]},{"@type":"WebSite","@id":"https:\/\/obb.de\/zh-hans\/oldsite\/#website","url":"https:\/\/obb.de\/zh-hans\/oldsite\/","name":"OBB Oberbadische Bettfedernfabrik GmbH","description":"Traumhaft Seit 1900","publisher":{"@id":"https:\/\/obb.de\/zh-hans\/oldsite\/#organization"},"potentialAction":[{"@type":"SearchAction","target":{"@type":"EntryPoint","urlTemplate":"https:\/\/obb.de\/zh-hans\/oldsite\/?s={search_term_string}"},"query-input":{"@type":"PropertyValueSpecification","valueRequired":true,"valueName":"search_term_string"}}],"inLanguage":"zh-Hans"},{"@type":"Organization","@id":"https:\/\/obb.de\/zh-hans\/oldsite\/#organization","name":"OBB GmbH","url":"https:\/\/obb.de\/zh-hans\/oldsite\/","logo":{"@type":"ImageObject","inLanguage":"zh-Hans","@id":"https:\/\/obb.de\/zh-hans\/oldsite\/#\/schema\/logo\/image\/","url":"https:\/\/obb.de\/wp-content\/uploads\/2019\/07\/OBB_Logo_4c_Deutsch_Signatur-2.jpg","contentUrl":"https:\/\/obb.de\/wp-content\/uploads\/2019\/07\/OBB_Logo_4c_Deutsch_Signatur-2.jpg","width":707,"height":230,"caption":"OBB GmbH"},"image":{"@id":"https:\/\/obb.de\/zh-hans\/oldsite\/#\/schema\/logo\/image\/"}}]}},"_links":{"self":[{"href":"https:\/\/obb.de\/zh-hans\/wp-json\/wp\/v2\/product\/9834","targetHints":{"allow":["GET"]}}],"collection":[{"href":"https:\/\/obb.de\/zh-hans\/wp-json\/wp\/v2\/product"}],"about":[{"href":"https:\/\/obb.de\/zh-hans\/wp-json\/wp\/v2\/types\/product"}],"replies":[{"embeddable":true,"href":"https:\/\/obb.de\/zh-hans\/wp-json\/wp\/v2\/comments?post=9834"}],"wp:featuredmedia":[{"embeddable":true,"href":"https:\/\/obb.de\/zh-hans\/wp-json\/wp\/v2\/media\/10260"}],"wp:attachment":[{"href":"https:\/\/obb.de\/zh-hans\/wp-json\/wp\/v2\/media?parent=9834"}],"wp:term":[{"taxonomy":"product_brand","embeddable":true,"href":"https:\/\/obb.de\/zh-hans\/wp-json\/wp\/v2\/product_brand?post=9834"},{"taxonomy":"product_cat","embeddable":true,"href":"https:\/\/obb.de\/zh-hans\/wp-json\/wp\/v2\/product_cat?post=9834"},{"taxonomy":"product_tag","embeddable":true,"href":"https:\/\/obb.de\/zh-hans\/wp-json\/wp\/v2\/product_tag?post=9834"}],"curies":[{"name":"wp","href":"https:\/\/api.w.org\/{rel}","templated":true}]}}