{"id":9799,"date":"2021-08-10T09:35:32","date_gmt":"2021-08-10T08:35:32","guid":{"rendered":"https:\/\/obb.de\/?post_type=product&#038;p=9799"},"modified":"2025-11-25T17:26:09","modified_gmt":"2025-11-25T15:26:09","slug":"schwarzwald-selma-kopfkissen","status":"publish","type":"product","link":"https:\/\/obb.de\/zh-hans\/shop\/produkte\/schwarzwald-selma-kopfkissen\/","title":{"rendered":"Schwarzwald &#8220;Selma&#8221; Kopfkissen"},"content":{"rendered":"<p>Unsere Schwarzwald-Kollektion entstand aus der Verbundenheit zu unserer Heimat. Seit 1965 produzieren wir an unserem Standort in L\u00f6rrach am Rande des wundersch\u00f6nen Schwarzwalds. Unsere &#8220;Selma&#8221; Faserkissen sind besonders f\u00fcr Allergiker geeignet, da sie bis zu 95\u00b0C waschbar sind. Des Weiteren punkten Faserkissen mit ihrer anschmiegsamen Leichtigkeit und der Temperaturregulierung und begleiten Sie so durch warme Sommer- und k\u00fchle Wintern\u00e4chte. Die bauschige Struktur der Hohlfaserkugeln und -st\u00e4bchen sorgen f\u00fcr die ideale St\u00fctzkraft f\u00fcr jeden Kopf. Die Faserf\u00fcllung befindet sich in einemm herausnehmbaren Innenbeutel und ist dadurch variabel anpassbar.<\/p>\n","protected":false},"excerpt":{"rendered":"<p>Unsere Schwarzwald-K<\/p>\n","protected":false},"featured_media":10282,"comment_status":"closed","ping_status":"closed","template":"","meta":[],"product_brand":[],"product_cat":[732,795,797,457,594],"product_tag":[],"class_list":{"0":"post-9799","1":"product","2":"type-product","3":"status-publish","4":"has-post-thumbnail","6":"product_cat-jugend","7":"product_cat-40x80","8":"product_cat-80x80","9":"product_cat-faserkissen","10":"product_cat-kopfkissen-2","12":"first","13":"instock","14":"taxable","15":"shipping-taxable","16":"purchasable","17":"product-type-variable","18":"has-default-attributes"},"yoast_head":"<!-- This site is optimized with the Yoast SEO plugin v27.2 - https:\/\/yoast.com\/product\/yoast-seo-wordpress\/ -->\n<title>Schwarzwald \u201cSelma\u201d Kopfkissen<\/title>\n<meta name=\"description\" content=\"Die sch\u00f6nen &quot;Selma&quot; Faserkissen aus der OBB Produktlinie &quot;Schwarzwald&quot; in zwei verschiedenen Gr\u00f6\u00dfen erh\u00e4ltlich.\" \/>\n<meta name=\"robots\" content=\"index, follow, max-snippet:-1, max-image-preview:large, max-video-preview:-1\" \/>\n<link rel=\"canonical\" href=\"https:\/\/obb.de\/zh-hans\/shop\/produkte\/schwarzwald-selma-kopfkissen\/\" \/>\n<meta property=\"og:locale\" content=\"zh_CN\" \/>\n<meta property=\"og:type\" content=\"article\" \/>\n<meta property=\"og:title\" content=\"Schwarzwald \u201cSelma\u201d Kopfkissen\" \/>\n<meta property=\"og:description\" content=\"Die sch\u00f6nen &quot;Selma&quot; Faserkissen aus der OBB Produktlinie &quot;Schwarzwald&quot; in zwei verschiedenen Gr\u00f6\u00dfen erh\u00e4ltlich.\" \/>\n<meta property=\"og:url\" content=\"https:\/\/obb.de\/zh-hans\/shop\/produkte\/schwarzwald-selma-kopfkissen\/\" \/>\n<meta property=\"og:site_name\" content=\"OBB Oberbadische Bettfedernfabrik GmbH\" \/>\n<meta property=\"article:modified_time\" content=\"2025-11-25T15:26:09+00:00\" \/>\n<meta property=\"og:image\" content=\"https:\/\/obb.de\/wp-content\/uploads\/2021\/08\/Selma-Ambientbild.jpg\" \/>\n\t<meta property=\"og:image:width\" content=\"1500\" \/>\n\t<meta property=\"og:image:height\" content=\"1086\" \/>\n\t<meta property=\"og:image:type\" content=\"image\/jpeg\" \/>\n<meta name=\"twitter:card\" content=\"summary_large_image\" \/>\n<meta name=\"twitter:label1\" content=\"\u9884\u8ba1\u9605\u8bfb\u65f6\u95f4\" \/>\n\t<meta name=\"twitter:data1\" content=\"1 \u5206\" \/>\n<script type=\"application\/ld+json\" class=\"yoast-schema-graph\">{\"@context\":\"https:\/\/schema.org\",\"@graph\":[{\"@type\":\"WebPage\",\"@id\":\"https:\/\/obb.de\/zh-hans\/shop\/produkte\/schwarzwald-selma-kopfkissen\/\",\"url\":\"https:\/\/obb.de\/zh-hans\/shop\/produkte\/schwarzwald-selma-kopfkissen\/\",\"name\":\"Schwarzwald \u201cSelma\u201d Kopfkissen\",\"isPartOf\":{\"@id\":\"https:\/\/obb.de\/zh-hans\/oldsite\/#website\"},\"primaryImageOfPage\":{\"@id\":\"https:\/\/obb.de\/zh-hans\/shop\/produkte\/schwarzwald-selma-kopfkissen\/#primaryimage\"},\"image\":{\"@id\":\"https:\/\/obb.de\/zh-hans\/shop\/produkte\/schwarzwald-selma-kopfkissen\/#primaryimage\"},\"thumbnailUrl\":\"https:\/\/obb.de\/wp-content\/uploads\/2021\/08\/Selma-Ambientbild.jpg\",\"datePublished\":\"2021-08-10T08:35:32+00:00\",\"dateModified\":\"2025-11-25T15:26:09+00:00\",\"description\":\"Die sch\u00f6nen \\\"Selma\\\" Faserkissen aus der OBB Produktlinie \\\"Schwarzwald\\\" in zwei verschiedenen Gr\u00f6\u00dfen erh\u00e4ltlich.\",\"breadcrumb\":{\"@id\":\"https:\/\/obb.de\/zh-hans\/shop\/produkte\/schwarzwald-selma-kopfkissen\/#breadcrumb\"},\"inLanguage\":\"zh-Hans\",\"potentialAction\":[{\"@type\":\"ReadAction\",\"target\":[\"https:\/\/obb.de\/zh-hans\/shop\/produkte\/schwarzwald-selma-kopfkissen\/\"]}]},{\"@type\":\"ImageObject\",\"inLanguage\":\"zh-Hans\",\"@id\":\"https:\/\/obb.de\/zh-hans\/shop\/produkte\/schwarzwald-selma-kopfkissen\/#primaryimage\",\"url\":\"https:\/\/obb.de\/wp-content\/uploads\/2021\/08\/Selma-Ambientbild.jpg\",\"contentUrl\":\"https:\/\/obb.de\/wp-content\/uploads\/2021\/08\/Selma-Ambientbild.jpg\",\"width\":1500,\"height\":1086},{\"@type\":\"BreadcrumbList\",\"@id\":\"https:\/\/obb.de\/zh-hans\/shop\/produkte\/schwarzwald-selma-kopfkissen\/#breadcrumb\",\"itemListElement\":[{\"@type\":\"ListItem\",\"position\":1,\"name\":\"Startseite\",\"item\":\"https:\/\/obb.de\/zh-hans\/\"},{\"@type\":\"ListItem\",\"position\":2,\"name\":\"Shop\",\"item\":\"https:\/\/obb.de\/zh-hans\/shop\/\"},{\"@type\":\"ListItem\",\"position\":3,\"name\":\"Schwarzwald &#8222;Selma&#8220; Kopfkissen\"}]},{\"@type\":\"WebSite\",\"@id\":\"https:\/\/obb.de\/zh-hans\/oldsite\/#website\",\"url\":\"https:\/\/obb.de\/zh-hans\/oldsite\/\",\"name\":\"OBB Oberbadische Bettfedernfabrik GmbH\",\"description\":\"Traumhaft Seit 1900\",\"publisher\":{\"@id\":\"https:\/\/obb.de\/zh-hans\/oldsite\/#organization\"},\"potentialAction\":[{\"@type\":\"SearchAction\",\"target\":{\"@type\":\"EntryPoint\",\"urlTemplate\":\"https:\/\/obb.de\/zh-hans\/oldsite\/?s={search_term_string}\"},\"query-input\":{\"@type\":\"PropertyValueSpecification\",\"valueRequired\":true,\"valueName\":\"search_term_string\"}}],\"inLanguage\":\"zh-Hans\"},{\"@type\":\"Organization\",\"@id\":\"https:\/\/obb.de\/zh-hans\/oldsite\/#organization\",\"name\":\"OBB GmbH\",\"url\":\"https:\/\/obb.de\/zh-hans\/oldsite\/\",\"logo\":{\"@type\":\"ImageObject\",\"inLanguage\":\"zh-Hans\",\"@id\":\"https:\/\/obb.de\/zh-hans\/oldsite\/#\/schema\/logo\/image\/\",\"url\":\"https:\/\/obb.de\/wp-content\/uploads\/2019\/07\/OBB_Logo_4c_Deutsch_Signatur-2.jpg\",\"contentUrl\":\"https:\/\/obb.de\/wp-content\/uploads\/2019\/07\/OBB_Logo_4c_Deutsch_Signatur-2.jpg\",\"width\":707,\"height\":230,\"caption\":\"OBB GmbH\"},\"image\":{\"@id\":\"https:\/\/obb.de\/zh-hans\/oldsite\/#\/schema\/logo\/image\/\"}}]}<\/script>\n<!-- \/ Yoast SEO plugin. -->","yoast_head_json":{"title":"Schwarzwald \u201cSelma\u201d Kopfkissen","description":"Die sch\u00f6nen \"Selma\" Faserkissen aus der OBB Produktlinie \"Schwarzwald\" in zwei verschiedenen Gr\u00f6\u00dfen erh\u00e4ltlich.","robots":{"index":"index","follow":"follow","max-snippet":"max-snippet:-1","max-image-preview":"max-image-preview:large","max-video-preview":"max-video-preview:-1"},"canonical":"https:\/\/obb.de\/zh-hans\/shop\/produkte\/schwarzwald-selma-kopfkissen\/","og_locale":"zh_CN","og_type":"article","og_title":"Schwarzwald \u201cSelma\u201d Kopfkissen","og_description":"Die sch\u00f6nen \"Selma\" Faserkissen aus der OBB Produktlinie \"Schwarzwald\" in zwei verschiedenen Gr\u00f6\u00dfen erh\u00e4ltlich.","og_url":"https:\/\/obb.de\/zh-hans\/shop\/produkte\/schwarzwald-selma-kopfkissen\/","og_site_name":"OBB Oberbadische Bettfedernfabrik GmbH","article_modified_time":"2025-11-25T15:26:09+00:00","og_image":[{"width":1500,"height":1086,"url":"https:\/\/obb.de\/wp-content\/uploads\/2021\/08\/Selma-Ambientbild.jpg","type":"image\/jpeg"}],"twitter_card":"summary_large_image","twitter_misc":{"\u9884\u8ba1\u9605\u8bfb\u65f6\u95f4":"1 \u5206"},"schema":{"@context":"https:\/\/schema.org","@graph":[{"@type":"WebPage","@id":"https:\/\/obb.de\/zh-hans\/shop\/produkte\/schwarzwald-selma-kopfkissen\/","url":"https:\/\/obb.de\/zh-hans\/shop\/produkte\/schwarzwald-selma-kopfkissen\/","name":"Schwarzwald \u201cSelma\u201d Kopfkissen","isPartOf":{"@id":"https:\/\/obb.de\/zh-hans\/oldsite\/#website"},"primaryImageOfPage":{"@id":"https:\/\/obb.de\/zh-hans\/shop\/produkte\/schwarzwald-selma-kopfkissen\/#primaryimage"},"image":{"@id":"https:\/\/obb.de\/zh-hans\/shop\/produkte\/schwarzwald-selma-kopfkissen\/#primaryimage"},"thumbnailUrl":"https:\/\/obb.de\/wp-content\/uploads\/2021\/08\/Selma-Ambientbild.jpg","datePublished":"2021-08-10T08:35:32+00:00","dateModified":"2025-11-25T15:26:09+00:00","description":"Die sch\u00f6nen \"Selma\" Faserkissen aus der OBB Produktlinie \"Schwarzwald\" in zwei verschiedenen Gr\u00f6\u00dfen erh\u00e4ltlich.","breadcrumb":{"@id":"https:\/\/obb.de\/zh-hans\/shop\/produkte\/schwarzwald-selma-kopfkissen\/#breadcrumb"},"inLanguage":"zh-Hans","potentialAction":[{"@type":"ReadAction","target":["https:\/\/obb.de\/zh-hans\/shop\/produkte\/schwarzwald-selma-kopfkissen\/"]}]},{"@type":"ImageObject","inLanguage":"zh-Hans","@id":"https:\/\/obb.de\/zh-hans\/shop\/produkte\/schwarzwald-selma-kopfkissen\/#primaryimage","url":"https:\/\/obb.de\/wp-content\/uploads\/2021\/08\/Selma-Ambientbild.jpg","contentUrl":"https:\/\/obb.de\/wp-content\/uploads\/2021\/08\/Selma-Ambientbild.jpg","width":1500,"height":1086},{"@type":"BreadcrumbList","@id":"https:\/\/obb.de\/zh-hans\/shop\/produkte\/schwarzwald-selma-kopfkissen\/#breadcrumb","itemListElement":[{"@type":"ListItem","position":1,"name":"Startseite","item":"https:\/\/obb.de\/zh-hans\/"},{"@type":"ListItem","position":2,"name":"Shop","item":"https:\/\/obb.de\/zh-hans\/shop\/"},{"@type":"ListItem","position":3,"name":"Schwarzwald &#8222;Selma&#8220; Kopfkissen"}]},{"@type":"WebSite","@id":"https:\/\/obb.de\/zh-hans\/oldsite\/#website","url":"https:\/\/obb.de\/zh-hans\/oldsite\/","name":"OBB Oberbadische Bettfedernfabrik GmbH","description":"Traumhaft Seit 1900","publisher":{"@id":"https:\/\/obb.de\/zh-hans\/oldsite\/#organization"},"potentialAction":[{"@type":"SearchAction","target":{"@type":"EntryPoint","urlTemplate":"https:\/\/obb.de\/zh-hans\/oldsite\/?s={search_term_string}"},"query-input":{"@type":"PropertyValueSpecification","valueRequired":true,"valueName":"search_term_string"}}],"inLanguage":"zh-Hans"},{"@type":"Organization","@id":"https:\/\/obb.de\/zh-hans\/oldsite\/#organization","name":"OBB GmbH","url":"https:\/\/obb.de\/zh-hans\/oldsite\/","logo":{"@type":"ImageObject","inLanguage":"zh-Hans","@id":"https:\/\/obb.de\/zh-hans\/oldsite\/#\/schema\/logo\/image\/","url":"https:\/\/obb.de\/wp-content\/uploads\/2019\/07\/OBB_Logo_4c_Deutsch_Signatur-2.jpg","contentUrl":"https:\/\/obb.de\/wp-content\/uploads\/2019\/07\/OBB_Logo_4c_Deutsch_Signatur-2.jpg","width":707,"height":230,"caption":"OBB GmbH"},"image":{"@id":"https:\/\/obb.de\/zh-hans\/oldsite\/#\/schema\/logo\/image\/"}}]}},"_links":{"self":[{"href":"https:\/\/obb.de\/zh-hans\/wp-json\/wp\/v2\/product\/9799","targetHints":{"allow":["GET"]}}],"collection":[{"href":"https:\/\/obb.de\/zh-hans\/wp-json\/wp\/v2\/product"}],"about":[{"href":"https:\/\/obb.de\/zh-hans\/wp-json\/wp\/v2\/types\/product"}],"replies":[{"embeddable":true,"href":"https:\/\/obb.de\/zh-hans\/wp-json\/wp\/v2\/comments?post=9799"}],"wp:featuredmedia":[{"embeddable":true,"href":"https:\/\/obb.de\/zh-hans\/wp-json\/wp\/v2\/media\/10282"}],"wp:attachment":[{"href":"https:\/\/obb.de\/zh-hans\/wp-json\/wp\/v2\/media?parent=9799"}],"wp:term":[{"taxonomy":"product_brand","embeddable":true,"href":"https:\/\/obb.de\/zh-hans\/wp-json\/wp\/v2\/product_brand?post=9799"},{"taxonomy":"product_cat","embeddable":true,"href":"https:\/\/obb.de\/zh-hans\/wp-json\/wp\/v2\/product_cat?post=9799"},{"taxonomy":"product_tag","embeddable":true,"href":"https:\/\/obb.de\/zh-hans\/wp-json\/wp\/v2\/product_tag?post=9799"}],"curies":[{"name":"wp","href":"https:\/\/api.w.org\/{rel}","templated":true}]}}