{"id":9770,"date":"2021-08-10T09:35:25","date_gmt":"2021-08-10T08:35:25","guid":{"rendered":"https:\/\/obb.de\/?post_type=product&#038;p=9770"},"modified":"2025-12-01T12:42:21","modified_gmt":"2025-12-01T10:42:21","slug":"schwarzwald-maria-decke","status":"publish","type":"product","link":"https:\/\/obb.de\/zh-hans\/shop\/produkte\/schwarzwald-maria-decke\/","title":{"rendered":"Schwarzwald \u201cMaria\u201d Decke"},"content":{"rendered":"<p>Unsere Schwarzwald-Kollektion entstand aus der Verbundenheit zu unserer Heimat. Seit 1965 produzieren wir an unserem Standort in L\u00f6rrach am Rande des wundersch\u00f6nen Schwarzwalds. Eine besondere Naturverbundenheit zeigen wir mit unserer Naturhaardecke &#8220;Maria&#8221;, die mit reiner Schweizer Merino-Schurwolle gef\u00fcllt ist. Schurwolle kann bis zu 30% ihres Eigengewichts an Feuchtigkeit aufnehmen. Warme Luft wird durch die nat\u00fcrliche Kr\u00e4uselung gespeichert und die \u00fcbersch\u00fcssige W\u00e4rme wird abgeleitet. So sorgt &#8220;Maria&#8221; f\u00fcr ein trockenes, perfekt temperiertes Schlafklima. Des Weiteren ist die Merino-Schurwolle in der Lage sich selbst zu reinigen und besitzt eine antibakterielle Wirkung.<\/p>\n","protected":false},"excerpt":{"rendered":"<p>Unsere Schwarzwald-K<\/p>\n","protected":false},"featured_media":10250,"comment_status":"closed","ping_status":"closed","template":"","meta":[],"product_brand":[],"product_cat":[603,798,799,800,599,601,602],"product_tag":[],"class_list":{"0":"post-9770","1":"product","2":"type-product","3":"status-publish","4":"has-post-thumbnail","6":"product_cat-winterdecken","7":"product_cat-135x200","8":"product_cat-155x220","9":"product_cat-200x200","10":"product_cat-naturhaardecken","11":"product_cat-sommerdecken","12":"product_cat-ganzjahresdecken","14":"first","15":"instock","16":"taxable","17":"shipping-taxable","18":"purchasable","19":"product-type-variable","20":"has-default-attributes"},"yoast_head":"<!-- This site is optimized with the Yoast SEO plugin v27.2 - https:\/\/yoast.com\/product\/yoast-seo-wordpress\/ -->\n<title>Schwarzwald \u201cMaria\u201d Decke<\/title>\n<meta name=\"description\" content=\"Sch\u00f6ne Merinodecken aus dem Schwarzwald aus der Produktlinie OBB Schwarzwald Red Label &quot;Maria&quot;\" \/>\n<meta name=\"robots\" content=\"index, follow, max-snippet:-1, max-image-preview:large, max-video-preview:-1\" \/>\n<link rel=\"canonical\" href=\"https:\/\/obb.de\/zh-hans\/shop\/produkte\/schwarzwald-maria-decke\/\" \/>\n<meta property=\"og:locale\" content=\"zh_CN\" \/>\n<meta property=\"og:type\" content=\"article\" \/>\n<meta property=\"og:title\" content=\"Schwarzwald \u201cMaria\u201d Decke\" \/>\n<meta property=\"og:description\" content=\"Sch\u00f6ne Merinodecken aus dem Schwarzwald aus der Produktlinie OBB Schwarzwald Red Label &quot;Maria&quot;\" \/>\n<meta property=\"og:url\" content=\"https:\/\/obb.de\/zh-hans\/shop\/produkte\/schwarzwald-maria-decke\/\" \/>\n<meta property=\"og:site_name\" content=\"OBB Oberbadische Bettfedernfabrik GmbH\" \/>\n<meta property=\"article:modified_time\" content=\"2025-12-01T10:42:21+00:00\" \/>\n<meta property=\"og:image\" content=\"https:\/\/obb.de\/wp-content\/uploads\/2021\/08\/Maria-Mono.jpg\" \/>\n\t<meta property=\"og:image:width\" content=\"1046\" \/>\n\t<meta property=\"og:image:height\" content=\"1500\" \/>\n\t<meta property=\"og:image:type\" content=\"image\/jpeg\" \/>\n<meta name=\"twitter:card\" content=\"summary_large_image\" \/>\n<meta name=\"twitter:label1\" content=\"\u9884\u8ba1\u9605\u8bfb\u65f6\u95f4\" \/>\n\t<meta name=\"twitter:data1\" content=\"1 \u5206\" \/>\n<script type=\"application\/ld+json\" class=\"yoast-schema-graph\">{\"@context\":\"https:\/\/schema.org\",\"@graph\":[{\"@type\":\"WebPage\",\"@id\":\"https:\/\/obb.de\/zh-hans\/shop\/produkte\/schwarzwald-maria-decke\/\",\"url\":\"https:\/\/obb.de\/zh-hans\/shop\/produkte\/schwarzwald-maria-decke\/\",\"name\":\"Schwarzwald \u201cMaria\u201d Decke\",\"isPartOf\":{\"@id\":\"https:\/\/obb.de\/zh-hans\/oldsite\/#website\"},\"primaryImageOfPage\":{\"@id\":\"https:\/\/obb.de\/zh-hans\/shop\/produkte\/schwarzwald-maria-decke\/#primaryimage\"},\"image\":{\"@id\":\"https:\/\/obb.de\/zh-hans\/shop\/produkte\/schwarzwald-maria-decke\/#primaryimage\"},\"thumbnailUrl\":\"https:\/\/obb.de\/wp-content\/uploads\/2021\/08\/Maria-Mono.jpg\",\"datePublished\":\"2021-08-10T08:35:25+00:00\",\"dateModified\":\"2025-12-01T10:42:21+00:00\",\"description\":\"Sch\u00f6ne Merinodecken aus dem Schwarzwald aus der Produktlinie OBB Schwarzwald Red Label \\\"Maria\\\"\",\"breadcrumb\":{\"@id\":\"https:\/\/obb.de\/zh-hans\/shop\/produkte\/schwarzwald-maria-decke\/#breadcrumb\"},\"inLanguage\":\"zh-Hans\",\"potentialAction\":[{\"@type\":\"ReadAction\",\"target\":[\"https:\/\/obb.de\/zh-hans\/shop\/produkte\/schwarzwald-maria-decke\/\"]}]},{\"@type\":\"ImageObject\",\"inLanguage\":\"zh-Hans\",\"@id\":\"https:\/\/obb.de\/zh-hans\/shop\/produkte\/schwarzwald-maria-decke\/#primaryimage\",\"url\":\"https:\/\/obb.de\/wp-content\/uploads\/2021\/08\/Maria-Mono.jpg\",\"contentUrl\":\"https:\/\/obb.de\/wp-content\/uploads\/2021\/08\/Maria-Mono.jpg\",\"width\":1046,\"height\":1500},{\"@type\":\"BreadcrumbList\",\"@id\":\"https:\/\/obb.de\/zh-hans\/shop\/produkte\/schwarzwald-maria-decke\/#breadcrumb\",\"itemListElement\":[{\"@type\":\"ListItem\",\"position\":1,\"name\":\"Startseite\",\"item\":\"https:\/\/obb.de\/zh-hans\/\"},{\"@type\":\"ListItem\",\"position\":2,\"name\":\"Shop\",\"item\":\"https:\/\/obb.de\/zh-hans\/shop\/\"},{\"@type\":\"ListItem\",\"position\":3,\"name\":\"Schwarzwald \u201cMaria\u201d Decke\"}]},{\"@type\":\"WebSite\",\"@id\":\"https:\/\/obb.de\/zh-hans\/oldsite\/#website\",\"url\":\"https:\/\/obb.de\/zh-hans\/oldsite\/\",\"name\":\"OBB Oberbadische Bettfedernfabrik GmbH\",\"description\":\"Traumhaft Seit 1900\",\"publisher\":{\"@id\":\"https:\/\/obb.de\/zh-hans\/oldsite\/#organization\"},\"potentialAction\":[{\"@type\":\"SearchAction\",\"target\":{\"@type\":\"EntryPoint\",\"urlTemplate\":\"https:\/\/obb.de\/zh-hans\/oldsite\/?s={search_term_string}\"},\"query-input\":{\"@type\":\"PropertyValueSpecification\",\"valueRequired\":true,\"valueName\":\"search_term_string\"}}],\"inLanguage\":\"zh-Hans\"},{\"@type\":\"Organization\",\"@id\":\"https:\/\/obb.de\/zh-hans\/oldsite\/#organization\",\"name\":\"OBB GmbH\",\"url\":\"https:\/\/obb.de\/zh-hans\/oldsite\/\",\"logo\":{\"@type\":\"ImageObject\",\"inLanguage\":\"zh-Hans\",\"@id\":\"https:\/\/obb.de\/zh-hans\/oldsite\/#\/schema\/logo\/image\/\",\"url\":\"https:\/\/obb.de\/wp-content\/uploads\/2019\/07\/OBB_Logo_4c_Deutsch_Signatur-2.jpg\",\"contentUrl\":\"https:\/\/obb.de\/wp-content\/uploads\/2019\/07\/OBB_Logo_4c_Deutsch_Signatur-2.jpg\",\"width\":707,\"height\":230,\"caption\":\"OBB GmbH\"},\"image\":{\"@id\":\"https:\/\/obb.de\/zh-hans\/oldsite\/#\/schema\/logo\/image\/\"}}]}<\/script>\n<!-- \/ Yoast SEO plugin. -->","yoast_head_json":{"title":"Schwarzwald \u201cMaria\u201d Decke","description":"Sch\u00f6ne Merinodecken aus dem Schwarzwald aus der Produktlinie OBB Schwarzwald Red Label \"Maria\"","robots":{"index":"index","follow":"follow","max-snippet":"max-snippet:-1","max-image-preview":"max-image-preview:large","max-video-preview":"max-video-preview:-1"},"canonical":"https:\/\/obb.de\/zh-hans\/shop\/produkte\/schwarzwald-maria-decke\/","og_locale":"zh_CN","og_type":"article","og_title":"Schwarzwald \u201cMaria\u201d Decke","og_description":"Sch\u00f6ne Merinodecken aus dem Schwarzwald aus der Produktlinie OBB Schwarzwald Red Label \"Maria\"","og_url":"https:\/\/obb.de\/zh-hans\/shop\/produkte\/schwarzwald-maria-decke\/","og_site_name":"OBB Oberbadische Bettfedernfabrik GmbH","article_modified_time":"2025-12-01T10:42:21+00:00","og_image":[{"width":1046,"height":1500,"url":"https:\/\/obb.de\/wp-content\/uploads\/2021\/08\/Maria-Mono.jpg","type":"image\/jpeg"}],"twitter_card":"summary_large_image","twitter_misc":{"\u9884\u8ba1\u9605\u8bfb\u65f6\u95f4":"1 \u5206"},"schema":{"@context":"https:\/\/schema.org","@graph":[{"@type":"WebPage","@id":"https:\/\/obb.de\/zh-hans\/shop\/produkte\/schwarzwald-maria-decke\/","url":"https:\/\/obb.de\/zh-hans\/shop\/produkte\/schwarzwald-maria-decke\/","name":"Schwarzwald \u201cMaria\u201d Decke","isPartOf":{"@id":"https:\/\/obb.de\/zh-hans\/oldsite\/#website"},"primaryImageOfPage":{"@id":"https:\/\/obb.de\/zh-hans\/shop\/produkte\/schwarzwald-maria-decke\/#primaryimage"},"image":{"@id":"https:\/\/obb.de\/zh-hans\/shop\/produkte\/schwarzwald-maria-decke\/#primaryimage"},"thumbnailUrl":"https:\/\/obb.de\/wp-content\/uploads\/2021\/08\/Maria-Mono.jpg","datePublished":"2021-08-10T08:35:25+00:00","dateModified":"2025-12-01T10:42:21+00:00","description":"Sch\u00f6ne Merinodecken aus dem Schwarzwald aus der Produktlinie OBB Schwarzwald Red Label \"Maria\"","breadcrumb":{"@id":"https:\/\/obb.de\/zh-hans\/shop\/produkte\/schwarzwald-maria-decke\/#breadcrumb"},"inLanguage":"zh-Hans","potentialAction":[{"@type":"ReadAction","target":["https:\/\/obb.de\/zh-hans\/shop\/produkte\/schwarzwald-maria-decke\/"]}]},{"@type":"ImageObject","inLanguage":"zh-Hans","@id":"https:\/\/obb.de\/zh-hans\/shop\/produkte\/schwarzwald-maria-decke\/#primaryimage","url":"https:\/\/obb.de\/wp-content\/uploads\/2021\/08\/Maria-Mono.jpg","contentUrl":"https:\/\/obb.de\/wp-content\/uploads\/2021\/08\/Maria-Mono.jpg","width":1046,"height":1500},{"@type":"BreadcrumbList","@id":"https:\/\/obb.de\/zh-hans\/shop\/produkte\/schwarzwald-maria-decke\/#breadcrumb","itemListElement":[{"@type":"ListItem","position":1,"name":"Startseite","item":"https:\/\/obb.de\/zh-hans\/"},{"@type":"ListItem","position":2,"name":"Shop","item":"https:\/\/obb.de\/zh-hans\/shop\/"},{"@type":"ListItem","position":3,"name":"Schwarzwald \u201cMaria\u201d Decke"}]},{"@type":"WebSite","@id":"https:\/\/obb.de\/zh-hans\/oldsite\/#website","url":"https:\/\/obb.de\/zh-hans\/oldsite\/","name":"OBB Oberbadische Bettfedernfabrik GmbH","description":"Traumhaft Seit 1900","publisher":{"@id":"https:\/\/obb.de\/zh-hans\/oldsite\/#organization"},"potentialAction":[{"@type":"SearchAction","target":{"@type":"EntryPoint","urlTemplate":"https:\/\/obb.de\/zh-hans\/oldsite\/?s={search_term_string}"},"query-input":{"@type":"PropertyValueSpecification","valueRequired":true,"valueName":"search_term_string"}}],"inLanguage":"zh-Hans"},{"@type":"Organization","@id":"https:\/\/obb.de\/zh-hans\/oldsite\/#organization","name":"OBB GmbH","url":"https:\/\/obb.de\/zh-hans\/oldsite\/","logo":{"@type":"ImageObject","inLanguage":"zh-Hans","@id":"https:\/\/obb.de\/zh-hans\/oldsite\/#\/schema\/logo\/image\/","url":"https:\/\/obb.de\/wp-content\/uploads\/2019\/07\/OBB_Logo_4c_Deutsch_Signatur-2.jpg","contentUrl":"https:\/\/obb.de\/wp-content\/uploads\/2019\/07\/OBB_Logo_4c_Deutsch_Signatur-2.jpg","width":707,"height":230,"caption":"OBB GmbH"},"image":{"@id":"https:\/\/obb.de\/zh-hans\/oldsite\/#\/schema\/logo\/image\/"}}]}},"_links":{"self":[{"href":"https:\/\/obb.de\/zh-hans\/wp-json\/wp\/v2\/product\/9770","targetHints":{"allow":["GET"]}}],"collection":[{"href":"https:\/\/obb.de\/zh-hans\/wp-json\/wp\/v2\/product"}],"about":[{"href":"https:\/\/obb.de\/zh-hans\/wp-json\/wp\/v2\/types\/product"}],"replies":[{"embeddable":true,"href":"https:\/\/obb.de\/zh-hans\/wp-json\/wp\/v2\/comments?post=9770"}],"wp:featuredmedia":[{"embeddable":true,"href":"https:\/\/obb.de\/zh-hans\/wp-json\/wp\/v2\/media\/10250"}],"wp:attachment":[{"href":"https:\/\/obb.de\/zh-hans\/wp-json\/wp\/v2\/media?parent=9770"}],"wp:term":[{"taxonomy":"product_brand","embeddable":true,"href":"https:\/\/obb.de\/zh-hans\/wp-json\/wp\/v2\/product_brand?post=9770"},{"taxonomy":"product_cat","embeddable":true,"href":"https:\/\/obb.de\/zh-hans\/wp-json\/wp\/v2\/product_cat?post=9770"},{"taxonomy":"product_tag","embeddable":true,"href":"https:\/\/obb.de\/zh-hans\/wp-json\/wp\/v2\/product_tag?post=9770"}],"curies":[{"name":"wp","href":"https:\/\/api.w.org\/{rel}","templated":true}]}}