{"id":9739,"date":"2021-08-10T09:35:08","date_gmt":"2021-08-10T08:35:08","guid":{"rendered":"https:\/\/obb.de\/?post_type=product&#038;p=9739"},"modified":"2025-12-01T12:42:44","modified_gmt":"2025-12-01T10:42:44","slug":"schwarzwald-elisa-daunendecke","status":"publish","type":"product","link":"https:\/\/obb.de\/zh-hans\/shop\/produkte\/schwarzwald-elisa-daunendecke\/","title":{"rendered":"Schwarzwald &#8220;Elisa&#8221; Daunendecke"},"content":{"rendered":"<p>Unsere Schwarzwald-Kollektion entstand aus der Verbundenheit zu unserer Heimat. Bereits seit 1965 produzieren wir an unserem Standort in L\u00f6rrach am Rande des wundersch\u00f6nen Schwarzwalds. Wir bieten diese sch\u00f6ne Kollektion sowohl mit Enten- als auch mit G\u00e4nsedaunen\/-federn an. Selbstverst\u00e4ndlich stammen alle Daunen und Federn garantiert aus dem sogenannten &#8220;Schlachtrupf&#8221;. Tierwohl steht bei uns an erster Stelle. Wir verwenden nachweislich keine Daunen\/Federn von lebend gerupften Tieren und auch nicht von G\u00e4nsen\/Enten aus Stopfmast. Die Kassettendecke &#8220;ELISA&#8221; aus unserer Schwarzwald Kollektion ist eine klassische Daunendecke und erh\u00e4ltlich in 4 W\u00e4rmegraden, von luftig-leicht bis extrawarm. Das gesamte Sortiment besticht durch eine besonders h\u00fcbsche und frische Aufmachung mit grau-wei\u00dfer Biese und dezentem Logo Print. Alle unsere Kollektionen sind NOMITE ausgestattet, was sie besonders allergikerfreundlich macht. Daunen sind zudem besonders atmungsaktiv, temperaturregulierend und feuchtigkeitsausgleichend, was f\u00fcr eine gute Schlafhygiene sehr wichtig ist. F\u00fcr den einheitlichen Look empfehlen wir das &#8220;ELISA&#8221; Daunen- oder Drei-Kammer-Kissen.<\/p>\n","protected":false},"excerpt":{"rendered":"<p>Unsere Schwarzwald-K<\/p>\n","protected":false},"featured_media":10184,"comment_status":"closed","ping_status":"closed","template":"","meta":[],"product_brand":[],"product_cat":[601,602,603,798,799,800,390],"product_tag":[],"class_list":{"0":"post-9739","1":"product","2":"type-product","3":"status-publish","4":"has-post-thumbnail","6":"product_cat-sommerdecken","7":"product_cat-ganzjahresdecken","8":"product_cat-winterdecken","9":"product_cat-135x200","10":"product_cat-155x220","11":"product_cat-200x200","12":"product_cat-daunendecken","14":"first","15":"instock","16":"taxable","17":"shipping-taxable","18":"purchasable","19":"product-type-variable","20":"has-default-attributes"},"yoast_head":"<!-- This site is optimized with the Yoast SEO plugin v27.2 - https:\/\/yoast.com\/product\/yoast-seo-wordpress\/ -->\n<title>Schwarzwald \u201cElisa&quot; Daunendecke<\/title>\n<meta name=\"description\" content=\"Sch\u00f6ne Daunendecken aus dem Schwarzwald aus der Produktlinie OBB Schwarzwald Red Label &quot;Elisa&quot;\" \/>\n<meta name=\"robots\" content=\"index, follow, max-snippet:-1, max-image-preview:large, max-video-preview:-1\" \/>\n<link rel=\"canonical\" href=\"https:\/\/obb.de\/zh-hans\/shop\/produkte\/schwarzwald-elisa-daunendecke\/\" \/>\n<meta property=\"og:locale\" content=\"zh_CN\" \/>\n<meta property=\"og:type\" content=\"article\" \/>\n<meta property=\"og:title\" content=\"Schwarzwald \u201cElisa&quot; Daunendecke\" \/>\n<meta property=\"og:description\" content=\"Sch\u00f6ne Daunendecken aus dem Schwarzwald aus der Produktlinie OBB Schwarzwald Red Label &quot;Elisa&quot;\" \/>\n<meta property=\"og:url\" content=\"https:\/\/obb.de\/zh-hans\/shop\/produkte\/schwarzwald-elisa-daunendecke\/\" \/>\n<meta property=\"og:site_name\" content=\"OBB Oberbadische Bettfedernfabrik GmbH\" \/>\n<meta property=\"article:modified_time\" content=\"2025-12-01T10:42:44+00:00\" \/>\n<meta property=\"og:image\" content=\"https:\/\/obb.de\/wp-content\/uploads\/2021\/08\/Elisa-Ambient.jpg\" \/>\n\t<meta property=\"og:image:width\" content=\"1500\" \/>\n\t<meta property=\"og:image:height\" content=\"1086\" \/>\n\t<meta property=\"og:image:type\" content=\"image\/jpeg\" \/>\n<meta name=\"twitter:card\" content=\"summary_large_image\" \/>\n<meta name=\"twitter:label1\" content=\"\u9884\u8ba1\u9605\u8bfb\u65f6\u95f4\" \/>\n\t<meta name=\"twitter:data1\" content=\"1 \u5206\" \/>\n<script type=\"application\/ld+json\" class=\"yoast-schema-graph\">{\"@context\":\"https:\/\/schema.org\",\"@graph\":[{\"@type\":\"WebPage\",\"@id\":\"https:\/\/obb.de\/zh-hans\/shop\/produkte\/schwarzwald-elisa-daunendecke\/\",\"url\":\"https:\/\/obb.de\/zh-hans\/shop\/produkte\/schwarzwald-elisa-daunendecke\/\",\"name\":\"Schwarzwald \u201cElisa\\\" Daunendecke\",\"isPartOf\":{\"@id\":\"https:\/\/obb.de\/zh-hans\/oldsite\/#website\"},\"primaryImageOfPage\":{\"@id\":\"https:\/\/obb.de\/zh-hans\/shop\/produkte\/schwarzwald-elisa-daunendecke\/#primaryimage\"},\"image\":{\"@id\":\"https:\/\/obb.de\/zh-hans\/shop\/produkte\/schwarzwald-elisa-daunendecke\/#primaryimage\"},\"thumbnailUrl\":\"https:\/\/obb.de\/wp-content\/uploads\/2021\/08\/Elisa-Ambient.jpg\",\"datePublished\":\"2021-08-10T08:35:08+00:00\",\"dateModified\":\"2025-12-01T10:42:44+00:00\",\"description\":\"Sch\u00f6ne Daunendecken aus dem Schwarzwald aus der Produktlinie OBB Schwarzwald Red Label \\\"Elisa\\\"\",\"breadcrumb\":{\"@id\":\"https:\/\/obb.de\/zh-hans\/shop\/produkte\/schwarzwald-elisa-daunendecke\/#breadcrumb\"},\"inLanguage\":\"zh-Hans\",\"potentialAction\":[{\"@type\":\"ReadAction\",\"target\":[\"https:\/\/obb.de\/zh-hans\/shop\/produkte\/schwarzwald-elisa-daunendecke\/\"]}]},{\"@type\":\"ImageObject\",\"inLanguage\":\"zh-Hans\",\"@id\":\"https:\/\/obb.de\/zh-hans\/shop\/produkte\/schwarzwald-elisa-daunendecke\/#primaryimage\",\"url\":\"https:\/\/obb.de\/wp-content\/uploads\/2021\/08\/Elisa-Ambient.jpg\",\"contentUrl\":\"https:\/\/obb.de\/wp-content\/uploads\/2021\/08\/Elisa-Ambient.jpg\",\"width\":1500,\"height\":1086},{\"@type\":\"BreadcrumbList\",\"@id\":\"https:\/\/obb.de\/zh-hans\/shop\/produkte\/schwarzwald-elisa-daunendecke\/#breadcrumb\",\"itemListElement\":[{\"@type\":\"ListItem\",\"position\":1,\"name\":\"Startseite\",\"item\":\"https:\/\/obb.de\/zh-hans\/\"},{\"@type\":\"ListItem\",\"position\":2,\"name\":\"Shop\",\"item\":\"https:\/\/obb.de\/zh-hans\/shop\/\"},{\"@type\":\"ListItem\",\"position\":3,\"name\":\"Schwarzwald &#8222;Elisa&#8220; Daunendecke\"}]},{\"@type\":\"WebSite\",\"@id\":\"https:\/\/obb.de\/zh-hans\/oldsite\/#website\",\"url\":\"https:\/\/obb.de\/zh-hans\/oldsite\/\",\"name\":\"OBB Oberbadische Bettfedernfabrik GmbH\",\"description\":\"Traumhaft Seit 1900\",\"publisher\":{\"@id\":\"https:\/\/obb.de\/zh-hans\/oldsite\/#organization\"},\"potentialAction\":[{\"@type\":\"SearchAction\",\"target\":{\"@type\":\"EntryPoint\",\"urlTemplate\":\"https:\/\/obb.de\/zh-hans\/oldsite\/?s={search_term_string}\"},\"query-input\":{\"@type\":\"PropertyValueSpecification\",\"valueRequired\":true,\"valueName\":\"search_term_string\"}}],\"inLanguage\":\"zh-Hans\"},{\"@type\":\"Organization\",\"@id\":\"https:\/\/obb.de\/zh-hans\/oldsite\/#organization\",\"name\":\"OBB GmbH\",\"url\":\"https:\/\/obb.de\/zh-hans\/oldsite\/\",\"logo\":{\"@type\":\"ImageObject\",\"inLanguage\":\"zh-Hans\",\"@id\":\"https:\/\/obb.de\/zh-hans\/oldsite\/#\/schema\/logo\/image\/\",\"url\":\"https:\/\/obb.de\/wp-content\/uploads\/2019\/07\/OBB_Logo_4c_Deutsch_Signatur-2.jpg\",\"contentUrl\":\"https:\/\/obb.de\/wp-content\/uploads\/2019\/07\/OBB_Logo_4c_Deutsch_Signatur-2.jpg\",\"width\":707,\"height\":230,\"caption\":\"OBB GmbH\"},\"image\":{\"@id\":\"https:\/\/obb.de\/zh-hans\/oldsite\/#\/schema\/logo\/image\/\"}}]}<\/script>\n<!-- \/ Yoast SEO plugin. -->","yoast_head_json":{"title":"Schwarzwald \u201cElisa\" Daunendecke","description":"Sch\u00f6ne Daunendecken aus dem Schwarzwald aus der Produktlinie OBB Schwarzwald Red Label \"Elisa\"","robots":{"index":"index","follow":"follow","max-snippet":"max-snippet:-1","max-image-preview":"max-image-preview:large","max-video-preview":"max-video-preview:-1"},"canonical":"https:\/\/obb.de\/zh-hans\/shop\/produkte\/schwarzwald-elisa-daunendecke\/","og_locale":"zh_CN","og_type":"article","og_title":"Schwarzwald \u201cElisa\" Daunendecke","og_description":"Sch\u00f6ne Daunendecken aus dem Schwarzwald aus der Produktlinie OBB Schwarzwald Red Label \"Elisa\"","og_url":"https:\/\/obb.de\/zh-hans\/shop\/produkte\/schwarzwald-elisa-daunendecke\/","og_site_name":"OBB Oberbadische Bettfedernfabrik GmbH","article_modified_time":"2025-12-01T10:42:44+00:00","og_image":[{"width":1500,"height":1086,"url":"https:\/\/obb.de\/wp-content\/uploads\/2021\/08\/Elisa-Ambient.jpg","type":"image\/jpeg"}],"twitter_card":"summary_large_image","twitter_misc":{"\u9884\u8ba1\u9605\u8bfb\u65f6\u95f4":"1 \u5206"},"schema":{"@context":"https:\/\/schema.org","@graph":[{"@type":"WebPage","@id":"https:\/\/obb.de\/zh-hans\/shop\/produkte\/schwarzwald-elisa-daunendecke\/","url":"https:\/\/obb.de\/zh-hans\/shop\/produkte\/schwarzwald-elisa-daunendecke\/","name":"Schwarzwald \u201cElisa\" Daunendecke","isPartOf":{"@id":"https:\/\/obb.de\/zh-hans\/oldsite\/#website"},"primaryImageOfPage":{"@id":"https:\/\/obb.de\/zh-hans\/shop\/produkte\/schwarzwald-elisa-daunendecke\/#primaryimage"},"image":{"@id":"https:\/\/obb.de\/zh-hans\/shop\/produkte\/schwarzwald-elisa-daunendecke\/#primaryimage"},"thumbnailUrl":"https:\/\/obb.de\/wp-content\/uploads\/2021\/08\/Elisa-Ambient.jpg","datePublished":"2021-08-10T08:35:08+00:00","dateModified":"2025-12-01T10:42:44+00:00","description":"Sch\u00f6ne Daunendecken aus dem Schwarzwald aus der Produktlinie OBB Schwarzwald Red Label \"Elisa\"","breadcrumb":{"@id":"https:\/\/obb.de\/zh-hans\/shop\/produkte\/schwarzwald-elisa-daunendecke\/#breadcrumb"},"inLanguage":"zh-Hans","potentialAction":[{"@type":"ReadAction","target":["https:\/\/obb.de\/zh-hans\/shop\/produkte\/schwarzwald-elisa-daunendecke\/"]}]},{"@type":"ImageObject","inLanguage":"zh-Hans","@id":"https:\/\/obb.de\/zh-hans\/shop\/produkte\/schwarzwald-elisa-daunendecke\/#primaryimage","url":"https:\/\/obb.de\/wp-content\/uploads\/2021\/08\/Elisa-Ambient.jpg","contentUrl":"https:\/\/obb.de\/wp-content\/uploads\/2021\/08\/Elisa-Ambient.jpg","width":1500,"height":1086},{"@type":"BreadcrumbList","@id":"https:\/\/obb.de\/zh-hans\/shop\/produkte\/schwarzwald-elisa-daunendecke\/#breadcrumb","itemListElement":[{"@type":"ListItem","position":1,"name":"Startseite","item":"https:\/\/obb.de\/zh-hans\/"},{"@type":"ListItem","position":2,"name":"Shop","item":"https:\/\/obb.de\/zh-hans\/shop\/"},{"@type":"ListItem","position":3,"name":"Schwarzwald &#8222;Elisa&#8220; Daunendecke"}]},{"@type":"WebSite","@id":"https:\/\/obb.de\/zh-hans\/oldsite\/#website","url":"https:\/\/obb.de\/zh-hans\/oldsite\/","name":"OBB Oberbadische Bettfedernfabrik GmbH","description":"Traumhaft Seit 1900","publisher":{"@id":"https:\/\/obb.de\/zh-hans\/oldsite\/#organization"},"potentialAction":[{"@type":"SearchAction","target":{"@type":"EntryPoint","urlTemplate":"https:\/\/obb.de\/zh-hans\/oldsite\/?s={search_term_string}"},"query-input":{"@type":"PropertyValueSpecification","valueRequired":true,"valueName":"search_term_string"}}],"inLanguage":"zh-Hans"},{"@type":"Organization","@id":"https:\/\/obb.de\/zh-hans\/oldsite\/#organization","name":"OBB GmbH","url":"https:\/\/obb.de\/zh-hans\/oldsite\/","logo":{"@type":"ImageObject","inLanguage":"zh-Hans","@id":"https:\/\/obb.de\/zh-hans\/oldsite\/#\/schema\/logo\/image\/","url":"https:\/\/obb.de\/wp-content\/uploads\/2019\/07\/OBB_Logo_4c_Deutsch_Signatur-2.jpg","contentUrl":"https:\/\/obb.de\/wp-content\/uploads\/2019\/07\/OBB_Logo_4c_Deutsch_Signatur-2.jpg","width":707,"height":230,"caption":"OBB GmbH"},"image":{"@id":"https:\/\/obb.de\/zh-hans\/oldsite\/#\/schema\/logo\/image\/"}}]}},"_links":{"self":[{"href":"https:\/\/obb.de\/zh-hans\/wp-json\/wp\/v2\/product\/9739","targetHints":{"allow":["GET"]}}],"collection":[{"href":"https:\/\/obb.de\/zh-hans\/wp-json\/wp\/v2\/product"}],"about":[{"href":"https:\/\/obb.de\/zh-hans\/wp-json\/wp\/v2\/types\/product"}],"replies":[{"embeddable":true,"href":"https:\/\/obb.de\/zh-hans\/wp-json\/wp\/v2\/comments?post=9739"}],"wp:featuredmedia":[{"embeddable":true,"href":"https:\/\/obb.de\/zh-hans\/wp-json\/wp\/v2\/media\/10184"}],"wp:attachment":[{"href":"https:\/\/obb.de\/zh-hans\/wp-json\/wp\/v2\/media?parent=9739"}],"wp:term":[{"taxonomy":"product_brand","embeddable":true,"href":"https:\/\/obb.de\/zh-hans\/wp-json\/wp\/v2\/product_brand?post=9739"},{"taxonomy":"product_cat","embeddable":true,"href":"https:\/\/obb.de\/zh-hans\/wp-json\/wp\/v2\/product_cat?post=9739"},{"taxonomy":"product_tag","embeddable":true,"href":"https:\/\/obb.de\/zh-hans\/wp-json\/wp\/v2\/product_tag?post=9739"}],"curies":[{"name":"wp","href":"https:\/\/api.w.org\/{rel}","templated":true}]}}