{"id":9706,"date":"2021-08-10T09:03:51","date_gmt":"2021-08-10T08:03:51","guid":{"rendered":"https:\/\/obb.de\/?post_type=product&#038;p=9706"},"modified":"2025-12-10T15:06:46","modified_gmt":"2025-12-10T13:06:46","slug":"schwarzwald-barbara-biokissen","status":"publish","type":"product","link":"https:\/\/obb.de\/zh-hans\/shop\/produkte\/schwarzwald-barbara-biokissen\/","title":{"rendered":"Schwarzwald &#8220;Barbara&#8221; Biokissen"},"content":{"rendered":"<p>Unsere Schwarzwald Bio Kollektion entstand aus unserer Heimat- und Naturverbundenheit und vereint die nachhaltigsten Rohstoffe, die die Natur zu bieten hat. Die Kollektion ist mit dem &#8220;<a href=\"https:\/\/global-standard.org\/de\">GOTS<\/a>&#8221; (Global Organic Standard) ausgezeichnet. Das Siegel pr\u00fcft die Produkte und die Unternehmen nach strengsten Vorgaben im Hinblick auf chemische Zusatzstoffe und R\u00fcckst\u00e4nde, Umwelt \u2013 und Sozialmanagement, sowie Dokumentation und R\u00fcckverfolgbarkeit. Der &#8220;<a href=\"https:\/\/global-standard.org\/de\">GOTS<\/a>&#8221; gilt zudem als der umfassendste textile Nachhaltigkeitsstandard weltweit. &#8220;Barbara&#8221; vereint ein Inlett und F\u00fcllung aus Bio-Baumwolle (100%) kontrolliert biologischem Anbau.<\/p>\n","protected":false},"excerpt":{"rendered":"<p>Unsere Schwarzwald B<\/p>\n","protected":false},"featured_media":12827,"comment_status":"closed","ping_status":"closed","template":"","meta":[],"product_brand":[],"product_cat":[431,594,732,795,797],"product_tag":[],"class_list":{"0":"post-9706","1":"product","2":"type-product","3":"status-publish","4":"has-post-thumbnail","6":"product_cat-naturfaserkissen","7":"product_cat-kopfkissen-2","8":"product_cat-jugend","9":"product_cat-40x80","10":"product_cat-80x80","12":"first","13":"instock","14":"taxable","15":"shipping-taxable","16":"purchasable","17":"product-type-variable","18":"has-default-attributes"},"yoast_head":"<!-- This site is optimized with the Yoast SEO plugin v27.2 - https:\/\/yoast.com\/product\/yoast-seo-wordpress\/ -->\n<title>Schwarzwald &quot;Barbara&quot; Biokissen<\/title>\n<meta name=\"description\" content=\"\u201cGOTS\u201d zertifizierte Biokopfkissen aus der OBB Schwarzwald Bio \u201cBarbara\u201d Produktlinie\" \/>\n<meta name=\"robots\" content=\"index, follow, max-snippet:-1, max-image-preview:large, max-video-preview:-1\" \/>\n<link rel=\"canonical\" href=\"https:\/\/obb.de\/zh-hans\/shop\/produkte\/schwarzwald-barbara-biokissen\/\" \/>\n<meta property=\"og:locale\" content=\"zh_CN\" \/>\n<meta property=\"og:type\" content=\"article\" \/>\n<meta property=\"og:title\" content=\"Schwarzwald &quot;Barbara&quot; Biokissen\" \/>\n<meta property=\"og:description\" content=\"\u201cGOTS\u201d zertifizierte Biokopfkissen aus der OBB Schwarzwald Bio \u201cBarbara\u201d Produktlinie\" \/>\n<meta property=\"og:url\" content=\"https:\/\/obb.de\/zh-hans\/shop\/produkte\/schwarzwald-barbara-biokissen\/\" \/>\n<meta property=\"og:site_name\" content=\"OBB Oberbadische Bettfedernfabrik GmbH\" \/>\n<meta property=\"article:modified_time\" content=\"2025-12-10T13:06:46+00:00\" \/>\n<meta property=\"og:image\" content=\"https:\/\/obb.de\/wp-content\/uploads\/2023\/05\/Schwarld-Bio.jpg\" \/>\n\t<meta property=\"og:image:width\" content=\"1500\" \/>\n\t<meta property=\"og:image:height\" content=\"1000\" \/>\n\t<meta property=\"og:image:type\" content=\"image\/jpeg\" \/>\n<meta name=\"twitter:card\" content=\"summary_large_image\" \/>\n<meta name=\"twitter:label1\" content=\"\u9884\u8ba1\u9605\u8bfb\u65f6\u95f4\" \/>\n\t<meta name=\"twitter:data1\" content=\"1 \u5206\" \/>\n<script type=\"application\/ld+json\" class=\"yoast-schema-graph\">{\"@context\":\"https:\/\/schema.org\",\"@graph\":[{\"@type\":\"WebPage\",\"@id\":\"https:\/\/obb.de\/zh-hans\/shop\/produkte\/schwarzwald-barbara-biokissen\/\",\"url\":\"https:\/\/obb.de\/zh-hans\/shop\/produkte\/schwarzwald-barbara-biokissen\/\",\"name\":\"Schwarzwald \\\"Barbara\\\" Biokissen\",\"isPartOf\":{\"@id\":\"https:\/\/obb.de\/zh-hans\/oldsite\/#website\"},\"primaryImageOfPage\":{\"@id\":\"https:\/\/obb.de\/zh-hans\/shop\/produkte\/schwarzwald-barbara-biokissen\/#primaryimage\"},\"image\":{\"@id\":\"https:\/\/obb.de\/zh-hans\/shop\/produkte\/schwarzwald-barbara-biokissen\/#primaryimage\"},\"thumbnailUrl\":\"https:\/\/obb.de\/wp-content\/uploads\/2023\/05\/Schwarld-Bio.jpg\",\"datePublished\":\"2021-08-10T08:03:51+00:00\",\"dateModified\":\"2025-12-10T13:06:46+00:00\",\"description\":\"\u201cGOTS\u201d zertifizierte Biokopfkissen aus der OBB Schwarzwald Bio \u201cBarbara\u201d Produktlinie\",\"breadcrumb\":{\"@id\":\"https:\/\/obb.de\/zh-hans\/shop\/produkte\/schwarzwald-barbara-biokissen\/#breadcrumb\"},\"inLanguage\":\"zh-Hans\",\"potentialAction\":[{\"@type\":\"ReadAction\",\"target\":[\"https:\/\/obb.de\/zh-hans\/shop\/produkte\/schwarzwald-barbara-biokissen\/\"]}]},{\"@type\":\"ImageObject\",\"inLanguage\":\"zh-Hans\",\"@id\":\"https:\/\/obb.de\/zh-hans\/shop\/produkte\/schwarzwald-barbara-biokissen\/#primaryimage\",\"url\":\"https:\/\/obb.de\/wp-content\/uploads\/2023\/05\/Schwarld-Bio.jpg\",\"contentUrl\":\"https:\/\/obb.de\/wp-content\/uploads\/2023\/05\/Schwarld-Bio.jpg\",\"width\":1500,\"height\":1000,\"caption\":\"Schwarzwald Bio\"},{\"@type\":\"BreadcrumbList\",\"@id\":\"https:\/\/obb.de\/zh-hans\/shop\/produkte\/schwarzwald-barbara-biokissen\/#breadcrumb\",\"itemListElement\":[{\"@type\":\"ListItem\",\"position\":1,\"name\":\"Startseite\",\"item\":\"https:\/\/obb.de\/zh-hans\/\"},{\"@type\":\"ListItem\",\"position\":2,\"name\":\"Shop\",\"item\":\"https:\/\/obb.de\/zh-hans\/shop\/\"},{\"@type\":\"ListItem\",\"position\":3,\"name\":\"Schwarzwald &#8222;Barbara&#8220; Biokissen\"}]},{\"@type\":\"WebSite\",\"@id\":\"https:\/\/obb.de\/zh-hans\/oldsite\/#website\",\"url\":\"https:\/\/obb.de\/zh-hans\/oldsite\/\",\"name\":\"OBB Oberbadische Bettfedernfabrik GmbH\",\"description\":\"Traumhaft Seit 1900\",\"publisher\":{\"@id\":\"https:\/\/obb.de\/zh-hans\/oldsite\/#organization\"},\"potentialAction\":[{\"@type\":\"SearchAction\",\"target\":{\"@type\":\"EntryPoint\",\"urlTemplate\":\"https:\/\/obb.de\/zh-hans\/oldsite\/?s={search_term_string}\"},\"query-input\":{\"@type\":\"PropertyValueSpecification\",\"valueRequired\":true,\"valueName\":\"search_term_string\"}}],\"inLanguage\":\"zh-Hans\"},{\"@type\":\"Organization\",\"@id\":\"https:\/\/obb.de\/zh-hans\/oldsite\/#organization\",\"name\":\"OBB GmbH\",\"url\":\"https:\/\/obb.de\/zh-hans\/oldsite\/\",\"logo\":{\"@type\":\"ImageObject\",\"inLanguage\":\"zh-Hans\",\"@id\":\"https:\/\/obb.de\/zh-hans\/oldsite\/#\/schema\/logo\/image\/\",\"url\":\"https:\/\/obb.de\/wp-content\/uploads\/2019\/07\/OBB_Logo_4c_Deutsch_Signatur-2.jpg\",\"contentUrl\":\"https:\/\/obb.de\/wp-content\/uploads\/2019\/07\/OBB_Logo_4c_Deutsch_Signatur-2.jpg\",\"width\":707,\"height\":230,\"caption\":\"OBB GmbH\"},\"image\":{\"@id\":\"https:\/\/obb.de\/zh-hans\/oldsite\/#\/schema\/logo\/image\/\"}}]}<\/script>\n<!-- \/ Yoast SEO plugin. -->","yoast_head_json":{"title":"Schwarzwald \"Barbara\" Biokissen","description":"\u201cGOTS\u201d zertifizierte Biokopfkissen aus der OBB Schwarzwald Bio \u201cBarbara\u201d Produktlinie","robots":{"index":"index","follow":"follow","max-snippet":"max-snippet:-1","max-image-preview":"max-image-preview:large","max-video-preview":"max-video-preview:-1"},"canonical":"https:\/\/obb.de\/zh-hans\/shop\/produkte\/schwarzwald-barbara-biokissen\/","og_locale":"zh_CN","og_type":"article","og_title":"Schwarzwald \"Barbara\" Biokissen","og_description":"\u201cGOTS\u201d zertifizierte Biokopfkissen aus der OBB Schwarzwald Bio \u201cBarbara\u201d Produktlinie","og_url":"https:\/\/obb.de\/zh-hans\/shop\/produkte\/schwarzwald-barbara-biokissen\/","og_site_name":"OBB Oberbadische Bettfedernfabrik GmbH","article_modified_time":"2025-12-10T13:06:46+00:00","og_image":[{"width":1500,"height":1000,"url":"https:\/\/obb.de\/wp-content\/uploads\/2023\/05\/Schwarld-Bio.jpg","type":"image\/jpeg"}],"twitter_card":"summary_large_image","twitter_misc":{"\u9884\u8ba1\u9605\u8bfb\u65f6\u95f4":"1 \u5206"},"schema":{"@context":"https:\/\/schema.org","@graph":[{"@type":"WebPage","@id":"https:\/\/obb.de\/zh-hans\/shop\/produkte\/schwarzwald-barbara-biokissen\/","url":"https:\/\/obb.de\/zh-hans\/shop\/produkte\/schwarzwald-barbara-biokissen\/","name":"Schwarzwald \"Barbara\" Biokissen","isPartOf":{"@id":"https:\/\/obb.de\/zh-hans\/oldsite\/#website"},"primaryImageOfPage":{"@id":"https:\/\/obb.de\/zh-hans\/shop\/produkte\/schwarzwald-barbara-biokissen\/#primaryimage"},"image":{"@id":"https:\/\/obb.de\/zh-hans\/shop\/produkte\/schwarzwald-barbara-biokissen\/#primaryimage"},"thumbnailUrl":"https:\/\/obb.de\/wp-content\/uploads\/2023\/05\/Schwarld-Bio.jpg","datePublished":"2021-08-10T08:03:51+00:00","dateModified":"2025-12-10T13:06:46+00:00","description":"\u201cGOTS\u201d zertifizierte Biokopfkissen aus der OBB Schwarzwald Bio \u201cBarbara\u201d Produktlinie","breadcrumb":{"@id":"https:\/\/obb.de\/zh-hans\/shop\/produkte\/schwarzwald-barbara-biokissen\/#breadcrumb"},"inLanguage":"zh-Hans","potentialAction":[{"@type":"ReadAction","target":["https:\/\/obb.de\/zh-hans\/shop\/produkte\/schwarzwald-barbara-biokissen\/"]}]},{"@type":"ImageObject","inLanguage":"zh-Hans","@id":"https:\/\/obb.de\/zh-hans\/shop\/produkte\/schwarzwald-barbara-biokissen\/#primaryimage","url":"https:\/\/obb.de\/wp-content\/uploads\/2023\/05\/Schwarld-Bio.jpg","contentUrl":"https:\/\/obb.de\/wp-content\/uploads\/2023\/05\/Schwarld-Bio.jpg","width":1500,"height":1000,"caption":"Schwarzwald Bio"},{"@type":"BreadcrumbList","@id":"https:\/\/obb.de\/zh-hans\/shop\/produkte\/schwarzwald-barbara-biokissen\/#breadcrumb","itemListElement":[{"@type":"ListItem","position":1,"name":"Startseite","item":"https:\/\/obb.de\/zh-hans\/"},{"@type":"ListItem","position":2,"name":"Shop","item":"https:\/\/obb.de\/zh-hans\/shop\/"},{"@type":"ListItem","position":3,"name":"Schwarzwald &#8222;Barbara&#8220; Biokissen"}]},{"@type":"WebSite","@id":"https:\/\/obb.de\/zh-hans\/oldsite\/#website","url":"https:\/\/obb.de\/zh-hans\/oldsite\/","name":"OBB Oberbadische Bettfedernfabrik GmbH","description":"Traumhaft Seit 1900","publisher":{"@id":"https:\/\/obb.de\/zh-hans\/oldsite\/#organization"},"potentialAction":[{"@type":"SearchAction","target":{"@type":"EntryPoint","urlTemplate":"https:\/\/obb.de\/zh-hans\/oldsite\/?s={search_term_string}"},"query-input":{"@type":"PropertyValueSpecification","valueRequired":true,"valueName":"search_term_string"}}],"inLanguage":"zh-Hans"},{"@type":"Organization","@id":"https:\/\/obb.de\/zh-hans\/oldsite\/#organization","name":"OBB GmbH","url":"https:\/\/obb.de\/zh-hans\/oldsite\/","logo":{"@type":"ImageObject","inLanguage":"zh-Hans","@id":"https:\/\/obb.de\/zh-hans\/oldsite\/#\/schema\/logo\/image\/","url":"https:\/\/obb.de\/wp-content\/uploads\/2019\/07\/OBB_Logo_4c_Deutsch_Signatur-2.jpg","contentUrl":"https:\/\/obb.de\/wp-content\/uploads\/2019\/07\/OBB_Logo_4c_Deutsch_Signatur-2.jpg","width":707,"height":230,"caption":"OBB GmbH"},"image":{"@id":"https:\/\/obb.de\/zh-hans\/oldsite\/#\/schema\/logo\/image\/"}}]}},"_links":{"self":[{"href":"https:\/\/obb.de\/zh-hans\/wp-json\/wp\/v2\/product\/9706","targetHints":{"allow":["GET"]}}],"collection":[{"href":"https:\/\/obb.de\/zh-hans\/wp-json\/wp\/v2\/product"}],"about":[{"href":"https:\/\/obb.de\/zh-hans\/wp-json\/wp\/v2\/types\/product"}],"replies":[{"embeddable":true,"href":"https:\/\/obb.de\/zh-hans\/wp-json\/wp\/v2\/comments?post=9706"}],"wp:featuredmedia":[{"embeddable":true,"href":"https:\/\/obb.de\/zh-hans\/wp-json\/wp\/v2\/media\/12827"}],"wp:attachment":[{"href":"https:\/\/obb.de\/zh-hans\/wp-json\/wp\/v2\/media?parent=9706"}],"wp:term":[{"taxonomy":"product_brand","embeddable":true,"href":"https:\/\/obb.de\/zh-hans\/wp-json\/wp\/v2\/product_brand?post=9706"},{"taxonomy":"product_cat","embeddable":true,"href":"https:\/\/obb.de\/zh-hans\/wp-json\/wp\/v2\/product_cat?post=9706"},{"taxonomy":"product_tag","embeddable":true,"href":"https:\/\/obb.de\/zh-hans\/wp-json\/wp\/v2\/product_tag?post=9706"}],"curies":[{"name":"wp","href":"https:\/\/api.w.org\/{rel}","templated":true}]}}