{"id":17556,"date":"2025-11-04T15:05:55","date_gmt":"2025-11-04T13:05:55","guid":{"rendered":"https:\/\/obb.de\/?post_type=product&#038;p=17556"},"modified":"2025-11-25T16:54:54","modified_gmt":"2025-11-25T14:54:54","slug":"kleinkind-kissen","status":"publish","type":"product","link":"https:\/\/obb.de\/zh-hans\/shop\/produkte\/kleinkind-kissen\/","title":{"rendered":"Kleinkind Kissen"},"content":{"rendered":"","protected":false},"excerpt":{"rendered":"<p><strong>Sanftes Schlafvergn\u00fcgen f\u00fcr die Kleinen &#8211; \u00a0empfohlen von uns f\u00fcr Kleinkinder bis ca. zum Schulalter.<\/strong><\/p>\n<div>\n<div id=\"oVf73uSSBvMi8FYZ8j47p-content-0\">\n<p>Dieses liebevoll gefertigte Kinderkissen ist mit einer ausgewogenen Mischung aus feinen G\u00e4nsefedern und flauschigen G\u00e4nsedaunen der Klasse 1 (85% Federn\/ 15% Daunen) gef\u00fcllt \u2013 f\u00fcr ein nat\u00fcrliches, kuscheliges Liegegef\u00fchl. Mit farbiger Biese als Hingucker.<\/p>\n<p>Durch die Ausstattung mit Nomite ist das Kopfkissen auch f\u00fcr Hausstauballergiker bestens geeignet. Dank der bewusst reduzierten F\u00fcllmenge ist das Kissen flach und besonders anschmiegsam \u2013 perfekt abgestimmt auf die Bed\u00fcrfnisse von Kleinkindern. Ein idealer Begleiter f\u00fcr erholsamen Schlaf und s\u00fc\u00dfe Tr\u00e4ume.<\/p>\n<\/div>\n<\/div>\n","protected":false},"featured_media":17644,"comment_status":"closed","ping_status":"closed","template":"","meta":[],"product_brand":[],"product_cat":[592,594,795,396,483,484],"product_tag":[],"class_list":{"0":"post-17556","1":"product","2":"type-product","3":"status-publish","4":"has-post-thumbnail","6":"product_cat-kinder","7":"product_cat-kopfkissen-2","8":"product_cat-40x80","9":"product_cat-daunenkissen","10":"product_cat-kids","11":"product_cat-daunen-fuer-baby-kinder","13":"first","14":"instock","15":"taxable","16":"shipping-taxable","17":"purchasable","18":"product-type-simple"},"yoast_head":"<!-- This site is optimized with the Yoast SEO plugin v27.2 - https:\/\/yoast.com\/product\/yoast-seo-wordpress\/ -->\n<title>Kleinkind Kissen | OBB Oberbadische Bettfedernfabrik GmbH<\/title>\n<meta name=\"description\" content=\"Ein perfektes Kissen f\u00fcr ein Kleinkind, mit nat\u00fcrlichen und hochwertigen Materialien, nicht zu prall f\u00fcr die richtige Unterst\u00fctzung der kleinen K\u00f6pfe!\" \/>\n<meta name=\"robots\" content=\"index, follow, max-snippet:-1, max-image-preview:large, max-video-preview:-1\" \/>\n<link rel=\"canonical\" href=\"https:\/\/obb.de\/zh-hans\/shop\/produkte\/kleinkind-kissen\/\" \/>\n<meta property=\"og:locale\" content=\"zh_CN\" \/>\n<meta property=\"og:type\" content=\"article\" \/>\n<meta property=\"og:title\" content=\"Kleinkind Kissen | OBB Oberbadische Bettfedernfabrik GmbH\" \/>\n<meta property=\"og:description\" content=\"Ein perfektes Kissen f\u00fcr ein Kleinkind, mit nat\u00fcrlichen und hochwertigen Materialien, nicht zu prall f\u00fcr die richtige Unterst\u00fctzung der kleinen K\u00f6pfe!\" \/>\n<meta property=\"og:url\" content=\"https:\/\/obb.de\/zh-hans\/shop\/produkte\/kleinkind-kissen\/\" \/>\n<meta property=\"og:site_name\" content=\"OBB Oberbadische Bettfedernfabrik GmbH\" \/>\n<meta property=\"article:modified_time\" content=\"2025-11-25T14:54:54+00:00\" \/>\n<meta property=\"og:image\" content=\"https:\/\/obb.de\/wp-content\/uploads\/2025\/10\/Kleinkind-KK-40x80_1.jpg\" \/>\n\t<meta property=\"og:image:width\" content=\"2560\" \/>\n\t<meta property=\"og:image:height\" content=\"1578\" \/>\n\t<meta property=\"og:image:type\" content=\"image\/jpeg\" \/>\n<meta name=\"twitter:card\" content=\"summary_large_image\" \/>\n<meta name=\"twitter:label1\" content=\"\u9884\u8ba1\u9605\u8bfb\u65f6\u95f4\" \/>\n\t<meta name=\"twitter:data1\" content=\"1 \u5206\" \/>\n<script type=\"application\/ld+json\" class=\"yoast-schema-graph\">{\"@context\":\"https:\/\/schema.org\",\"@graph\":[{\"@type\":\"WebPage\",\"@id\":\"https:\/\/obb.de\/zh-hans\/shop\/produkte\/kleinkind-kissen\/\",\"url\":\"https:\/\/obb.de\/zh-hans\/shop\/produkte\/kleinkind-kissen\/\",\"name\":\"Kleinkind Kissen | OBB Oberbadische Bettfedernfabrik GmbH\",\"isPartOf\":{\"@id\":\"https:\/\/obb.de\/zh-hans\/oldsite\/#website\"},\"primaryImageOfPage\":{\"@id\":\"https:\/\/obb.de\/zh-hans\/shop\/produkte\/kleinkind-kissen\/#primaryimage\"},\"image\":{\"@id\":\"https:\/\/obb.de\/zh-hans\/shop\/produkte\/kleinkind-kissen\/#primaryimage\"},\"thumbnailUrl\":\"https:\/\/obb.de\/wp-content\/uploads\/2025\/10\/Kleinkind-KK-40x80_1.jpg\",\"datePublished\":\"2025-11-04T13:05:55+00:00\",\"dateModified\":\"2025-11-25T14:54:54+00:00\",\"description\":\"Ein perfektes Kissen f\u00fcr ein Kleinkind, mit nat\u00fcrlichen und hochwertigen Materialien, nicht zu prall f\u00fcr die richtige Unterst\u00fctzung der kleinen K\u00f6pfe!\",\"breadcrumb\":{\"@id\":\"https:\/\/obb.de\/zh-hans\/shop\/produkte\/kleinkind-kissen\/#breadcrumb\"},\"inLanguage\":\"zh-Hans\",\"potentialAction\":[{\"@type\":\"ReadAction\",\"target\":[\"https:\/\/obb.de\/zh-hans\/shop\/produkte\/kleinkind-kissen\/\"]}]},{\"@type\":\"ImageObject\",\"inLanguage\":\"zh-Hans\",\"@id\":\"https:\/\/obb.de\/zh-hans\/shop\/produkte\/kleinkind-kissen\/#primaryimage\",\"url\":\"https:\/\/obb.de\/wp-content\/uploads\/2025\/10\/Kleinkind-KK-40x80_1.jpg\",\"contentUrl\":\"https:\/\/obb.de\/wp-content\/uploads\/2025\/10\/Kleinkind-KK-40x80_1.jpg\",\"width\":2560,\"height\":1578},{\"@type\":\"BreadcrumbList\",\"@id\":\"https:\/\/obb.de\/zh-hans\/shop\/produkte\/kleinkind-kissen\/#breadcrumb\",\"itemListElement\":[{\"@type\":\"ListItem\",\"position\":1,\"name\":\"Startseite\",\"item\":\"https:\/\/obb.de\/zh-hans\/\"},{\"@type\":\"ListItem\",\"position\":2,\"name\":\"Shop\",\"item\":\"https:\/\/obb.de\/zh-hans\/shop\/\"},{\"@type\":\"ListItem\",\"position\":3,\"name\":\"Kleinkind Kissen\"}]},{\"@type\":\"WebSite\",\"@id\":\"https:\/\/obb.de\/zh-hans\/oldsite\/#website\",\"url\":\"https:\/\/obb.de\/zh-hans\/oldsite\/\",\"name\":\"OBB Oberbadische Bettfedernfabrik GmbH\",\"description\":\"Traumhaft Seit 1900\",\"publisher\":{\"@id\":\"https:\/\/obb.de\/zh-hans\/oldsite\/#organization\"},\"potentialAction\":[{\"@type\":\"SearchAction\",\"target\":{\"@type\":\"EntryPoint\",\"urlTemplate\":\"https:\/\/obb.de\/zh-hans\/oldsite\/?s={search_term_string}\"},\"query-input\":{\"@type\":\"PropertyValueSpecification\",\"valueRequired\":true,\"valueName\":\"search_term_string\"}}],\"inLanguage\":\"zh-Hans\"},{\"@type\":\"Organization\",\"@id\":\"https:\/\/obb.de\/zh-hans\/oldsite\/#organization\",\"name\":\"OBB GmbH\",\"url\":\"https:\/\/obb.de\/zh-hans\/oldsite\/\",\"logo\":{\"@type\":\"ImageObject\",\"inLanguage\":\"zh-Hans\",\"@id\":\"https:\/\/obb.de\/zh-hans\/oldsite\/#\/schema\/logo\/image\/\",\"url\":\"https:\/\/obb.de\/wp-content\/uploads\/2019\/07\/OBB_Logo_4c_Deutsch_Signatur-2.jpg\",\"contentUrl\":\"https:\/\/obb.de\/wp-content\/uploads\/2019\/07\/OBB_Logo_4c_Deutsch_Signatur-2.jpg\",\"width\":707,\"height\":230,\"caption\":\"OBB GmbH\"},\"image\":{\"@id\":\"https:\/\/obb.de\/zh-hans\/oldsite\/#\/schema\/logo\/image\/\"}}]}<\/script>\n<!-- \/ Yoast SEO plugin. -->","yoast_head_json":{"title":"Kleinkind Kissen | OBB Oberbadische Bettfedernfabrik GmbH","description":"Ein perfektes Kissen f\u00fcr ein Kleinkind, mit nat\u00fcrlichen und hochwertigen Materialien, nicht zu prall f\u00fcr die richtige Unterst\u00fctzung der kleinen K\u00f6pfe!","robots":{"index":"index","follow":"follow","max-snippet":"max-snippet:-1","max-image-preview":"max-image-preview:large","max-video-preview":"max-video-preview:-1"},"canonical":"https:\/\/obb.de\/zh-hans\/shop\/produkte\/kleinkind-kissen\/","og_locale":"zh_CN","og_type":"article","og_title":"Kleinkind Kissen | OBB Oberbadische Bettfedernfabrik GmbH","og_description":"Ein perfektes Kissen f\u00fcr ein Kleinkind, mit nat\u00fcrlichen und hochwertigen Materialien, nicht zu prall f\u00fcr die richtige Unterst\u00fctzung der kleinen K\u00f6pfe!","og_url":"https:\/\/obb.de\/zh-hans\/shop\/produkte\/kleinkind-kissen\/","og_site_name":"OBB Oberbadische Bettfedernfabrik GmbH","article_modified_time":"2025-11-25T14:54:54+00:00","og_image":[{"width":2560,"height":1578,"url":"https:\/\/obb.de\/wp-content\/uploads\/2025\/10\/Kleinkind-KK-40x80_1.jpg","type":"image\/jpeg"}],"twitter_card":"summary_large_image","twitter_misc":{"\u9884\u8ba1\u9605\u8bfb\u65f6\u95f4":"1 \u5206"},"schema":{"@context":"https:\/\/schema.org","@graph":[{"@type":"WebPage","@id":"https:\/\/obb.de\/zh-hans\/shop\/produkte\/kleinkind-kissen\/","url":"https:\/\/obb.de\/zh-hans\/shop\/produkte\/kleinkind-kissen\/","name":"Kleinkind Kissen | OBB Oberbadische Bettfedernfabrik GmbH","isPartOf":{"@id":"https:\/\/obb.de\/zh-hans\/oldsite\/#website"},"primaryImageOfPage":{"@id":"https:\/\/obb.de\/zh-hans\/shop\/produkte\/kleinkind-kissen\/#primaryimage"},"image":{"@id":"https:\/\/obb.de\/zh-hans\/shop\/produkte\/kleinkind-kissen\/#primaryimage"},"thumbnailUrl":"https:\/\/obb.de\/wp-content\/uploads\/2025\/10\/Kleinkind-KK-40x80_1.jpg","datePublished":"2025-11-04T13:05:55+00:00","dateModified":"2025-11-25T14:54:54+00:00","description":"Ein perfektes Kissen f\u00fcr ein Kleinkind, mit nat\u00fcrlichen und hochwertigen Materialien, nicht zu prall f\u00fcr die richtige Unterst\u00fctzung der kleinen K\u00f6pfe!","breadcrumb":{"@id":"https:\/\/obb.de\/zh-hans\/shop\/produkte\/kleinkind-kissen\/#breadcrumb"},"inLanguage":"zh-Hans","potentialAction":[{"@type":"ReadAction","target":["https:\/\/obb.de\/zh-hans\/shop\/produkte\/kleinkind-kissen\/"]}]},{"@type":"ImageObject","inLanguage":"zh-Hans","@id":"https:\/\/obb.de\/zh-hans\/shop\/produkte\/kleinkind-kissen\/#primaryimage","url":"https:\/\/obb.de\/wp-content\/uploads\/2025\/10\/Kleinkind-KK-40x80_1.jpg","contentUrl":"https:\/\/obb.de\/wp-content\/uploads\/2025\/10\/Kleinkind-KK-40x80_1.jpg","width":2560,"height":1578},{"@type":"BreadcrumbList","@id":"https:\/\/obb.de\/zh-hans\/shop\/produkte\/kleinkind-kissen\/#breadcrumb","itemListElement":[{"@type":"ListItem","position":1,"name":"Startseite","item":"https:\/\/obb.de\/zh-hans\/"},{"@type":"ListItem","position":2,"name":"Shop","item":"https:\/\/obb.de\/zh-hans\/shop\/"},{"@type":"ListItem","position":3,"name":"Kleinkind Kissen"}]},{"@type":"WebSite","@id":"https:\/\/obb.de\/zh-hans\/oldsite\/#website","url":"https:\/\/obb.de\/zh-hans\/oldsite\/","name":"OBB Oberbadische Bettfedernfabrik GmbH","description":"Traumhaft Seit 1900","publisher":{"@id":"https:\/\/obb.de\/zh-hans\/oldsite\/#organization"},"potentialAction":[{"@type":"SearchAction","target":{"@type":"EntryPoint","urlTemplate":"https:\/\/obb.de\/zh-hans\/oldsite\/?s={search_term_string}"},"query-input":{"@type":"PropertyValueSpecification","valueRequired":true,"valueName":"search_term_string"}}],"inLanguage":"zh-Hans"},{"@type":"Organization","@id":"https:\/\/obb.de\/zh-hans\/oldsite\/#organization","name":"OBB GmbH","url":"https:\/\/obb.de\/zh-hans\/oldsite\/","logo":{"@type":"ImageObject","inLanguage":"zh-Hans","@id":"https:\/\/obb.de\/zh-hans\/oldsite\/#\/schema\/logo\/image\/","url":"https:\/\/obb.de\/wp-content\/uploads\/2019\/07\/OBB_Logo_4c_Deutsch_Signatur-2.jpg","contentUrl":"https:\/\/obb.de\/wp-content\/uploads\/2019\/07\/OBB_Logo_4c_Deutsch_Signatur-2.jpg","width":707,"height":230,"caption":"OBB GmbH"},"image":{"@id":"https:\/\/obb.de\/zh-hans\/oldsite\/#\/schema\/logo\/image\/"}}]}},"_links":{"self":[{"href":"https:\/\/obb.de\/zh-hans\/wp-json\/wp\/v2\/product\/17556","targetHints":{"allow":["GET"]}}],"collection":[{"href":"https:\/\/obb.de\/zh-hans\/wp-json\/wp\/v2\/product"}],"about":[{"href":"https:\/\/obb.de\/zh-hans\/wp-json\/wp\/v2\/types\/product"}],"replies":[{"embeddable":true,"href":"https:\/\/obb.de\/zh-hans\/wp-json\/wp\/v2\/comments?post=17556"}],"wp:featuredmedia":[{"embeddable":true,"href":"https:\/\/obb.de\/zh-hans\/wp-json\/wp\/v2\/media\/17644"}],"wp:attachment":[{"href":"https:\/\/obb.de\/zh-hans\/wp-json\/wp\/v2\/media?parent=17556"}],"wp:term":[{"taxonomy":"product_brand","embeddable":true,"href":"https:\/\/obb.de\/zh-hans\/wp-json\/wp\/v2\/product_brand?post=17556"},{"taxonomy":"product_cat","embeddable":true,"href":"https:\/\/obb.de\/zh-hans\/wp-json\/wp\/v2\/product_cat?post=17556"},{"taxonomy":"product_tag","embeddable":true,"href":"https:\/\/obb.de\/zh-hans\/wp-json\/wp\/v2\/product_tag?post=17556"}],"curies":[{"name":"wp","href":"https:\/\/api.w.org\/{rel}","templated":true}]}}