{"id":16493,"date":"2025-01-24T14:49:52","date_gmt":"2025-01-24T12:49:52","guid":{"rendered":"https:\/\/obb.de\/?post_type=product&#038;p=16493"},"modified":"2025-12-01T12:41:39","modified_gmt":"2025-12-01T10:41:39","slug":"125-jahre-faserdecke","status":"publish","type":"product","link":"https:\/\/obb.de\/zh-hans\/shop\/produkte\/125-jahre-faserdecke\/","title":{"rendered":"125 Jahre Faserdecke"},"content":{"rendered":"<p>Unsere klassische Kollektion &#8220;125 Jahre OBB&#8221; \u00fcberzeugt durch softe und anschmiegsame H\u00fcllen und einer hochwertigen Faserf\u00fcllung (Fluffy Fill). Die bauschige Faserf\u00fcllung punktet durch eine ganz besondere Eignung f\u00fcr Allergiker durch die einfache Waschbarkeit. Dabei ist die F\u00fcllung auch ideal temperatur- und feuchtigkeitsregulierend. Erh\u00e4ltlich in 2 W\u00e4rmegraden je in 3 Gr\u00f6\u00dfen. F\u00fcr den einheitlichen Look empfehlen wir dazu die passenden Kissen.<\/p>\n","protected":false},"excerpt":{"rendered":"<p>Unsere klassische Ko<\/p>\n","protected":false},"featured_media":16471,"comment_status":"closed","ping_status":"closed","template":"","meta":[],"product_brand":[],"product_cat":[456,602,603,720,798,799,800],"product_tag":[],"class_list":{"0":"post-16493","1":"product","2":"type-product","3":"status-publish","4":"has-post-thumbnail","6":"product_cat-faserdecken","7":"product_cat-ganzjahresdecken","8":"product_cat-winterdecken","9":"product_cat-sale","10":"product_cat-135x200","11":"product_cat-155x220","12":"product_cat-200x200","14":"first","15":"instock","16":"taxable","17":"shipping-taxable","18":"purchasable","19":"product-type-variable","20":"has-default-attributes"},"yoast_head":"<!-- This site is optimized with the Yoast SEO plugin v27.2 - https:\/\/yoast.com\/product\/yoast-seo-wordpress\/ -->\n<title>125 Jahre Faserdecke<\/title>\n<meta name=\"description\" content=\"125 Jahre OBB Jubil\u00e4um Faserdecken\" \/>\n<meta name=\"robots\" content=\"index, follow, max-snippet:-1, max-image-preview:large, max-video-preview:-1\" \/>\n<link rel=\"canonical\" href=\"https:\/\/obb.de\/zh-hans\/shop\/produkte\/125-jahre-faserdecke\/\" \/>\n<meta property=\"og:locale\" content=\"zh_CN\" \/>\n<meta property=\"og:type\" content=\"article\" \/>\n<meta property=\"og:title\" content=\"125 Jahre Faserdecke\" \/>\n<meta property=\"og:description\" content=\"125 Jahre OBB Jubil\u00e4um Faserdecken\" \/>\n<meta property=\"og:url\" content=\"https:\/\/obb.de\/zh-hans\/shop\/produkte\/125-jahre-faserdecke\/\" \/>\n<meta property=\"og:site_name\" content=\"OBB Oberbadische Bettfedernfabrik GmbH\" \/>\n<meta property=\"article:modified_time\" content=\"2025-12-01T10:41:39+00:00\" \/>\n<meta property=\"og:image\" content=\"https:\/\/obb.de\/wp-content\/uploads\/2025\/01\/120_Jahre-Kopie-scaled.jpg\" \/>\n\t<meta property=\"og:image:width\" content=\"2560\" \/>\n\t<meta property=\"og:image:height\" content=\"1707\" \/>\n\t<meta property=\"og:image:type\" content=\"image\/jpeg\" \/>\n<meta name=\"twitter:card\" content=\"summary_large_image\" \/>\n<meta name=\"twitter:label1\" content=\"\u9884\u8ba1\u9605\u8bfb\u65f6\u95f4\" \/>\n\t<meta name=\"twitter:data1\" content=\"1 \u5206\" \/>\n<script type=\"application\/ld+json\" class=\"yoast-schema-graph\">{\"@context\":\"https:\/\/schema.org\",\"@graph\":[{\"@type\":\"WebPage\",\"@id\":\"https:\/\/obb.de\/zh-hans\/shop\/produkte\/125-jahre-faserdecke\/\",\"url\":\"https:\/\/obb.de\/zh-hans\/shop\/produkte\/125-jahre-faserdecke\/\",\"name\":\"125 Jahre Faserdecke\",\"isPartOf\":{\"@id\":\"https:\/\/obb.de\/zh-hans\/oldsite\/#website\"},\"primaryImageOfPage\":{\"@id\":\"https:\/\/obb.de\/zh-hans\/shop\/produkte\/125-jahre-faserdecke\/#primaryimage\"},\"image\":{\"@id\":\"https:\/\/obb.de\/zh-hans\/shop\/produkte\/125-jahre-faserdecke\/#primaryimage\"},\"thumbnailUrl\":\"https:\/\/obb.de\/wp-content\/uploads\/2025\/01\/120_Jahre-Kopie-scaled.jpg\",\"datePublished\":\"2025-01-24T12:49:52+00:00\",\"dateModified\":\"2025-12-01T10:41:39+00:00\",\"description\":\"125 Jahre OBB Jubil\u00e4um Faserdecken\",\"breadcrumb\":{\"@id\":\"https:\/\/obb.de\/zh-hans\/shop\/produkte\/125-jahre-faserdecke\/#breadcrumb\"},\"inLanguage\":\"zh-Hans\",\"potentialAction\":[{\"@type\":\"ReadAction\",\"target\":[\"https:\/\/obb.de\/zh-hans\/shop\/produkte\/125-jahre-faserdecke\/\"]}]},{\"@type\":\"ImageObject\",\"inLanguage\":\"zh-Hans\",\"@id\":\"https:\/\/obb.de\/zh-hans\/shop\/produkte\/125-jahre-faserdecke\/#primaryimage\",\"url\":\"https:\/\/obb.de\/wp-content\/uploads\/2025\/01\/120_Jahre-Kopie-scaled.jpg\",\"contentUrl\":\"https:\/\/obb.de\/wp-content\/uploads\/2025\/01\/120_Jahre-Kopie-scaled.jpg\",\"width\":2560,\"height\":1707},{\"@type\":\"BreadcrumbList\",\"@id\":\"https:\/\/obb.de\/zh-hans\/shop\/produkte\/125-jahre-faserdecke\/#breadcrumb\",\"itemListElement\":[{\"@type\":\"ListItem\",\"position\":1,\"name\":\"Startseite\",\"item\":\"https:\/\/obb.de\/zh-hans\/\"},{\"@type\":\"ListItem\",\"position\":2,\"name\":\"Shop\",\"item\":\"https:\/\/obb.de\/zh-hans\/shop\/\"},{\"@type\":\"ListItem\",\"position\":3,\"name\":\"125 Jahre Faserdecke\"}]},{\"@type\":\"WebSite\",\"@id\":\"https:\/\/obb.de\/zh-hans\/oldsite\/#website\",\"url\":\"https:\/\/obb.de\/zh-hans\/oldsite\/\",\"name\":\"OBB Oberbadische Bettfedernfabrik GmbH\",\"description\":\"Traumhaft Seit 1900\",\"publisher\":{\"@id\":\"https:\/\/obb.de\/zh-hans\/oldsite\/#organization\"},\"potentialAction\":[{\"@type\":\"SearchAction\",\"target\":{\"@type\":\"EntryPoint\",\"urlTemplate\":\"https:\/\/obb.de\/zh-hans\/oldsite\/?s={search_term_string}\"},\"query-input\":{\"@type\":\"PropertyValueSpecification\",\"valueRequired\":true,\"valueName\":\"search_term_string\"}}],\"inLanguage\":\"zh-Hans\"},{\"@type\":\"Organization\",\"@id\":\"https:\/\/obb.de\/zh-hans\/oldsite\/#organization\",\"name\":\"OBB GmbH\",\"url\":\"https:\/\/obb.de\/zh-hans\/oldsite\/\",\"logo\":{\"@type\":\"ImageObject\",\"inLanguage\":\"zh-Hans\",\"@id\":\"https:\/\/obb.de\/zh-hans\/oldsite\/#\/schema\/logo\/image\/\",\"url\":\"https:\/\/obb.de\/wp-content\/uploads\/2019\/07\/OBB_Logo_4c_Deutsch_Signatur-2.jpg\",\"contentUrl\":\"https:\/\/obb.de\/wp-content\/uploads\/2019\/07\/OBB_Logo_4c_Deutsch_Signatur-2.jpg\",\"width\":707,\"height\":230,\"caption\":\"OBB GmbH\"},\"image\":{\"@id\":\"https:\/\/obb.de\/zh-hans\/oldsite\/#\/schema\/logo\/image\/\"}}]}<\/script>\n<!-- \/ Yoast SEO plugin. -->","yoast_head_json":{"title":"125 Jahre Faserdecke","description":"125 Jahre OBB Jubil\u00e4um Faserdecken","robots":{"index":"index","follow":"follow","max-snippet":"max-snippet:-1","max-image-preview":"max-image-preview:large","max-video-preview":"max-video-preview:-1"},"canonical":"https:\/\/obb.de\/zh-hans\/shop\/produkte\/125-jahre-faserdecke\/","og_locale":"zh_CN","og_type":"article","og_title":"125 Jahre Faserdecke","og_description":"125 Jahre OBB Jubil\u00e4um Faserdecken","og_url":"https:\/\/obb.de\/zh-hans\/shop\/produkte\/125-jahre-faserdecke\/","og_site_name":"OBB Oberbadische Bettfedernfabrik GmbH","article_modified_time":"2025-12-01T10:41:39+00:00","og_image":[{"width":2560,"height":1707,"url":"https:\/\/obb.de\/wp-content\/uploads\/2025\/01\/120_Jahre-Kopie-scaled.jpg","type":"image\/jpeg"}],"twitter_card":"summary_large_image","twitter_misc":{"\u9884\u8ba1\u9605\u8bfb\u65f6\u95f4":"1 \u5206"},"schema":{"@context":"https:\/\/schema.org","@graph":[{"@type":"WebPage","@id":"https:\/\/obb.de\/zh-hans\/shop\/produkte\/125-jahre-faserdecke\/","url":"https:\/\/obb.de\/zh-hans\/shop\/produkte\/125-jahre-faserdecke\/","name":"125 Jahre Faserdecke","isPartOf":{"@id":"https:\/\/obb.de\/zh-hans\/oldsite\/#website"},"primaryImageOfPage":{"@id":"https:\/\/obb.de\/zh-hans\/shop\/produkte\/125-jahre-faserdecke\/#primaryimage"},"image":{"@id":"https:\/\/obb.de\/zh-hans\/shop\/produkte\/125-jahre-faserdecke\/#primaryimage"},"thumbnailUrl":"https:\/\/obb.de\/wp-content\/uploads\/2025\/01\/120_Jahre-Kopie-scaled.jpg","datePublished":"2025-01-24T12:49:52+00:00","dateModified":"2025-12-01T10:41:39+00:00","description":"125 Jahre OBB Jubil\u00e4um Faserdecken","breadcrumb":{"@id":"https:\/\/obb.de\/zh-hans\/shop\/produkte\/125-jahre-faserdecke\/#breadcrumb"},"inLanguage":"zh-Hans","potentialAction":[{"@type":"ReadAction","target":["https:\/\/obb.de\/zh-hans\/shop\/produkte\/125-jahre-faserdecke\/"]}]},{"@type":"ImageObject","inLanguage":"zh-Hans","@id":"https:\/\/obb.de\/zh-hans\/shop\/produkte\/125-jahre-faserdecke\/#primaryimage","url":"https:\/\/obb.de\/wp-content\/uploads\/2025\/01\/120_Jahre-Kopie-scaled.jpg","contentUrl":"https:\/\/obb.de\/wp-content\/uploads\/2025\/01\/120_Jahre-Kopie-scaled.jpg","width":2560,"height":1707},{"@type":"BreadcrumbList","@id":"https:\/\/obb.de\/zh-hans\/shop\/produkte\/125-jahre-faserdecke\/#breadcrumb","itemListElement":[{"@type":"ListItem","position":1,"name":"Startseite","item":"https:\/\/obb.de\/zh-hans\/"},{"@type":"ListItem","position":2,"name":"Shop","item":"https:\/\/obb.de\/zh-hans\/shop\/"},{"@type":"ListItem","position":3,"name":"125 Jahre Faserdecke"}]},{"@type":"WebSite","@id":"https:\/\/obb.de\/zh-hans\/oldsite\/#website","url":"https:\/\/obb.de\/zh-hans\/oldsite\/","name":"OBB Oberbadische Bettfedernfabrik GmbH","description":"Traumhaft Seit 1900","publisher":{"@id":"https:\/\/obb.de\/zh-hans\/oldsite\/#organization"},"potentialAction":[{"@type":"SearchAction","target":{"@type":"EntryPoint","urlTemplate":"https:\/\/obb.de\/zh-hans\/oldsite\/?s={search_term_string}"},"query-input":{"@type":"PropertyValueSpecification","valueRequired":true,"valueName":"search_term_string"}}],"inLanguage":"zh-Hans"},{"@type":"Organization","@id":"https:\/\/obb.de\/zh-hans\/oldsite\/#organization","name":"OBB GmbH","url":"https:\/\/obb.de\/zh-hans\/oldsite\/","logo":{"@type":"ImageObject","inLanguage":"zh-Hans","@id":"https:\/\/obb.de\/zh-hans\/oldsite\/#\/schema\/logo\/image\/","url":"https:\/\/obb.de\/wp-content\/uploads\/2019\/07\/OBB_Logo_4c_Deutsch_Signatur-2.jpg","contentUrl":"https:\/\/obb.de\/wp-content\/uploads\/2019\/07\/OBB_Logo_4c_Deutsch_Signatur-2.jpg","width":707,"height":230,"caption":"OBB GmbH"},"image":{"@id":"https:\/\/obb.de\/zh-hans\/oldsite\/#\/schema\/logo\/image\/"}}]}},"_links":{"self":[{"href":"https:\/\/obb.de\/zh-hans\/wp-json\/wp\/v2\/product\/16493","targetHints":{"allow":["GET"]}}],"collection":[{"href":"https:\/\/obb.de\/zh-hans\/wp-json\/wp\/v2\/product"}],"about":[{"href":"https:\/\/obb.de\/zh-hans\/wp-json\/wp\/v2\/types\/product"}],"replies":[{"embeddable":true,"href":"https:\/\/obb.de\/zh-hans\/wp-json\/wp\/v2\/comments?post=16493"}],"wp:featuredmedia":[{"embeddable":true,"href":"https:\/\/obb.de\/zh-hans\/wp-json\/wp\/v2\/media\/16471"}],"wp:attachment":[{"href":"https:\/\/obb.de\/zh-hans\/wp-json\/wp\/v2\/media?parent=16493"}],"wp:term":[{"taxonomy":"product_brand","embeddable":true,"href":"https:\/\/obb.de\/zh-hans\/wp-json\/wp\/v2\/product_brand?post=16493"},{"taxonomy":"product_cat","embeddable":true,"href":"https:\/\/obb.de\/zh-hans\/wp-json\/wp\/v2\/product_cat?post=16493"},{"taxonomy":"product_tag","embeddable":true,"href":"https:\/\/obb.de\/zh-hans\/wp-json\/wp\/v2\/product_tag?post=16493"}],"curies":[{"name":"wp","href":"https:\/\/api.w.org\/{rel}","templated":true}]}}