{"id":15787,"date":"2024-11-14T11:06:07","date_gmt":"2024-11-14T09:06:07","guid":{"rendered":"https:\/\/obb.de\/?post_type=product&#038;p=15787"},"modified":"2026-03-26T12:46:53","modified_gmt":"2026-03-26T10:46:53","slug":"matratzenauflage","status":"publish","type":"product","link":"https:\/\/obb.de\/zh-hans\/shop\/produkte\/matratzenauflage\/","title":{"rendered":"Matratzenauflage"},"content":{"rendered":"<p>W\u00fcnschen Sie mehr Luxus in Ihrem Bett?<\/p>\n<p>Eine Matratzenauflage kann den Liegekomfort erheblich erh\u00f6hen.<\/p>\n<p>Wenn die Matratze Ihren Anforderungen nicht mehr ganz erf\u00fcllt, k\u00f6nnen Sie das Liegegef\u00fchl mit einer Matratzenauflage wieder optimieren, ohne die Matratze auszutauschen.<\/p>\n<p>Einige der Matratzenauflagen besitzen eine Outlast<sup>\u00ae<\/sup> Thermo-Technologie, die einst f\u00fcr die NASA entwickelt. Die Outlast-Auflage l\u00e4sst durch das proaktive W\u00e4rmemanagement Feuchtigkeit erst gar nicht entstehen. Sie sorgt f\u00fcr eine exzellente Thermoregulierung, bis zu 48 % weniger schwitzen dank Outlast\u00ae.<\/p>\n<p>Andere wiederum wurden aus nat\u00fcrlichen Materialien produziert.<\/p>\n<p>Schauen Sie sich unsere anderen Artikel im <a href=\"https:\/\/obb.de\/shop\/produkte\/?stock_status=onsale\">SALE<\/a> an.<\/p>\n<p>&nbsp;<\/p>\n","protected":false},"excerpt":{"rendered":"<p>W\u00fcnschen Sie mehr Lu<\/p>\n","protected":false},"featured_media":15803,"comment_status":"closed","ping_status":"closed","template":"","meta":[],"product_brand":[],"product_cat":[720,432,433,463],"product_tag":[756,757],"class_list":{"0":"post-15787","1":"product","2":"type-product","3":"status-publish","4":"has-post-thumbnail","6":"product_cat-sale","7":"product_cat-matratzenauflagen","8":"product_cat-naturfasermatratzenauflagen","9":"product_cat-fasermatratzenauflagen","10":"product_tag-topper","11":"product_tag-matratzenauflage","13":"first","14":"instock","15":"sale","16":"taxable","17":"shipping-taxable","18":"purchasable","19":"product-type-variable","20":"has-default-attributes"},"yoast_head":"<!-- This site is optimized with the Yoast SEO plugin v27.2 - https:\/\/yoast.com\/product\/yoast-seo-wordpress\/ -->\n<title>Matratzenauflage | OBB Oberbadische Bettfedernfabrik GmbH<\/title>\n<meta name=\"description\" content=\"W\u00fcnscht du dir mehr LUXUS im Bett? Oder bist Du nicht ganz mit der Matratze zufrieden? Statt eine neue zu kaufen, optimiere die mit einer MATRATZENAUFLAGE.\" \/>\n<meta name=\"robots\" content=\"index, follow, max-snippet:-1, max-image-preview:large, max-video-preview:-1\" \/>\n<link rel=\"canonical\" href=\"https:\/\/obb.de\/zh-hans\/shop\/produkte\/matratzenauflage\/\" \/>\n<meta property=\"og:locale\" content=\"zh_CN\" \/>\n<meta property=\"og:type\" content=\"article\" \/>\n<meta property=\"og:title\" content=\"Matratzenauflage | OBB Oberbadische Bettfedernfabrik GmbH\" \/>\n<meta property=\"og:description\" content=\"W\u00fcnscht du dir mehr LUXUS im Bett? Oder bist Du nicht ganz mit der Matratze zufrieden? Statt eine neue zu kaufen, optimiere die mit einer MATRATZENAUFLAGE.\" \/>\n<meta property=\"og:url\" content=\"https:\/\/obb.de\/zh-hans\/shop\/produkte\/matratzenauflage\/\" \/>\n<meta property=\"og:site_name\" content=\"OBB Oberbadische Bettfedernfabrik GmbH\" \/>\n<meta property=\"article:modified_time\" content=\"2026-03-26T10:46:53+00:00\" \/>\n<meta property=\"og:image\" content=\"https:\/\/obb.de\/wp-content\/uploads\/2024\/11\/thumbnail_Design_.jpg\" \/>\n\t<meta property=\"og:image:width\" content=\"1920\" \/>\n\t<meta property=\"og:image:height\" content=\"1279\" \/>\n\t<meta property=\"og:image:type\" content=\"image\/jpeg\" \/>\n<meta name=\"twitter:card\" content=\"summary_large_image\" \/>\n<meta name=\"twitter:label1\" content=\"\u9884\u8ba1\u9605\u8bfb\u65f6\u95f4\" \/>\n\t<meta name=\"twitter:data1\" content=\"1 \u5206\" \/>\n<script type=\"application\/ld+json\" class=\"yoast-schema-graph\">{\"@context\":\"https:\/\/schema.org\",\"@graph\":[{\"@type\":\"WebPage\",\"@id\":\"https:\/\/obb.de\/zh-hans\/shop\/produkte\/matratzenauflage\/\",\"url\":\"https:\/\/obb.de\/zh-hans\/shop\/produkte\/matratzenauflage\/\",\"name\":\"Matratzenauflage | OBB Oberbadische Bettfedernfabrik GmbH\",\"isPartOf\":{\"@id\":\"https:\/\/obb.de\/zh-hans\/oldsite\/#website\"},\"primaryImageOfPage\":{\"@id\":\"https:\/\/obb.de\/zh-hans\/shop\/produkte\/matratzenauflage\/#primaryimage\"},\"image\":{\"@id\":\"https:\/\/obb.de\/zh-hans\/shop\/produkte\/matratzenauflage\/#primaryimage\"},\"thumbnailUrl\":\"https:\/\/obb.de\/wp-content\/uploads\/2024\/11\/thumbnail_Design_.jpg\",\"datePublished\":\"2024-11-14T09:06:07+00:00\",\"dateModified\":\"2026-03-26T10:46:53+00:00\",\"description\":\"W\u00fcnscht du dir mehr LUXUS im Bett? Oder bist Du nicht ganz mit der Matratze zufrieden? Statt eine neue zu kaufen, optimiere die mit einer MATRATZENAUFLAGE.\",\"breadcrumb\":{\"@id\":\"https:\/\/obb.de\/zh-hans\/shop\/produkte\/matratzenauflage\/#breadcrumb\"},\"inLanguage\":\"zh-Hans\",\"potentialAction\":[{\"@type\":\"ReadAction\",\"target\":[\"https:\/\/obb.de\/zh-hans\/shop\/produkte\/matratzenauflage\/\"]}]},{\"@type\":\"ImageObject\",\"inLanguage\":\"zh-Hans\",\"@id\":\"https:\/\/obb.de\/zh-hans\/shop\/produkte\/matratzenauflage\/#primaryimage\",\"url\":\"https:\/\/obb.de\/wp-content\/uploads\/2024\/11\/thumbnail_Design_.jpg\",\"contentUrl\":\"https:\/\/obb.de\/wp-content\/uploads\/2024\/11\/thumbnail_Design_.jpg\",\"width\":1920,\"height\":1279},{\"@type\":\"BreadcrumbList\",\"@id\":\"https:\/\/obb.de\/zh-hans\/shop\/produkte\/matratzenauflage\/#breadcrumb\",\"itemListElement\":[{\"@type\":\"ListItem\",\"position\":1,\"name\":\"Startseite\",\"item\":\"https:\/\/obb.de\/zh-hans\/\"},{\"@type\":\"ListItem\",\"position\":2,\"name\":\"Shop\",\"item\":\"https:\/\/obb.de\/zh-hans\/shop\/\"},{\"@type\":\"ListItem\",\"position\":3,\"name\":\"Matratzenauflage\"}]},{\"@type\":\"WebSite\",\"@id\":\"https:\/\/obb.de\/zh-hans\/oldsite\/#website\",\"url\":\"https:\/\/obb.de\/zh-hans\/oldsite\/\",\"name\":\"OBB Oberbadische Bettfedernfabrik GmbH\",\"description\":\"Traumhaft Seit 1900\",\"publisher\":{\"@id\":\"https:\/\/obb.de\/zh-hans\/oldsite\/#organization\"},\"potentialAction\":[{\"@type\":\"SearchAction\",\"target\":{\"@type\":\"EntryPoint\",\"urlTemplate\":\"https:\/\/obb.de\/zh-hans\/oldsite\/?s={search_term_string}\"},\"query-input\":{\"@type\":\"PropertyValueSpecification\",\"valueRequired\":true,\"valueName\":\"search_term_string\"}}],\"inLanguage\":\"zh-Hans\"},{\"@type\":\"Organization\",\"@id\":\"https:\/\/obb.de\/zh-hans\/oldsite\/#organization\",\"name\":\"OBB GmbH\",\"url\":\"https:\/\/obb.de\/zh-hans\/oldsite\/\",\"logo\":{\"@type\":\"ImageObject\",\"inLanguage\":\"zh-Hans\",\"@id\":\"https:\/\/obb.de\/zh-hans\/oldsite\/#\/schema\/logo\/image\/\",\"url\":\"https:\/\/obb.de\/wp-content\/uploads\/2019\/07\/OBB_Logo_4c_Deutsch_Signatur-2.jpg\",\"contentUrl\":\"https:\/\/obb.de\/wp-content\/uploads\/2019\/07\/OBB_Logo_4c_Deutsch_Signatur-2.jpg\",\"width\":707,\"height\":230,\"caption\":\"OBB GmbH\"},\"image\":{\"@id\":\"https:\/\/obb.de\/zh-hans\/oldsite\/#\/schema\/logo\/image\/\"}}]}<\/script>\n<!-- \/ Yoast SEO plugin. -->","yoast_head_json":{"title":"Matratzenauflage | OBB Oberbadische Bettfedernfabrik GmbH","description":"W\u00fcnscht du dir mehr LUXUS im Bett? Oder bist Du nicht ganz mit der Matratze zufrieden? Statt eine neue zu kaufen, optimiere die mit einer MATRATZENAUFLAGE.","robots":{"index":"index","follow":"follow","max-snippet":"max-snippet:-1","max-image-preview":"max-image-preview:large","max-video-preview":"max-video-preview:-1"},"canonical":"https:\/\/obb.de\/zh-hans\/shop\/produkte\/matratzenauflage\/","og_locale":"zh_CN","og_type":"article","og_title":"Matratzenauflage | OBB Oberbadische Bettfedernfabrik GmbH","og_description":"W\u00fcnscht du dir mehr LUXUS im Bett? Oder bist Du nicht ganz mit der Matratze zufrieden? Statt eine neue zu kaufen, optimiere die mit einer MATRATZENAUFLAGE.","og_url":"https:\/\/obb.de\/zh-hans\/shop\/produkte\/matratzenauflage\/","og_site_name":"OBB Oberbadische Bettfedernfabrik GmbH","article_modified_time":"2026-03-26T10:46:53+00:00","og_image":[{"width":1920,"height":1279,"url":"https:\/\/obb.de\/wp-content\/uploads\/2024\/11\/thumbnail_Design_.jpg","type":"image\/jpeg"}],"twitter_card":"summary_large_image","twitter_misc":{"\u9884\u8ba1\u9605\u8bfb\u65f6\u95f4":"1 \u5206"},"schema":{"@context":"https:\/\/schema.org","@graph":[{"@type":"WebPage","@id":"https:\/\/obb.de\/zh-hans\/shop\/produkte\/matratzenauflage\/","url":"https:\/\/obb.de\/zh-hans\/shop\/produkte\/matratzenauflage\/","name":"Matratzenauflage | OBB Oberbadische Bettfedernfabrik GmbH","isPartOf":{"@id":"https:\/\/obb.de\/zh-hans\/oldsite\/#website"},"primaryImageOfPage":{"@id":"https:\/\/obb.de\/zh-hans\/shop\/produkte\/matratzenauflage\/#primaryimage"},"image":{"@id":"https:\/\/obb.de\/zh-hans\/shop\/produkte\/matratzenauflage\/#primaryimage"},"thumbnailUrl":"https:\/\/obb.de\/wp-content\/uploads\/2024\/11\/thumbnail_Design_.jpg","datePublished":"2024-11-14T09:06:07+00:00","dateModified":"2026-03-26T10:46:53+00:00","description":"W\u00fcnscht du dir mehr LUXUS im Bett? Oder bist Du nicht ganz mit der Matratze zufrieden? Statt eine neue zu kaufen, optimiere die mit einer MATRATZENAUFLAGE.","breadcrumb":{"@id":"https:\/\/obb.de\/zh-hans\/shop\/produkte\/matratzenauflage\/#breadcrumb"},"inLanguage":"zh-Hans","potentialAction":[{"@type":"ReadAction","target":["https:\/\/obb.de\/zh-hans\/shop\/produkte\/matratzenauflage\/"]}]},{"@type":"ImageObject","inLanguage":"zh-Hans","@id":"https:\/\/obb.de\/zh-hans\/shop\/produkte\/matratzenauflage\/#primaryimage","url":"https:\/\/obb.de\/wp-content\/uploads\/2024\/11\/thumbnail_Design_.jpg","contentUrl":"https:\/\/obb.de\/wp-content\/uploads\/2024\/11\/thumbnail_Design_.jpg","width":1920,"height":1279},{"@type":"BreadcrumbList","@id":"https:\/\/obb.de\/zh-hans\/shop\/produkte\/matratzenauflage\/#breadcrumb","itemListElement":[{"@type":"ListItem","position":1,"name":"Startseite","item":"https:\/\/obb.de\/zh-hans\/"},{"@type":"ListItem","position":2,"name":"Shop","item":"https:\/\/obb.de\/zh-hans\/shop\/"},{"@type":"ListItem","position":3,"name":"Matratzenauflage"}]},{"@type":"WebSite","@id":"https:\/\/obb.de\/zh-hans\/oldsite\/#website","url":"https:\/\/obb.de\/zh-hans\/oldsite\/","name":"OBB Oberbadische Bettfedernfabrik GmbH","description":"Traumhaft Seit 1900","publisher":{"@id":"https:\/\/obb.de\/zh-hans\/oldsite\/#organization"},"potentialAction":[{"@type":"SearchAction","target":{"@type":"EntryPoint","urlTemplate":"https:\/\/obb.de\/zh-hans\/oldsite\/?s={search_term_string}"},"query-input":{"@type":"PropertyValueSpecification","valueRequired":true,"valueName":"search_term_string"}}],"inLanguage":"zh-Hans"},{"@type":"Organization","@id":"https:\/\/obb.de\/zh-hans\/oldsite\/#organization","name":"OBB GmbH","url":"https:\/\/obb.de\/zh-hans\/oldsite\/","logo":{"@type":"ImageObject","inLanguage":"zh-Hans","@id":"https:\/\/obb.de\/zh-hans\/oldsite\/#\/schema\/logo\/image\/","url":"https:\/\/obb.de\/wp-content\/uploads\/2019\/07\/OBB_Logo_4c_Deutsch_Signatur-2.jpg","contentUrl":"https:\/\/obb.de\/wp-content\/uploads\/2019\/07\/OBB_Logo_4c_Deutsch_Signatur-2.jpg","width":707,"height":230,"caption":"OBB GmbH"},"image":{"@id":"https:\/\/obb.de\/zh-hans\/oldsite\/#\/schema\/logo\/image\/"}}]}},"_links":{"self":[{"href":"https:\/\/obb.de\/zh-hans\/wp-json\/wp\/v2\/product\/15787","targetHints":{"allow":["GET"]}}],"collection":[{"href":"https:\/\/obb.de\/zh-hans\/wp-json\/wp\/v2\/product"}],"about":[{"href":"https:\/\/obb.de\/zh-hans\/wp-json\/wp\/v2\/types\/product"}],"replies":[{"embeddable":true,"href":"https:\/\/obb.de\/zh-hans\/wp-json\/wp\/v2\/comments?post=15787"}],"wp:featuredmedia":[{"embeddable":true,"href":"https:\/\/obb.de\/zh-hans\/wp-json\/wp\/v2\/media\/15803"}],"wp:attachment":[{"href":"https:\/\/obb.de\/zh-hans\/wp-json\/wp\/v2\/media?parent=15787"}],"wp:term":[{"taxonomy":"product_brand","embeddable":true,"href":"https:\/\/obb.de\/zh-hans\/wp-json\/wp\/v2\/product_brand?post=15787"},{"taxonomy":"product_cat","embeddable":true,"href":"https:\/\/obb.de\/zh-hans\/wp-json\/wp\/v2\/product_cat?post=15787"},{"taxonomy":"product_tag","embeddable":true,"href":"https:\/\/obb.de\/zh-hans\/wp-json\/wp\/v2\/product_tag?post=15787"}],"curies":[{"name":"wp","href":"https:\/\/api.w.org\/{rel}","templated":true}]}}