{"id":15592,"date":"2024-10-04T09:16:14","date_gmt":"2024-10-04T07:16:14","guid":{"rendered":"https:\/\/obb.de\/?post_type=product&#038;p=15592"},"modified":"2026-01-01T06:13:00","modified_gmt":"2026-01-01T04:13:00","slug":"mysmile-ergonomisches-kissen","status":"publish","type":"product","link":"https:\/\/obb.de\/zh-hans\/shop\/produkte\/mysmile-ergonomisches-kissen\/","title":{"rendered":"mySmile ergonomisches Kissen"},"content":{"rendered":"<p>Entdecke <a href=\"https:\/\/obb.de\/wp-content\/uploads\/2024\/09\/OBB_mySmile_Broschuere.pdf\">OBB_mySmile_Broschu\u0308re<\/a><\/p>\n<p><strong>Entwickelt vom Orthop\u00e4den Dr.med.Dipl.-Ing. Herbert Koerner, aus der Erfahrungen seiner Praxis mit Schmerzpatienten und Leistungssportlern.<\/strong><\/p>\n<p>Das weltweit einzige &#8230;<\/p>\n<p>&#8230;INDIVIDUELL EINSTELLBARE KISSEN MIT BEWEGLICHER NACKENROLLE<\/p>\n<p>Deutschlandweit empfohlen von \u00c4rzten, Physiotherapeuten und Schlafexperten und die Top-Innovation des Jahres 2020 laut Institut f\u00fcr Gesundheit und Ergonomie.<\/p>\n<p>&nbsp;<\/p>\n<p>Wachst Du m\u00fcde und mit Kopf-, Schulter- oder Nackenschmerzen auf?<\/p>\n<p>Ist Deine Bewegung in der Hals-Nacken-Region eingeschr\u00e4nkt?<\/p>\n<p>&nbsp;<\/p>\n<p>Was Du wissen solltest:<\/p>\n<p><strong>Studien belegen<\/strong>: Jeder dritte Deutsche schl\u00e4ft schlecht und bis zu 80 % aller<br \/>\nPatienten mit chronischen Schmerzen leiden gleichzeitig an ausgepr\u00e4gten<br \/>\nSchlafst\u00f6rungen.<\/p>\n<p>&nbsp;<\/p>\n<p>Besonders die <strong>sensible Muskulatur<\/strong> um den Atlas wird durch einseitige Haltungsstrukturen<br \/>\nstark belastet und kann f\u00fcr Probleme wie Kopf-, Schulter-,<br \/>\nNacken- und R\u00fcckenschmerzen verantwortlich sein.<\/p>\n<p>&nbsp;<\/p>\n<p>Ein <strong>falsches Kissen<\/strong> beg\u00fcnstigt Verspannungen der Atlasmuskulatur und verhindert<br \/>\ndie Balance von Unterst\u00fctzung und Bewegungsfreiheit in der Hals-<br \/>\nNacken-Region.<\/p>\n<p>&nbsp;<\/p>\n<p>Das <strong>patentierte Mehr-Kammern-System<\/strong> unseres mySmile wurde speziell f\u00fcr<br \/>\nden Halswirbels\u00e4ulenbereich und die Atlasringmuskulatur entwickelt.<\/p>\n<p>&nbsp;<\/p>\n<p>Das <em><strong>mySmile<\/strong><\/em> ist f\u00fcr Bauch-, Seiten- und R\u00fcckenschl\u00e4fer geeignet.<\/p>\n<p>&nbsp;<\/p>\n<p>&nbsp;<\/p>\n","protected":false},"excerpt":{"rendered":"<p>Dieses speziell konzipierte Nackenkissen wird deutschlandweit von \u00c4rzten, Physiotherapeuten und Schlafexperten empfohlen und tr\u00e4gt das G\u00fctesiegel &#8220;Ergonomisches Produkt&#8221; vom IGR (Institut f\u00fcr Gesundheit und Ergonomie).<\/p>\n","protected":false},"featured_media":15627,"comment_status":"closed","ping_status":"closed","template":"","meta":[],"product_brand":[],"product_cat":[457,720,249,794,795,395],"product_tag":[751,752,753,754],"class_list":{"0":"post-15592","1":"product","2":"type-product","3":"status-publish","4":"has-post-thumbnail","6":"product_cat-faserkissen","7":"product_cat-sale","8":"product_cat-sonstiges","9":"product_cat-40x60","10":"product_cat-40x80","11":"product_cat-kopfkissen","12":"product_tag-ergonomisch","13":"product_tag-nackenstuetzkissen","14":"product_tag-gesundheitskissen","15":"product_tag-mysmile","17":"first","18":"instock","19":"taxable","20":"shipping-taxable","21":"purchasable","22":"product-type-variable","23":"has-default-attributes"},"yoast_head":"<!-- This site is optimized with the Yoast SEO plugin v27.2 - https:\/\/yoast.com\/product\/yoast-seo-wordpress\/ -->\n<title>mySmile ergonomisches Kissen | OBB Oberbadische Bettfedernfabrik GmbH<\/title>\n<meta name=\"description\" content=\"Das weltweit einzige... individuell einstellbare Kissen mit beweglicher Nackenrolle... von \u00c4rzten, Physiotherapeuten und Schlafexperten!\" \/>\n<meta name=\"robots\" content=\"index, follow, max-snippet:-1, max-image-preview:large, max-video-preview:-1\" \/>\n<link rel=\"canonical\" href=\"https:\/\/obb.de\/zh-hans\/shop\/produkte\/mysmile-ergonomisches-kissen\/\" \/>\n<meta property=\"og:locale\" content=\"zh_CN\" \/>\n<meta property=\"og:type\" content=\"article\" \/>\n<meta property=\"og:title\" content=\"mySmile ergonomisches Kissen | OBB Oberbadische Bettfedernfabrik GmbH\" \/>\n<meta property=\"og:description\" content=\"Das weltweit einzige... individuell einstellbare Kissen mit beweglicher Nackenrolle... von \u00c4rzten, Physiotherapeuten und Schlafexperten!\" \/>\n<meta property=\"og:url\" content=\"https:\/\/obb.de\/zh-hans\/shop\/produkte\/mysmile-ergonomisches-kissen\/\" \/>\n<meta property=\"og:site_name\" content=\"OBB Oberbadische Bettfedernfabrik GmbH\" \/>\n<meta property=\"article:modified_time\" content=\"2026-01-01T04:13:00+00:00\" \/>\n<meta property=\"og:image\" content=\"https:\/\/obb.de\/wp-content\/uploads\/2024\/10\/OBB-Bilder_132-scaled.jpg\" \/>\n\t<meta property=\"og:image:width\" content=\"2560\" \/>\n\t<meta property=\"og:image:height\" content=\"1707\" \/>\n\t<meta property=\"og:image:type\" content=\"image\/jpeg\" \/>\n<meta name=\"twitter:card\" content=\"summary_large_image\" \/>\n<meta name=\"twitter:label1\" content=\"\u9884\u8ba1\u9605\u8bfb\u65f6\u95f4\" \/>\n\t<meta name=\"twitter:data1\" content=\"2 \u5206\" \/>\n<script type=\"application\/ld+json\" class=\"yoast-schema-graph\">{\"@context\":\"https:\/\/schema.org\",\"@graph\":[{\"@type\":\"WebPage\",\"@id\":\"https:\/\/obb.de\/zh-hans\/shop\/produkte\/mysmile-ergonomisches-kissen\/\",\"url\":\"https:\/\/obb.de\/zh-hans\/shop\/produkte\/mysmile-ergonomisches-kissen\/\",\"name\":\"mySmile ergonomisches Kissen | OBB Oberbadische Bettfedernfabrik GmbH\",\"isPartOf\":{\"@id\":\"https:\/\/obb.de\/zh-hans\/oldsite\/#website\"},\"primaryImageOfPage\":{\"@id\":\"https:\/\/obb.de\/zh-hans\/shop\/produkte\/mysmile-ergonomisches-kissen\/#primaryimage\"},\"image\":{\"@id\":\"https:\/\/obb.de\/zh-hans\/shop\/produkte\/mysmile-ergonomisches-kissen\/#primaryimage\"},\"thumbnailUrl\":\"https:\/\/obb.de\/wp-content\/uploads\/2024\/10\/OBB-Bilder_132-scaled.jpg\",\"datePublished\":\"2024-10-04T07:16:14+00:00\",\"dateModified\":\"2026-01-01T04:13:00+00:00\",\"description\":\"Das weltweit einzige... individuell einstellbare Kissen mit beweglicher Nackenrolle... von \u00c4rzten, Physiotherapeuten und Schlafexperten!\",\"breadcrumb\":{\"@id\":\"https:\/\/obb.de\/zh-hans\/shop\/produkte\/mysmile-ergonomisches-kissen\/#breadcrumb\"},\"inLanguage\":\"zh-Hans\",\"potentialAction\":[{\"@type\":\"ReadAction\",\"target\":[\"https:\/\/obb.de\/zh-hans\/shop\/produkte\/mysmile-ergonomisches-kissen\/\"]}]},{\"@type\":\"ImageObject\",\"inLanguage\":\"zh-Hans\",\"@id\":\"https:\/\/obb.de\/zh-hans\/shop\/produkte\/mysmile-ergonomisches-kissen\/#primaryimage\",\"url\":\"https:\/\/obb.de\/wp-content\/uploads\/2024\/10\/OBB-Bilder_132-scaled.jpg\",\"contentUrl\":\"https:\/\/obb.de\/wp-content\/uploads\/2024\/10\/OBB-Bilder_132-scaled.jpg\",\"width\":2560,\"height\":1707},{\"@type\":\"BreadcrumbList\",\"@id\":\"https:\/\/obb.de\/zh-hans\/shop\/produkte\/mysmile-ergonomisches-kissen\/#breadcrumb\",\"itemListElement\":[{\"@type\":\"ListItem\",\"position\":1,\"name\":\"Startseite\",\"item\":\"https:\/\/obb.de\/zh-hans\/\"},{\"@type\":\"ListItem\",\"position\":2,\"name\":\"Shop\",\"item\":\"https:\/\/obb.de\/zh-hans\/shop\/\"},{\"@type\":\"ListItem\",\"position\":3,\"name\":\"mySmile ergonomisches Kissen\"}]},{\"@type\":\"WebSite\",\"@id\":\"https:\/\/obb.de\/zh-hans\/oldsite\/#website\",\"url\":\"https:\/\/obb.de\/zh-hans\/oldsite\/\",\"name\":\"OBB Oberbadische Bettfedernfabrik GmbH\",\"description\":\"Traumhaft Seit 1900\",\"publisher\":{\"@id\":\"https:\/\/obb.de\/zh-hans\/oldsite\/#organization\"},\"potentialAction\":[{\"@type\":\"SearchAction\",\"target\":{\"@type\":\"EntryPoint\",\"urlTemplate\":\"https:\/\/obb.de\/zh-hans\/oldsite\/?s={search_term_string}\"},\"query-input\":{\"@type\":\"PropertyValueSpecification\",\"valueRequired\":true,\"valueName\":\"search_term_string\"}}],\"inLanguage\":\"zh-Hans\"},{\"@type\":\"Organization\",\"@id\":\"https:\/\/obb.de\/zh-hans\/oldsite\/#organization\",\"name\":\"OBB GmbH\",\"url\":\"https:\/\/obb.de\/zh-hans\/oldsite\/\",\"logo\":{\"@type\":\"ImageObject\",\"inLanguage\":\"zh-Hans\",\"@id\":\"https:\/\/obb.de\/zh-hans\/oldsite\/#\/schema\/logo\/image\/\",\"url\":\"https:\/\/obb.de\/wp-content\/uploads\/2019\/07\/OBB_Logo_4c_Deutsch_Signatur-2.jpg\",\"contentUrl\":\"https:\/\/obb.de\/wp-content\/uploads\/2019\/07\/OBB_Logo_4c_Deutsch_Signatur-2.jpg\",\"width\":707,\"height\":230,\"caption\":\"OBB GmbH\"},\"image\":{\"@id\":\"https:\/\/obb.de\/zh-hans\/oldsite\/#\/schema\/logo\/image\/\"}}]}<\/script>\n<!-- \/ Yoast SEO plugin. -->","yoast_head_json":{"title":"mySmile ergonomisches Kissen | OBB Oberbadische Bettfedernfabrik GmbH","description":"Das weltweit einzige... individuell einstellbare Kissen mit beweglicher Nackenrolle... von \u00c4rzten, Physiotherapeuten und Schlafexperten!","robots":{"index":"index","follow":"follow","max-snippet":"max-snippet:-1","max-image-preview":"max-image-preview:large","max-video-preview":"max-video-preview:-1"},"canonical":"https:\/\/obb.de\/zh-hans\/shop\/produkte\/mysmile-ergonomisches-kissen\/","og_locale":"zh_CN","og_type":"article","og_title":"mySmile ergonomisches Kissen | OBB Oberbadische Bettfedernfabrik GmbH","og_description":"Das weltweit einzige... individuell einstellbare Kissen mit beweglicher Nackenrolle... von \u00c4rzten, Physiotherapeuten und Schlafexperten!","og_url":"https:\/\/obb.de\/zh-hans\/shop\/produkte\/mysmile-ergonomisches-kissen\/","og_site_name":"OBB Oberbadische Bettfedernfabrik GmbH","article_modified_time":"2026-01-01T04:13:00+00:00","og_image":[{"width":2560,"height":1707,"url":"https:\/\/obb.de\/wp-content\/uploads\/2024\/10\/OBB-Bilder_132-scaled.jpg","type":"image\/jpeg"}],"twitter_card":"summary_large_image","twitter_misc":{"\u9884\u8ba1\u9605\u8bfb\u65f6\u95f4":"2 \u5206"},"schema":{"@context":"https:\/\/schema.org","@graph":[{"@type":"WebPage","@id":"https:\/\/obb.de\/zh-hans\/shop\/produkte\/mysmile-ergonomisches-kissen\/","url":"https:\/\/obb.de\/zh-hans\/shop\/produkte\/mysmile-ergonomisches-kissen\/","name":"mySmile ergonomisches Kissen | OBB Oberbadische Bettfedernfabrik GmbH","isPartOf":{"@id":"https:\/\/obb.de\/zh-hans\/oldsite\/#website"},"primaryImageOfPage":{"@id":"https:\/\/obb.de\/zh-hans\/shop\/produkte\/mysmile-ergonomisches-kissen\/#primaryimage"},"image":{"@id":"https:\/\/obb.de\/zh-hans\/shop\/produkte\/mysmile-ergonomisches-kissen\/#primaryimage"},"thumbnailUrl":"https:\/\/obb.de\/wp-content\/uploads\/2024\/10\/OBB-Bilder_132-scaled.jpg","datePublished":"2024-10-04T07:16:14+00:00","dateModified":"2026-01-01T04:13:00+00:00","description":"Das weltweit einzige... individuell einstellbare Kissen mit beweglicher Nackenrolle... von \u00c4rzten, Physiotherapeuten und Schlafexperten!","breadcrumb":{"@id":"https:\/\/obb.de\/zh-hans\/shop\/produkte\/mysmile-ergonomisches-kissen\/#breadcrumb"},"inLanguage":"zh-Hans","potentialAction":[{"@type":"ReadAction","target":["https:\/\/obb.de\/zh-hans\/shop\/produkte\/mysmile-ergonomisches-kissen\/"]}]},{"@type":"ImageObject","inLanguage":"zh-Hans","@id":"https:\/\/obb.de\/zh-hans\/shop\/produkte\/mysmile-ergonomisches-kissen\/#primaryimage","url":"https:\/\/obb.de\/wp-content\/uploads\/2024\/10\/OBB-Bilder_132-scaled.jpg","contentUrl":"https:\/\/obb.de\/wp-content\/uploads\/2024\/10\/OBB-Bilder_132-scaled.jpg","width":2560,"height":1707},{"@type":"BreadcrumbList","@id":"https:\/\/obb.de\/zh-hans\/shop\/produkte\/mysmile-ergonomisches-kissen\/#breadcrumb","itemListElement":[{"@type":"ListItem","position":1,"name":"Startseite","item":"https:\/\/obb.de\/zh-hans\/"},{"@type":"ListItem","position":2,"name":"Shop","item":"https:\/\/obb.de\/zh-hans\/shop\/"},{"@type":"ListItem","position":3,"name":"mySmile ergonomisches Kissen"}]},{"@type":"WebSite","@id":"https:\/\/obb.de\/zh-hans\/oldsite\/#website","url":"https:\/\/obb.de\/zh-hans\/oldsite\/","name":"OBB Oberbadische Bettfedernfabrik GmbH","description":"Traumhaft Seit 1900","publisher":{"@id":"https:\/\/obb.de\/zh-hans\/oldsite\/#organization"},"potentialAction":[{"@type":"SearchAction","target":{"@type":"EntryPoint","urlTemplate":"https:\/\/obb.de\/zh-hans\/oldsite\/?s={search_term_string}"},"query-input":{"@type":"PropertyValueSpecification","valueRequired":true,"valueName":"search_term_string"}}],"inLanguage":"zh-Hans"},{"@type":"Organization","@id":"https:\/\/obb.de\/zh-hans\/oldsite\/#organization","name":"OBB GmbH","url":"https:\/\/obb.de\/zh-hans\/oldsite\/","logo":{"@type":"ImageObject","inLanguage":"zh-Hans","@id":"https:\/\/obb.de\/zh-hans\/oldsite\/#\/schema\/logo\/image\/","url":"https:\/\/obb.de\/wp-content\/uploads\/2019\/07\/OBB_Logo_4c_Deutsch_Signatur-2.jpg","contentUrl":"https:\/\/obb.de\/wp-content\/uploads\/2019\/07\/OBB_Logo_4c_Deutsch_Signatur-2.jpg","width":707,"height":230,"caption":"OBB GmbH"},"image":{"@id":"https:\/\/obb.de\/zh-hans\/oldsite\/#\/schema\/logo\/image\/"}}]}},"_links":{"self":[{"href":"https:\/\/obb.de\/zh-hans\/wp-json\/wp\/v2\/product\/15592","targetHints":{"allow":["GET"]}}],"collection":[{"href":"https:\/\/obb.de\/zh-hans\/wp-json\/wp\/v2\/product"}],"about":[{"href":"https:\/\/obb.de\/zh-hans\/wp-json\/wp\/v2\/types\/product"}],"replies":[{"embeddable":true,"href":"https:\/\/obb.de\/zh-hans\/wp-json\/wp\/v2\/comments?post=15592"}],"wp:featuredmedia":[{"embeddable":true,"href":"https:\/\/obb.de\/zh-hans\/wp-json\/wp\/v2\/media\/15627"}],"wp:attachment":[{"href":"https:\/\/obb.de\/zh-hans\/wp-json\/wp\/v2\/media?parent=15592"}],"wp:term":[{"taxonomy":"product_brand","embeddable":true,"href":"https:\/\/obb.de\/zh-hans\/wp-json\/wp\/v2\/product_brand?post=15592"},{"taxonomy":"product_cat","embeddable":true,"href":"https:\/\/obb.de\/zh-hans\/wp-json\/wp\/v2\/product_cat?post=15592"},{"taxonomy":"product_tag","embeddable":true,"href":"https:\/\/obb.de\/zh-hans\/wp-json\/wp\/v2\/product_tag?post=15592"}],"curies":[{"name":"wp","href":"https:\/\/api.w.org\/{rel}","templated":true}]}}