{"id":14923,"date":"2024-04-30T11:31:21","date_gmt":"2024-04-30T10:31:21","guid":{"rendered":"https:\/\/obb.de\/?post_type=product&#038;p=14923"},"modified":"2025-11-26T14:51:22","modified_gmt":"2025-11-26T12:51:22","slug":"travel-set","status":"publish","type":"product","link":"https:\/\/obb.de\/zh-hans\/shop\/produkte\/travel-set\/","title":{"rendered":"Travel-Set"},"content":{"rendered":"<p><strong>Nehmen Sie die Behaglichkeit Ihres Bettes mit in den Urlaub!<\/strong><\/p>\n<p>Kennen Sie das Gef\u00fchl, wenn Sie im Urlaub oder auf Gesch\u00e4ftsreise sind und schmerzlich Ihre eigene Bettdecke und Ihr Kissen vermissen? Denn das eigene Bettzeug ist ein erheblicher Wohlf\u00fchlfaktor, wenn wir unterwegs sind.<\/p>\n<p>Egal, ob Sie mit der Bahn, dem Flugzeug oder einem Camper auf einem Roadtrip unterwegs sind. Die Abhilfe schafft unser Travel-Set, der aus einer Bettdecke und einem Kissen, welches zugleich die Tragetasche ist, besteht.<\/p>\n<p>Er ist handlich, leicht und Platz sparend verstaubar, l\u00e4sst sich hygienisch bei 60 Grad waschen und kann ohne Bettw\u00e4sche verwendet werden.<\/p>\n<hr \/>\n<p>Dauneneinziehdecke: 135&#215;200 cm, gef\u00fcllt mit 300g wei\u00dfen 90% G\u00e4nsedaunen und 10% Federn, Klasse 1<\/p>\n<p>Kopfkissen: 40&#215;45 cm, gef\u00fcllt mit 200g wei\u00dfen 60% G\u00e4nsedaunen und 40% Federn, Klasse 1<\/p>\n<p>Kopfkissenbezug aus 100 % Baumwolle mit Hotelverschluss<\/p>\n","protected":false},"excerpt":{"rendered":"<p>OBB Travel-Set<\/p>\n<p>Dauneneinziehdecke 135&#215;200 cm, Kopfkissen 40&#215;45 cm und ein Kopfkissenbezug aus 100 % Baumwolle mit Hotelverschluss<\/p>\n","protected":false},"featured_media":14927,"comment_status":"closed","ping_status":"closed","template":"","meta":[],"product_brand":[],"product_cat":[593,594,601,390,732,396,798,543,572],"product_tag":[],"class_list":{"0":"post-14923","1":"product","2":"type-product","3":"status-publish","4":"has-post-thumbnail","6":"product_cat-decken","7":"product_cat-kopfkissen-2","8":"product_cat-sommerdecken","9":"product_cat-daunendecken","10":"product_cat-jugend","11":"product_cat-daunenkissen","12":"product_cat-135x200","13":"product_cat-federn","14":"product_cat-zubehoer","16":"first","17":"instock","18":"taxable","19":"shipping-taxable","20":"purchasable","21":"product-type-simple"},"yoast_head":"<!-- This site is optimized with the Yoast SEO plugin v27.2 - https:\/\/yoast.com\/product\/yoast-seo-wordpress\/ -->\n<title>Travel-Set | OBB Oberbadische Bettfedernfabrik GmbH<\/title>\n<meta name=\"description\" content=\"Das St\u00fcck Heimat bei allen Reisen. Die perfekte L\u00f6sung f\u00fcr alle Entdecker und Abenteurer. Ein kuscheliges und warmes Bettzeug f\u00fcr ein pures Wohlgef\u00fchl.\" \/>\n<meta name=\"robots\" content=\"index, follow, max-snippet:-1, max-image-preview:large, max-video-preview:-1\" \/>\n<link rel=\"canonical\" href=\"https:\/\/obb.de\/zh-hans\/shop\/produkte\/travel-set\/\" \/>\n<meta property=\"og:locale\" content=\"zh_CN\" \/>\n<meta property=\"og:type\" content=\"article\" \/>\n<meta property=\"og:title\" content=\"Travel-Set | OBB Oberbadische Bettfedernfabrik GmbH\" \/>\n<meta property=\"og:description\" content=\"Das St\u00fcck Heimat bei allen Reisen. Die perfekte L\u00f6sung f\u00fcr alle Entdecker und Abenteurer. Ein kuscheliges und warmes Bettzeug f\u00fcr ein pures Wohlgef\u00fchl.\" \/>\n<meta property=\"og:url\" content=\"https:\/\/obb.de\/zh-hans\/shop\/produkte\/travel-set\/\" \/>\n<meta property=\"og:site_name\" content=\"OBB Oberbadische Bettfedernfabrik GmbH\" \/>\n<meta property=\"article:modified_time\" content=\"2025-11-26T12:51:22+00:00\" \/>\n<meta property=\"og:image\" content=\"https:\/\/obb.de\/wp-content\/uploads\/2024\/04\/1-1.png\" \/>\n\t<meta property=\"og:image:width\" content=\"843\" \/>\n\t<meta property=\"og:image:height\" content=\"570\" \/>\n\t<meta property=\"og:image:type\" content=\"image\/png\" \/>\n<meta name=\"twitter:card\" content=\"summary_large_image\" \/>\n<meta name=\"twitter:label1\" content=\"\u9884\u8ba1\u9605\u8bfb\u65f6\u95f4\" \/>\n\t<meta name=\"twitter:data1\" content=\"1 \u5206\" \/>\n<script type=\"application\/ld+json\" class=\"yoast-schema-graph\">{\"@context\":\"https:\/\/schema.org\",\"@graph\":[{\"@type\":\"WebPage\",\"@id\":\"https:\/\/obb.de\/zh-hans\/shop\/produkte\/travel-set\/\",\"url\":\"https:\/\/obb.de\/zh-hans\/shop\/produkte\/travel-set\/\",\"name\":\"Travel-Set | OBB Oberbadische Bettfedernfabrik GmbH\",\"isPartOf\":{\"@id\":\"https:\/\/obb.de\/zh-hans\/oldsite\/#website\"},\"primaryImageOfPage\":{\"@id\":\"https:\/\/obb.de\/zh-hans\/shop\/produkte\/travel-set\/#primaryimage\"},\"image\":{\"@id\":\"https:\/\/obb.de\/zh-hans\/shop\/produkte\/travel-set\/#primaryimage\"},\"thumbnailUrl\":\"https:\/\/obb.de\/wp-content\/uploads\/2024\/04\/1-1.png\",\"datePublished\":\"2024-04-30T10:31:21+00:00\",\"dateModified\":\"2025-11-26T12:51:22+00:00\",\"description\":\"Das St\u00fcck Heimat bei allen Reisen. Die perfekte L\u00f6sung f\u00fcr alle Entdecker und Abenteurer. Ein kuscheliges und warmes Bettzeug f\u00fcr ein pures Wohlgef\u00fchl.\",\"breadcrumb\":{\"@id\":\"https:\/\/obb.de\/zh-hans\/shop\/produkte\/travel-set\/#breadcrumb\"},\"inLanguage\":\"zh-Hans\",\"potentialAction\":[{\"@type\":\"ReadAction\",\"target\":[\"https:\/\/obb.de\/zh-hans\/shop\/produkte\/travel-set\/\"]}]},{\"@type\":\"ImageObject\",\"inLanguage\":\"zh-Hans\",\"@id\":\"https:\/\/obb.de\/zh-hans\/shop\/produkte\/travel-set\/#primaryimage\",\"url\":\"https:\/\/obb.de\/wp-content\/uploads\/2024\/04\/1-1.png\",\"contentUrl\":\"https:\/\/obb.de\/wp-content\/uploads\/2024\/04\/1-1.png\",\"width\":843,\"height\":570},{\"@type\":\"BreadcrumbList\",\"@id\":\"https:\/\/obb.de\/zh-hans\/shop\/produkte\/travel-set\/#breadcrumb\",\"itemListElement\":[{\"@type\":\"ListItem\",\"position\":1,\"name\":\"Startseite\",\"item\":\"https:\/\/obb.de\/zh-hans\/\"},{\"@type\":\"ListItem\",\"position\":2,\"name\":\"Shop\",\"item\":\"https:\/\/obb.de\/zh-hans\/shop\/\"},{\"@type\":\"ListItem\",\"position\":3,\"name\":\"Travel-Set\"}]},{\"@type\":\"WebSite\",\"@id\":\"https:\/\/obb.de\/zh-hans\/oldsite\/#website\",\"url\":\"https:\/\/obb.de\/zh-hans\/oldsite\/\",\"name\":\"OBB Oberbadische Bettfedernfabrik GmbH\",\"description\":\"Traumhaft Seit 1900\",\"publisher\":{\"@id\":\"https:\/\/obb.de\/zh-hans\/oldsite\/#organization\"},\"potentialAction\":[{\"@type\":\"SearchAction\",\"target\":{\"@type\":\"EntryPoint\",\"urlTemplate\":\"https:\/\/obb.de\/zh-hans\/oldsite\/?s={search_term_string}\"},\"query-input\":{\"@type\":\"PropertyValueSpecification\",\"valueRequired\":true,\"valueName\":\"search_term_string\"}}],\"inLanguage\":\"zh-Hans\"},{\"@type\":\"Organization\",\"@id\":\"https:\/\/obb.de\/zh-hans\/oldsite\/#organization\",\"name\":\"OBB GmbH\",\"url\":\"https:\/\/obb.de\/zh-hans\/oldsite\/\",\"logo\":{\"@type\":\"ImageObject\",\"inLanguage\":\"zh-Hans\",\"@id\":\"https:\/\/obb.de\/zh-hans\/oldsite\/#\/schema\/logo\/image\/\",\"url\":\"https:\/\/obb.de\/wp-content\/uploads\/2019\/07\/OBB_Logo_4c_Deutsch_Signatur-2.jpg\",\"contentUrl\":\"https:\/\/obb.de\/wp-content\/uploads\/2019\/07\/OBB_Logo_4c_Deutsch_Signatur-2.jpg\",\"width\":707,\"height\":230,\"caption\":\"OBB GmbH\"},\"image\":{\"@id\":\"https:\/\/obb.de\/zh-hans\/oldsite\/#\/schema\/logo\/image\/\"}}]}<\/script>\n<!-- \/ Yoast SEO plugin. -->","yoast_head_json":{"title":"Travel-Set | OBB Oberbadische Bettfedernfabrik GmbH","description":"Das St\u00fcck Heimat bei allen Reisen. Die perfekte L\u00f6sung f\u00fcr alle Entdecker und Abenteurer. Ein kuscheliges und warmes Bettzeug f\u00fcr ein pures Wohlgef\u00fchl.","robots":{"index":"index","follow":"follow","max-snippet":"max-snippet:-1","max-image-preview":"max-image-preview:large","max-video-preview":"max-video-preview:-1"},"canonical":"https:\/\/obb.de\/zh-hans\/shop\/produkte\/travel-set\/","og_locale":"zh_CN","og_type":"article","og_title":"Travel-Set | OBB Oberbadische Bettfedernfabrik GmbH","og_description":"Das St\u00fcck Heimat bei allen Reisen. Die perfekte L\u00f6sung f\u00fcr alle Entdecker und Abenteurer. Ein kuscheliges und warmes Bettzeug f\u00fcr ein pures Wohlgef\u00fchl.","og_url":"https:\/\/obb.de\/zh-hans\/shop\/produkte\/travel-set\/","og_site_name":"OBB Oberbadische Bettfedernfabrik GmbH","article_modified_time":"2025-11-26T12:51:22+00:00","og_image":[{"width":843,"height":570,"url":"https:\/\/obb.de\/wp-content\/uploads\/2024\/04\/1-1.png","type":"image\/png"}],"twitter_card":"summary_large_image","twitter_misc":{"\u9884\u8ba1\u9605\u8bfb\u65f6\u95f4":"1 \u5206"},"schema":{"@context":"https:\/\/schema.org","@graph":[{"@type":"WebPage","@id":"https:\/\/obb.de\/zh-hans\/shop\/produkte\/travel-set\/","url":"https:\/\/obb.de\/zh-hans\/shop\/produkte\/travel-set\/","name":"Travel-Set | OBB Oberbadische Bettfedernfabrik GmbH","isPartOf":{"@id":"https:\/\/obb.de\/zh-hans\/oldsite\/#website"},"primaryImageOfPage":{"@id":"https:\/\/obb.de\/zh-hans\/shop\/produkte\/travel-set\/#primaryimage"},"image":{"@id":"https:\/\/obb.de\/zh-hans\/shop\/produkte\/travel-set\/#primaryimage"},"thumbnailUrl":"https:\/\/obb.de\/wp-content\/uploads\/2024\/04\/1-1.png","datePublished":"2024-04-30T10:31:21+00:00","dateModified":"2025-11-26T12:51:22+00:00","description":"Das St\u00fcck Heimat bei allen Reisen. Die perfekte L\u00f6sung f\u00fcr alle Entdecker und Abenteurer. Ein kuscheliges und warmes Bettzeug f\u00fcr ein pures Wohlgef\u00fchl.","breadcrumb":{"@id":"https:\/\/obb.de\/zh-hans\/shop\/produkte\/travel-set\/#breadcrumb"},"inLanguage":"zh-Hans","potentialAction":[{"@type":"ReadAction","target":["https:\/\/obb.de\/zh-hans\/shop\/produkte\/travel-set\/"]}]},{"@type":"ImageObject","inLanguage":"zh-Hans","@id":"https:\/\/obb.de\/zh-hans\/shop\/produkte\/travel-set\/#primaryimage","url":"https:\/\/obb.de\/wp-content\/uploads\/2024\/04\/1-1.png","contentUrl":"https:\/\/obb.de\/wp-content\/uploads\/2024\/04\/1-1.png","width":843,"height":570},{"@type":"BreadcrumbList","@id":"https:\/\/obb.de\/zh-hans\/shop\/produkte\/travel-set\/#breadcrumb","itemListElement":[{"@type":"ListItem","position":1,"name":"Startseite","item":"https:\/\/obb.de\/zh-hans\/"},{"@type":"ListItem","position":2,"name":"Shop","item":"https:\/\/obb.de\/zh-hans\/shop\/"},{"@type":"ListItem","position":3,"name":"Travel-Set"}]},{"@type":"WebSite","@id":"https:\/\/obb.de\/zh-hans\/oldsite\/#website","url":"https:\/\/obb.de\/zh-hans\/oldsite\/","name":"OBB Oberbadische Bettfedernfabrik GmbH","description":"Traumhaft Seit 1900","publisher":{"@id":"https:\/\/obb.de\/zh-hans\/oldsite\/#organization"},"potentialAction":[{"@type":"SearchAction","target":{"@type":"EntryPoint","urlTemplate":"https:\/\/obb.de\/zh-hans\/oldsite\/?s={search_term_string}"},"query-input":{"@type":"PropertyValueSpecification","valueRequired":true,"valueName":"search_term_string"}}],"inLanguage":"zh-Hans"},{"@type":"Organization","@id":"https:\/\/obb.de\/zh-hans\/oldsite\/#organization","name":"OBB GmbH","url":"https:\/\/obb.de\/zh-hans\/oldsite\/","logo":{"@type":"ImageObject","inLanguage":"zh-Hans","@id":"https:\/\/obb.de\/zh-hans\/oldsite\/#\/schema\/logo\/image\/","url":"https:\/\/obb.de\/wp-content\/uploads\/2019\/07\/OBB_Logo_4c_Deutsch_Signatur-2.jpg","contentUrl":"https:\/\/obb.de\/wp-content\/uploads\/2019\/07\/OBB_Logo_4c_Deutsch_Signatur-2.jpg","width":707,"height":230,"caption":"OBB GmbH"},"image":{"@id":"https:\/\/obb.de\/zh-hans\/oldsite\/#\/schema\/logo\/image\/"}}]}},"_links":{"self":[{"href":"https:\/\/obb.de\/zh-hans\/wp-json\/wp\/v2\/product\/14923","targetHints":{"allow":["GET"]}}],"collection":[{"href":"https:\/\/obb.de\/zh-hans\/wp-json\/wp\/v2\/product"}],"about":[{"href":"https:\/\/obb.de\/zh-hans\/wp-json\/wp\/v2\/types\/product"}],"replies":[{"embeddable":true,"href":"https:\/\/obb.de\/zh-hans\/wp-json\/wp\/v2\/comments?post=14923"}],"wp:featuredmedia":[{"embeddable":true,"href":"https:\/\/obb.de\/zh-hans\/wp-json\/wp\/v2\/media\/14927"}],"wp:attachment":[{"href":"https:\/\/obb.de\/zh-hans\/wp-json\/wp\/v2\/media?parent=14923"}],"wp:term":[{"taxonomy":"product_brand","embeddable":true,"href":"https:\/\/obb.de\/zh-hans\/wp-json\/wp\/v2\/product_brand?post=14923"},{"taxonomy":"product_cat","embeddable":true,"href":"https:\/\/obb.de\/zh-hans\/wp-json\/wp\/v2\/product_cat?post=14923"},{"taxonomy":"product_tag","embeddable":true,"href":"https:\/\/obb.de\/zh-hans\/wp-json\/wp\/v2\/product_tag?post=14923"}],"curies":[{"name":"wp","href":"https:\/\/api.w.org\/{rel}","templated":true}]}}