{"id":12988,"date":"2023-07-26T17:34:13","date_gmt":"2023-07-26T15:34:13","guid":{"rendered":"https:\/\/obb.de\/?post_type=product&#038;p=12988"},"modified":"2025-10-26T17:54:33","modified_gmt":"2025-10-26T15:54:33","slug":"obb-daunenwaschmittel","status":"publish","type":"product","link":"https:\/\/obb.de\/zh-hans\/shop\/produkte\/obb-daunenwaschmittel\/","title":{"rendered":"OBB Daunenwaschmittel"},"content":{"rendered":"<h2>Unser feines Daunenwaschmittel<\/h2>\n<p><strong>\u2026f\u00fcr das Waschen und Pflegen von Daunen und Federn gef\u00fcllten Textilien<\/strong><\/p>\n<p>Unser feines Daunenwaschmittel ist ein konzentriertes, sehr dezent parf\u00fcmiertes Spezialwaschmittel zur besonders schonenden Reinigung von Bettdecken, Kissen, Schlafs\u00e4cken und Bekleidung mit Daunenf\u00fcllung.<\/p>\n<p><strong>Anwendungshinweise: <\/strong><\/p>\n<p>Das textile Produkt gem\u00e4\u00df Waschanleitung und der Zugabe von unserem Waschmittel in der Waschmaschine oder Badewanne waschen. Dosierung: siehe Verpackungshinweise (je nach Wasserh\u00e4rte bzw. Verschmutzungsgrad)<\/p>\n","protected":false},"excerpt":{"rendered":"<p>Unser feines Daunenw<\/p>\n","protected":false},"featured_media":13108,"comment_status":"closed","ping_status":"closed","template":"","meta":[],"product_brand":[],"product_cat":[542,572,720],"product_tag":[717,718,719],"class_list":{"0":"post-12988","1":"product","2":"type-product","3":"status-publish","4":"has-post-thumbnail","6":"product_cat-kleinteile-und-zubehoer","7":"product_cat-zubehoer","8":"product_cat-sale","9":"product_tag-waschmittel","10":"product_tag-feinwaschmittel","11":"product_tag-daunenwaschmittel","13":"first","14":"instock","15":"sale","16":"taxable","17":"shipping-taxable","18":"purchasable","19":"product-type-simple"},"yoast_head":"<!-- This site is optimized with the Yoast SEO plugin v27.2 - https:\/\/yoast.com\/product\/yoast-seo-wordpress\/ -->\n<title>OBB Daunenwaschmittel<\/title>\n<meta name=\"description\" content=\"Unser Daunenwaschmittel \u2713 feines Spezialwaschmittel \u2713 f\u00fcr Bettwaren mit Daunenfedern \u2713 auch f\u00fcr anderen Naturf\u00fcllungen \u25ba jetzt online kaufen\" \/>\n<meta name=\"robots\" content=\"index, follow, max-snippet:-1, max-image-preview:large, max-video-preview:-1\" \/>\n<link rel=\"canonical\" href=\"https:\/\/obb.de\/zh-hans\/shop\/produkte\/obb-daunenwaschmittel\/\" \/>\n<meta property=\"og:locale\" content=\"zh_CN\" \/>\n<meta property=\"og:type\" content=\"article\" \/>\n<meta property=\"og:title\" content=\"OBB Daunenwaschmittel\" \/>\n<meta property=\"og:description\" content=\"Unser Daunenwaschmittel \u2713 feines Spezialwaschmittel \u2713 f\u00fcr Bettwaren mit Daunenfedern \u2713 auch f\u00fcr anderen Naturf\u00fcllungen \u25ba jetzt online kaufen\" \/>\n<meta property=\"og:url\" content=\"https:\/\/obb.de\/zh-hans\/shop\/produkte\/obb-daunenwaschmittel\/\" \/>\n<meta property=\"og:site_name\" content=\"OBB Oberbadische Bettfedernfabrik GmbH\" \/>\n<meta property=\"article:modified_time\" content=\"2025-10-26T15:54:33+00:00\" \/>\n<meta property=\"og:image\" content=\"https:\/\/obb.de\/wp-content\/uploads\/2023\/07\/Drei_nebeneinander-scaled.jpg\" \/>\n\t<meta property=\"og:image:width\" content=\"2560\" \/>\n\t<meta property=\"og:image:height\" content=\"1578\" \/>\n\t<meta property=\"og:image:type\" content=\"image\/jpeg\" \/>\n<meta name=\"twitter:card\" content=\"summary_large_image\" \/>\n<meta name=\"twitter:label1\" content=\"\u9884\u8ba1\u9605\u8bfb\u65f6\u95f4\" \/>\n\t<meta name=\"twitter:data1\" content=\"1 \u5206\" \/>\n<script type=\"application\/ld+json\" class=\"yoast-schema-graph\">{\"@context\":\"https:\/\/schema.org\",\"@graph\":[{\"@type\":\"WebPage\",\"@id\":\"https:\/\/obb.de\/zh-hans\/shop\/produkte\/obb-daunenwaschmittel\/\",\"url\":\"https:\/\/obb.de\/zh-hans\/shop\/produkte\/obb-daunenwaschmittel\/\",\"name\":\"OBB Daunenwaschmittel\",\"isPartOf\":{\"@id\":\"https:\/\/obb.de\/zh-hans\/oldsite\/#website\"},\"primaryImageOfPage\":{\"@id\":\"https:\/\/obb.de\/zh-hans\/shop\/produkte\/obb-daunenwaschmittel\/#primaryimage\"},\"image\":{\"@id\":\"https:\/\/obb.de\/zh-hans\/shop\/produkte\/obb-daunenwaschmittel\/#primaryimage\"},\"thumbnailUrl\":\"https:\/\/obb.de\/wp-content\/uploads\/2023\/07\/Drei_nebeneinander-scaled.jpg\",\"datePublished\":\"2023-07-26T15:34:13+00:00\",\"dateModified\":\"2025-10-26T15:54:33+00:00\",\"description\":\"Unser Daunenwaschmittel \u2713 feines Spezialwaschmittel \u2713 f\u00fcr Bettwaren mit Daunenfedern \u2713 auch f\u00fcr anderen Naturf\u00fcllungen \u25ba jetzt online kaufen\",\"breadcrumb\":{\"@id\":\"https:\/\/obb.de\/zh-hans\/shop\/produkte\/obb-daunenwaschmittel\/#breadcrumb\"},\"inLanguage\":\"zh-Hans\",\"potentialAction\":[{\"@type\":\"ReadAction\",\"target\":[\"https:\/\/obb.de\/zh-hans\/shop\/produkte\/obb-daunenwaschmittel\/\"]}]},{\"@type\":\"ImageObject\",\"inLanguage\":\"zh-Hans\",\"@id\":\"https:\/\/obb.de\/zh-hans\/shop\/produkte\/obb-daunenwaschmittel\/#primaryimage\",\"url\":\"https:\/\/obb.de\/wp-content\/uploads\/2023\/07\/Drei_nebeneinander-scaled.jpg\",\"contentUrl\":\"https:\/\/obb.de\/wp-content\/uploads\/2023\/07\/Drei_nebeneinander-scaled.jpg\",\"width\":2560,\"height\":1578},{\"@type\":\"BreadcrumbList\",\"@id\":\"https:\/\/obb.de\/zh-hans\/shop\/produkte\/obb-daunenwaschmittel\/#breadcrumb\",\"itemListElement\":[{\"@type\":\"ListItem\",\"position\":1,\"name\":\"Startseite\",\"item\":\"https:\/\/obb.de\/zh-hans\/\"},{\"@type\":\"ListItem\",\"position\":2,\"name\":\"Shop\",\"item\":\"https:\/\/obb.de\/zh-hans\/shop\/\"},{\"@type\":\"ListItem\",\"position\":3,\"name\":\"OBB Daunenwaschmittel\"}]},{\"@type\":\"WebSite\",\"@id\":\"https:\/\/obb.de\/zh-hans\/oldsite\/#website\",\"url\":\"https:\/\/obb.de\/zh-hans\/oldsite\/\",\"name\":\"OBB Oberbadische Bettfedernfabrik GmbH\",\"description\":\"Traumhaft Seit 1900\",\"publisher\":{\"@id\":\"https:\/\/obb.de\/zh-hans\/oldsite\/#organization\"},\"potentialAction\":[{\"@type\":\"SearchAction\",\"target\":{\"@type\":\"EntryPoint\",\"urlTemplate\":\"https:\/\/obb.de\/zh-hans\/oldsite\/?s={search_term_string}\"},\"query-input\":{\"@type\":\"PropertyValueSpecification\",\"valueRequired\":true,\"valueName\":\"search_term_string\"}}],\"inLanguage\":\"zh-Hans\"},{\"@type\":\"Organization\",\"@id\":\"https:\/\/obb.de\/zh-hans\/oldsite\/#organization\",\"name\":\"OBB GmbH\",\"url\":\"https:\/\/obb.de\/zh-hans\/oldsite\/\",\"logo\":{\"@type\":\"ImageObject\",\"inLanguage\":\"zh-Hans\",\"@id\":\"https:\/\/obb.de\/zh-hans\/oldsite\/#\/schema\/logo\/image\/\",\"url\":\"https:\/\/obb.de\/wp-content\/uploads\/2019\/07\/OBB_Logo_4c_Deutsch_Signatur-2.jpg\",\"contentUrl\":\"https:\/\/obb.de\/wp-content\/uploads\/2019\/07\/OBB_Logo_4c_Deutsch_Signatur-2.jpg\",\"width\":707,\"height\":230,\"caption\":\"OBB GmbH\"},\"image\":{\"@id\":\"https:\/\/obb.de\/zh-hans\/oldsite\/#\/schema\/logo\/image\/\"}}]}<\/script>\n<!-- \/ Yoast SEO plugin. -->","yoast_head_json":{"title":"OBB Daunenwaschmittel","description":"Unser Daunenwaschmittel \u2713 feines Spezialwaschmittel \u2713 f\u00fcr Bettwaren mit Daunenfedern \u2713 auch f\u00fcr anderen Naturf\u00fcllungen \u25ba jetzt online kaufen","robots":{"index":"index","follow":"follow","max-snippet":"max-snippet:-1","max-image-preview":"max-image-preview:large","max-video-preview":"max-video-preview:-1"},"canonical":"https:\/\/obb.de\/zh-hans\/shop\/produkte\/obb-daunenwaschmittel\/","og_locale":"zh_CN","og_type":"article","og_title":"OBB Daunenwaschmittel","og_description":"Unser Daunenwaschmittel \u2713 feines Spezialwaschmittel \u2713 f\u00fcr Bettwaren mit Daunenfedern \u2713 auch f\u00fcr anderen Naturf\u00fcllungen \u25ba jetzt online kaufen","og_url":"https:\/\/obb.de\/zh-hans\/shop\/produkte\/obb-daunenwaschmittel\/","og_site_name":"OBB Oberbadische Bettfedernfabrik GmbH","article_modified_time":"2025-10-26T15:54:33+00:00","og_image":[{"width":2560,"height":1578,"url":"https:\/\/obb.de\/wp-content\/uploads\/2023\/07\/Drei_nebeneinander-scaled.jpg","type":"image\/jpeg"}],"twitter_card":"summary_large_image","twitter_misc":{"\u9884\u8ba1\u9605\u8bfb\u65f6\u95f4":"1 \u5206"},"schema":{"@context":"https:\/\/schema.org","@graph":[{"@type":"WebPage","@id":"https:\/\/obb.de\/zh-hans\/shop\/produkte\/obb-daunenwaschmittel\/","url":"https:\/\/obb.de\/zh-hans\/shop\/produkte\/obb-daunenwaschmittel\/","name":"OBB Daunenwaschmittel","isPartOf":{"@id":"https:\/\/obb.de\/zh-hans\/oldsite\/#website"},"primaryImageOfPage":{"@id":"https:\/\/obb.de\/zh-hans\/shop\/produkte\/obb-daunenwaschmittel\/#primaryimage"},"image":{"@id":"https:\/\/obb.de\/zh-hans\/shop\/produkte\/obb-daunenwaschmittel\/#primaryimage"},"thumbnailUrl":"https:\/\/obb.de\/wp-content\/uploads\/2023\/07\/Drei_nebeneinander-scaled.jpg","datePublished":"2023-07-26T15:34:13+00:00","dateModified":"2025-10-26T15:54:33+00:00","description":"Unser Daunenwaschmittel \u2713 feines Spezialwaschmittel \u2713 f\u00fcr Bettwaren mit Daunenfedern \u2713 auch f\u00fcr anderen Naturf\u00fcllungen \u25ba jetzt online kaufen","breadcrumb":{"@id":"https:\/\/obb.de\/zh-hans\/shop\/produkte\/obb-daunenwaschmittel\/#breadcrumb"},"inLanguage":"zh-Hans","potentialAction":[{"@type":"ReadAction","target":["https:\/\/obb.de\/zh-hans\/shop\/produkte\/obb-daunenwaschmittel\/"]}]},{"@type":"ImageObject","inLanguage":"zh-Hans","@id":"https:\/\/obb.de\/zh-hans\/shop\/produkte\/obb-daunenwaschmittel\/#primaryimage","url":"https:\/\/obb.de\/wp-content\/uploads\/2023\/07\/Drei_nebeneinander-scaled.jpg","contentUrl":"https:\/\/obb.de\/wp-content\/uploads\/2023\/07\/Drei_nebeneinander-scaled.jpg","width":2560,"height":1578},{"@type":"BreadcrumbList","@id":"https:\/\/obb.de\/zh-hans\/shop\/produkte\/obb-daunenwaschmittel\/#breadcrumb","itemListElement":[{"@type":"ListItem","position":1,"name":"Startseite","item":"https:\/\/obb.de\/zh-hans\/"},{"@type":"ListItem","position":2,"name":"Shop","item":"https:\/\/obb.de\/zh-hans\/shop\/"},{"@type":"ListItem","position":3,"name":"OBB Daunenwaschmittel"}]},{"@type":"WebSite","@id":"https:\/\/obb.de\/zh-hans\/oldsite\/#website","url":"https:\/\/obb.de\/zh-hans\/oldsite\/","name":"OBB Oberbadische Bettfedernfabrik GmbH","description":"Traumhaft Seit 1900","publisher":{"@id":"https:\/\/obb.de\/zh-hans\/oldsite\/#organization"},"potentialAction":[{"@type":"SearchAction","target":{"@type":"EntryPoint","urlTemplate":"https:\/\/obb.de\/zh-hans\/oldsite\/?s={search_term_string}"},"query-input":{"@type":"PropertyValueSpecification","valueRequired":true,"valueName":"search_term_string"}}],"inLanguage":"zh-Hans"},{"@type":"Organization","@id":"https:\/\/obb.de\/zh-hans\/oldsite\/#organization","name":"OBB GmbH","url":"https:\/\/obb.de\/zh-hans\/oldsite\/","logo":{"@type":"ImageObject","inLanguage":"zh-Hans","@id":"https:\/\/obb.de\/zh-hans\/oldsite\/#\/schema\/logo\/image\/","url":"https:\/\/obb.de\/wp-content\/uploads\/2019\/07\/OBB_Logo_4c_Deutsch_Signatur-2.jpg","contentUrl":"https:\/\/obb.de\/wp-content\/uploads\/2019\/07\/OBB_Logo_4c_Deutsch_Signatur-2.jpg","width":707,"height":230,"caption":"OBB GmbH"},"image":{"@id":"https:\/\/obb.de\/zh-hans\/oldsite\/#\/schema\/logo\/image\/"}}]}},"_links":{"self":[{"href":"https:\/\/obb.de\/zh-hans\/wp-json\/wp\/v2\/product\/12988","targetHints":{"allow":["GET"]}}],"collection":[{"href":"https:\/\/obb.de\/zh-hans\/wp-json\/wp\/v2\/product"}],"about":[{"href":"https:\/\/obb.de\/zh-hans\/wp-json\/wp\/v2\/types\/product"}],"replies":[{"embeddable":true,"href":"https:\/\/obb.de\/zh-hans\/wp-json\/wp\/v2\/comments?post=12988"}],"wp:featuredmedia":[{"embeddable":true,"href":"https:\/\/obb.de\/zh-hans\/wp-json\/wp\/v2\/media\/13108"}],"wp:attachment":[{"href":"https:\/\/obb.de\/zh-hans\/wp-json\/wp\/v2\/media?parent=12988"}],"wp:term":[{"taxonomy":"product_brand","embeddable":true,"href":"https:\/\/obb.de\/zh-hans\/wp-json\/wp\/v2\/product_brand?post=12988"},{"taxonomy":"product_cat","embeddable":true,"href":"https:\/\/obb.de\/zh-hans\/wp-json\/wp\/v2\/product_cat?post=12988"},{"taxonomy":"product_tag","embeddable":true,"href":"https:\/\/obb.de\/zh-hans\/wp-json\/wp\/v2\/product_tag?post=12988"}],"curies":[{"name":"wp","href":"https:\/\/api.w.org\/{rel}","templated":true}]}}