{"id":12514,"date":"2023-02-28T18:18:57","date_gmt":"2023-02-28T16:18:57","guid":{"rendered":"https:\/\/obb.de\/?post_type=product&#038;p=12514"},"modified":"2025-11-25T17:27:02","modified_gmt":"2025-11-25T15:27:02","slug":"schwarwald-sensitiv-daunenkissen","status":"publish","type":"product","link":"https:\/\/obb.de\/zh-hans\/shop\/produkte\/schwarwald-sensitiv-daunenkissen\/","title":{"rendered":"Schwarzwald Sensitiv 3-Kammerkissen"},"content":{"rendered":"<p>Die OBB Schwarzwald Sensitiv Kollektion, wurde von uns entwickelt um unseren sensitiven Mitmenschen mit Allergien einen erholsamen Schlaf zu erm\u00f6glichen. Neben den mit Greenfirst\u00ae ausger\u00fcsteten europ\u00e4ischen Federn und Daunen der Klasse 1, besteht der Bezug aus Polyester (50%), Modal (30%) und Smartcel Sensitive (20%). Durch die Kombination der verwendeten Greenfirst\u00ae Ausr\u00fcstung und der Smartcel Sensitive Faser, kann eine dauerhafte Verminderung von diversen Mikroben und ein Schlaf wie auf Wolke 7 gew\u00e4hrleistet werden. Die Wirksamkeit ist von unabh\u00e4ngigen Instituten in drei Testreihen nachgewiesen worden.<\/p>\n<p>Das 3-Kammerkissen &#8220;SENSITIV&#8221; aus unserer Schwarzwald Kollektion hat einen federgef\u00fcllten Kern (85% Federn 15% Daunen) und zwei daunengef\u00fcllten Kammern au\u00dfen (90%). Der Kern sorgt f\u00fcr die entsprechende St\u00fctzkraft, w\u00e4hrend die kuscheligen Daunen f\u00fcr ein besonders softes Liegegef\u00fchl sorgen.<\/p>\n<p>Alle unsere Kollektionen sind NOMITE ausgestattet, was sie besonders allergikerfreundlich macht. Daunen sind zudem sehr atmungsaktiv, feuchtigkeitsregulierend und temperaturregulierend, was f\u00fcr eine gute Schlafhygiene sehr wichtig ist. F\u00fcr den einheitlichen Look empfehlen wir die Kassettendecken &#8220;SENSITIV&#8221;.<\/p>\n","protected":false},"excerpt":{"rendered":"<p>Die OBB Schwarzwald <\/p>\n","protected":false},"featured_media":12599,"comment_status":"closed","ping_status":"closed","template":"","meta":[],"product_brand":[],"product_cat":[795,797,396],"product_tag":[],"class_list":{"0":"post-12514","1":"product","2":"type-product","3":"status-publish","4":"has-post-thumbnail","6":"product_cat-40x80","7":"product_cat-80x80","8":"product_cat-daunenkissen","10":"first","11":"instock","12":"taxable","13":"shipping-taxable","14":"purchasable","15":"product-type-variable","16":"has-default-attributes"},"yoast_head":"<!-- This site is optimized with the Yoast SEO plugin v27.2 - https:\/\/yoast.com\/product\/yoast-seo-wordpress\/ -->\n<title>OBB Sensitive Daunenkissen<\/title>\n<meta name=\"description\" content=\"Schwarzwald Sensitiv Daunenkissen\" \/>\n<meta name=\"robots\" content=\"index, follow, max-snippet:-1, max-image-preview:large, max-video-preview:-1\" \/>\n<link rel=\"canonical\" href=\"https:\/\/obb.de\/zh-hans\/shop\/produkte\/schwarwald-sensitiv-daunenkissen\/\" \/>\n<meta property=\"og:locale\" content=\"zh_CN\" \/>\n<meta property=\"og:type\" content=\"article\" \/>\n<meta property=\"og:title\" content=\"OBB Sensitive Daunenkissen\" \/>\n<meta property=\"og:description\" content=\"Schwarzwald Sensitiv Daunenkissen\" \/>\n<meta property=\"og:url\" content=\"https:\/\/obb.de\/zh-hans\/shop\/produkte\/schwarwald-sensitiv-daunenkissen\/\" \/>\n<meta property=\"og:site_name\" content=\"OBB Oberbadische Bettfedernfabrik GmbH\" \/>\n<meta property=\"article:modified_time\" content=\"2025-11-25T15:27:02+00:00\" \/>\n<meta property=\"og:image\" content=\"https:\/\/obb.de\/wp-content\/uploads\/2023\/02\/Schwarzwald-Sensitive-Kopfkissen-40x80cm-scaled.jpg\" \/>\n\t<meta property=\"og:image:width\" content=\"2560\" \/>\n\t<meta property=\"og:image:height\" content=\"1903\" \/>\n\t<meta property=\"og:image:type\" content=\"image\/jpeg\" \/>\n<meta name=\"twitter:card\" content=\"summary_large_image\" \/>\n<meta name=\"twitter:label1\" content=\"\u9884\u8ba1\u9605\u8bfb\u65f6\u95f4\" \/>\n\t<meta name=\"twitter:data1\" content=\"2 \u5206\" \/>\n<script type=\"application\/ld+json\" class=\"yoast-schema-graph\">{\"@context\":\"https:\/\/schema.org\",\"@graph\":[{\"@type\":\"WebPage\",\"@id\":\"https:\/\/obb.de\/zh-hans\/shop\/produkte\/schwarwald-sensitiv-daunenkissen\/\",\"url\":\"https:\/\/obb.de\/zh-hans\/shop\/produkte\/schwarwald-sensitiv-daunenkissen\/\",\"name\":\"OBB Sensitive Daunenkissen\",\"isPartOf\":{\"@id\":\"https:\/\/obb.de\/zh-hans\/oldsite\/#website\"},\"primaryImageOfPage\":{\"@id\":\"https:\/\/obb.de\/zh-hans\/shop\/produkte\/schwarwald-sensitiv-daunenkissen\/#primaryimage\"},\"image\":{\"@id\":\"https:\/\/obb.de\/zh-hans\/shop\/produkte\/schwarwald-sensitiv-daunenkissen\/#primaryimage\"},\"thumbnailUrl\":\"https:\/\/obb.de\/wp-content\/uploads\/2023\/02\/Schwarzwald-Sensitive-Kopfkissen-40x80cm-scaled.jpg\",\"datePublished\":\"2023-02-28T16:18:57+00:00\",\"dateModified\":\"2025-11-25T15:27:02+00:00\",\"description\":\"Schwarzwald Sensitiv Daunenkissen\",\"breadcrumb\":{\"@id\":\"https:\/\/obb.de\/zh-hans\/shop\/produkte\/schwarwald-sensitiv-daunenkissen\/#breadcrumb\"},\"inLanguage\":\"zh-Hans\",\"potentialAction\":[{\"@type\":\"ReadAction\",\"target\":[\"https:\/\/obb.de\/zh-hans\/shop\/produkte\/schwarwald-sensitiv-daunenkissen\/\"]}]},{\"@type\":\"ImageObject\",\"inLanguage\":\"zh-Hans\",\"@id\":\"https:\/\/obb.de\/zh-hans\/shop\/produkte\/schwarwald-sensitiv-daunenkissen\/#primaryimage\",\"url\":\"https:\/\/obb.de\/wp-content\/uploads\/2023\/02\/Schwarzwald-Sensitive-Kopfkissen-40x80cm-scaled.jpg\",\"contentUrl\":\"https:\/\/obb.de\/wp-content\/uploads\/2023\/02\/Schwarzwald-Sensitive-Kopfkissen-40x80cm-scaled.jpg\",\"width\":2560,\"height\":1903},{\"@type\":\"BreadcrumbList\",\"@id\":\"https:\/\/obb.de\/zh-hans\/shop\/produkte\/schwarwald-sensitiv-daunenkissen\/#breadcrumb\",\"itemListElement\":[{\"@type\":\"ListItem\",\"position\":1,\"name\":\"Startseite\",\"item\":\"https:\/\/obb.de\/zh-hans\/\"},{\"@type\":\"ListItem\",\"position\":2,\"name\":\"Shop\",\"item\":\"https:\/\/obb.de\/zh-hans\/shop\/\"},{\"@type\":\"ListItem\",\"position\":3,\"name\":\"Schwarzwald Sensitiv 3-Kammerkissen\"}]},{\"@type\":\"WebSite\",\"@id\":\"https:\/\/obb.de\/zh-hans\/oldsite\/#website\",\"url\":\"https:\/\/obb.de\/zh-hans\/oldsite\/\",\"name\":\"OBB Oberbadische Bettfedernfabrik GmbH\",\"description\":\"Traumhaft Seit 1900\",\"publisher\":{\"@id\":\"https:\/\/obb.de\/zh-hans\/oldsite\/#organization\"},\"potentialAction\":[{\"@type\":\"SearchAction\",\"target\":{\"@type\":\"EntryPoint\",\"urlTemplate\":\"https:\/\/obb.de\/zh-hans\/oldsite\/?s={search_term_string}\"},\"query-input\":{\"@type\":\"PropertyValueSpecification\",\"valueRequired\":true,\"valueName\":\"search_term_string\"}}],\"inLanguage\":\"zh-Hans\"},{\"@type\":\"Organization\",\"@id\":\"https:\/\/obb.de\/zh-hans\/oldsite\/#organization\",\"name\":\"OBB GmbH\",\"url\":\"https:\/\/obb.de\/zh-hans\/oldsite\/\",\"logo\":{\"@type\":\"ImageObject\",\"inLanguage\":\"zh-Hans\",\"@id\":\"https:\/\/obb.de\/zh-hans\/oldsite\/#\/schema\/logo\/image\/\",\"url\":\"https:\/\/obb.de\/wp-content\/uploads\/2019\/07\/OBB_Logo_4c_Deutsch_Signatur-2.jpg\",\"contentUrl\":\"https:\/\/obb.de\/wp-content\/uploads\/2019\/07\/OBB_Logo_4c_Deutsch_Signatur-2.jpg\",\"width\":707,\"height\":230,\"caption\":\"OBB GmbH\"},\"image\":{\"@id\":\"https:\/\/obb.de\/zh-hans\/oldsite\/#\/schema\/logo\/image\/\"}}]}<\/script>\n<!-- \/ Yoast SEO plugin. -->","yoast_head_json":{"title":"OBB Sensitive Daunenkissen","description":"Schwarzwald Sensitiv Daunenkissen","robots":{"index":"index","follow":"follow","max-snippet":"max-snippet:-1","max-image-preview":"max-image-preview:large","max-video-preview":"max-video-preview:-1"},"canonical":"https:\/\/obb.de\/zh-hans\/shop\/produkte\/schwarwald-sensitiv-daunenkissen\/","og_locale":"zh_CN","og_type":"article","og_title":"OBB Sensitive Daunenkissen","og_description":"Schwarzwald Sensitiv Daunenkissen","og_url":"https:\/\/obb.de\/zh-hans\/shop\/produkte\/schwarwald-sensitiv-daunenkissen\/","og_site_name":"OBB Oberbadische Bettfedernfabrik GmbH","article_modified_time":"2025-11-25T15:27:02+00:00","og_image":[{"width":2560,"height":1903,"url":"https:\/\/obb.de\/wp-content\/uploads\/2023\/02\/Schwarzwald-Sensitive-Kopfkissen-40x80cm-scaled.jpg","type":"image\/jpeg"}],"twitter_card":"summary_large_image","twitter_misc":{"\u9884\u8ba1\u9605\u8bfb\u65f6\u95f4":"2 \u5206"},"schema":{"@context":"https:\/\/schema.org","@graph":[{"@type":"WebPage","@id":"https:\/\/obb.de\/zh-hans\/shop\/produkte\/schwarwald-sensitiv-daunenkissen\/","url":"https:\/\/obb.de\/zh-hans\/shop\/produkte\/schwarwald-sensitiv-daunenkissen\/","name":"OBB Sensitive Daunenkissen","isPartOf":{"@id":"https:\/\/obb.de\/zh-hans\/oldsite\/#website"},"primaryImageOfPage":{"@id":"https:\/\/obb.de\/zh-hans\/shop\/produkte\/schwarwald-sensitiv-daunenkissen\/#primaryimage"},"image":{"@id":"https:\/\/obb.de\/zh-hans\/shop\/produkte\/schwarwald-sensitiv-daunenkissen\/#primaryimage"},"thumbnailUrl":"https:\/\/obb.de\/wp-content\/uploads\/2023\/02\/Schwarzwald-Sensitive-Kopfkissen-40x80cm-scaled.jpg","datePublished":"2023-02-28T16:18:57+00:00","dateModified":"2025-11-25T15:27:02+00:00","description":"Schwarzwald Sensitiv Daunenkissen","breadcrumb":{"@id":"https:\/\/obb.de\/zh-hans\/shop\/produkte\/schwarwald-sensitiv-daunenkissen\/#breadcrumb"},"inLanguage":"zh-Hans","potentialAction":[{"@type":"ReadAction","target":["https:\/\/obb.de\/zh-hans\/shop\/produkte\/schwarwald-sensitiv-daunenkissen\/"]}]},{"@type":"ImageObject","inLanguage":"zh-Hans","@id":"https:\/\/obb.de\/zh-hans\/shop\/produkte\/schwarwald-sensitiv-daunenkissen\/#primaryimage","url":"https:\/\/obb.de\/wp-content\/uploads\/2023\/02\/Schwarzwald-Sensitive-Kopfkissen-40x80cm-scaled.jpg","contentUrl":"https:\/\/obb.de\/wp-content\/uploads\/2023\/02\/Schwarzwald-Sensitive-Kopfkissen-40x80cm-scaled.jpg","width":2560,"height":1903},{"@type":"BreadcrumbList","@id":"https:\/\/obb.de\/zh-hans\/shop\/produkte\/schwarwald-sensitiv-daunenkissen\/#breadcrumb","itemListElement":[{"@type":"ListItem","position":1,"name":"Startseite","item":"https:\/\/obb.de\/zh-hans\/"},{"@type":"ListItem","position":2,"name":"Shop","item":"https:\/\/obb.de\/zh-hans\/shop\/"},{"@type":"ListItem","position":3,"name":"Schwarzwald Sensitiv 3-Kammerkissen"}]},{"@type":"WebSite","@id":"https:\/\/obb.de\/zh-hans\/oldsite\/#website","url":"https:\/\/obb.de\/zh-hans\/oldsite\/","name":"OBB Oberbadische Bettfedernfabrik GmbH","description":"Traumhaft Seit 1900","publisher":{"@id":"https:\/\/obb.de\/zh-hans\/oldsite\/#organization"},"potentialAction":[{"@type":"SearchAction","target":{"@type":"EntryPoint","urlTemplate":"https:\/\/obb.de\/zh-hans\/oldsite\/?s={search_term_string}"},"query-input":{"@type":"PropertyValueSpecification","valueRequired":true,"valueName":"search_term_string"}}],"inLanguage":"zh-Hans"},{"@type":"Organization","@id":"https:\/\/obb.de\/zh-hans\/oldsite\/#organization","name":"OBB GmbH","url":"https:\/\/obb.de\/zh-hans\/oldsite\/","logo":{"@type":"ImageObject","inLanguage":"zh-Hans","@id":"https:\/\/obb.de\/zh-hans\/oldsite\/#\/schema\/logo\/image\/","url":"https:\/\/obb.de\/wp-content\/uploads\/2019\/07\/OBB_Logo_4c_Deutsch_Signatur-2.jpg","contentUrl":"https:\/\/obb.de\/wp-content\/uploads\/2019\/07\/OBB_Logo_4c_Deutsch_Signatur-2.jpg","width":707,"height":230,"caption":"OBB GmbH"},"image":{"@id":"https:\/\/obb.de\/zh-hans\/oldsite\/#\/schema\/logo\/image\/"}}]}},"_links":{"self":[{"href":"https:\/\/obb.de\/zh-hans\/wp-json\/wp\/v2\/product\/12514","targetHints":{"allow":["GET"]}}],"collection":[{"href":"https:\/\/obb.de\/zh-hans\/wp-json\/wp\/v2\/product"}],"about":[{"href":"https:\/\/obb.de\/zh-hans\/wp-json\/wp\/v2\/types\/product"}],"replies":[{"embeddable":true,"href":"https:\/\/obb.de\/zh-hans\/wp-json\/wp\/v2\/comments?post=12514"}],"wp:featuredmedia":[{"embeddable":true,"href":"https:\/\/obb.de\/zh-hans\/wp-json\/wp\/v2\/media\/12599"}],"wp:attachment":[{"href":"https:\/\/obb.de\/zh-hans\/wp-json\/wp\/v2\/media?parent=12514"}],"wp:term":[{"taxonomy":"product_brand","embeddable":true,"href":"https:\/\/obb.de\/zh-hans\/wp-json\/wp\/v2\/product_brand?post=12514"},{"taxonomy":"product_cat","embeddable":true,"href":"https:\/\/obb.de\/zh-hans\/wp-json\/wp\/v2\/product_cat?post=12514"},{"taxonomy":"product_tag","embeddable":true,"href":"https:\/\/obb.de\/zh-hans\/wp-json\/wp\/v2\/product_tag?post=12514"}],"curies":[{"name":"wp","href":"https:\/\/api.w.org\/{rel}","templated":true}]}}