{"id":12468,"date":"2023-02-28T16:42:49","date_gmt":"2023-02-28T14:42:49","guid":{"rendered":"https:\/\/obb.de\/?post_type=product&#038;p=12468"},"modified":"2025-11-25T16:53:06","modified_gmt":"2025-11-25T14:53:06","slug":"schwarzwald-fiona-nackenstuetzkissen","status":"publish","type":"product","link":"https:\/\/obb.de\/zh-hans\/shop\/produkte\/schwarzwald-fiona-nackenstuetzkissen\/","title":{"rendered":"Schwarzwald \u201cFiona\u201d Nackenst\u00fctzkissen"},"content":{"rendered":"<p>Unsere Schwarzwald-Kollektion entstand aus der Verbundenheit zu unserer Heimat. Seit 1965 produzieren wir an unserem Standort in L\u00f6rrach am Rande des wundersch\u00f6nen Schwarzwalds. Das &#8220;Viola&#8221; Kissen ist ein besonderes Nackenst\u00fctzkissen, welches aus zwei Kammern besteht. Um den Hals optimal zu st\u00fctzen, befindet sich in der unteren Kammer des Kissens ein viskoelastischer Spezialschaum (100% Polyurethan). Die obere Kammer des Kissens wurde mit den daunenweichen Comforel\u00ae Cocoon Fasern (100% Polyester) gef\u00fcllt. Der feine Baumwollbezug (100% Baumwolle) sorgt zus\u00e4tzlich f\u00fcr ein angenehm weiches Liegegef\u00fchl. Erh\u00e4ltlich ist dieses Kissen in der Gr\u00f6\u00dfe 40x80cm.<\/p>\n","protected":false},"excerpt":{"rendered":"<p>Unsere Schwarzwald-K<\/p>\n","protected":false},"featured_media":12614,"comment_status":"closed","ping_status":"closed","template":"","meta":[],"product_brand":[],"product_cat":[457,795],"product_tag":[],"class_list":{"0":"post-12468","1":"product","2":"type-product","3":"status-publish","4":"has-post-thumbnail","6":"product_cat-faserkissen","7":"product_cat-40x80","9":"first","10":"instock","11":"taxable","12":"shipping-taxable","13":"purchasable","14":"product-type-variable","15":"has-default-attributes"},"yoast_head":"<!-- This site is optimized with the Yoast SEO plugin v27.2 - https:\/\/yoast.com\/product\/yoast-seo-wordpress\/ -->\n<title>Schwarzwald \u201cFiona\u201d Nackenst\u00fctzkissen<\/title>\n<meta name=\"description\" content=\"Sch\u00f6nes Faserkissen aus dem Schwarzwald aus der Produktlinie OBB Schwarzwald Red Label &quot;Fiona&quot;\" \/>\n<meta name=\"robots\" content=\"index, follow, max-snippet:-1, max-image-preview:large, max-video-preview:-1\" \/>\n<link rel=\"canonical\" href=\"https:\/\/obb.de\/zh-hans\/shop\/produkte\/schwarzwald-fiona-nackenstuetzkissen\/\" \/>\n<meta property=\"og:locale\" content=\"zh_CN\" \/>\n<meta property=\"og:type\" content=\"article\" \/>\n<meta property=\"og:title\" content=\"Schwarzwald \u201cFiona\u201d Nackenst\u00fctzkissen\" \/>\n<meta property=\"og:description\" content=\"Sch\u00f6nes Faserkissen aus dem Schwarzwald aus der Produktlinie OBB Schwarzwald Red Label &quot;Fiona&quot;\" \/>\n<meta property=\"og:url\" content=\"https:\/\/obb.de\/zh-hans\/shop\/produkte\/schwarzwald-fiona-nackenstuetzkissen\/\" \/>\n<meta property=\"og:site_name\" content=\"OBB Oberbadische Bettfedernfabrik GmbH\" \/>\n<meta property=\"article:modified_time\" content=\"2025-11-25T14:53:06+00:00\" \/>\n<meta property=\"og:image\" content=\"https:\/\/obb.de\/wp-content\/uploads\/2023\/02\/Fiona-Kopfkissen-1-scaled.jpg\" \/>\n\t<meta property=\"og:image:width\" content=\"2560\" \/>\n\t<meta property=\"og:image:height\" content=\"1741\" \/>\n\t<meta property=\"og:image:type\" content=\"image\/jpeg\" \/>\n<meta name=\"twitter:card\" content=\"summary_large_image\" \/>\n<meta name=\"twitter:label1\" content=\"\u9884\u8ba1\u9605\u8bfb\u65f6\u95f4\" \/>\n\t<meta name=\"twitter:data1\" content=\"1 \u5206\" \/>\n<script type=\"application\/ld+json\" class=\"yoast-schema-graph\">{\"@context\":\"https:\/\/schema.org\",\"@graph\":[{\"@type\":\"WebPage\",\"@id\":\"https:\/\/obb.de\/zh-hans\/shop\/produkte\/schwarzwald-fiona-nackenstuetzkissen\/\",\"url\":\"https:\/\/obb.de\/zh-hans\/shop\/produkte\/schwarzwald-fiona-nackenstuetzkissen\/\",\"name\":\"Schwarzwald \u201cFiona\u201d Nackenst\u00fctzkissen\",\"isPartOf\":{\"@id\":\"https:\/\/obb.de\/zh-hans\/oldsite\/#website\"},\"primaryImageOfPage\":{\"@id\":\"https:\/\/obb.de\/zh-hans\/shop\/produkte\/schwarzwald-fiona-nackenstuetzkissen\/#primaryimage\"},\"image\":{\"@id\":\"https:\/\/obb.de\/zh-hans\/shop\/produkte\/schwarzwald-fiona-nackenstuetzkissen\/#primaryimage\"},\"thumbnailUrl\":\"https:\/\/obb.de\/wp-content\/uploads\/2023\/02\/Fiona-Kopfkissen-1-scaled.jpg\",\"datePublished\":\"2023-02-28T14:42:49+00:00\",\"dateModified\":\"2025-11-25T14:53:06+00:00\",\"description\":\"Sch\u00f6nes Faserkissen aus dem Schwarzwald aus der Produktlinie OBB Schwarzwald Red Label \\\"Fiona\\\"\",\"breadcrumb\":{\"@id\":\"https:\/\/obb.de\/zh-hans\/shop\/produkte\/schwarzwald-fiona-nackenstuetzkissen\/#breadcrumb\"},\"inLanguage\":\"zh-Hans\",\"potentialAction\":[{\"@type\":\"ReadAction\",\"target\":[\"https:\/\/obb.de\/zh-hans\/shop\/produkte\/schwarzwald-fiona-nackenstuetzkissen\/\"]}]},{\"@type\":\"ImageObject\",\"inLanguage\":\"zh-Hans\",\"@id\":\"https:\/\/obb.de\/zh-hans\/shop\/produkte\/schwarzwald-fiona-nackenstuetzkissen\/#primaryimage\",\"url\":\"https:\/\/obb.de\/wp-content\/uploads\/2023\/02\/Fiona-Kopfkissen-1-scaled.jpg\",\"contentUrl\":\"https:\/\/obb.de\/wp-content\/uploads\/2023\/02\/Fiona-Kopfkissen-1-scaled.jpg\",\"width\":2560,\"height\":1741},{\"@type\":\"BreadcrumbList\",\"@id\":\"https:\/\/obb.de\/zh-hans\/shop\/produkte\/schwarzwald-fiona-nackenstuetzkissen\/#breadcrumb\",\"itemListElement\":[{\"@type\":\"ListItem\",\"position\":1,\"name\":\"Startseite\",\"item\":\"https:\/\/obb.de\/zh-hans\/\"},{\"@type\":\"ListItem\",\"position\":2,\"name\":\"Shop\",\"item\":\"https:\/\/obb.de\/zh-hans\/shop\/\"},{\"@type\":\"ListItem\",\"position\":3,\"name\":\"Schwarzwald \u201cFiona\u201d Nackenst\u00fctzkissen\"}]},{\"@type\":\"WebSite\",\"@id\":\"https:\/\/obb.de\/zh-hans\/oldsite\/#website\",\"url\":\"https:\/\/obb.de\/zh-hans\/oldsite\/\",\"name\":\"OBB Oberbadische Bettfedernfabrik GmbH\",\"description\":\"Traumhaft Seit 1900\",\"publisher\":{\"@id\":\"https:\/\/obb.de\/zh-hans\/oldsite\/#organization\"},\"potentialAction\":[{\"@type\":\"SearchAction\",\"target\":{\"@type\":\"EntryPoint\",\"urlTemplate\":\"https:\/\/obb.de\/zh-hans\/oldsite\/?s={search_term_string}\"},\"query-input\":{\"@type\":\"PropertyValueSpecification\",\"valueRequired\":true,\"valueName\":\"search_term_string\"}}],\"inLanguage\":\"zh-Hans\"},{\"@type\":\"Organization\",\"@id\":\"https:\/\/obb.de\/zh-hans\/oldsite\/#organization\",\"name\":\"OBB GmbH\",\"url\":\"https:\/\/obb.de\/zh-hans\/oldsite\/\",\"logo\":{\"@type\":\"ImageObject\",\"inLanguage\":\"zh-Hans\",\"@id\":\"https:\/\/obb.de\/zh-hans\/oldsite\/#\/schema\/logo\/image\/\",\"url\":\"https:\/\/obb.de\/wp-content\/uploads\/2019\/07\/OBB_Logo_4c_Deutsch_Signatur-2.jpg\",\"contentUrl\":\"https:\/\/obb.de\/wp-content\/uploads\/2019\/07\/OBB_Logo_4c_Deutsch_Signatur-2.jpg\",\"width\":707,\"height\":230,\"caption\":\"OBB GmbH\"},\"image\":{\"@id\":\"https:\/\/obb.de\/zh-hans\/oldsite\/#\/schema\/logo\/image\/\"}}]}<\/script>\n<!-- \/ Yoast SEO plugin. -->","yoast_head_json":{"title":"Schwarzwald \u201cFiona\u201d Nackenst\u00fctzkissen","description":"Sch\u00f6nes Faserkissen aus dem Schwarzwald aus der Produktlinie OBB Schwarzwald Red Label \"Fiona\"","robots":{"index":"index","follow":"follow","max-snippet":"max-snippet:-1","max-image-preview":"max-image-preview:large","max-video-preview":"max-video-preview:-1"},"canonical":"https:\/\/obb.de\/zh-hans\/shop\/produkte\/schwarzwald-fiona-nackenstuetzkissen\/","og_locale":"zh_CN","og_type":"article","og_title":"Schwarzwald \u201cFiona\u201d Nackenst\u00fctzkissen","og_description":"Sch\u00f6nes Faserkissen aus dem Schwarzwald aus der Produktlinie OBB Schwarzwald Red Label \"Fiona\"","og_url":"https:\/\/obb.de\/zh-hans\/shop\/produkte\/schwarzwald-fiona-nackenstuetzkissen\/","og_site_name":"OBB Oberbadische Bettfedernfabrik GmbH","article_modified_time":"2025-11-25T14:53:06+00:00","og_image":[{"width":2560,"height":1741,"url":"https:\/\/obb.de\/wp-content\/uploads\/2023\/02\/Fiona-Kopfkissen-1-scaled.jpg","type":"image\/jpeg"}],"twitter_card":"summary_large_image","twitter_misc":{"\u9884\u8ba1\u9605\u8bfb\u65f6\u95f4":"1 \u5206"},"schema":{"@context":"https:\/\/schema.org","@graph":[{"@type":"WebPage","@id":"https:\/\/obb.de\/zh-hans\/shop\/produkte\/schwarzwald-fiona-nackenstuetzkissen\/","url":"https:\/\/obb.de\/zh-hans\/shop\/produkte\/schwarzwald-fiona-nackenstuetzkissen\/","name":"Schwarzwald \u201cFiona\u201d Nackenst\u00fctzkissen","isPartOf":{"@id":"https:\/\/obb.de\/zh-hans\/oldsite\/#website"},"primaryImageOfPage":{"@id":"https:\/\/obb.de\/zh-hans\/shop\/produkte\/schwarzwald-fiona-nackenstuetzkissen\/#primaryimage"},"image":{"@id":"https:\/\/obb.de\/zh-hans\/shop\/produkte\/schwarzwald-fiona-nackenstuetzkissen\/#primaryimage"},"thumbnailUrl":"https:\/\/obb.de\/wp-content\/uploads\/2023\/02\/Fiona-Kopfkissen-1-scaled.jpg","datePublished":"2023-02-28T14:42:49+00:00","dateModified":"2025-11-25T14:53:06+00:00","description":"Sch\u00f6nes Faserkissen aus dem Schwarzwald aus der Produktlinie OBB Schwarzwald Red Label \"Fiona\"","breadcrumb":{"@id":"https:\/\/obb.de\/zh-hans\/shop\/produkte\/schwarzwald-fiona-nackenstuetzkissen\/#breadcrumb"},"inLanguage":"zh-Hans","potentialAction":[{"@type":"ReadAction","target":["https:\/\/obb.de\/zh-hans\/shop\/produkte\/schwarzwald-fiona-nackenstuetzkissen\/"]}]},{"@type":"ImageObject","inLanguage":"zh-Hans","@id":"https:\/\/obb.de\/zh-hans\/shop\/produkte\/schwarzwald-fiona-nackenstuetzkissen\/#primaryimage","url":"https:\/\/obb.de\/wp-content\/uploads\/2023\/02\/Fiona-Kopfkissen-1-scaled.jpg","contentUrl":"https:\/\/obb.de\/wp-content\/uploads\/2023\/02\/Fiona-Kopfkissen-1-scaled.jpg","width":2560,"height":1741},{"@type":"BreadcrumbList","@id":"https:\/\/obb.de\/zh-hans\/shop\/produkte\/schwarzwald-fiona-nackenstuetzkissen\/#breadcrumb","itemListElement":[{"@type":"ListItem","position":1,"name":"Startseite","item":"https:\/\/obb.de\/zh-hans\/"},{"@type":"ListItem","position":2,"name":"Shop","item":"https:\/\/obb.de\/zh-hans\/shop\/"},{"@type":"ListItem","position":3,"name":"Schwarzwald \u201cFiona\u201d Nackenst\u00fctzkissen"}]},{"@type":"WebSite","@id":"https:\/\/obb.de\/zh-hans\/oldsite\/#website","url":"https:\/\/obb.de\/zh-hans\/oldsite\/","name":"OBB Oberbadische Bettfedernfabrik GmbH","description":"Traumhaft Seit 1900","publisher":{"@id":"https:\/\/obb.de\/zh-hans\/oldsite\/#organization"},"potentialAction":[{"@type":"SearchAction","target":{"@type":"EntryPoint","urlTemplate":"https:\/\/obb.de\/zh-hans\/oldsite\/?s={search_term_string}"},"query-input":{"@type":"PropertyValueSpecification","valueRequired":true,"valueName":"search_term_string"}}],"inLanguage":"zh-Hans"},{"@type":"Organization","@id":"https:\/\/obb.de\/zh-hans\/oldsite\/#organization","name":"OBB GmbH","url":"https:\/\/obb.de\/zh-hans\/oldsite\/","logo":{"@type":"ImageObject","inLanguage":"zh-Hans","@id":"https:\/\/obb.de\/zh-hans\/oldsite\/#\/schema\/logo\/image\/","url":"https:\/\/obb.de\/wp-content\/uploads\/2019\/07\/OBB_Logo_4c_Deutsch_Signatur-2.jpg","contentUrl":"https:\/\/obb.de\/wp-content\/uploads\/2019\/07\/OBB_Logo_4c_Deutsch_Signatur-2.jpg","width":707,"height":230,"caption":"OBB GmbH"},"image":{"@id":"https:\/\/obb.de\/zh-hans\/oldsite\/#\/schema\/logo\/image\/"}}]}},"_links":{"self":[{"href":"https:\/\/obb.de\/zh-hans\/wp-json\/wp\/v2\/product\/12468","targetHints":{"allow":["GET"]}}],"collection":[{"href":"https:\/\/obb.de\/zh-hans\/wp-json\/wp\/v2\/product"}],"about":[{"href":"https:\/\/obb.de\/zh-hans\/wp-json\/wp\/v2\/types\/product"}],"replies":[{"embeddable":true,"href":"https:\/\/obb.de\/zh-hans\/wp-json\/wp\/v2\/comments?post=12468"}],"wp:featuredmedia":[{"embeddable":true,"href":"https:\/\/obb.de\/zh-hans\/wp-json\/wp\/v2\/media\/12614"}],"wp:attachment":[{"href":"https:\/\/obb.de\/zh-hans\/wp-json\/wp\/v2\/media?parent=12468"}],"wp:term":[{"taxonomy":"product_brand","embeddable":true,"href":"https:\/\/obb.de\/zh-hans\/wp-json\/wp\/v2\/product_brand?post=12468"},{"taxonomy":"product_cat","embeddable":true,"href":"https:\/\/obb.de\/zh-hans\/wp-json\/wp\/v2\/product_cat?post=12468"},{"taxonomy":"product_tag","embeddable":true,"href":"https:\/\/obb.de\/zh-hans\/wp-json\/wp\/v2\/product_tag?post=12468"}],"curies":[{"name":"wp","href":"https:\/\/api.w.org\/{rel}","templated":true}]}}