{"id":11986,"date":"2022-11-11T15:21:20","date_gmt":"2022-11-11T13:21:20","guid":{"rendered":"https:\/\/obb.de\/?post_type=product&#038;p=11986"},"modified":"2025-11-25T17:23:15","modified_gmt":"2025-11-25T15:23:15","slug":"obb-energiespar-deal-3-kammer-daunenkissen","status":"publish","type":"product","link":"https:\/\/obb.de\/zh-hans\/shop\/produkte\/obb-energiespar-deal-3-kammer-daunenkissen\/","title":{"rendered":"OBB Energiespar-Deal 3-Kammer Daunenkissen"},"content":{"rendered":"<p>Mit diesem sch\u00f6nen 3-Kammerkissen in Kombination mit der passenden Daunendecke steht Ihrem kuscheligen Schlaf auch im k\u00e4ltesten Winter nichts mehr im Weg. Die Kissen sind im Kern mit europ\u00e4ischen Federn (100% Federn) und in den Au\u00dfenkammern mit europ\u00e4ischen Daunen (80% Daunen) der Klasse 1 gef\u00fcllt. Der Bezug ist aus 100% Baumwolle und unterst\u00fctzt die feuchtigkeitsausgleichenden und atmungsaktiven Eigenschaften der nat\u00fcrlichen F\u00fcllung. Durch den Nomite zertifizierten Bezug sind diese Daunenkissen besonders gut f\u00fcr Hausstauballergiker geeignet. Zudem ist dieser mit einer soft-touch-feeling Ausr\u00fcstung besonders anschmiegsam. Erh\u00e4ltlich sind diese Daunenkissen in 2 Gr\u00f6\u00dfen.<\/p>\n","protected":false},"excerpt":{"rendered":"<p>Mit diesem sch\u00f6nen 3<\/p>\n","protected":false},"featured_media":17201,"comment_status":"closed","ping_status":"closed","template":"","meta":[],"product_brand":[],"product_cat":[720,795,396,797],"product_tag":[],"class_list":{"0":"post-11986","1":"product","2":"type-product","3":"status-publish","4":"has-post-thumbnail","6":"product_cat-sale","7":"product_cat-40x80","8":"product_cat-daunenkissen","9":"product_cat-80x80","11":"first","12":"instock","13":"sale","14":"taxable","15":"shipping-taxable","16":"purchasable","17":"product-type-variable","18":"has-default-attributes"},"yoast_head":"<!-- This site is optimized with the Yoast SEO plugin v27.2 - https:\/\/yoast.com\/product\/yoast-seo-wordpress\/ -->\n<title>OBB Energiespar Deal 3-Kammer Daunenkissen<\/title>\n<meta name=\"description\" content=\"OBB Energiespar Deal 3-Kammer Daunenkissen\" \/>\n<meta name=\"robots\" content=\"index, follow, max-snippet:-1, max-image-preview:large, max-video-preview:-1\" \/>\n<link rel=\"canonical\" href=\"https:\/\/obb.de\/zh-hans\/shop\/produkte\/obb-energiespar-deal-3-kammer-daunenkissen\/\" \/>\n<meta property=\"og:locale\" content=\"zh_CN\" \/>\n<meta property=\"og:type\" content=\"article\" \/>\n<meta property=\"og:title\" content=\"OBB Energiespar Deal 3-Kammer Daunenkissen\" \/>\n<meta property=\"og:description\" content=\"OBB Energiespar Deal 3-Kammer Daunenkissen\" \/>\n<meta property=\"og:url\" content=\"https:\/\/obb.de\/zh-hans\/shop\/produkte\/obb-energiespar-deal-3-kammer-daunenkissen\/\" \/>\n<meta property=\"og:site_name\" content=\"OBB Oberbadische Bettfedernfabrik GmbH\" \/>\n<meta property=\"article:modified_time\" content=\"2025-11-25T15:23:15+00:00\" \/>\n<meta property=\"og:image\" content=\"https:\/\/obb.de\/wp-content\/uploads\/2022\/11\/Design-ohne-Titel-1024x631.png\" \/>\n\t<meta property=\"og:image:width\" content=\"1024\" \/>\n\t<meta property=\"og:image:height\" content=\"631\" \/>\n\t<meta property=\"og:image:type\" content=\"image\/png\" \/>\n<meta name=\"twitter:card\" content=\"summary_large_image\" \/>\n<meta name=\"twitter:label1\" content=\"\u9884\u8ba1\u9605\u8bfb\u65f6\u95f4\" \/>\n\t<meta name=\"twitter:data1\" content=\"1 \u5206\" \/>\n<script type=\"application\/ld+json\" class=\"yoast-schema-graph\">{\"@context\":\"https:\/\/schema.org\",\"@graph\":[{\"@type\":\"WebPage\",\"@id\":\"https:\/\/obb.de\/zh-hans\/shop\/produkte\/obb-energiespar-deal-3-kammer-daunenkissen\/\",\"url\":\"https:\/\/obb.de\/zh-hans\/shop\/produkte\/obb-energiespar-deal-3-kammer-daunenkissen\/\",\"name\":\"OBB Energiespar Deal 3-Kammer Daunenkissen\",\"isPartOf\":{\"@id\":\"https:\/\/obb.de\/zh-hans\/oldsite\/#website\"},\"primaryImageOfPage\":{\"@id\":\"https:\/\/obb.de\/zh-hans\/shop\/produkte\/obb-energiespar-deal-3-kammer-daunenkissen\/#primaryimage\"},\"image\":{\"@id\":\"https:\/\/obb.de\/zh-hans\/shop\/produkte\/obb-energiespar-deal-3-kammer-daunenkissen\/#primaryimage\"},\"thumbnailUrl\":\"https:\/\/obb.de\/wp-content\/uploads\/2022\/11\/Design-ohne-Titel.png\",\"datePublished\":\"2022-11-11T13:21:20+00:00\",\"dateModified\":\"2025-11-25T15:23:15+00:00\",\"description\":\"OBB Energiespar Deal 3-Kammer Daunenkissen\",\"breadcrumb\":{\"@id\":\"https:\/\/obb.de\/zh-hans\/shop\/produkte\/obb-energiespar-deal-3-kammer-daunenkissen\/#breadcrumb\"},\"inLanguage\":\"zh-Hans\",\"potentialAction\":[{\"@type\":\"ReadAction\",\"target\":[\"https:\/\/obb.de\/zh-hans\/shop\/produkte\/obb-energiespar-deal-3-kammer-daunenkissen\/\"]}]},{\"@type\":\"ImageObject\",\"inLanguage\":\"zh-Hans\",\"@id\":\"https:\/\/obb.de\/zh-hans\/shop\/produkte\/obb-energiespar-deal-3-kammer-daunenkissen\/#primaryimage\",\"url\":\"https:\/\/obb.de\/wp-content\/uploads\/2022\/11\/Design-ohne-Titel.png\",\"contentUrl\":\"https:\/\/obb.de\/wp-content\/uploads\/2022\/11\/Design-ohne-Titel.png\",\"width\":2560,\"height\":1578},{\"@type\":\"BreadcrumbList\",\"@id\":\"https:\/\/obb.de\/zh-hans\/shop\/produkte\/obb-energiespar-deal-3-kammer-daunenkissen\/#breadcrumb\",\"itemListElement\":[{\"@type\":\"ListItem\",\"position\":1,\"name\":\"Startseite\",\"item\":\"https:\/\/obb.de\/zh-hans\/\"},{\"@type\":\"ListItem\",\"position\":2,\"name\":\"Shop\",\"item\":\"https:\/\/obb.de\/zh-hans\/shop\/\"},{\"@type\":\"ListItem\",\"position\":3,\"name\":\"OBB Energiespar-Deal 3-Kammer Daunenkissen\"}]},{\"@type\":\"WebSite\",\"@id\":\"https:\/\/obb.de\/zh-hans\/oldsite\/#website\",\"url\":\"https:\/\/obb.de\/zh-hans\/oldsite\/\",\"name\":\"OBB Oberbadische Bettfedernfabrik GmbH\",\"description\":\"Traumhaft Seit 1900\",\"publisher\":{\"@id\":\"https:\/\/obb.de\/zh-hans\/oldsite\/#organization\"},\"potentialAction\":[{\"@type\":\"SearchAction\",\"target\":{\"@type\":\"EntryPoint\",\"urlTemplate\":\"https:\/\/obb.de\/zh-hans\/oldsite\/?s={search_term_string}\"},\"query-input\":{\"@type\":\"PropertyValueSpecification\",\"valueRequired\":true,\"valueName\":\"search_term_string\"}}],\"inLanguage\":\"zh-Hans\"},{\"@type\":\"Organization\",\"@id\":\"https:\/\/obb.de\/zh-hans\/oldsite\/#organization\",\"name\":\"OBB GmbH\",\"url\":\"https:\/\/obb.de\/zh-hans\/oldsite\/\",\"logo\":{\"@type\":\"ImageObject\",\"inLanguage\":\"zh-Hans\",\"@id\":\"https:\/\/obb.de\/zh-hans\/oldsite\/#\/schema\/logo\/image\/\",\"url\":\"https:\/\/obb.de\/wp-content\/uploads\/2019\/07\/OBB_Logo_4c_Deutsch_Signatur-2.jpg\",\"contentUrl\":\"https:\/\/obb.de\/wp-content\/uploads\/2019\/07\/OBB_Logo_4c_Deutsch_Signatur-2.jpg\",\"width\":707,\"height\":230,\"caption\":\"OBB GmbH\"},\"image\":{\"@id\":\"https:\/\/obb.de\/zh-hans\/oldsite\/#\/schema\/logo\/image\/\"}}]}<\/script>\n<!-- \/ Yoast SEO plugin. -->","yoast_head_json":{"title":"OBB Energiespar Deal 3-Kammer Daunenkissen","description":"OBB Energiespar Deal 3-Kammer Daunenkissen","robots":{"index":"index","follow":"follow","max-snippet":"max-snippet:-1","max-image-preview":"max-image-preview:large","max-video-preview":"max-video-preview:-1"},"canonical":"https:\/\/obb.de\/zh-hans\/shop\/produkte\/obb-energiespar-deal-3-kammer-daunenkissen\/","og_locale":"zh_CN","og_type":"article","og_title":"OBB Energiespar Deal 3-Kammer Daunenkissen","og_description":"OBB Energiespar Deal 3-Kammer Daunenkissen","og_url":"https:\/\/obb.de\/zh-hans\/shop\/produkte\/obb-energiespar-deal-3-kammer-daunenkissen\/","og_site_name":"OBB Oberbadische Bettfedernfabrik GmbH","article_modified_time":"2025-11-25T15:23:15+00:00","og_image":[{"width":1024,"height":631,"url":"https:\/\/obb.de\/wp-content\/uploads\/2022\/11\/Design-ohne-Titel-1024x631.png","type":"image\/png"}],"twitter_card":"summary_large_image","twitter_misc":{"\u9884\u8ba1\u9605\u8bfb\u65f6\u95f4":"1 \u5206"},"schema":{"@context":"https:\/\/schema.org","@graph":[{"@type":"WebPage","@id":"https:\/\/obb.de\/zh-hans\/shop\/produkte\/obb-energiespar-deal-3-kammer-daunenkissen\/","url":"https:\/\/obb.de\/zh-hans\/shop\/produkte\/obb-energiespar-deal-3-kammer-daunenkissen\/","name":"OBB Energiespar Deal 3-Kammer Daunenkissen","isPartOf":{"@id":"https:\/\/obb.de\/zh-hans\/oldsite\/#website"},"primaryImageOfPage":{"@id":"https:\/\/obb.de\/zh-hans\/shop\/produkte\/obb-energiespar-deal-3-kammer-daunenkissen\/#primaryimage"},"image":{"@id":"https:\/\/obb.de\/zh-hans\/shop\/produkte\/obb-energiespar-deal-3-kammer-daunenkissen\/#primaryimage"},"thumbnailUrl":"https:\/\/obb.de\/wp-content\/uploads\/2022\/11\/Design-ohne-Titel.png","datePublished":"2022-11-11T13:21:20+00:00","dateModified":"2025-11-25T15:23:15+00:00","description":"OBB Energiespar Deal 3-Kammer Daunenkissen","breadcrumb":{"@id":"https:\/\/obb.de\/zh-hans\/shop\/produkte\/obb-energiespar-deal-3-kammer-daunenkissen\/#breadcrumb"},"inLanguage":"zh-Hans","potentialAction":[{"@type":"ReadAction","target":["https:\/\/obb.de\/zh-hans\/shop\/produkte\/obb-energiespar-deal-3-kammer-daunenkissen\/"]}]},{"@type":"ImageObject","inLanguage":"zh-Hans","@id":"https:\/\/obb.de\/zh-hans\/shop\/produkte\/obb-energiespar-deal-3-kammer-daunenkissen\/#primaryimage","url":"https:\/\/obb.de\/wp-content\/uploads\/2022\/11\/Design-ohne-Titel.png","contentUrl":"https:\/\/obb.de\/wp-content\/uploads\/2022\/11\/Design-ohne-Titel.png","width":2560,"height":1578},{"@type":"BreadcrumbList","@id":"https:\/\/obb.de\/zh-hans\/shop\/produkte\/obb-energiespar-deal-3-kammer-daunenkissen\/#breadcrumb","itemListElement":[{"@type":"ListItem","position":1,"name":"Startseite","item":"https:\/\/obb.de\/zh-hans\/"},{"@type":"ListItem","position":2,"name":"Shop","item":"https:\/\/obb.de\/zh-hans\/shop\/"},{"@type":"ListItem","position":3,"name":"OBB Energiespar-Deal 3-Kammer Daunenkissen"}]},{"@type":"WebSite","@id":"https:\/\/obb.de\/zh-hans\/oldsite\/#website","url":"https:\/\/obb.de\/zh-hans\/oldsite\/","name":"OBB Oberbadische Bettfedernfabrik GmbH","description":"Traumhaft Seit 1900","publisher":{"@id":"https:\/\/obb.de\/zh-hans\/oldsite\/#organization"},"potentialAction":[{"@type":"SearchAction","target":{"@type":"EntryPoint","urlTemplate":"https:\/\/obb.de\/zh-hans\/oldsite\/?s={search_term_string}"},"query-input":{"@type":"PropertyValueSpecification","valueRequired":true,"valueName":"search_term_string"}}],"inLanguage":"zh-Hans"},{"@type":"Organization","@id":"https:\/\/obb.de\/zh-hans\/oldsite\/#organization","name":"OBB GmbH","url":"https:\/\/obb.de\/zh-hans\/oldsite\/","logo":{"@type":"ImageObject","inLanguage":"zh-Hans","@id":"https:\/\/obb.de\/zh-hans\/oldsite\/#\/schema\/logo\/image\/","url":"https:\/\/obb.de\/wp-content\/uploads\/2019\/07\/OBB_Logo_4c_Deutsch_Signatur-2.jpg","contentUrl":"https:\/\/obb.de\/wp-content\/uploads\/2019\/07\/OBB_Logo_4c_Deutsch_Signatur-2.jpg","width":707,"height":230,"caption":"OBB GmbH"},"image":{"@id":"https:\/\/obb.de\/zh-hans\/oldsite\/#\/schema\/logo\/image\/"}}]}},"_links":{"self":[{"href":"https:\/\/obb.de\/zh-hans\/wp-json\/wp\/v2\/product\/11986","targetHints":{"allow":["GET"]}}],"collection":[{"href":"https:\/\/obb.de\/zh-hans\/wp-json\/wp\/v2\/product"}],"about":[{"href":"https:\/\/obb.de\/zh-hans\/wp-json\/wp\/v2\/types\/product"}],"replies":[{"embeddable":true,"href":"https:\/\/obb.de\/zh-hans\/wp-json\/wp\/v2\/comments?post=11986"}],"wp:featuredmedia":[{"embeddable":true,"href":"https:\/\/obb.de\/zh-hans\/wp-json\/wp\/v2\/media\/17201"}],"wp:attachment":[{"href":"https:\/\/obb.de\/zh-hans\/wp-json\/wp\/v2\/media?parent=11986"}],"wp:term":[{"taxonomy":"product_brand","embeddable":true,"href":"https:\/\/obb.de\/zh-hans\/wp-json\/wp\/v2\/product_brand?post=11986"},{"taxonomy":"product_cat","embeddable":true,"href":"https:\/\/obb.de\/zh-hans\/wp-json\/wp\/v2\/product_cat?post=11986"},{"taxonomy":"product_tag","embeddable":true,"href":"https:\/\/obb.de\/zh-hans\/wp-json\/wp\/v2\/product_tag?post=11986"}],"curies":[{"name":"wp","href":"https:\/\/api.w.org\/{rel}","templated":true}]}}