{"id":11984,"date":"2022-11-11T15:21:18","date_gmt":"2022-11-11T13:21:18","guid":{"rendered":"https:\/\/obb.de\/?post_type=product&#038;p=11984"},"modified":"2025-12-01T12:42:10","modified_gmt":"2025-12-01T10:42:10","slug":"obb-energiespar-deal-kassettendecken","status":"publish","type":"product","link":"https:\/\/obb.de\/zh-hans\/shop\/produkte\/obb-energiespar-deal-kassettendecken\/","title":{"rendered":"OBB Energiespar-Deal Kassettendecken"},"content":{"rendered":"<p>Es ist nirgends einfacher Heizkosten zu sparen als im Schlafzimmer\u2026sofern man die richtige Bettausstattung hat! Denn wer sich unter einer sch\u00f6nen warmen Winterdecke bettet, kann deutlich Heizkosten sparen.<\/p>\n<p>Diese sch\u00f6nen Daunendecken sind gef\u00fcllt mit europ\u00e4ischen neuen Daunen und Federn (80% Daunen) der Klasse 1. Der Bezug ist aus 100% Baumwolle und unterst\u00fctzt die feuchtigkeitsausgleichenden und atmungsaktiven Eigenschaften der nat\u00fcrlichen F\u00fcllung. Durch den Nomite zertifizierten Bezug sind diese Daunendecken besonders gut f\u00fcr Hausstauballergiker geeignet. Zudem ist dieser mit einer soft-touch-feeling Ausr\u00fcstung besonders anschmiegsam. Erh\u00e4ltlich sind diese Daunendecken in 3 W\u00e4rmegraden und je 5 Gr\u00f6\u00dfen.<\/p>\n<p>Das Foto ist ein Beispielbild f\u00fcr die Karoeinteilung. Die Biesenfarbe f\u00fcr dieses Angebot kann variieren.<\/p>\n","protected":false},"excerpt":{"rendered":"<p>Es ist nirgends einf<\/p>\n","protected":false},"featured_media":17197,"comment_status":"closed","ping_status":"closed","template":"","meta":[],"product_brand":[],"product_cat":[720,798,601,799,390,602,800,603],"product_tag":[],"class_list":{"0":"post-11984","1":"product","2":"type-product","3":"status-publish","4":"has-post-thumbnail","6":"product_cat-sale","7":"product_cat-135x200","8":"product_cat-sommerdecken","9":"product_cat-155x220","10":"product_cat-daunendecken","11":"product_cat-ganzjahresdecken","12":"product_cat-200x200","13":"product_cat-winterdecken","15":"first","16":"instock","17":"sale","18":"taxable","19":"shipping-taxable","20":"purchasable","21":"product-type-variable","22":"has-default-attributes"},"yoast_head":"<!-- This site is optimized with the Yoast SEO plugin v27.2 - https:\/\/yoast.com\/product\/yoast-seo-wordpress\/ -->\n<title>OBB Energiespar-Deal Daunendecke<\/title>\n<meta name=\"description\" content=\"OBB Energiespar Deal Daunendecke\" \/>\n<meta name=\"robots\" content=\"index, follow, max-snippet:-1, max-image-preview:large, max-video-preview:-1\" \/>\n<link rel=\"canonical\" href=\"https:\/\/obb.de\/zh-hans\/shop\/produkte\/obb-energiespar-deal-kassettendecken\/\" \/>\n<meta property=\"og:locale\" content=\"zh_CN\" \/>\n<meta property=\"og:type\" content=\"article\" \/>\n<meta property=\"og:title\" content=\"OBB Energiespar-Deal Daunendecke\" \/>\n<meta property=\"og:description\" content=\"OBB Energiespar Deal Daunendecke\" \/>\n<meta property=\"og:url\" content=\"https:\/\/obb.de\/zh-hans\/shop\/produkte\/obb-energiespar-deal-kassettendecken\/\" \/>\n<meta property=\"og:site_name\" content=\"OBB Oberbadische Bettfedernfabrik GmbH\" \/>\n<meta property=\"article:modified_time\" content=\"2025-12-01T10:42:10+00:00\" \/>\n<meta property=\"og:image\" content=\"https:\/\/obb.de\/wp-content\/uploads\/2025\/09\/Design-ohne-Titel-1024x631.png\" \/>\n\t<meta property=\"og:image:width\" content=\"1024\" \/>\n\t<meta property=\"og:image:height\" content=\"631\" \/>\n\t<meta property=\"og:image:type\" content=\"image\/png\" \/>\n<meta name=\"twitter:card\" content=\"summary_large_image\" \/>\n<meta name=\"twitter:label1\" content=\"\u9884\u8ba1\u9605\u8bfb\u65f6\u95f4\" \/>\n\t<meta name=\"twitter:data1\" content=\"1 \u5206\" \/>\n<script type=\"application\/ld+json\" class=\"yoast-schema-graph\">{\"@context\":\"https:\/\/schema.org\",\"@graph\":[{\"@type\":\"WebPage\",\"@id\":\"https:\/\/obb.de\/zh-hans\/shop\/produkte\/obb-energiespar-deal-kassettendecken\/\",\"url\":\"https:\/\/obb.de\/zh-hans\/shop\/produkte\/obb-energiespar-deal-kassettendecken\/\",\"name\":\"OBB Energiespar-Deal Daunendecke\",\"isPartOf\":{\"@id\":\"https:\/\/obb.de\/zh-hans\/oldsite\/#website\"},\"primaryImageOfPage\":{\"@id\":\"https:\/\/obb.de\/zh-hans\/shop\/produkte\/obb-energiespar-deal-kassettendecken\/#primaryimage\"},\"image\":{\"@id\":\"https:\/\/obb.de\/zh-hans\/shop\/produkte\/obb-energiespar-deal-kassettendecken\/#primaryimage\"},\"thumbnailUrl\":\"https:\/\/obb.de\/wp-content\/uploads\/2025\/09\/Design-ohne-Titel.png\",\"datePublished\":\"2022-11-11T13:21:18+00:00\",\"dateModified\":\"2025-12-01T10:42:10+00:00\",\"description\":\"OBB Energiespar Deal Daunendecke\",\"breadcrumb\":{\"@id\":\"https:\/\/obb.de\/zh-hans\/shop\/produkte\/obb-energiespar-deal-kassettendecken\/#breadcrumb\"},\"inLanguage\":\"zh-Hans\",\"potentialAction\":[{\"@type\":\"ReadAction\",\"target\":[\"https:\/\/obb.de\/zh-hans\/shop\/produkte\/obb-energiespar-deal-kassettendecken\/\"]}]},{\"@type\":\"ImageObject\",\"inLanguage\":\"zh-Hans\",\"@id\":\"https:\/\/obb.de\/zh-hans\/shop\/produkte\/obb-energiespar-deal-kassettendecken\/#primaryimage\",\"url\":\"https:\/\/obb.de\/wp-content\/uploads\/2025\/09\/Design-ohne-Titel.png\",\"contentUrl\":\"https:\/\/obb.de\/wp-content\/uploads\/2025\/09\/Design-ohne-Titel.png\",\"width\":2560,\"height\":1578},{\"@type\":\"BreadcrumbList\",\"@id\":\"https:\/\/obb.de\/zh-hans\/shop\/produkte\/obb-energiespar-deal-kassettendecken\/#breadcrumb\",\"itemListElement\":[{\"@type\":\"ListItem\",\"position\":1,\"name\":\"Startseite\",\"item\":\"https:\/\/obb.de\/zh-hans\/\"},{\"@type\":\"ListItem\",\"position\":2,\"name\":\"Shop\",\"item\":\"https:\/\/obb.de\/zh-hans\/shop\/\"},{\"@type\":\"ListItem\",\"position\":3,\"name\":\"OBB Energiespar-Deal Kassettendecken\"}]},{\"@type\":\"WebSite\",\"@id\":\"https:\/\/obb.de\/zh-hans\/oldsite\/#website\",\"url\":\"https:\/\/obb.de\/zh-hans\/oldsite\/\",\"name\":\"OBB Oberbadische Bettfedernfabrik GmbH\",\"description\":\"Traumhaft Seit 1900\",\"publisher\":{\"@id\":\"https:\/\/obb.de\/zh-hans\/oldsite\/#organization\"},\"potentialAction\":[{\"@type\":\"SearchAction\",\"target\":{\"@type\":\"EntryPoint\",\"urlTemplate\":\"https:\/\/obb.de\/zh-hans\/oldsite\/?s={search_term_string}\"},\"query-input\":{\"@type\":\"PropertyValueSpecification\",\"valueRequired\":true,\"valueName\":\"search_term_string\"}}],\"inLanguage\":\"zh-Hans\"},{\"@type\":\"Organization\",\"@id\":\"https:\/\/obb.de\/zh-hans\/oldsite\/#organization\",\"name\":\"OBB GmbH\",\"url\":\"https:\/\/obb.de\/zh-hans\/oldsite\/\",\"logo\":{\"@type\":\"ImageObject\",\"inLanguage\":\"zh-Hans\",\"@id\":\"https:\/\/obb.de\/zh-hans\/oldsite\/#\/schema\/logo\/image\/\",\"url\":\"https:\/\/obb.de\/wp-content\/uploads\/2019\/07\/OBB_Logo_4c_Deutsch_Signatur-2.jpg\",\"contentUrl\":\"https:\/\/obb.de\/wp-content\/uploads\/2019\/07\/OBB_Logo_4c_Deutsch_Signatur-2.jpg\",\"width\":707,\"height\":230,\"caption\":\"OBB GmbH\"},\"image\":{\"@id\":\"https:\/\/obb.de\/zh-hans\/oldsite\/#\/schema\/logo\/image\/\"}}]}<\/script>\n<!-- \/ Yoast SEO plugin. -->","yoast_head_json":{"title":"OBB Energiespar-Deal Daunendecke","description":"OBB Energiespar Deal Daunendecke","robots":{"index":"index","follow":"follow","max-snippet":"max-snippet:-1","max-image-preview":"max-image-preview:large","max-video-preview":"max-video-preview:-1"},"canonical":"https:\/\/obb.de\/zh-hans\/shop\/produkte\/obb-energiespar-deal-kassettendecken\/","og_locale":"zh_CN","og_type":"article","og_title":"OBB Energiespar-Deal Daunendecke","og_description":"OBB Energiespar Deal Daunendecke","og_url":"https:\/\/obb.de\/zh-hans\/shop\/produkte\/obb-energiespar-deal-kassettendecken\/","og_site_name":"OBB Oberbadische Bettfedernfabrik GmbH","article_modified_time":"2025-12-01T10:42:10+00:00","og_image":[{"width":1024,"height":631,"url":"https:\/\/obb.de\/wp-content\/uploads\/2025\/09\/Design-ohne-Titel-1024x631.png","type":"image\/png"}],"twitter_card":"summary_large_image","twitter_misc":{"\u9884\u8ba1\u9605\u8bfb\u65f6\u95f4":"1 \u5206"},"schema":{"@context":"https:\/\/schema.org","@graph":[{"@type":"WebPage","@id":"https:\/\/obb.de\/zh-hans\/shop\/produkte\/obb-energiespar-deal-kassettendecken\/","url":"https:\/\/obb.de\/zh-hans\/shop\/produkte\/obb-energiespar-deal-kassettendecken\/","name":"OBB Energiespar-Deal Daunendecke","isPartOf":{"@id":"https:\/\/obb.de\/zh-hans\/oldsite\/#website"},"primaryImageOfPage":{"@id":"https:\/\/obb.de\/zh-hans\/shop\/produkte\/obb-energiespar-deal-kassettendecken\/#primaryimage"},"image":{"@id":"https:\/\/obb.de\/zh-hans\/shop\/produkte\/obb-energiespar-deal-kassettendecken\/#primaryimage"},"thumbnailUrl":"https:\/\/obb.de\/wp-content\/uploads\/2025\/09\/Design-ohne-Titel.png","datePublished":"2022-11-11T13:21:18+00:00","dateModified":"2025-12-01T10:42:10+00:00","description":"OBB Energiespar Deal Daunendecke","breadcrumb":{"@id":"https:\/\/obb.de\/zh-hans\/shop\/produkte\/obb-energiespar-deal-kassettendecken\/#breadcrumb"},"inLanguage":"zh-Hans","potentialAction":[{"@type":"ReadAction","target":["https:\/\/obb.de\/zh-hans\/shop\/produkte\/obb-energiespar-deal-kassettendecken\/"]}]},{"@type":"ImageObject","inLanguage":"zh-Hans","@id":"https:\/\/obb.de\/zh-hans\/shop\/produkte\/obb-energiespar-deal-kassettendecken\/#primaryimage","url":"https:\/\/obb.de\/wp-content\/uploads\/2025\/09\/Design-ohne-Titel.png","contentUrl":"https:\/\/obb.de\/wp-content\/uploads\/2025\/09\/Design-ohne-Titel.png","width":2560,"height":1578},{"@type":"BreadcrumbList","@id":"https:\/\/obb.de\/zh-hans\/shop\/produkte\/obb-energiespar-deal-kassettendecken\/#breadcrumb","itemListElement":[{"@type":"ListItem","position":1,"name":"Startseite","item":"https:\/\/obb.de\/zh-hans\/"},{"@type":"ListItem","position":2,"name":"Shop","item":"https:\/\/obb.de\/zh-hans\/shop\/"},{"@type":"ListItem","position":3,"name":"OBB Energiespar-Deal Kassettendecken"}]},{"@type":"WebSite","@id":"https:\/\/obb.de\/zh-hans\/oldsite\/#website","url":"https:\/\/obb.de\/zh-hans\/oldsite\/","name":"OBB Oberbadische Bettfedernfabrik GmbH","description":"Traumhaft Seit 1900","publisher":{"@id":"https:\/\/obb.de\/zh-hans\/oldsite\/#organization"},"potentialAction":[{"@type":"SearchAction","target":{"@type":"EntryPoint","urlTemplate":"https:\/\/obb.de\/zh-hans\/oldsite\/?s={search_term_string}"},"query-input":{"@type":"PropertyValueSpecification","valueRequired":true,"valueName":"search_term_string"}}],"inLanguage":"zh-Hans"},{"@type":"Organization","@id":"https:\/\/obb.de\/zh-hans\/oldsite\/#organization","name":"OBB GmbH","url":"https:\/\/obb.de\/zh-hans\/oldsite\/","logo":{"@type":"ImageObject","inLanguage":"zh-Hans","@id":"https:\/\/obb.de\/zh-hans\/oldsite\/#\/schema\/logo\/image\/","url":"https:\/\/obb.de\/wp-content\/uploads\/2019\/07\/OBB_Logo_4c_Deutsch_Signatur-2.jpg","contentUrl":"https:\/\/obb.de\/wp-content\/uploads\/2019\/07\/OBB_Logo_4c_Deutsch_Signatur-2.jpg","width":707,"height":230,"caption":"OBB GmbH"},"image":{"@id":"https:\/\/obb.de\/zh-hans\/oldsite\/#\/schema\/logo\/image\/"}}]}},"_links":{"self":[{"href":"https:\/\/obb.de\/zh-hans\/wp-json\/wp\/v2\/product\/11984","targetHints":{"allow":["GET"]}}],"collection":[{"href":"https:\/\/obb.de\/zh-hans\/wp-json\/wp\/v2\/product"}],"about":[{"href":"https:\/\/obb.de\/zh-hans\/wp-json\/wp\/v2\/types\/product"}],"replies":[{"embeddable":true,"href":"https:\/\/obb.de\/zh-hans\/wp-json\/wp\/v2\/comments?post=11984"}],"wp:featuredmedia":[{"embeddable":true,"href":"https:\/\/obb.de\/zh-hans\/wp-json\/wp\/v2\/media\/17197"}],"wp:attachment":[{"href":"https:\/\/obb.de\/zh-hans\/wp-json\/wp\/v2\/media?parent=11984"}],"wp:term":[{"taxonomy":"product_brand","embeddable":true,"href":"https:\/\/obb.de\/zh-hans\/wp-json\/wp\/v2\/product_brand?post=11984"},{"taxonomy":"product_cat","embeddable":true,"href":"https:\/\/obb.de\/zh-hans\/wp-json\/wp\/v2\/product_cat?post=11984"},{"taxonomy":"product_tag","embeddable":true,"href":"https:\/\/obb.de\/zh-hans\/wp-json\/wp\/v2\/product_tag?post=11984"}],"curies":[{"name":"wp","href":"https:\/\/api.w.org\/{rel}","templated":true}]}}