{"id":10752,"date":"2022-03-02T15:21:10","date_gmt":"2022-03-02T14:21:10","guid":{"rendered":"https:\/\/obb.de\/?post_type=product&#038;p=10752"},"modified":"2025-11-25T17:16:42","modified_gmt":"2025-11-25T15:16:42","slug":"mediflow-viscoschaum-wasserkissen","status":"publish","type":"product","link":"https:\/\/obb.de\/zh-hans\/shop\/produkte\/mediflow-viscoschaum-wasserkissen\/","title":{"rendered":"Mediflow Viscoschaum Wasserkissen"},"content":{"rendered":"<p>Traumhaft durchschlafen mit den innovativen und komfortablen Wasserkissen von Mediflow. Das Mediflow Viscoschaum Wasserkissen ist durch den Wasserkern stufenlos in St\u00fctzkraft und H\u00e4rte anpassbar. Auf die Bewegungen w\u00e4hrend dem Schlaf reagiert das Kissen verz\u00f6gerungsfrei und gew\u00e4hrleistet die optimale Unterst\u00fctzung. Das hochwertige Kissen aus Viscoschaum mit einem Memory-Effekt und einer Kissenh\u00fclle aus Baumwolle (100%) sorgen f\u00fcr ein gest\u00fctztes Liegegef\u00fchl. Der Memoryschaum formt sich durch die K\u00f6rperw\u00e4rme und die Nutzung so, dass es den Kopf und Nacken genau dort unterst\u00fctz, wo es ben\u00f6tigt wird. Die eingebauten L\u00fcftungskan\u00e4le sorgen f\u00fcr optimale Luftzirkulation. Von Orthop\u00e4den empfohlen, f\u00fcr Allergiker geeignet und \u00d6ko-Tex 100 zertifiziert. Damit sorgt das Mediflow Kissen f\u00fcr einen erholsamen Schlaf und hilft Ihnen dabei, morgens ohne Verspannungen und Nackenschmerzen aufzuwachen.<\/p>\n","protected":false},"excerpt":{"rendered":"<p>Traumhaft durchschla<\/p>\n","protected":false},"featured_media":14039,"comment_status":"closed","ping_status":"closed","template":"","meta":[],"product_brand":[],"product_cat":[795,796,576],"product_tag":[],"class_list":{"0":"post-10752","1":"product","2":"type-product","3":"status-publish","4":"has-post-thumbnail","6":"product_cat-40x80","7":"product_cat-50x70","8":"product_cat-wasserkissen","10":"first","11":"instock","12":"taxable","13":"shipping-taxable","14":"purchasable","15":"product-type-variable","16":"has-default-attributes"},"yoast_head":"<!-- This site is optimized with the Yoast SEO plugin v27.2 - https:\/\/yoast.com\/product\/yoast-seo-wordpress\/ -->\n<title>Mediflow Viscoschaum Wasserkissen<\/title>\n<meta name=\"description\" content=\"Das Mediflow Viscoschaum Wasserkissen hat einen anpassungsf\u00e4higem Viscoschaum ist durch sein verstellbarem Wasserkern stufenlos anpassbar.\" \/>\n<meta name=\"robots\" content=\"index, follow, max-snippet:-1, max-image-preview:large, max-video-preview:-1\" \/>\n<link rel=\"canonical\" href=\"https:\/\/obb.de\/zh-hans\/shop\/produkte\/mediflow-viscoschaum-wasserkissen\/\" \/>\n<meta property=\"og:locale\" content=\"zh_CN\" \/>\n<meta property=\"og:type\" content=\"article\" \/>\n<meta property=\"og:title\" content=\"Mediflow Viscoschaum Wasserkissen\" \/>\n<meta property=\"og:description\" content=\"Das Mediflow Viscoschaum Wasserkissen hat einen anpassungsf\u00e4higem Viscoschaum ist durch sein verstellbarem Wasserkern stufenlos anpassbar.\" \/>\n<meta property=\"og:url\" content=\"https:\/\/obb.de\/zh-hans\/shop\/produkte\/mediflow-viscoschaum-wasserkissen\/\" \/>\n<meta property=\"og:site_name\" content=\"OBB Oberbadische Bettfedernfabrik GmbH\" \/>\n<meta property=\"article:modified_time\" content=\"2025-11-25T15:16:42+00:00\" \/>\n<meta property=\"og:image\" content=\"https:\/\/obb.de\/wp-content\/uploads\/2022\/03\/OG-MF-0-40x80-1-scaled.jpg\" \/>\n\t<meta property=\"og:image:width\" content=\"2560\" \/>\n\t<meta property=\"og:image:height\" content=\"1941\" \/>\n\t<meta property=\"og:image:type\" content=\"image\/jpeg\" \/>\n<meta name=\"twitter:card\" content=\"summary_large_image\" \/>\n<meta name=\"twitter:label1\" content=\"\u9884\u8ba1\u9605\u8bfb\u65f6\u95f4\" \/>\n\t<meta name=\"twitter:data1\" content=\"1 \u5206\" \/>\n<script type=\"application\/ld+json\" class=\"yoast-schema-graph\">{\"@context\":\"https:\/\/schema.org\",\"@graph\":[{\"@type\":\"WebPage\",\"@id\":\"https:\/\/obb.de\/zh-hans\/shop\/produkte\/mediflow-viscoschaum-wasserkissen\/\",\"url\":\"https:\/\/obb.de\/zh-hans\/shop\/produkte\/mediflow-viscoschaum-wasserkissen\/\",\"name\":\"Mediflow Viscoschaum Wasserkissen\",\"isPartOf\":{\"@id\":\"https:\/\/obb.de\/zh-hans\/oldsite\/#website\"},\"primaryImageOfPage\":{\"@id\":\"https:\/\/obb.de\/zh-hans\/shop\/produkte\/mediflow-viscoschaum-wasserkissen\/#primaryimage\"},\"image\":{\"@id\":\"https:\/\/obb.de\/zh-hans\/shop\/produkte\/mediflow-viscoschaum-wasserkissen\/#primaryimage\"},\"thumbnailUrl\":\"https:\/\/obb.de\/wp-content\/uploads\/2022\/03\/OG-MF-0-40x80-1-scaled.jpg\",\"datePublished\":\"2022-03-02T14:21:10+00:00\",\"dateModified\":\"2025-11-25T15:16:42+00:00\",\"description\":\"Das Mediflow Viscoschaum Wasserkissen hat einen anpassungsf\u00e4higem Viscoschaum ist durch sein verstellbarem Wasserkern stufenlos anpassbar.\",\"breadcrumb\":{\"@id\":\"https:\/\/obb.de\/zh-hans\/shop\/produkte\/mediflow-viscoschaum-wasserkissen\/#breadcrumb\"},\"inLanguage\":\"zh-Hans\",\"potentialAction\":[{\"@type\":\"ReadAction\",\"target\":[\"https:\/\/obb.de\/zh-hans\/shop\/produkte\/mediflow-viscoschaum-wasserkissen\/\"]}]},{\"@type\":\"ImageObject\",\"inLanguage\":\"zh-Hans\",\"@id\":\"https:\/\/obb.de\/zh-hans\/shop\/produkte\/mediflow-viscoschaum-wasserkissen\/#primaryimage\",\"url\":\"https:\/\/obb.de\/wp-content\/uploads\/2022\/03\/OG-MF-0-40x80-1-scaled.jpg\",\"contentUrl\":\"https:\/\/obb.de\/wp-content\/uploads\/2022\/03\/OG-MF-0-40x80-1-scaled.jpg\",\"width\":2560,\"height\":1941},{\"@type\":\"BreadcrumbList\",\"@id\":\"https:\/\/obb.de\/zh-hans\/shop\/produkte\/mediflow-viscoschaum-wasserkissen\/#breadcrumb\",\"itemListElement\":[{\"@type\":\"ListItem\",\"position\":1,\"name\":\"Startseite\",\"item\":\"https:\/\/obb.de\/zh-hans\/\"},{\"@type\":\"ListItem\",\"position\":2,\"name\":\"Shop\",\"item\":\"https:\/\/obb.de\/zh-hans\/shop\/\"},{\"@type\":\"ListItem\",\"position\":3,\"name\":\"Mediflow Viscoschaum Wasserkissen\"}]},{\"@type\":\"WebSite\",\"@id\":\"https:\/\/obb.de\/zh-hans\/oldsite\/#website\",\"url\":\"https:\/\/obb.de\/zh-hans\/oldsite\/\",\"name\":\"OBB Oberbadische Bettfedernfabrik GmbH\",\"description\":\"Traumhaft Seit 1900\",\"publisher\":{\"@id\":\"https:\/\/obb.de\/zh-hans\/oldsite\/#organization\"},\"potentialAction\":[{\"@type\":\"SearchAction\",\"target\":{\"@type\":\"EntryPoint\",\"urlTemplate\":\"https:\/\/obb.de\/zh-hans\/oldsite\/?s={search_term_string}\"},\"query-input\":{\"@type\":\"PropertyValueSpecification\",\"valueRequired\":true,\"valueName\":\"search_term_string\"}}],\"inLanguage\":\"zh-Hans\"},{\"@type\":\"Organization\",\"@id\":\"https:\/\/obb.de\/zh-hans\/oldsite\/#organization\",\"name\":\"OBB GmbH\",\"url\":\"https:\/\/obb.de\/zh-hans\/oldsite\/\",\"logo\":{\"@type\":\"ImageObject\",\"inLanguage\":\"zh-Hans\",\"@id\":\"https:\/\/obb.de\/zh-hans\/oldsite\/#\/schema\/logo\/image\/\",\"url\":\"https:\/\/obb.de\/wp-content\/uploads\/2019\/07\/OBB_Logo_4c_Deutsch_Signatur-2.jpg\",\"contentUrl\":\"https:\/\/obb.de\/wp-content\/uploads\/2019\/07\/OBB_Logo_4c_Deutsch_Signatur-2.jpg\",\"width\":707,\"height\":230,\"caption\":\"OBB GmbH\"},\"image\":{\"@id\":\"https:\/\/obb.de\/zh-hans\/oldsite\/#\/schema\/logo\/image\/\"}}]}<\/script>\n<!-- \/ Yoast SEO plugin. -->","yoast_head_json":{"title":"Mediflow Viscoschaum Wasserkissen","description":"Das Mediflow Viscoschaum Wasserkissen hat einen anpassungsf\u00e4higem Viscoschaum ist durch sein verstellbarem Wasserkern stufenlos anpassbar.","robots":{"index":"index","follow":"follow","max-snippet":"max-snippet:-1","max-image-preview":"max-image-preview:large","max-video-preview":"max-video-preview:-1"},"canonical":"https:\/\/obb.de\/zh-hans\/shop\/produkte\/mediflow-viscoschaum-wasserkissen\/","og_locale":"zh_CN","og_type":"article","og_title":"Mediflow Viscoschaum Wasserkissen","og_description":"Das Mediflow Viscoschaum Wasserkissen hat einen anpassungsf\u00e4higem Viscoschaum ist durch sein verstellbarem Wasserkern stufenlos anpassbar.","og_url":"https:\/\/obb.de\/zh-hans\/shop\/produkte\/mediflow-viscoschaum-wasserkissen\/","og_site_name":"OBB Oberbadische Bettfedernfabrik GmbH","article_modified_time":"2025-11-25T15:16:42+00:00","og_image":[{"width":2560,"height":1941,"url":"https:\/\/obb.de\/wp-content\/uploads\/2022\/03\/OG-MF-0-40x80-1-scaled.jpg","type":"image\/jpeg"}],"twitter_card":"summary_large_image","twitter_misc":{"\u9884\u8ba1\u9605\u8bfb\u65f6\u95f4":"1 \u5206"},"schema":{"@context":"https:\/\/schema.org","@graph":[{"@type":"WebPage","@id":"https:\/\/obb.de\/zh-hans\/shop\/produkte\/mediflow-viscoschaum-wasserkissen\/","url":"https:\/\/obb.de\/zh-hans\/shop\/produkte\/mediflow-viscoschaum-wasserkissen\/","name":"Mediflow Viscoschaum Wasserkissen","isPartOf":{"@id":"https:\/\/obb.de\/zh-hans\/oldsite\/#website"},"primaryImageOfPage":{"@id":"https:\/\/obb.de\/zh-hans\/shop\/produkte\/mediflow-viscoschaum-wasserkissen\/#primaryimage"},"image":{"@id":"https:\/\/obb.de\/zh-hans\/shop\/produkte\/mediflow-viscoschaum-wasserkissen\/#primaryimage"},"thumbnailUrl":"https:\/\/obb.de\/wp-content\/uploads\/2022\/03\/OG-MF-0-40x80-1-scaled.jpg","datePublished":"2022-03-02T14:21:10+00:00","dateModified":"2025-11-25T15:16:42+00:00","description":"Das Mediflow Viscoschaum Wasserkissen hat einen anpassungsf\u00e4higem Viscoschaum ist durch sein verstellbarem Wasserkern stufenlos anpassbar.","breadcrumb":{"@id":"https:\/\/obb.de\/zh-hans\/shop\/produkte\/mediflow-viscoschaum-wasserkissen\/#breadcrumb"},"inLanguage":"zh-Hans","potentialAction":[{"@type":"ReadAction","target":["https:\/\/obb.de\/zh-hans\/shop\/produkte\/mediflow-viscoschaum-wasserkissen\/"]}]},{"@type":"ImageObject","inLanguage":"zh-Hans","@id":"https:\/\/obb.de\/zh-hans\/shop\/produkte\/mediflow-viscoschaum-wasserkissen\/#primaryimage","url":"https:\/\/obb.de\/wp-content\/uploads\/2022\/03\/OG-MF-0-40x80-1-scaled.jpg","contentUrl":"https:\/\/obb.de\/wp-content\/uploads\/2022\/03\/OG-MF-0-40x80-1-scaled.jpg","width":2560,"height":1941},{"@type":"BreadcrumbList","@id":"https:\/\/obb.de\/zh-hans\/shop\/produkte\/mediflow-viscoschaum-wasserkissen\/#breadcrumb","itemListElement":[{"@type":"ListItem","position":1,"name":"Startseite","item":"https:\/\/obb.de\/zh-hans\/"},{"@type":"ListItem","position":2,"name":"Shop","item":"https:\/\/obb.de\/zh-hans\/shop\/"},{"@type":"ListItem","position":3,"name":"Mediflow Viscoschaum Wasserkissen"}]},{"@type":"WebSite","@id":"https:\/\/obb.de\/zh-hans\/oldsite\/#website","url":"https:\/\/obb.de\/zh-hans\/oldsite\/","name":"OBB Oberbadische Bettfedernfabrik GmbH","description":"Traumhaft Seit 1900","publisher":{"@id":"https:\/\/obb.de\/zh-hans\/oldsite\/#organization"},"potentialAction":[{"@type":"SearchAction","target":{"@type":"EntryPoint","urlTemplate":"https:\/\/obb.de\/zh-hans\/oldsite\/?s={search_term_string}"},"query-input":{"@type":"PropertyValueSpecification","valueRequired":true,"valueName":"search_term_string"}}],"inLanguage":"zh-Hans"},{"@type":"Organization","@id":"https:\/\/obb.de\/zh-hans\/oldsite\/#organization","name":"OBB GmbH","url":"https:\/\/obb.de\/zh-hans\/oldsite\/","logo":{"@type":"ImageObject","inLanguage":"zh-Hans","@id":"https:\/\/obb.de\/zh-hans\/oldsite\/#\/schema\/logo\/image\/","url":"https:\/\/obb.de\/wp-content\/uploads\/2019\/07\/OBB_Logo_4c_Deutsch_Signatur-2.jpg","contentUrl":"https:\/\/obb.de\/wp-content\/uploads\/2019\/07\/OBB_Logo_4c_Deutsch_Signatur-2.jpg","width":707,"height":230,"caption":"OBB GmbH"},"image":{"@id":"https:\/\/obb.de\/zh-hans\/oldsite\/#\/schema\/logo\/image\/"}}]}},"_links":{"self":[{"href":"https:\/\/obb.de\/zh-hans\/wp-json\/wp\/v2\/product\/10752","targetHints":{"allow":["GET"]}}],"collection":[{"href":"https:\/\/obb.de\/zh-hans\/wp-json\/wp\/v2\/product"}],"about":[{"href":"https:\/\/obb.de\/zh-hans\/wp-json\/wp\/v2\/types\/product"}],"replies":[{"embeddable":true,"href":"https:\/\/obb.de\/zh-hans\/wp-json\/wp\/v2\/comments?post=10752"}],"wp:featuredmedia":[{"embeddable":true,"href":"https:\/\/obb.de\/zh-hans\/wp-json\/wp\/v2\/media\/14039"}],"wp:attachment":[{"href":"https:\/\/obb.de\/zh-hans\/wp-json\/wp\/v2\/media?parent=10752"}],"wp:term":[{"taxonomy":"product_brand","embeddable":true,"href":"https:\/\/obb.de\/zh-hans\/wp-json\/wp\/v2\/product_brand?post=10752"},{"taxonomy":"product_cat","embeddable":true,"href":"https:\/\/obb.de\/zh-hans\/wp-json\/wp\/v2\/product_cat?post=10752"},{"taxonomy":"product_tag","embeddable":true,"href":"https:\/\/obb.de\/zh-hans\/wp-json\/wp\/v2\/product_tag?post=10752"}],"curies":[{"name":"wp","href":"https:\/\/api.w.org\/{rel}","templated":true}]}}