{"id":10475,"date":"2022-03-02T12:08:25","date_gmt":"2022-03-02T11:08:25","guid":{"rendered":"https:\/\/obb.de\/?post_type=product&#038;p=10475"},"modified":"2026-02-17T12:47:39","modified_gmt":"2026-02-17T10:47:39","slug":"obb-daunenschuhe","status":"publish","type":"product","link":"https:\/\/obb.de\/zh-hans\/shop\/produkte\/obb-daunenschuhe\/","title":{"rendered":"OBB Daunenschuhe"},"content":{"rendered":"<div class=\"wpb-content-wrapper\"><p>[vc_row][vc_column][vc_column_text css=&#8221;&#8221; woodmart_inline=&#8221;no&#8221; text_larger=&#8221;no&#8221;]<\/p>\n<p data-start=\"42\" data-end=\"398\">Kuschelig, warm und einfach zum Verlieben \u2013 diese <strong data-start=\"100\" data-end=\"116\">Daunenschuhe<\/strong> werden dir sofort ein L\u00e4cheln ins Gesicht zaubern. Gef\u00fcllt mit hochwertigen Daunen\/Federchen sorgen sie f\u00fcr ein ultraleichtes, wolkenweiches Tragegef\u00fchl und halten Deine F\u00fc\u00dfe wohlig warm \u2013 selbst an den k\u00e4ltesten Tagen.<\/p>\n<p data-start=\"400\" data-end=\"697\">Als <strong data-start=\"404\" data-end=\"426\">Geburtstagsgeschenk<\/strong> sind sie unschlagbar: pers\u00f6nlich, n\u00fctzlich, hochwertig und garantiert \u00fcberraschend. Perfekt f\u00fcr Menschen, die Komfort lieben, gerne entspannen oder einfach mehr Gem\u00fctlichkeit im Alltag verdienen. Ein Geschenk, das sofort getragen wird \u2013 und jeden Tag Freude macht.<\/p>\n<p>Sie geben kuschelig warm auf dem Sofa, sind durch die rutschfeste Sohle aber auch als Hausschuhe geeignet. in einem Baumwoll-Bezug (100%) sind wei\u00dfe neue Entendaunen (50%) und -federchen (50%) verarbeitet, welche die F\u00fc\u00dfe optimal w\u00e4rmen.<\/p>\n<p>Die Gr\u00f6\u00dfe ist passend f\u00fcr alle Schuhgr\u00f6\u00dfen von 36-42.[\/vc_column_text][\/vc_column][\/vc_row]<\/p>\n<\/div>","protected":false},"excerpt":{"rendered":"<p>[vc_row][vc_column][<\/p>\n","protected":false},"featured_media":10555,"comment_status":"closed","ping_status":"closed","template":"","meta":[],"product_brand":[],"product_cat":[543],"product_tag":[],"class_list":{"0":"post-10475","1":"product","2":"type-product","3":"status-publish","4":"has-post-thumbnail","6":"product_cat-federn","8":"first","9":"instock","10":"taxable","11":"shipping-taxable","12":"purchasable","13":"product-type-simple"},"yoast_head":"<!-- This site is optimized with the Yoast SEO plugin v27.2 - https:\/\/yoast.com\/product\/yoast-seo-wordpress\/ -->\n<title>OBB Daunenschuhe<\/title>\n<meta name=\"description\" content=\"Die Daunenschuhe sind speziell f\u00fcr Personen mit kalten F\u00fc\u00dfen entwickelt. Sie geben kuschelig warm und sind durch die rutschfeste Sohle auch als Hausschuhe tragbar.\" \/>\n<meta name=\"robots\" content=\"index, follow, max-snippet:-1, max-image-preview:large, max-video-preview:-1\" \/>\n<link rel=\"canonical\" href=\"https:\/\/obb.de\/zh-hans\/shop\/produkte\/obb-daunenschuhe\/\" \/>\n<meta property=\"og:locale\" content=\"zh_CN\" \/>\n<meta property=\"og:type\" content=\"article\" \/>\n<meta property=\"og:title\" content=\"OBB Daunenschuhe\" \/>\n<meta property=\"og:description\" content=\"Die Daunenschuhe sind speziell f\u00fcr Personen mit kalten F\u00fc\u00dfen entwickelt. Sie geben kuschelig warm und sind durch die rutschfeste Sohle auch als Hausschuhe tragbar.\" \/>\n<meta property=\"og:url\" content=\"https:\/\/obb.de\/zh-hans\/shop\/produkte\/obb-daunenschuhe\/\" \/>\n<meta property=\"og:site_name\" content=\"OBB Oberbadische Bettfedernfabrik GmbH\" \/>\n<meta property=\"article:modified_time\" content=\"2026-02-17T10:47:39+00:00\" \/>\n<meta property=\"og:image\" content=\"https:\/\/obb.de\/wp-content\/uploads\/2022\/03\/Daunenschuhe.jpg\" \/>\n\t<meta property=\"og:image:width\" content=\"1500\" \/>\n\t<meta property=\"og:image:height\" content=\"1257\" \/>\n\t<meta property=\"og:image:type\" content=\"image\/jpeg\" \/>\n<meta name=\"twitter:card\" content=\"summary_large_image\" \/>\n<meta name=\"twitter:label1\" content=\"\u9884\u8ba1\u9605\u8bfb\u65f6\u95f4\" \/>\n\t<meta name=\"twitter:data1\" content=\"1 \u5206\" \/>\n<script type=\"application\/ld+json\" class=\"yoast-schema-graph\">{\"@context\":\"https:\/\/schema.org\",\"@graph\":[{\"@type\":\"WebPage\",\"@id\":\"https:\/\/obb.de\/zh-hans\/shop\/produkte\/obb-daunenschuhe\/\",\"url\":\"https:\/\/obb.de\/zh-hans\/shop\/produkte\/obb-daunenschuhe\/\",\"name\":\"OBB Daunenschuhe\",\"isPartOf\":{\"@id\":\"https:\/\/obb.de\/zh-hans\/oldsite\/#website\"},\"primaryImageOfPage\":{\"@id\":\"https:\/\/obb.de\/zh-hans\/shop\/produkte\/obb-daunenschuhe\/#primaryimage\"},\"image\":{\"@id\":\"https:\/\/obb.de\/zh-hans\/shop\/produkte\/obb-daunenschuhe\/#primaryimage\"},\"thumbnailUrl\":\"https:\/\/obb.de\/wp-content\/uploads\/2022\/03\/Daunenschuhe.jpg\",\"datePublished\":\"2022-03-02T11:08:25+00:00\",\"dateModified\":\"2026-02-17T10:47:39+00:00\",\"description\":\"Die Daunenschuhe sind speziell f\u00fcr Personen mit kalten F\u00fc\u00dfen entwickelt. Sie geben kuschelig warm und sind durch die rutschfeste Sohle auch als Hausschuhe tragbar.\",\"breadcrumb\":{\"@id\":\"https:\/\/obb.de\/zh-hans\/shop\/produkte\/obb-daunenschuhe\/#breadcrumb\"},\"inLanguage\":\"zh-Hans\",\"potentialAction\":[{\"@type\":\"ReadAction\",\"target\":[\"https:\/\/obb.de\/zh-hans\/shop\/produkte\/obb-daunenschuhe\/\"]}]},{\"@type\":\"ImageObject\",\"inLanguage\":\"zh-Hans\",\"@id\":\"https:\/\/obb.de\/zh-hans\/shop\/produkte\/obb-daunenschuhe\/#primaryimage\",\"url\":\"https:\/\/obb.de\/wp-content\/uploads\/2022\/03\/Daunenschuhe.jpg\",\"contentUrl\":\"https:\/\/obb.de\/wp-content\/uploads\/2022\/03\/Daunenschuhe.jpg\",\"width\":1500,\"height\":1257},{\"@type\":\"BreadcrumbList\",\"@id\":\"https:\/\/obb.de\/zh-hans\/shop\/produkte\/obb-daunenschuhe\/#breadcrumb\",\"itemListElement\":[{\"@type\":\"ListItem\",\"position\":1,\"name\":\"Startseite\",\"item\":\"https:\/\/obb.de\/zh-hans\/\"},{\"@type\":\"ListItem\",\"position\":2,\"name\":\"Shop\",\"item\":\"https:\/\/obb.de\/zh-hans\/shop\/\"},{\"@type\":\"ListItem\",\"position\":3,\"name\":\"OBB Daunenschuhe\"}]},{\"@type\":\"WebSite\",\"@id\":\"https:\/\/obb.de\/zh-hans\/oldsite\/#website\",\"url\":\"https:\/\/obb.de\/zh-hans\/oldsite\/\",\"name\":\"OBB Oberbadische Bettfedernfabrik GmbH\",\"description\":\"Traumhaft Seit 1900\",\"publisher\":{\"@id\":\"https:\/\/obb.de\/zh-hans\/oldsite\/#organization\"},\"potentialAction\":[{\"@type\":\"SearchAction\",\"target\":{\"@type\":\"EntryPoint\",\"urlTemplate\":\"https:\/\/obb.de\/zh-hans\/oldsite\/?s={search_term_string}\"},\"query-input\":{\"@type\":\"PropertyValueSpecification\",\"valueRequired\":true,\"valueName\":\"search_term_string\"}}],\"inLanguage\":\"zh-Hans\"},{\"@type\":\"Organization\",\"@id\":\"https:\/\/obb.de\/zh-hans\/oldsite\/#organization\",\"name\":\"OBB GmbH\",\"url\":\"https:\/\/obb.de\/zh-hans\/oldsite\/\",\"logo\":{\"@type\":\"ImageObject\",\"inLanguage\":\"zh-Hans\",\"@id\":\"https:\/\/obb.de\/zh-hans\/oldsite\/#\/schema\/logo\/image\/\",\"url\":\"https:\/\/obb.de\/wp-content\/uploads\/2019\/07\/OBB_Logo_4c_Deutsch_Signatur-2.jpg\",\"contentUrl\":\"https:\/\/obb.de\/wp-content\/uploads\/2019\/07\/OBB_Logo_4c_Deutsch_Signatur-2.jpg\",\"width\":707,\"height\":230,\"caption\":\"OBB GmbH\"},\"image\":{\"@id\":\"https:\/\/obb.de\/zh-hans\/oldsite\/#\/schema\/logo\/image\/\"}}]}<\/script>\n<!-- \/ Yoast SEO plugin. -->","yoast_head_json":{"title":"OBB Daunenschuhe","description":"Die Daunenschuhe sind speziell f\u00fcr Personen mit kalten F\u00fc\u00dfen entwickelt. Sie geben kuschelig warm und sind durch die rutschfeste Sohle auch als Hausschuhe tragbar.","robots":{"index":"index","follow":"follow","max-snippet":"max-snippet:-1","max-image-preview":"max-image-preview:large","max-video-preview":"max-video-preview:-1"},"canonical":"https:\/\/obb.de\/zh-hans\/shop\/produkte\/obb-daunenschuhe\/","og_locale":"zh_CN","og_type":"article","og_title":"OBB Daunenschuhe","og_description":"Die Daunenschuhe sind speziell f\u00fcr Personen mit kalten F\u00fc\u00dfen entwickelt. Sie geben kuschelig warm und sind durch die rutschfeste Sohle auch als Hausschuhe tragbar.","og_url":"https:\/\/obb.de\/zh-hans\/shop\/produkte\/obb-daunenschuhe\/","og_site_name":"OBB Oberbadische Bettfedernfabrik GmbH","article_modified_time":"2026-02-17T10:47:39+00:00","og_image":[{"width":1500,"height":1257,"url":"https:\/\/obb.de\/wp-content\/uploads\/2022\/03\/Daunenschuhe.jpg","type":"image\/jpeg"}],"twitter_card":"summary_large_image","twitter_misc":{"\u9884\u8ba1\u9605\u8bfb\u65f6\u95f4":"1 \u5206"},"schema":{"@context":"https:\/\/schema.org","@graph":[{"@type":"WebPage","@id":"https:\/\/obb.de\/zh-hans\/shop\/produkte\/obb-daunenschuhe\/","url":"https:\/\/obb.de\/zh-hans\/shop\/produkte\/obb-daunenschuhe\/","name":"OBB Daunenschuhe","isPartOf":{"@id":"https:\/\/obb.de\/zh-hans\/oldsite\/#website"},"primaryImageOfPage":{"@id":"https:\/\/obb.de\/zh-hans\/shop\/produkte\/obb-daunenschuhe\/#primaryimage"},"image":{"@id":"https:\/\/obb.de\/zh-hans\/shop\/produkte\/obb-daunenschuhe\/#primaryimage"},"thumbnailUrl":"https:\/\/obb.de\/wp-content\/uploads\/2022\/03\/Daunenschuhe.jpg","datePublished":"2022-03-02T11:08:25+00:00","dateModified":"2026-02-17T10:47:39+00:00","description":"Die Daunenschuhe sind speziell f\u00fcr Personen mit kalten F\u00fc\u00dfen entwickelt. Sie geben kuschelig warm und sind durch die rutschfeste Sohle auch als Hausschuhe tragbar.","breadcrumb":{"@id":"https:\/\/obb.de\/zh-hans\/shop\/produkte\/obb-daunenschuhe\/#breadcrumb"},"inLanguage":"zh-Hans","potentialAction":[{"@type":"ReadAction","target":["https:\/\/obb.de\/zh-hans\/shop\/produkte\/obb-daunenschuhe\/"]}]},{"@type":"ImageObject","inLanguage":"zh-Hans","@id":"https:\/\/obb.de\/zh-hans\/shop\/produkte\/obb-daunenschuhe\/#primaryimage","url":"https:\/\/obb.de\/wp-content\/uploads\/2022\/03\/Daunenschuhe.jpg","contentUrl":"https:\/\/obb.de\/wp-content\/uploads\/2022\/03\/Daunenschuhe.jpg","width":1500,"height":1257},{"@type":"BreadcrumbList","@id":"https:\/\/obb.de\/zh-hans\/shop\/produkte\/obb-daunenschuhe\/#breadcrumb","itemListElement":[{"@type":"ListItem","position":1,"name":"Startseite","item":"https:\/\/obb.de\/zh-hans\/"},{"@type":"ListItem","position":2,"name":"Shop","item":"https:\/\/obb.de\/zh-hans\/shop\/"},{"@type":"ListItem","position":3,"name":"OBB Daunenschuhe"}]},{"@type":"WebSite","@id":"https:\/\/obb.de\/zh-hans\/oldsite\/#website","url":"https:\/\/obb.de\/zh-hans\/oldsite\/","name":"OBB Oberbadische Bettfedernfabrik GmbH","description":"Traumhaft Seit 1900","publisher":{"@id":"https:\/\/obb.de\/zh-hans\/oldsite\/#organization"},"potentialAction":[{"@type":"SearchAction","target":{"@type":"EntryPoint","urlTemplate":"https:\/\/obb.de\/zh-hans\/oldsite\/?s={search_term_string}"},"query-input":{"@type":"PropertyValueSpecification","valueRequired":true,"valueName":"search_term_string"}}],"inLanguage":"zh-Hans"},{"@type":"Organization","@id":"https:\/\/obb.de\/zh-hans\/oldsite\/#organization","name":"OBB GmbH","url":"https:\/\/obb.de\/zh-hans\/oldsite\/","logo":{"@type":"ImageObject","inLanguage":"zh-Hans","@id":"https:\/\/obb.de\/zh-hans\/oldsite\/#\/schema\/logo\/image\/","url":"https:\/\/obb.de\/wp-content\/uploads\/2019\/07\/OBB_Logo_4c_Deutsch_Signatur-2.jpg","contentUrl":"https:\/\/obb.de\/wp-content\/uploads\/2019\/07\/OBB_Logo_4c_Deutsch_Signatur-2.jpg","width":707,"height":230,"caption":"OBB GmbH"},"image":{"@id":"https:\/\/obb.de\/zh-hans\/oldsite\/#\/schema\/logo\/image\/"}}]}},"_links":{"self":[{"href":"https:\/\/obb.de\/zh-hans\/wp-json\/wp\/v2\/product\/10475","targetHints":{"allow":["GET"]}}],"collection":[{"href":"https:\/\/obb.de\/zh-hans\/wp-json\/wp\/v2\/product"}],"about":[{"href":"https:\/\/obb.de\/zh-hans\/wp-json\/wp\/v2\/types\/product"}],"replies":[{"embeddable":true,"href":"https:\/\/obb.de\/zh-hans\/wp-json\/wp\/v2\/comments?post=10475"}],"wp:featuredmedia":[{"embeddable":true,"href":"https:\/\/obb.de\/zh-hans\/wp-json\/wp\/v2\/media\/10555"}],"wp:attachment":[{"href":"https:\/\/obb.de\/zh-hans\/wp-json\/wp\/v2\/media?parent=10475"}],"wp:term":[{"taxonomy":"product_brand","embeddable":true,"href":"https:\/\/obb.de\/zh-hans\/wp-json\/wp\/v2\/product_brand?post=10475"},{"taxonomy":"product_cat","embeddable":true,"href":"https:\/\/obb.de\/zh-hans\/wp-json\/wp\/v2\/product_cat?post=10475"},{"taxonomy":"product_tag","embeddable":true,"href":"https:\/\/obb.de\/zh-hans\/wp-json\/wp\/v2\/product_tag?post=10475"}],"curies":[{"name":"wp","href":"https:\/\/api.w.org\/{rel}","templated":true}]}}