{"id":10020,"date":"2022-03-02T07:45:21","date_gmt":"2022-03-02T06:45:21","guid":{"rendered":"https:\/\/obb.de\/?post_type=product&#038;p=10020"},"modified":"2025-11-25T16:58:49","modified_gmt":"2025-11-25T14:58:49","slug":"4-jahreszeitenkissen-mit-winter-und-sommerseite","status":"publish","type":"product","link":"https:\/\/obb.de\/zh-hans\/shop\/produkte\/4-jahreszeitenkissen-mit-winter-und-sommerseite\/","title":{"rendered":"4-Jahreszeitenkissen mit Winter- und Sommerseite"},"content":{"rendered":"<p>Dieses Kissen \u00fcberzeugt sowohl in kalten Winter- als auch in hei\u00dfen Sommern\u00e4chten, denn es hat eine w\u00e4rmende und eine k\u00fchlende Seite.<br \/>\nDer Kern des 4-Jahreszeitenkissens bildet ein Viscoschaum, bei welchem einseitig ein k\u00fchlender PCM Schaum eingelassen ist. Zus\u00e4tzlich ist auf dieser Seite ein Bezug mit PCM Technologie, der die k\u00fchlende Wirkung des Kerns zus\u00e4tzlich unterst\u00fctzt.<br \/>\nAuf der w\u00e4rmenden Seite ist das Kissen \u00fcber dem Kern mit feinen, w\u00e4rmenden Daunen (90%) gef\u00fcllt. Der Bezug auf der w\u00e4rmenden Seite besteht aus 100% Baumwolle. Dieses 4-Jahreszeiten-Kissen sorgt f\u00fcr erholsamen Schlaf in jeder Jahreszeit. Durch einfaches Wenden wird der gute Schlaf bei warmen und bei k\u00fchlen Temperaturen unterst\u00fctzt.<br \/>\nDer Bezug hat einen Rei\u00dfverschluss und ist hygienisch waschbar bei 60\u00b0C.<\/p>\n","protected":false},"excerpt":{"rendered":"<p>Dieses Kissen \u00fcberze<\/p>\n","protected":false},"featured_media":10079,"comment_status":"closed","ping_status":"closed","template":"","meta":[],"product_brand":[],"product_cat":[795,396],"product_tag":[],"class_list":{"0":"post-10020","1":"product","2":"type-product","3":"status-publish","4":"has-post-thumbnail","6":"product_cat-40x80","7":"product_cat-daunenkissen","9":"first","10":"instock","11":"taxable","12":"shipping-taxable","13":"purchasable","14":"product-type-variable","15":"has-default-attributes"},"yoast_head":"<!-- This site is optimized with the Yoast SEO plugin v27.2 - https:\/\/yoast.com\/product\/yoast-seo-wordpress\/ -->\n<title>4-Jahreszeitenkissen mit Winter- und Sommerseite<\/title>\n<meta name=\"description\" content=\"Kissen mit einer Hightech-k\u00fchlenden Sommerseite und einer w\u00e4rmenden Winterseite.\" \/>\n<meta name=\"robots\" content=\"index, follow, max-snippet:-1, max-image-preview:large, max-video-preview:-1\" \/>\n<link rel=\"canonical\" href=\"https:\/\/obb.de\/zh-hans\/shop\/produkte\/4-jahreszeitenkissen-mit-winter-und-sommerseite\/\" \/>\n<meta property=\"og:locale\" content=\"zh_CN\" \/>\n<meta property=\"og:type\" content=\"article\" \/>\n<meta property=\"og:title\" content=\"4-Jahreszeitenkissen mit Winter- und Sommerseite\" \/>\n<meta property=\"og:description\" content=\"Kissen mit einer Hightech-k\u00fchlenden Sommerseite und einer w\u00e4rmenden Winterseite.\" \/>\n<meta property=\"og:url\" content=\"https:\/\/obb.de\/zh-hans\/shop\/produkte\/4-jahreszeitenkissen-mit-winter-und-sommerseite\/\" \/>\n<meta property=\"og:site_name\" content=\"OBB Oberbadische Bettfedernfabrik GmbH\" \/>\n<meta property=\"article:modified_time\" content=\"2025-11-25T14:58:49+00:00\" \/>\n<meta property=\"og:image\" content=\"https:\/\/obb.de\/wp-content\/uploads\/2022\/03\/Jahreszeiten_Kissen-2.jpg\" \/>\n\t<meta property=\"og:image:width\" content=\"1382\" \/>\n\t<meta property=\"og:image:height\" content=\"922\" \/>\n\t<meta property=\"og:image:type\" content=\"image\/jpeg\" \/>\n<meta name=\"twitter:card\" content=\"summary_large_image\" \/>\n<meta name=\"twitter:label1\" content=\"\u9884\u8ba1\u9605\u8bfb\u65f6\u95f4\" \/>\n\t<meta name=\"twitter:data1\" content=\"1 \u5206\" \/>\n<script type=\"application\/ld+json\" class=\"yoast-schema-graph\">{\"@context\":\"https:\/\/schema.org\",\"@graph\":[{\"@type\":\"WebPage\",\"@id\":\"https:\/\/obb.de\/zh-hans\/shop\/produkte\/4-jahreszeitenkissen-mit-winter-und-sommerseite\/\",\"url\":\"https:\/\/obb.de\/zh-hans\/shop\/produkte\/4-jahreszeitenkissen-mit-winter-und-sommerseite\/\",\"name\":\"4-Jahreszeitenkissen mit Winter- und Sommerseite\",\"isPartOf\":{\"@id\":\"https:\/\/obb.de\/zh-hans\/oldsite\/#website\"},\"primaryImageOfPage\":{\"@id\":\"https:\/\/obb.de\/zh-hans\/shop\/produkte\/4-jahreszeitenkissen-mit-winter-und-sommerseite\/#primaryimage\"},\"image\":{\"@id\":\"https:\/\/obb.de\/zh-hans\/shop\/produkte\/4-jahreszeitenkissen-mit-winter-und-sommerseite\/#primaryimage\"},\"thumbnailUrl\":\"https:\/\/obb.de\/wp-content\/uploads\/2022\/03\/Jahreszeiten_Kissen-2.jpg\",\"datePublished\":\"2022-03-02T06:45:21+00:00\",\"dateModified\":\"2025-11-25T14:58:49+00:00\",\"description\":\"Kissen mit einer Hightech-k\u00fchlenden Sommerseite und einer w\u00e4rmenden Winterseite.\",\"breadcrumb\":{\"@id\":\"https:\/\/obb.de\/zh-hans\/shop\/produkte\/4-jahreszeitenkissen-mit-winter-und-sommerseite\/#breadcrumb\"},\"inLanguage\":\"zh-Hans\",\"potentialAction\":[{\"@type\":\"ReadAction\",\"target\":[\"https:\/\/obb.de\/zh-hans\/shop\/produkte\/4-jahreszeitenkissen-mit-winter-und-sommerseite\/\"]}]},{\"@type\":\"ImageObject\",\"inLanguage\":\"zh-Hans\",\"@id\":\"https:\/\/obb.de\/zh-hans\/shop\/produkte\/4-jahreszeitenkissen-mit-winter-und-sommerseite\/#primaryimage\",\"url\":\"https:\/\/obb.de\/wp-content\/uploads\/2022\/03\/Jahreszeiten_Kissen-2.jpg\",\"contentUrl\":\"https:\/\/obb.de\/wp-content\/uploads\/2022\/03\/Jahreszeiten_Kissen-2.jpg\",\"width\":1382,\"height\":922},{\"@type\":\"BreadcrumbList\",\"@id\":\"https:\/\/obb.de\/zh-hans\/shop\/produkte\/4-jahreszeitenkissen-mit-winter-und-sommerseite\/#breadcrumb\",\"itemListElement\":[{\"@type\":\"ListItem\",\"position\":1,\"name\":\"Startseite\",\"item\":\"https:\/\/obb.de\/zh-hans\/\"},{\"@type\":\"ListItem\",\"position\":2,\"name\":\"Shop\",\"item\":\"https:\/\/obb.de\/zh-hans\/shop\/\"},{\"@type\":\"ListItem\",\"position\":3,\"name\":\"4-Jahreszeitenkissen mit Winter- und Sommerseite\"}]},{\"@type\":\"WebSite\",\"@id\":\"https:\/\/obb.de\/zh-hans\/oldsite\/#website\",\"url\":\"https:\/\/obb.de\/zh-hans\/oldsite\/\",\"name\":\"OBB Oberbadische Bettfedernfabrik GmbH\",\"description\":\"Traumhaft Seit 1900\",\"publisher\":{\"@id\":\"https:\/\/obb.de\/zh-hans\/oldsite\/#organization\"},\"potentialAction\":[{\"@type\":\"SearchAction\",\"target\":{\"@type\":\"EntryPoint\",\"urlTemplate\":\"https:\/\/obb.de\/zh-hans\/oldsite\/?s={search_term_string}\"},\"query-input\":{\"@type\":\"PropertyValueSpecification\",\"valueRequired\":true,\"valueName\":\"search_term_string\"}}],\"inLanguage\":\"zh-Hans\"},{\"@type\":\"Organization\",\"@id\":\"https:\/\/obb.de\/zh-hans\/oldsite\/#organization\",\"name\":\"OBB GmbH\",\"url\":\"https:\/\/obb.de\/zh-hans\/oldsite\/\",\"logo\":{\"@type\":\"ImageObject\",\"inLanguage\":\"zh-Hans\",\"@id\":\"https:\/\/obb.de\/zh-hans\/oldsite\/#\/schema\/logo\/image\/\",\"url\":\"https:\/\/obb.de\/wp-content\/uploads\/2019\/07\/OBB_Logo_4c_Deutsch_Signatur-2.jpg\",\"contentUrl\":\"https:\/\/obb.de\/wp-content\/uploads\/2019\/07\/OBB_Logo_4c_Deutsch_Signatur-2.jpg\",\"width\":707,\"height\":230,\"caption\":\"OBB GmbH\"},\"image\":{\"@id\":\"https:\/\/obb.de\/zh-hans\/oldsite\/#\/schema\/logo\/image\/\"}}]}<\/script>\n<!-- \/ Yoast SEO plugin. -->","yoast_head_json":{"title":"4-Jahreszeitenkissen mit Winter- und Sommerseite","description":"Kissen mit einer Hightech-k\u00fchlenden Sommerseite und einer w\u00e4rmenden Winterseite.","robots":{"index":"index","follow":"follow","max-snippet":"max-snippet:-1","max-image-preview":"max-image-preview:large","max-video-preview":"max-video-preview:-1"},"canonical":"https:\/\/obb.de\/zh-hans\/shop\/produkte\/4-jahreszeitenkissen-mit-winter-und-sommerseite\/","og_locale":"zh_CN","og_type":"article","og_title":"4-Jahreszeitenkissen mit Winter- und Sommerseite","og_description":"Kissen mit einer Hightech-k\u00fchlenden Sommerseite und einer w\u00e4rmenden Winterseite.","og_url":"https:\/\/obb.de\/zh-hans\/shop\/produkte\/4-jahreszeitenkissen-mit-winter-und-sommerseite\/","og_site_name":"OBB Oberbadische Bettfedernfabrik GmbH","article_modified_time":"2025-11-25T14:58:49+00:00","og_image":[{"width":1382,"height":922,"url":"https:\/\/obb.de\/wp-content\/uploads\/2022\/03\/Jahreszeiten_Kissen-2.jpg","type":"image\/jpeg"}],"twitter_card":"summary_large_image","twitter_misc":{"\u9884\u8ba1\u9605\u8bfb\u65f6\u95f4":"1 \u5206"},"schema":{"@context":"https:\/\/schema.org","@graph":[{"@type":"WebPage","@id":"https:\/\/obb.de\/zh-hans\/shop\/produkte\/4-jahreszeitenkissen-mit-winter-und-sommerseite\/","url":"https:\/\/obb.de\/zh-hans\/shop\/produkte\/4-jahreszeitenkissen-mit-winter-und-sommerseite\/","name":"4-Jahreszeitenkissen mit Winter- und Sommerseite","isPartOf":{"@id":"https:\/\/obb.de\/zh-hans\/oldsite\/#website"},"primaryImageOfPage":{"@id":"https:\/\/obb.de\/zh-hans\/shop\/produkte\/4-jahreszeitenkissen-mit-winter-und-sommerseite\/#primaryimage"},"image":{"@id":"https:\/\/obb.de\/zh-hans\/shop\/produkte\/4-jahreszeitenkissen-mit-winter-und-sommerseite\/#primaryimage"},"thumbnailUrl":"https:\/\/obb.de\/wp-content\/uploads\/2022\/03\/Jahreszeiten_Kissen-2.jpg","datePublished":"2022-03-02T06:45:21+00:00","dateModified":"2025-11-25T14:58:49+00:00","description":"Kissen mit einer Hightech-k\u00fchlenden Sommerseite und einer w\u00e4rmenden Winterseite.","breadcrumb":{"@id":"https:\/\/obb.de\/zh-hans\/shop\/produkte\/4-jahreszeitenkissen-mit-winter-und-sommerseite\/#breadcrumb"},"inLanguage":"zh-Hans","potentialAction":[{"@type":"ReadAction","target":["https:\/\/obb.de\/zh-hans\/shop\/produkte\/4-jahreszeitenkissen-mit-winter-und-sommerseite\/"]}]},{"@type":"ImageObject","inLanguage":"zh-Hans","@id":"https:\/\/obb.de\/zh-hans\/shop\/produkte\/4-jahreszeitenkissen-mit-winter-und-sommerseite\/#primaryimage","url":"https:\/\/obb.de\/wp-content\/uploads\/2022\/03\/Jahreszeiten_Kissen-2.jpg","contentUrl":"https:\/\/obb.de\/wp-content\/uploads\/2022\/03\/Jahreszeiten_Kissen-2.jpg","width":1382,"height":922},{"@type":"BreadcrumbList","@id":"https:\/\/obb.de\/zh-hans\/shop\/produkte\/4-jahreszeitenkissen-mit-winter-und-sommerseite\/#breadcrumb","itemListElement":[{"@type":"ListItem","position":1,"name":"Startseite","item":"https:\/\/obb.de\/zh-hans\/"},{"@type":"ListItem","position":2,"name":"Shop","item":"https:\/\/obb.de\/zh-hans\/shop\/"},{"@type":"ListItem","position":3,"name":"4-Jahreszeitenkissen mit Winter- und Sommerseite"}]},{"@type":"WebSite","@id":"https:\/\/obb.de\/zh-hans\/oldsite\/#website","url":"https:\/\/obb.de\/zh-hans\/oldsite\/","name":"OBB Oberbadische Bettfedernfabrik GmbH","description":"Traumhaft Seit 1900","publisher":{"@id":"https:\/\/obb.de\/zh-hans\/oldsite\/#organization"},"potentialAction":[{"@type":"SearchAction","target":{"@type":"EntryPoint","urlTemplate":"https:\/\/obb.de\/zh-hans\/oldsite\/?s={search_term_string}"},"query-input":{"@type":"PropertyValueSpecification","valueRequired":true,"valueName":"search_term_string"}}],"inLanguage":"zh-Hans"},{"@type":"Organization","@id":"https:\/\/obb.de\/zh-hans\/oldsite\/#organization","name":"OBB GmbH","url":"https:\/\/obb.de\/zh-hans\/oldsite\/","logo":{"@type":"ImageObject","inLanguage":"zh-Hans","@id":"https:\/\/obb.de\/zh-hans\/oldsite\/#\/schema\/logo\/image\/","url":"https:\/\/obb.de\/wp-content\/uploads\/2019\/07\/OBB_Logo_4c_Deutsch_Signatur-2.jpg","contentUrl":"https:\/\/obb.de\/wp-content\/uploads\/2019\/07\/OBB_Logo_4c_Deutsch_Signatur-2.jpg","width":707,"height":230,"caption":"OBB GmbH"},"image":{"@id":"https:\/\/obb.de\/zh-hans\/oldsite\/#\/schema\/logo\/image\/"}}]}},"_links":{"self":[{"href":"https:\/\/obb.de\/zh-hans\/wp-json\/wp\/v2\/product\/10020","targetHints":{"allow":["GET"]}}],"collection":[{"href":"https:\/\/obb.de\/zh-hans\/wp-json\/wp\/v2\/product"}],"about":[{"href":"https:\/\/obb.de\/zh-hans\/wp-json\/wp\/v2\/types\/product"}],"replies":[{"embeddable":true,"href":"https:\/\/obb.de\/zh-hans\/wp-json\/wp\/v2\/comments?post=10020"}],"wp:featuredmedia":[{"embeddable":true,"href":"https:\/\/obb.de\/zh-hans\/wp-json\/wp\/v2\/media\/10079"}],"wp:attachment":[{"href":"https:\/\/obb.de\/zh-hans\/wp-json\/wp\/v2\/media?parent=10020"}],"wp:term":[{"taxonomy":"product_brand","embeddable":true,"href":"https:\/\/obb.de\/zh-hans\/wp-json\/wp\/v2\/product_brand?post=10020"},{"taxonomy":"product_cat","embeddable":true,"href":"https:\/\/obb.de\/zh-hans\/wp-json\/wp\/v2\/product_cat?post=10020"},{"taxonomy":"product_tag","embeddable":true,"href":"https:\/\/obb.de\/zh-hans\/wp-json\/wp\/v2\/product_tag?post=10020"}],"curies":[{"name":"wp","href":"https:\/\/api.w.org\/{rel}","templated":true}]}}