{"id":9832,"date":"2021-08-10T09:35:40","date_gmt":"2021-08-10T08:35:40","guid":{"rendered":"https:\/\/obb.de\/?post_type=product&#038;p=9832"},"modified":"2025-11-25T16:55:51","modified_gmt":"2025-11-25T14:55:51","slug":"schwarzwald-nana-hirsekissen","status":"publish","type":"product","link":"https:\/\/obb.de\/en\/shop\/produkte\/schwarzwald-nana-hirsekissen\/","title":{"rendered":"Schwarzwald &#8220;Nana&#8221; Hirsekissen"},"content":{"rendered":"<p>Unsere Schwarzwald-Kollektion entstand aus der Verbundenheit zu unserer Heimat. Seit 1965 produzieren wir an unserem Standort in L\u00f6rrach am Rande des wundersch\u00f6nen Schwarzwalds. In unserer Kissenreihe &#8220;Nana&#8221; verarbeiten wir neben der Daune, vier der besten F\u00fcllstoffe, die die Natur zu bieten hat. In diesem Kissen sind Hirseschalen verarbeitet, welche sich optimal an die eigene Kopflage anpassen. Durch den Baumwollbezug mit wattierter Stepph\u00fclle wird f\u00fcr ein weiches Liegegef\u00fchl gesorgt. Hirse ist ein veganes Naturprodukt, welches durch die feine Struktur viel St\u00fctzkomfort bietet.<\/p>\n","protected":false},"excerpt":{"rendered":"<p>Unsere Schwarzwald-Kollektion entstand aus der Verbundenheit zu unserer Heimat. Seit 1965 produzieren wir an unserem Standort in L\u00f6rrach am Rande<\/p>\n","protected":false},"featured_media":10266,"comment_status":"closed","ping_status":"closed","template":"","meta":[],"product_brand":[],"product_cat":[431,794,795],"product_tag":[],"class_list":{"0":"post-9832","1":"product","2":"type-product","3":"status-publish","4":"has-post-thumbnail","6":"product_cat-naturfaserkissen","7":"product_cat-40x60","8":"product_cat-40x80","10":"first","11":"instock","12":"taxable","13":"shipping-taxable","14":"purchasable","15":"product-type-variable","16":"has-default-attributes"},"yoast_head":"<!-- This site is optimized with the Yoast SEO plugin v27.5 - https:\/\/yoast.com\/product\/yoast-seo-wordpress\/ -->\n<title>Schwarzwald \u201cNana\u201d Hirsekopfkissen<\/title>\n<meta name=\"description\" content=\"Sch\u00f6ne Hirsekopfkissen aus dem Schwarzwald aus der Produktlinie OBB Schwarzwald Red Label &quot;Nana&quot;\" \/>\n<meta name=\"robots\" content=\"index, follow, max-snippet:-1, max-image-preview:large, max-video-preview:-1\" \/>\n<link rel=\"canonical\" href=\"https:\/\/obb.de\/en\/shop\/produkte\/schwarzwald-nana-hirsekissen\/\" \/>\n<meta property=\"og:locale\" content=\"en_US\" \/>\n<meta property=\"og:type\" content=\"article\" \/>\n<meta property=\"og:title\" content=\"Schwarzwald \u201cNana\u201d Hirsekopfkissen\" \/>\n<meta property=\"og:description\" content=\"Sch\u00f6ne Hirsekopfkissen aus dem Schwarzwald aus der Produktlinie OBB Schwarzwald Red Label &quot;Nana&quot;\" \/>\n<meta property=\"og:url\" content=\"https:\/\/obb.de\/en\/shop\/produkte\/schwarzwald-nana-hirsekissen\/\" \/>\n<meta property=\"og:site_name\" content=\"OBB Oberbadische Bettfedernfabrik GmbH\" \/>\n<meta property=\"article:modified_time\" content=\"2025-11-25T14:55:51+00:00\" \/>\n<meta property=\"og:image\" content=\"https:\/\/obb.de\/wp-content\/uploads\/2021\/08\/Nana_40x80-3.jpg\" \/>\n\t<meta property=\"og:image:width\" content=\"1500\" \/>\n\t<meta property=\"og:image:height\" content=\"1000\" \/>\n\t<meta property=\"og:image:type\" content=\"image\/jpeg\" \/>\n<meta name=\"twitter:card\" content=\"summary_large_image\" \/>\n<meta name=\"twitter:label1\" content=\"Est. reading time\" \/>\n\t<meta name=\"twitter:data1\" content=\"1 minute\" \/>\n<script type=\"application\/ld+json\" class=\"yoast-schema-graph\">{\"@context\":\"https:\\\/\\\/schema.org\",\"@graph\":[{\"@type\":\"WebPage\",\"@id\":\"https:\\\/\\\/obb.de\\\/en\\\/shop\\\/produkte\\\/schwarzwald-nana-hirsekissen\\\/\",\"url\":\"https:\\\/\\\/obb.de\\\/en\\\/shop\\\/produkte\\\/schwarzwald-nana-hirsekissen\\\/\",\"name\":\"Schwarzwald \u201cNana\u201d Hirsekopfkissen\",\"isPartOf\":{\"@id\":\"https:\\\/\\\/obb.de\\\/en\\\/oldsite\\\/#website\"},\"primaryImageOfPage\":{\"@id\":\"https:\\\/\\\/obb.de\\\/en\\\/shop\\\/produkte\\\/schwarzwald-nana-hirsekissen\\\/#primaryimage\"},\"image\":{\"@id\":\"https:\\\/\\\/obb.de\\\/en\\\/shop\\\/produkte\\\/schwarzwald-nana-hirsekissen\\\/#primaryimage\"},\"thumbnailUrl\":\"https:\\\/\\\/obb.de\\\/wp-content\\\/uploads\\\/2021\\\/08\\\/Nana_40x80-3.jpg\",\"datePublished\":\"2021-08-10T08:35:40+00:00\",\"dateModified\":\"2025-11-25T14:55:51+00:00\",\"description\":\"Sch\u00f6ne Hirsekopfkissen aus dem Schwarzwald aus der Produktlinie OBB Schwarzwald Red Label \\\"Nana\\\"\",\"breadcrumb\":{\"@id\":\"https:\\\/\\\/obb.de\\\/en\\\/shop\\\/produkte\\\/schwarzwald-nana-hirsekissen\\\/#breadcrumb\"},\"inLanguage\":\"en-US\",\"potentialAction\":[{\"@type\":\"ReadAction\",\"target\":[\"https:\\\/\\\/obb.de\\\/en\\\/shop\\\/produkte\\\/schwarzwald-nana-hirsekissen\\\/\"]}]},{\"@type\":\"ImageObject\",\"inLanguage\":\"en-US\",\"@id\":\"https:\\\/\\\/obb.de\\\/en\\\/shop\\\/produkte\\\/schwarzwald-nana-hirsekissen\\\/#primaryimage\",\"url\":\"https:\\\/\\\/obb.de\\\/wp-content\\\/uploads\\\/2021\\\/08\\\/Nana_40x80-3.jpg\",\"contentUrl\":\"https:\\\/\\\/obb.de\\\/wp-content\\\/uploads\\\/2021\\\/08\\\/Nana_40x80-3.jpg\",\"width\":1500,\"height\":1000},{\"@type\":\"BreadcrumbList\",\"@id\":\"https:\\\/\\\/obb.de\\\/en\\\/shop\\\/produkte\\\/schwarzwald-nana-hirsekissen\\\/#breadcrumb\",\"itemListElement\":[{\"@type\":\"ListItem\",\"position\":1,\"name\":\"Startseite\",\"item\":\"https:\\\/\\\/obb.de\\\/en\\\/home\\\/\"},{\"@type\":\"ListItem\",\"position\":2,\"name\":\"Products\",\"item\":\"https:\\\/\\\/obb.de\\\/en\\\/shop\\\/\"},{\"@type\":\"ListItem\",\"position\":3,\"name\":\"Schwarzwald &#8222;Nana&#8220; Hirsekissen\"}]},{\"@type\":\"WebSite\",\"@id\":\"https:\\\/\\\/obb.de\\\/en\\\/oldsite\\\/#website\",\"url\":\"https:\\\/\\\/obb.de\\\/en\\\/oldsite\\\/\",\"name\":\"OBB Oberbadische Bettfedernfabrik GmbH\",\"description\":\"Traumhaft Seit 1900\",\"publisher\":{\"@id\":\"https:\\\/\\\/obb.de\\\/en\\\/oldsite\\\/#organization\"},\"potentialAction\":[{\"@type\":\"SearchAction\",\"target\":{\"@type\":\"EntryPoint\",\"urlTemplate\":\"https:\\\/\\\/obb.de\\\/en\\\/oldsite\\\/?s={search_term_string}\"},\"query-input\":{\"@type\":\"PropertyValueSpecification\",\"valueRequired\":true,\"valueName\":\"search_term_string\"}}],\"inLanguage\":\"en-US\"},{\"@type\":\"Organization\",\"@id\":\"https:\\\/\\\/obb.de\\\/en\\\/oldsite\\\/#organization\",\"name\":\"OBB GmbH\",\"url\":\"https:\\\/\\\/obb.de\\\/en\\\/oldsite\\\/\",\"logo\":{\"@type\":\"ImageObject\",\"inLanguage\":\"en-US\",\"@id\":\"https:\\\/\\\/obb.de\\\/en\\\/oldsite\\\/#\\\/schema\\\/logo\\\/image\\\/\",\"url\":\"https:\\\/\\\/obb.de\\\/wp-content\\\/uploads\\\/2019\\\/07\\\/OBB_Logo_4c_Deutsch_Signatur-2.jpg\",\"contentUrl\":\"https:\\\/\\\/obb.de\\\/wp-content\\\/uploads\\\/2019\\\/07\\\/OBB_Logo_4c_Deutsch_Signatur-2.jpg\",\"width\":707,\"height\":230,\"caption\":\"OBB GmbH\"},\"image\":{\"@id\":\"https:\\\/\\\/obb.de\\\/en\\\/oldsite\\\/#\\\/schema\\\/logo\\\/image\\\/\"}}]}<\/script>\n<!-- \/ Yoast SEO plugin. -->","yoast_head_json":{"title":"Schwarzwald \u201cNana\u201d Hirsekopfkissen","description":"Sch\u00f6ne Hirsekopfkissen aus dem Schwarzwald aus der Produktlinie OBB Schwarzwald Red Label \"Nana\"","robots":{"index":"index","follow":"follow","max-snippet":"max-snippet:-1","max-image-preview":"max-image-preview:large","max-video-preview":"max-video-preview:-1"},"canonical":"https:\/\/obb.de\/en\/shop\/produkte\/schwarzwald-nana-hirsekissen\/","og_locale":"en_US","og_type":"article","og_title":"Schwarzwald \u201cNana\u201d Hirsekopfkissen","og_description":"Sch\u00f6ne Hirsekopfkissen aus dem Schwarzwald aus der Produktlinie OBB Schwarzwald Red Label \"Nana\"","og_url":"https:\/\/obb.de\/en\/shop\/produkte\/schwarzwald-nana-hirsekissen\/","og_site_name":"OBB Oberbadische Bettfedernfabrik GmbH","article_modified_time":"2025-11-25T14:55:51+00:00","og_image":[{"width":1500,"height":1000,"url":"https:\/\/obb.de\/wp-content\/uploads\/2021\/08\/Nana_40x80-3.jpg","type":"image\/jpeg"}],"twitter_card":"summary_large_image","twitter_misc":{"Est. reading time":"1 minute"},"schema":{"@context":"https:\/\/schema.org","@graph":[{"@type":"WebPage","@id":"https:\/\/obb.de\/en\/shop\/produkte\/schwarzwald-nana-hirsekissen\/","url":"https:\/\/obb.de\/en\/shop\/produkte\/schwarzwald-nana-hirsekissen\/","name":"Schwarzwald \u201cNana\u201d Hirsekopfkissen","isPartOf":{"@id":"https:\/\/obb.de\/en\/oldsite\/#website"},"primaryImageOfPage":{"@id":"https:\/\/obb.de\/en\/shop\/produkte\/schwarzwald-nana-hirsekissen\/#primaryimage"},"image":{"@id":"https:\/\/obb.de\/en\/shop\/produkte\/schwarzwald-nana-hirsekissen\/#primaryimage"},"thumbnailUrl":"https:\/\/obb.de\/wp-content\/uploads\/2021\/08\/Nana_40x80-3.jpg","datePublished":"2021-08-10T08:35:40+00:00","dateModified":"2025-11-25T14:55:51+00:00","description":"Sch\u00f6ne Hirsekopfkissen aus dem Schwarzwald aus der Produktlinie OBB Schwarzwald Red Label \"Nana\"","breadcrumb":{"@id":"https:\/\/obb.de\/en\/shop\/produkte\/schwarzwald-nana-hirsekissen\/#breadcrumb"},"inLanguage":"en-US","potentialAction":[{"@type":"ReadAction","target":["https:\/\/obb.de\/en\/shop\/produkte\/schwarzwald-nana-hirsekissen\/"]}]},{"@type":"ImageObject","inLanguage":"en-US","@id":"https:\/\/obb.de\/en\/shop\/produkte\/schwarzwald-nana-hirsekissen\/#primaryimage","url":"https:\/\/obb.de\/wp-content\/uploads\/2021\/08\/Nana_40x80-3.jpg","contentUrl":"https:\/\/obb.de\/wp-content\/uploads\/2021\/08\/Nana_40x80-3.jpg","width":1500,"height":1000},{"@type":"BreadcrumbList","@id":"https:\/\/obb.de\/en\/shop\/produkte\/schwarzwald-nana-hirsekissen\/#breadcrumb","itemListElement":[{"@type":"ListItem","position":1,"name":"Startseite","item":"https:\/\/obb.de\/en\/home\/"},{"@type":"ListItem","position":2,"name":"Products","item":"https:\/\/obb.de\/en\/shop\/"},{"@type":"ListItem","position":3,"name":"Schwarzwald &#8222;Nana&#8220; Hirsekissen"}]},{"@type":"WebSite","@id":"https:\/\/obb.de\/en\/oldsite\/#website","url":"https:\/\/obb.de\/en\/oldsite\/","name":"OBB Oberbadische Bettfedernfabrik GmbH","description":"Traumhaft Seit 1900","publisher":{"@id":"https:\/\/obb.de\/en\/oldsite\/#organization"},"potentialAction":[{"@type":"SearchAction","target":{"@type":"EntryPoint","urlTemplate":"https:\/\/obb.de\/en\/oldsite\/?s={search_term_string}"},"query-input":{"@type":"PropertyValueSpecification","valueRequired":true,"valueName":"search_term_string"}}],"inLanguage":"en-US"},{"@type":"Organization","@id":"https:\/\/obb.de\/en\/oldsite\/#organization","name":"OBB GmbH","url":"https:\/\/obb.de\/en\/oldsite\/","logo":{"@type":"ImageObject","inLanguage":"en-US","@id":"https:\/\/obb.de\/en\/oldsite\/#\/schema\/logo\/image\/","url":"https:\/\/obb.de\/wp-content\/uploads\/2019\/07\/OBB_Logo_4c_Deutsch_Signatur-2.jpg","contentUrl":"https:\/\/obb.de\/wp-content\/uploads\/2019\/07\/OBB_Logo_4c_Deutsch_Signatur-2.jpg","width":707,"height":230,"caption":"OBB GmbH"},"image":{"@id":"https:\/\/obb.de\/en\/oldsite\/#\/schema\/logo\/image\/"}}]}},"_links":{"self":[{"href":"https:\/\/obb.de\/en\/wp-json\/wp\/v2\/product\/9832","targetHints":{"allow":["GET"]}}],"collection":[{"href":"https:\/\/obb.de\/en\/wp-json\/wp\/v2\/product"}],"about":[{"href":"https:\/\/obb.de\/en\/wp-json\/wp\/v2\/types\/product"}],"replies":[{"embeddable":true,"href":"https:\/\/obb.de\/en\/wp-json\/wp\/v2\/comments?post=9832"}],"wp:featuredmedia":[{"embeddable":true,"href":"https:\/\/obb.de\/en\/wp-json\/wp\/v2\/media\/10266"}],"wp:attachment":[{"href":"https:\/\/obb.de\/en\/wp-json\/wp\/v2\/media?parent=9832"}],"wp:term":[{"taxonomy":"product_brand","embeddable":true,"href":"https:\/\/obb.de\/en\/wp-json\/wp\/v2\/product_brand?post=9832"},{"taxonomy":"product_cat","embeddable":true,"href":"https:\/\/obb.de\/en\/wp-json\/wp\/v2\/product_cat?post=9832"},{"taxonomy":"product_tag","embeddable":true,"href":"https:\/\/obb.de\/en\/wp-json\/wp\/v2\/product_tag?post=9832"}],"curies":[{"name":"wp","href":"https:\/\/api.w.org\/{rel}","templated":true}]}}