{"id":9742,"date":"2021-08-10T09:35:09","date_gmt":"2021-08-10T08:35:09","guid":{"rendered":"https:\/\/obb.de\/?post_type=product&#038;p=9742"},"modified":"2025-11-25T17:29:53","modified_gmt":"2025-11-25T15:29:53","slug":"schwarzwald-gitta-daunen-3-kammerkopfkissen","status":"publish","type":"product","link":"https:\/\/obb.de\/en\/shop\/produkte\/schwarzwald-gitta-daunen-3-kammerkopfkissen\/","title":{"rendered":"Schwarzwald \u201cGitta\u201d 3-Kammer-Daunenkopfkissen"},"content":{"rendered":"<p>Unsere Schwarzwald-Kollektion entstand aus der Verbundenheit zu unserer Heimat. Bereits seit 1965 produzieren wir an unserem Standort in L\u00f6rrach am Rande des wundersch\u00f6nen Schwarzwalds. Wir bieten diese sch\u00f6ne Kollektion sowohl mit Enten- als auch mit G\u00e4nsedaunen\/-federn an. Selbstverst\u00e4ndlich stammen alle Daunen und Federn garantiert aus dem sogenannten &#8220;Schlachtrupf&#8221;. Tierwohl steht bei uns an erster Stelle. Wir verwenden nachweislich keine Daunen\/Federn von lebend gerupften Tieren und auch nicht von G\u00e4nsen\/Enten aus Stopfmast. Das 3-Kammerkissen &#8220;GITTA&#8221; aus unserer Schwarzwald Kollektion hat einen federgef\u00fcllten Kern (100%) und zwei daunengef\u00fcllten Kammern au\u00dfen (90%). Der Kern sorgt f\u00fcr die entsprechende St\u00fctzkraft, w\u00e4hrend die kuscheligen Daunen f\u00fcr ein besonders softes Liegegef\u00fchl sorgen. Das gesamte Sortiment besticht durch eine besonders h\u00fcbsche und frische Aufmachung mit grau-wei\u00dfer Biese und dezentem Logo Print. Alle unsere Kollektionen sind NOMITE ausgestattet, was sie besonders allergikerfreundlich macht. Daunen sind zudem sehr atmungsaktiv, feuchtigkeitsregulierend und temperaturregulierend, was f\u00fcr eine gute Schlafhygiene sehr wichtig ist. F\u00fcr den einheitlichen Look empfehlen wir die Kassettendecken &#8220;GITTA&#8221;.<\/p>\n","protected":false},"excerpt":{"rendered":"<p>Unsere Schwarzwald-Kollektion entstand aus der Verbundenheit zu unserer Heimat. Bereits seit 1965 produzieren wir an unserem Standort in L\u00f6rrach am<\/p>\n","protected":false},"featured_media":10243,"comment_status":"closed","ping_status":"closed","template":"","meta":[],"product_brand":[],"product_cat":[795,797,396],"product_tag":[],"class_list":{"0":"post-9742","1":"product","2":"type-product","3":"status-publish","4":"has-post-thumbnail","6":"product_cat-40x80","7":"product_cat-80x80","8":"product_cat-daunenkissen","10":"first","11":"instock","12":"taxable","13":"shipping-taxable","14":"purchasable","15":"product-type-variable","16":"has-default-attributes"},"yoast_head":"<!-- This site is optimized with the Yoast SEO plugin v27.2 - https:\/\/yoast.com\/product\/yoast-seo-wordpress\/ -->\n<title>Schwarzwald &quot;Gitta&quot; Daunen-3-Kammerkopfkissen<\/title>\n<meta name=\"description\" content=\"Sch\u00f6ne 3-Kammer-G\u00e4nsedaunenkissen aus dem Schwarzwald aus der Produktlinie OBB Schwarzwald Red Label &quot;Gitta&quot;\" \/>\n<meta name=\"robots\" content=\"index, follow, max-snippet:-1, max-image-preview:large, max-video-preview:-1\" \/>\n<link rel=\"canonical\" href=\"https:\/\/obb.de\/en\/shop\/produkte\/schwarzwald-gitta-daunen-3-kammerkopfkissen\/\" \/>\n<meta property=\"og:locale\" content=\"en_US\" \/>\n<meta property=\"og:type\" content=\"article\" \/>\n<meta property=\"og:title\" content=\"Schwarzwald &quot;Gitta&quot; Daunen-3-Kammerkopfkissen\" \/>\n<meta property=\"og:description\" content=\"Sch\u00f6ne 3-Kammer-G\u00e4nsedaunenkissen aus dem Schwarzwald aus der Produktlinie OBB Schwarzwald Red Label &quot;Gitta&quot;\" \/>\n<meta property=\"og:url\" content=\"https:\/\/obb.de\/en\/shop\/produkte\/schwarzwald-gitta-daunen-3-kammerkopfkissen\/\" \/>\n<meta property=\"og:site_name\" content=\"OBB Oberbadische Bettfedernfabrik GmbH\" \/>\n<meta property=\"article:modified_time\" content=\"2025-11-25T15:29:53+00:00\" \/>\n<meta property=\"og:image\" content=\"https:\/\/obb.de\/wp-content\/uploads\/2021\/08\/GITTA-40x80-1.jpg\" \/>\n\t<meta property=\"og:image:width\" content=\"864\" \/>\n\t<meta property=\"og:image:height\" content=\"785\" \/>\n\t<meta property=\"og:image:type\" content=\"image\/jpeg\" \/>\n<meta name=\"twitter:card\" content=\"summary_large_image\" \/>\n<meta name=\"twitter:label1\" content=\"Est. reading time\" \/>\n\t<meta name=\"twitter:data1\" content=\"2 minutes\" \/>\n<script type=\"application\/ld+json\" class=\"yoast-schema-graph\">{\"@context\":\"https:\/\/schema.org\",\"@graph\":[{\"@type\":\"WebPage\",\"@id\":\"https:\/\/obb.de\/en\/shop\/produkte\/schwarzwald-gitta-daunen-3-kammerkopfkissen\/\",\"url\":\"https:\/\/obb.de\/en\/shop\/produkte\/schwarzwald-gitta-daunen-3-kammerkopfkissen\/\",\"name\":\"Schwarzwald \\\"Gitta\\\" Daunen-3-Kammerkopfkissen\",\"isPartOf\":{\"@id\":\"https:\/\/obb.de\/en\/oldsite\/#website\"},\"primaryImageOfPage\":{\"@id\":\"https:\/\/obb.de\/en\/shop\/produkte\/schwarzwald-gitta-daunen-3-kammerkopfkissen\/#primaryimage\"},\"image\":{\"@id\":\"https:\/\/obb.de\/en\/shop\/produkte\/schwarzwald-gitta-daunen-3-kammerkopfkissen\/#primaryimage\"},\"thumbnailUrl\":\"https:\/\/obb.de\/wp-content\/uploads\/2021\/08\/GITTA-40x80-1.jpg\",\"datePublished\":\"2021-08-10T08:35:09+00:00\",\"dateModified\":\"2025-11-25T15:29:53+00:00\",\"description\":\"Sch\u00f6ne 3-Kammer-G\u00e4nsedaunenkissen aus dem Schwarzwald aus der Produktlinie OBB Schwarzwald Red Label \\\"Gitta\\\"\",\"breadcrumb\":{\"@id\":\"https:\/\/obb.de\/en\/shop\/produkte\/schwarzwald-gitta-daunen-3-kammerkopfkissen\/#breadcrumb\"},\"inLanguage\":\"en-US\",\"potentialAction\":[{\"@type\":\"ReadAction\",\"target\":[\"https:\/\/obb.de\/en\/shop\/produkte\/schwarzwald-gitta-daunen-3-kammerkopfkissen\/\"]}]},{\"@type\":\"ImageObject\",\"inLanguage\":\"en-US\",\"@id\":\"https:\/\/obb.de\/en\/shop\/produkte\/schwarzwald-gitta-daunen-3-kammerkopfkissen\/#primaryimage\",\"url\":\"https:\/\/obb.de\/wp-content\/uploads\/2021\/08\/GITTA-40x80-1.jpg\",\"contentUrl\":\"https:\/\/obb.de\/wp-content\/uploads\/2021\/08\/GITTA-40x80-1.jpg\",\"width\":864,\"height\":785},{\"@type\":\"BreadcrumbList\",\"@id\":\"https:\/\/obb.de\/en\/shop\/produkte\/schwarzwald-gitta-daunen-3-kammerkopfkissen\/#breadcrumb\",\"itemListElement\":[{\"@type\":\"ListItem\",\"position\":1,\"name\":\"Startseite\",\"item\":\"https:\/\/obb.de\/en\/home\/\"},{\"@type\":\"ListItem\",\"position\":2,\"name\":\"Products\",\"item\":\"https:\/\/obb.de\/en\/shop\/\"},{\"@type\":\"ListItem\",\"position\":3,\"name\":\"Schwarzwald \u201cGitta\u201d 3-Kammer-Daunenkopfkissen\"}]},{\"@type\":\"WebSite\",\"@id\":\"https:\/\/obb.de\/en\/oldsite\/#website\",\"url\":\"https:\/\/obb.de\/en\/oldsite\/\",\"name\":\"OBB Oberbadische Bettfedernfabrik GmbH\",\"description\":\"Traumhaft Seit 1900\",\"publisher\":{\"@id\":\"https:\/\/obb.de\/en\/oldsite\/#organization\"},\"potentialAction\":[{\"@type\":\"SearchAction\",\"target\":{\"@type\":\"EntryPoint\",\"urlTemplate\":\"https:\/\/obb.de\/en\/oldsite\/?s={search_term_string}\"},\"query-input\":{\"@type\":\"PropertyValueSpecification\",\"valueRequired\":true,\"valueName\":\"search_term_string\"}}],\"inLanguage\":\"en-US\"},{\"@type\":\"Organization\",\"@id\":\"https:\/\/obb.de\/en\/oldsite\/#organization\",\"name\":\"OBB GmbH\",\"url\":\"https:\/\/obb.de\/en\/oldsite\/\",\"logo\":{\"@type\":\"ImageObject\",\"inLanguage\":\"en-US\",\"@id\":\"https:\/\/obb.de\/en\/oldsite\/#\/schema\/logo\/image\/\",\"url\":\"https:\/\/obb.de\/wp-content\/uploads\/2019\/07\/OBB_Logo_4c_Deutsch_Signatur-2.jpg\",\"contentUrl\":\"https:\/\/obb.de\/wp-content\/uploads\/2019\/07\/OBB_Logo_4c_Deutsch_Signatur-2.jpg\",\"width\":707,\"height\":230,\"caption\":\"OBB GmbH\"},\"image\":{\"@id\":\"https:\/\/obb.de\/en\/oldsite\/#\/schema\/logo\/image\/\"}}]}<\/script>\n<!-- \/ Yoast SEO plugin. -->","yoast_head_json":{"title":"Schwarzwald \"Gitta\" Daunen-3-Kammerkopfkissen","description":"Sch\u00f6ne 3-Kammer-G\u00e4nsedaunenkissen aus dem Schwarzwald aus der Produktlinie OBB Schwarzwald Red Label \"Gitta\"","robots":{"index":"index","follow":"follow","max-snippet":"max-snippet:-1","max-image-preview":"max-image-preview:large","max-video-preview":"max-video-preview:-1"},"canonical":"https:\/\/obb.de\/en\/shop\/produkte\/schwarzwald-gitta-daunen-3-kammerkopfkissen\/","og_locale":"en_US","og_type":"article","og_title":"Schwarzwald \"Gitta\" Daunen-3-Kammerkopfkissen","og_description":"Sch\u00f6ne 3-Kammer-G\u00e4nsedaunenkissen aus dem Schwarzwald aus der Produktlinie OBB Schwarzwald Red Label \"Gitta\"","og_url":"https:\/\/obb.de\/en\/shop\/produkte\/schwarzwald-gitta-daunen-3-kammerkopfkissen\/","og_site_name":"OBB Oberbadische Bettfedernfabrik GmbH","article_modified_time":"2025-11-25T15:29:53+00:00","og_image":[{"width":864,"height":785,"url":"https:\/\/obb.de\/wp-content\/uploads\/2021\/08\/GITTA-40x80-1.jpg","type":"image\/jpeg"}],"twitter_card":"summary_large_image","twitter_misc":{"Est. reading time":"2 minutes"},"schema":{"@context":"https:\/\/schema.org","@graph":[{"@type":"WebPage","@id":"https:\/\/obb.de\/en\/shop\/produkte\/schwarzwald-gitta-daunen-3-kammerkopfkissen\/","url":"https:\/\/obb.de\/en\/shop\/produkte\/schwarzwald-gitta-daunen-3-kammerkopfkissen\/","name":"Schwarzwald \"Gitta\" Daunen-3-Kammerkopfkissen","isPartOf":{"@id":"https:\/\/obb.de\/en\/oldsite\/#website"},"primaryImageOfPage":{"@id":"https:\/\/obb.de\/en\/shop\/produkte\/schwarzwald-gitta-daunen-3-kammerkopfkissen\/#primaryimage"},"image":{"@id":"https:\/\/obb.de\/en\/shop\/produkte\/schwarzwald-gitta-daunen-3-kammerkopfkissen\/#primaryimage"},"thumbnailUrl":"https:\/\/obb.de\/wp-content\/uploads\/2021\/08\/GITTA-40x80-1.jpg","datePublished":"2021-08-10T08:35:09+00:00","dateModified":"2025-11-25T15:29:53+00:00","description":"Sch\u00f6ne 3-Kammer-G\u00e4nsedaunenkissen aus dem Schwarzwald aus der Produktlinie OBB Schwarzwald Red Label \"Gitta\"","breadcrumb":{"@id":"https:\/\/obb.de\/en\/shop\/produkte\/schwarzwald-gitta-daunen-3-kammerkopfkissen\/#breadcrumb"},"inLanguage":"en-US","potentialAction":[{"@type":"ReadAction","target":["https:\/\/obb.de\/en\/shop\/produkte\/schwarzwald-gitta-daunen-3-kammerkopfkissen\/"]}]},{"@type":"ImageObject","inLanguage":"en-US","@id":"https:\/\/obb.de\/en\/shop\/produkte\/schwarzwald-gitta-daunen-3-kammerkopfkissen\/#primaryimage","url":"https:\/\/obb.de\/wp-content\/uploads\/2021\/08\/GITTA-40x80-1.jpg","contentUrl":"https:\/\/obb.de\/wp-content\/uploads\/2021\/08\/GITTA-40x80-1.jpg","width":864,"height":785},{"@type":"BreadcrumbList","@id":"https:\/\/obb.de\/en\/shop\/produkte\/schwarzwald-gitta-daunen-3-kammerkopfkissen\/#breadcrumb","itemListElement":[{"@type":"ListItem","position":1,"name":"Startseite","item":"https:\/\/obb.de\/en\/home\/"},{"@type":"ListItem","position":2,"name":"Products","item":"https:\/\/obb.de\/en\/shop\/"},{"@type":"ListItem","position":3,"name":"Schwarzwald \u201cGitta\u201d 3-Kammer-Daunenkopfkissen"}]},{"@type":"WebSite","@id":"https:\/\/obb.de\/en\/oldsite\/#website","url":"https:\/\/obb.de\/en\/oldsite\/","name":"OBB Oberbadische Bettfedernfabrik GmbH","description":"Traumhaft Seit 1900","publisher":{"@id":"https:\/\/obb.de\/en\/oldsite\/#organization"},"potentialAction":[{"@type":"SearchAction","target":{"@type":"EntryPoint","urlTemplate":"https:\/\/obb.de\/en\/oldsite\/?s={search_term_string}"},"query-input":{"@type":"PropertyValueSpecification","valueRequired":true,"valueName":"search_term_string"}}],"inLanguage":"en-US"},{"@type":"Organization","@id":"https:\/\/obb.de\/en\/oldsite\/#organization","name":"OBB GmbH","url":"https:\/\/obb.de\/en\/oldsite\/","logo":{"@type":"ImageObject","inLanguage":"en-US","@id":"https:\/\/obb.de\/en\/oldsite\/#\/schema\/logo\/image\/","url":"https:\/\/obb.de\/wp-content\/uploads\/2019\/07\/OBB_Logo_4c_Deutsch_Signatur-2.jpg","contentUrl":"https:\/\/obb.de\/wp-content\/uploads\/2019\/07\/OBB_Logo_4c_Deutsch_Signatur-2.jpg","width":707,"height":230,"caption":"OBB GmbH"},"image":{"@id":"https:\/\/obb.de\/en\/oldsite\/#\/schema\/logo\/image\/"}}]}},"_links":{"self":[{"href":"https:\/\/obb.de\/en\/wp-json\/wp\/v2\/product\/9742","targetHints":{"allow":["GET"]}}],"collection":[{"href":"https:\/\/obb.de\/en\/wp-json\/wp\/v2\/product"}],"about":[{"href":"https:\/\/obb.de\/en\/wp-json\/wp\/v2\/types\/product"}],"replies":[{"embeddable":true,"href":"https:\/\/obb.de\/en\/wp-json\/wp\/v2\/comments?post=9742"}],"wp:featuredmedia":[{"embeddable":true,"href":"https:\/\/obb.de\/en\/wp-json\/wp\/v2\/media\/10243"}],"wp:attachment":[{"href":"https:\/\/obb.de\/en\/wp-json\/wp\/v2\/media?parent=9742"}],"wp:term":[{"taxonomy":"product_brand","embeddable":true,"href":"https:\/\/obb.de\/en\/wp-json\/wp\/v2\/product_brand?post=9742"},{"taxonomy":"product_cat","embeddable":true,"href":"https:\/\/obb.de\/en\/wp-json\/wp\/v2\/product_cat?post=9742"},{"taxonomy":"product_tag","embeddable":true,"href":"https:\/\/obb.de\/en\/wp-json\/wp\/v2\/product_tag?post=9742"}],"curies":[{"name":"wp","href":"https:\/\/api.w.org\/{rel}","templated":true}]}}