{"id":9681,"date":"2021-08-10T09:03:33","date_gmt":"2021-08-10T08:03:33","guid":{"rendered":"https:\/\/obb.de\/?post_type=product&#038;p=9681"},"modified":"2026-04-08T11:25:51","modified_gmt":"2026-04-08T09:25:51","slug":"schwarzwald-merlin-biokissen","status":"publish","type":"product","link":"https:\/\/obb.de\/en\/shop\/produkte\/schwarzwald-merlin-biokissen\/","title":{"rendered":"Schwarzwald &#8220;Merlin&#8221; Biokissen"},"content":{"rendered":"<p>Unsere Schwarzwald Bio Kollektion entstand aus unserer Heimat- und Naturverbundenheit und vereint die nachhaltigsten Rohstoffe, die die Natur zu bieten hat. Die Kollektion ist sowohl mit dem &#8220;<a href=\"https:\/\/global-standard.org\/de\">GOTS<\/a>&#8221; (Global Organic Standard) ausgezeichnet. Der Siegel pr\u00fcft die Produkte und die Unternehmen nach strengsten Vorgaben im Hinblick auf chemische Zusatzstoffe und R\u00fcckst\u00e4nde, Umwelt \u2013 und Sozialmanagement, sowie Dokumentation und R\u00fcckverfolgbarkeit. Der &#8220;<a href=\"https:\/\/global-standard.org\/de\">GOTS<\/a>&#8221; gilt als der umfassendste textile Nachhaltigkeitsstandard weltweit. &#8220;Merlin&#8221; vereint ein Inlett aus Bio-Baumwolle (100%) mit Bio-Schurwoll-K\u00fcgelchen (100%) aus kontrolliert biologischer Tierhaltung.<\/p>\n","protected":false},"excerpt":{"rendered":"<p>Unsere Schwarzwald Bio Kollektion entstand aus unserer Heimat- und Naturverbundenheit und vereint die nachhaltigsten Rohstoffe, die die Natur zu bieten<\/p>\n","protected":false},"featured_media":9167,"comment_status":"closed","ping_status":"closed","template":"","meta":[],"product_brand":[],"product_cat":[604,794,795],"product_tag":[],"class_list":{"0":"post-9681","1":"product","2":"type-product","3":"status-publish","4":"has-post-thumbnail","6":"product_cat-naturhaarkissen","7":"product_cat-40x60","8":"product_cat-40x80","10":"first","11":"instock","12":"taxable","13":"shipping-taxable","14":"purchasable","15":"product-type-variable","16":"has-default-attributes"},"yoast_head":"<!-- This site is optimized with the Yoast SEO plugin v27.5 - https:\/\/yoast.com\/product\/yoast-seo-wordpress\/ -->\n<title>Schwarzwald &quot;Merlin&quot; Biokissen<\/title>\n<meta name=\"description\" content=\"\u201cGOTS\u201d zertifizierte Biokopfkissen aus der OBB Schwarzwald Bio \u201cMerlin\u201d Produktlinie\" \/>\n<meta name=\"robots\" content=\"index, follow, max-snippet:-1, max-image-preview:large, max-video-preview:-1\" \/>\n<link rel=\"canonical\" href=\"https:\/\/obb.de\/en\/shop\/produkte\/schwarzwald-merlin-biokissen\/\" \/>\n<meta property=\"og:locale\" content=\"en_US\" \/>\n<meta property=\"og:type\" content=\"article\" \/>\n<meta property=\"og:title\" content=\"Schwarzwald &quot;Merlin&quot; Biokissen\" \/>\n<meta property=\"og:description\" content=\"\u201cGOTS\u201d zertifizierte Biokopfkissen aus der OBB Schwarzwald Bio \u201cMerlin\u201d Produktlinie\" \/>\n<meta property=\"og:url\" content=\"https:\/\/obb.de\/en\/shop\/produkte\/schwarzwald-merlin-biokissen\/\" \/>\n<meta property=\"og:site_name\" content=\"OBB Oberbadische Bettfedernfabrik GmbH\" \/>\n<meta property=\"article:modified_time\" content=\"2026-04-08T09:25:51+00:00\" \/>\n<meta property=\"og:image\" content=\"https:\/\/obb.de\/wp-content\/uploads\/2020\/04\/Schwarzwald-Merle_naturbelassen.jpg\" \/>\n\t<meta property=\"og:image:width\" content=\"1382\" \/>\n\t<meta property=\"og:image:height\" content=\"922\" \/>\n\t<meta property=\"og:image:type\" content=\"image\/jpeg\" \/>\n<meta name=\"twitter:card\" content=\"summary_large_image\" \/>\n<meta name=\"twitter:label1\" content=\"Est. reading time\" \/>\n\t<meta name=\"twitter:data1\" content=\"1 minute\" \/>\n<script type=\"application\/ld+json\" class=\"yoast-schema-graph\">{\"@context\":\"https:\\\/\\\/schema.org\",\"@graph\":[{\"@type\":\"WebPage\",\"@id\":\"https:\\\/\\\/obb.de\\\/en\\\/shop\\\/produkte\\\/schwarzwald-merlin-biokissen\\\/\",\"url\":\"https:\\\/\\\/obb.de\\\/en\\\/shop\\\/produkte\\\/schwarzwald-merlin-biokissen\\\/\",\"name\":\"Schwarzwald \\\"Merlin\\\" Biokissen\",\"isPartOf\":{\"@id\":\"https:\\\/\\\/obb.de\\\/en\\\/oldsite\\\/#website\"},\"primaryImageOfPage\":{\"@id\":\"https:\\\/\\\/obb.de\\\/en\\\/shop\\\/produkte\\\/schwarzwald-merlin-biokissen\\\/#primaryimage\"},\"image\":{\"@id\":\"https:\\\/\\\/obb.de\\\/en\\\/shop\\\/produkte\\\/schwarzwald-merlin-biokissen\\\/#primaryimage\"},\"thumbnailUrl\":\"https:\\\/\\\/obb.de\\\/wp-content\\\/uploads\\\/2020\\\/04\\\/Schwarzwald-Merle_naturbelassen.jpg\",\"datePublished\":\"2021-08-10T08:03:33+00:00\",\"dateModified\":\"2026-04-08T09:25:51+00:00\",\"description\":\"\u201cGOTS\u201d zertifizierte Biokopfkissen aus der OBB Schwarzwald Bio \u201cMerlin\u201d Produktlinie\",\"breadcrumb\":{\"@id\":\"https:\\\/\\\/obb.de\\\/en\\\/shop\\\/produkte\\\/schwarzwald-merlin-biokissen\\\/#breadcrumb\"},\"inLanguage\":\"en-US\",\"potentialAction\":[{\"@type\":\"ReadAction\",\"target\":[\"https:\\\/\\\/obb.de\\\/en\\\/shop\\\/produkte\\\/schwarzwald-merlin-biokissen\\\/\"]}]},{\"@type\":\"ImageObject\",\"inLanguage\":\"en-US\",\"@id\":\"https:\\\/\\\/obb.de\\\/en\\\/shop\\\/produkte\\\/schwarzwald-merlin-biokissen\\\/#primaryimage\",\"url\":\"https:\\\/\\\/obb.de\\\/wp-content\\\/uploads\\\/2020\\\/04\\\/Schwarzwald-Merle_naturbelassen.jpg\",\"contentUrl\":\"https:\\\/\\\/obb.de\\\/wp-content\\\/uploads\\\/2020\\\/04\\\/Schwarzwald-Merle_naturbelassen.jpg\",\"width\":1382,\"height\":922},{\"@type\":\"BreadcrumbList\",\"@id\":\"https:\\\/\\\/obb.de\\\/en\\\/shop\\\/produkte\\\/schwarzwald-merlin-biokissen\\\/#breadcrumb\",\"itemListElement\":[{\"@type\":\"ListItem\",\"position\":1,\"name\":\"Startseite\",\"item\":\"https:\\\/\\\/obb.de\\\/en\\\/home\\\/\"},{\"@type\":\"ListItem\",\"position\":2,\"name\":\"Products\",\"item\":\"https:\\\/\\\/obb.de\\\/en\\\/shop\\\/\"},{\"@type\":\"ListItem\",\"position\":3,\"name\":\"Schwarzwald &#8222;Merlin&#8220; Biokissen\"}]},{\"@type\":\"WebSite\",\"@id\":\"https:\\\/\\\/obb.de\\\/en\\\/oldsite\\\/#website\",\"url\":\"https:\\\/\\\/obb.de\\\/en\\\/oldsite\\\/\",\"name\":\"OBB Oberbadische Bettfedernfabrik GmbH\",\"description\":\"Traumhaft Seit 1900\",\"publisher\":{\"@id\":\"https:\\\/\\\/obb.de\\\/en\\\/oldsite\\\/#organization\"},\"potentialAction\":[{\"@type\":\"SearchAction\",\"target\":{\"@type\":\"EntryPoint\",\"urlTemplate\":\"https:\\\/\\\/obb.de\\\/en\\\/oldsite\\\/?s={search_term_string}\"},\"query-input\":{\"@type\":\"PropertyValueSpecification\",\"valueRequired\":true,\"valueName\":\"search_term_string\"}}],\"inLanguage\":\"en-US\"},{\"@type\":\"Organization\",\"@id\":\"https:\\\/\\\/obb.de\\\/en\\\/oldsite\\\/#organization\",\"name\":\"OBB GmbH\",\"url\":\"https:\\\/\\\/obb.de\\\/en\\\/oldsite\\\/\",\"logo\":{\"@type\":\"ImageObject\",\"inLanguage\":\"en-US\",\"@id\":\"https:\\\/\\\/obb.de\\\/en\\\/oldsite\\\/#\\\/schema\\\/logo\\\/image\\\/\",\"url\":\"https:\\\/\\\/obb.de\\\/wp-content\\\/uploads\\\/2019\\\/07\\\/OBB_Logo_4c_Deutsch_Signatur-2.jpg\",\"contentUrl\":\"https:\\\/\\\/obb.de\\\/wp-content\\\/uploads\\\/2019\\\/07\\\/OBB_Logo_4c_Deutsch_Signatur-2.jpg\",\"width\":707,\"height\":230,\"caption\":\"OBB GmbH\"},\"image\":{\"@id\":\"https:\\\/\\\/obb.de\\\/en\\\/oldsite\\\/#\\\/schema\\\/logo\\\/image\\\/\"}}]}<\/script>\n<!-- \/ Yoast SEO plugin. -->","yoast_head_json":{"title":"Schwarzwald \"Merlin\" Biokissen","description":"\u201cGOTS\u201d zertifizierte Biokopfkissen aus der OBB Schwarzwald Bio \u201cMerlin\u201d Produktlinie","robots":{"index":"index","follow":"follow","max-snippet":"max-snippet:-1","max-image-preview":"max-image-preview:large","max-video-preview":"max-video-preview:-1"},"canonical":"https:\/\/obb.de\/en\/shop\/produkte\/schwarzwald-merlin-biokissen\/","og_locale":"en_US","og_type":"article","og_title":"Schwarzwald \"Merlin\" Biokissen","og_description":"\u201cGOTS\u201d zertifizierte Biokopfkissen aus der OBB Schwarzwald Bio \u201cMerlin\u201d Produktlinie","og_url":"https:\/\/obb.de\/en\/shop\/produkte\/schwarzwald-merlin-biokissen\/","og_site_name":"OBB Oberbadische Bettfedernfabrik GmbH","article_modified_time":"2026-04-08T09:25:51+00:00","og_image":[{"width":1382,"height":922,"url":"https:\/\/obb.de\/wp-content\/uploads\/2020\/04\/Schwarzwald-Merle_naturbelassen.jpg","type":"image\/jpeg"}],"twitter_card":"summary_large_image","twitter_misc":{"Est. reading time":"1 minute"},"schema":{"@context":"https:\/\/schema.org","@graph":[{"@type":"WebPage","@id":"https:\/\/obb.de\/en\/shop\/produkte\/schwarzwald-merlin-biokissen\/","url":"https:\/\/obb.de\/en\/shop\/produkte\/schwarzwald-merlin-biokissen\/","name":"Schwarzwald \"Merlin\" Biokissen","isPartOf":{"@id":"https:\/\/obb.de\/en\/oldsite\/#website"},"primaryImageOfPage":{"@id":"https:\/\/obb.de\/en\/shop\/produkte\/schwarzwald-merlin-biokissen\/#primaryimage"},"image":{"@id":"https:\/\/obb.de\/en\/shop\/produkte\/schwarzwald-merlin-biokissen\/#primaryimage"},"thumbnailUrl":"https:\/\/obb.de\/wp-content\/uploads\/2020\/04\/Schwarzwald-Merle_naturbelassen.jpg","datePublished":"2021-08-10T08:03:33+00:00","dateModified":"2026-04-08T09:25:51+00:00","description":"\u201cGOTS\u201d zertifizierte Biokopfkissen aus der OBB Schwarzwald Bio \u201cMerlin\u201d Produktlinie","breadcrumb":{"@id":"https:\/\/obb.de\/en\/shop\/produkte\/schwarzwald-merlin-biokissen\/#breadcrumb"},"inLanguage":"en-US","potentialAction":[{"@type":"ReadAction","target":["https:\/\/obb.de\/en\/shop\/produkte\/schwarzwald-merlin-biokissen\/"]}]},{"@type":"ImageObject","inLanguage":"en-US","@id":"https:\/\/obb.de\/en\/shop\/produkte\/schwarzwald-merlin-biokissen\/#primaryimage","url":"https:\/\/obb.de\/wp-content\/uploads\/2020\/04\/Schwarzwald-Merle_naturbelassen.jpg","contentUrl":"https:\/\/obb.de\/wp-content\/uploads\/2020\/04\/Schwarzwald-Merle_naturbelassen.jpg","width":1382,"height":922},{"@type":"BreadcrumbList","@id":"https:\/\/obb.de\/en\/shop\/produkte\/schwarzwald-merlin-biokissen\/#breadcrumb","itemListElement":[{"@type":"ListItem","position":1,"name":"Startseite","item":"https:\/\/obb.de\/en\/home\/"},{"@type":"ListItem","position":2,"name":"Products","item":"https:\/\/obb.de\/en\/shop\/"},{"@type":"ListItem","position":3,"name":"Schwarzwald &#8222;Merlin&#8220; Biokissen"}]},{"@type":"WebSite","@id":"https:\/\/obb.de\/en\/oldsite\/#website","url":"https:\/\/obb.de\/en\/oldsite\/","name":"OBB Oberbadische Bettfedernfabrik GmbH","description":"Traumhaft Seit 1900","publisher":{"@id":"https:\/\/obb.de\/en\/oldsite\/#organization"},"potentialAction":[{"@type":"SearchAction","target":{"@type":"EntryPoint","urlTemplate":"https:\/\/obb.de\/en\/oldsite\/?s={search_term_string}"},"query-input":{"@type":"PropertyValueSpecification","valueRequired":true,"valueName":"search_term_string"}}],"inLanguage":"en-US"},{"@type":"Organization","@id":"https:\/\/obb.de\/en\/oldsite\/#organization","name":"OBB GmbH","url":"https:\/\/obb.de\/en\/oldsite\/","logo":{"@type":"ImageObject","inLanguage":"en-US","@id":"https:\/\/obb.de\/en\/oldsite\/#\/schema\/logo\/image\/","url":"https:\/\/obb.de\/wp-content\/uploads\/2019\/07\/OBB_Logo_4c_Deutsch_Signatur-2.jpg","contentUrl":"https:\/\/obb.de\/wp-content\/uploads\/2019\/07\/OBB_Logo_4c_Deutsch_Signatur-2.jpg","width":707,"height":230,"caption":"OBB GmbH"},"image":{"@id":"https:\/\/obb.de\/en\/oldsite\/#\/schema\/logo\/image\/"}}]}},"_links":{"self":[{"href":"https:\/\/obb.de\/en\/wp-json\/wp\/v2\/product\/9681","targetHints":{"allow":["GET"]}}],"collection":[{"href":"https:\/\/obb.de\/en\/wp-json\/wp\/v2\/product"}],"about":[{"href":"https:\/\/obb.de\/en\/wp-json\/wp\/v2\/types\/product"}],"replies":[{"embeddable":true,"href":"https:\/\/obb.de\/en\/wp-json\/wp\/v2\/comments?post=9681"}],"wp:featuredmedia":[{"embeddable":true,"href":"https:\/\/obb.de\/en\/wp-json\/wp\/v2\/media\/9167"}],"wp:attachment":[{"href":"https:\/\/obb.de\/en\/wp-json\/wp\/v2\/media?parent=9681"}],"wp:term":[{"taxonomy":"product_brand","embeddable":true,"href":"https:\/\/obb.de\/en\/wp-json\/wp\/v2\/product_brand?post=9681"},{"taxonomy":"product_cat","embeddable":true,"href":"https:\/\/obb.de\/en\/wp-json\/wp\/v2\/product_cat?post=9681"},{"taxonomy":"product_tag","embeddable":true,"href":"https:\/\/obb.de\/en\/wp-json\/wp\/v2\/product_tag?post=9681"}],"curies":[{"name":"wp","href":"https:\/\/api.w.org\/{rel}","templated":true}]}}