{"id":18738,"date":"2026-03-05T15:19:05","date_gmt":"2026-03-05T13:19:05","guid":{"rendered":"https:\/\/obb.de\/?post_type=product&#038;p=18738"},"modified":"2026-03-12T12:01:35","modified_gmt":"2026-03-12T10:01:35","slug":"kochfeste-kissen","status":"publish","type":"product","link":"https:\/\/obb.de\/en\/shop\/produkte\/kochfeste-kissen\/","title":{"rendered":"Kochfeste Kissen bis 95\u202f\u00b0C waschbar"},"content":{"rendered":"","protected":false},"excerpt":{"rendered":"<p>Entdecke unser kochfestes Programm:<\/p>\n<p>Decken in der Gr\u00f6\u00dfe <strong>40&#215;80\/ 80&#215;80<\/strong> <strong>\/ 60&#215;70<\/strong> in 3 Festigkeiten.<\/p>\n<p><strong>Hygienisch, strapazierf\u00e4hig und angenehm \u2013 das perfekte Kissen f\u00fcr h\u00f6chste Anspr\u00fcche.<\/strong><\/p>\n<div>\n<p>Dieses Kissen wurde speziell f\u00fcr Umgebungen entwickelt, in denen Sauberkeit und Langlebigkeit an erster Stelle stehen. Dank ihres <strong>kochfesten Eigenschaften<\/strong> l\u00e4sst es sich problemlos bei <strong>bis zu 95\u202f\u00b0C waschen<\/strong>, wodurch selbst hartn\u00e4ckige Verschmutzungen, Bakterien und Allergene zuverl\u00e4ssig entfernt werden. Ideal f\u00fcr <strong>Allergiker<\/strong>, Ferienwohnungen und nat\u00fcrlich auch f\u00fcr den anspruchsvollen Haushalt.<\/p>\n<\/div>\n<p><a href=\"https:\/\/obb.de\/shop\/produkte\/kochfeste-decken\/\">Verpasse die Decken aus dem Programm nicht!<\/a><\/p>\n<p>Nur solange der Vorrat reicht.<\/p>\n","protected":false},"featured_media":18735,"comment_status":"closed","ping_status":"closed","template":"","meta":[],"product_brand":[],"product_cat":[720,395,457],"product_tag":[],"class_list":{"0":"post-18738","1":"product","2":"type-product","3":"status-publish","4":"has-post-thumbnail","6":"product_cat-sale","7":"product_cat-kopfkissen","8":"product_cat-faserkissen","10":"first","11":"instock","12":"sale","13":"featured","14":"taxable","15":"shipping-taxable","16":"purchasable","17":"product-type-variable","18":"has-default-attributes"},"yoast_head":"<!-- This site is optimized with the Yoast SEO plugin v27.2 - https:\/\/yoast.com\/product\/yoast-seo-wordpress\/ -->\n<title>Kochfeste Kissen bis 95\u202f\u00b0C waschbar | OBB Oberbadische Bettfedernfabrik GmbH<\/title>\n<meta name=\"description\" content=\"SALE Kochfeste Kissen: Hygienisch, strapazierf\u00e4hig und angenehm weich \u2013 ideal f\u00fcr Allergiker und f\u00fcr den anspruchsvollen Haushalt. Jetzt stark reduziert!\" \/>\n<meta name=\"robots\" content=\"index, follow, max-snippet:-1, max-image-preview:large, max-video-preview:-1\" \/>\n<link rel=\"canonical\" href=\"https:\/\/obb.de\/en\/shop\/produkte\/kochfeste-kissen\/\" \/>\n<meta property=\"og:locale\" content=\"en_US\" \/>\n<meta property=\"og:type\" content=\"article\" \/>\n<meta property=\"og:title\" content=\"Kochfeste Kissen bis 95\u202f\u00b0C waschbar | OBB Oberbadische Bettfedernfabrik GmbH\" \/>\n<meta property=\"og:description\" content=\"SALE Kochfeste Kissen: Hygienisch, strapazierf\u00e4hig und angenehm weich \u2013 ideal f\u00fcr Allergiker und f\u00fcr den anspruchsvollen Haushalt. Jetzt stark reduziert!\" \/>\n<meta property=\"og:url\" content=\"https:\/\/obb.de\/en\/shop\/produkte\/kochfeste-kissen\/\" \/>\n<meta property=\"og:site_name\" content=\"OBB Oberbadische Bettfedernfabrik GmbH\" \/>\n<meta property=\"article:modified_time\" content=\"2026-03-12T10:01:35+00:00\" \/>\n<meta property=\"og:image\" content=\"https:\/\/obb.de\/wp-content\/uploads\/2025\/12\/Traumwohl.jpg\" \/>\n\t<meta property=\"og:image:width\" content=\"2560\" \/>\n\t<meta property=\"og:image:height\" content=\"1578\" \/>\n\t<meta property=\"og:image:type\" content=\"image\/jpeg\" \/>\n<meta name=\"twitter:card\" content=\"summary_large_image\" \/>\n<meta name=\"twitter:label1\" content=\"Est. reading time\" \/>\n\t<meta name=\"twitter:data1\" content=\"1 minute\" \/>\n<script type=\"application\/ld+json\" class=\"yoast-schema-graph\">{\"@context\":\"https:\/\/schema.org\",\"@graph\":[{\"@type\":\"WebPage\",\"@id\":\"https:\/\/obb.de\/en\/shop\/produkte\/kochfeste-kissen\/\",\"url\":\"https:\/\/obb.de\/en\/shop\/produkte\/kochfeste-kissen\/\",\"name\":\"Kochfeste Kissen bis 95\u202f\u00b0C waschbar | OBB Oberbadische Bettfedernfabrik GmbH\",\"isPartOf\":{\"@id\":\"https:\/\/obb.de\/en\/oldsite\/#website\"},\"primaryImageOfPage\":{\"@id\":\"https:\/\/obb.de\/en\/shop\/produkte\/kochfeste-kissen\/#primaryimage\"},\"image\":{\"@id\":\"https:\/\/obb.de\/en\/shop\/produkte\/kochfeste-kissen\/#primaryimage\"},\"thumbnailUrl\":\"https:\/\/obb.de\/wp-content\/uploads\/2025\/12\/Traumwohl.jpg\",\"datePublished\":\"2026-03-05T13:19:05+00:00\",\"dateModified\":\"2026-03-12T10:01:35+00:00\",\"description\":\"SALE Kochfeste Kissen: Hygienisch, strapazierf\u00e4hig und angenehm weich \u2013 ideal f\u00fcr Allergiker und f\u00fcr den anspruchsvollen Haushalt. Jetzt stark reduziert!\",\"breadcrumb\":{\"@id\":\"https:\/\/obb.de\/en\/shop\/produkte\/kochfeste-kissen\/#breadcrumb\"},\"inLanguage\":\"en-US\",\"potentialAction\":[{\"@type\":\"ReadAction\",\"target\":[\"https:\/\/obb.de\/en\/shop\/produkte\/kochfeste-kissen\/\"]}]},{\"@type\":\"ImageObject\",\"inLanguage\":\"en-US\",\"@id\":\"https:\/\/obb.de\/en\/shop\/produkte\/kochfeste-kissen\/#primaryimage\",\"url\":\"https:\/\/obb.de\/wp-content\/uploads\/2025\/12\/Traumwohl.jpg\",\"contentUrl\":\"https:\/\/obb.de\/wp-content\/uploads\/2025\/12\/Traumwohl.jpg\",\"width\":2560,\"height\":1578},{\"@type\":\"BreadcrumbList\",\"@id\":\"https:\/\/obb.de\/en\/shop\/produkte\/kochfeste-kissen\/#breadcrumb\",\"itemListElement\":[{\"@type\":\"ListItem\",\"position\":1,\"name\":\"Startseite\",\"item\":\"https:\/\/obb.de\/en\/home\/\"},{\"@type\":\"ListItem\",\"position\":2,\"name\":\"Products\",\"item\":\"https:\/\/obb.de\/en\/shop\/\"},{\"@type\":\"ListItem\",\"position\":3,\"name\":\"Kochfeste Kissen bis 95\u202f\u00b0C waschbar\"}]},{\"@type\":\"WebSite\",\"@id\":\"https:\/\/obb.de\/en\/oldsite\/#website\",\"url\":\"https:\/\/obb.de\/en\/oldsite\/\",\"name\":\"OBB Oberbadische Bettfedernfabrik GmbH\",\"description\":\"Traumhaft Seit 1900\",\"publisher\":{\"@id\":\"https:\/\/obb.de\/en\/oldsite\/#organization\"},\"potentialAction\":[{\"@type\":\"SearchAction\",\"target\":{\"@type\":\"EntryPoint\",\"urlTemplate\":\"https:\/\/obb.de\/en\/oldsite\/?s={search_term_string}\"},\"query-input\":{\"@type\":\"PropertyValueSpecification\",\"valueRequired\":true,\"valueName\":\"search_term_string\"}}],\"inLanguage\":\"en-US\"},{\"@type\":\"Organization\",\"@id\":\"https:\/\/obb.de\/en\/oldsite\/#organization\",\"name\":\"OBB GmbH\",\"url\":\"https:\/\/obb.de\/en\/oldsite\/\",\"logo\":{\"@type\":\"ImageObject\",\"inLanguage\":\"en-US\",\"@id\":\"https:\/\/obb.de\/en\/oldsite\/#\/schema\/logo\/image\/\",\"url\":\"https:\/\/obb.de\/wp-content\/uploads\/2019\/07\/OBB_Logo_4c_Deutsch_Signatur-2.jpg\",\"contentUrl\":\"https:\/\/obb.de\/wp-content\/uploads\/2019\/07\/OBB_Logo_4c_Deutsch_Signatur-2.jpg\",\"width\":707,\"height\":230,\"caption\":\"OBB GmbH\"},\"image\":{\"@id\":\"https:\/\/obb.de\/en\/oldsite\/#\/schema\/logo\/image\/\"}}]}<\/script>\n<!-- \/ Yoast SEO plugin. -->","yoast_head_json":{"title":"Kochfeste Kissen bis 95\u202f\u00b0C waschbar | OBB Oberbadische Bettfedernfabrik GmbH","description":"SALE Kochfeste Kissen: Hygienisch, strapazierf\u00e4hig und angenehm weich \u2013 ideal f\u00fcr Allergiker und f\u00fcr den anspruchsvollen Haushalt. Jetzt stark reduziert!","robots":{"index":"index","follow":"follow","max-snippet":"max-snippet:-1","max-image-preview":"max-image-preview:large","max-video-preview":"max-video-preview:-1"},"canonical":"https:\/\/obb.de\/en\/shop\/produkte\/kochfeste-kissen\/","og_locale":"en_US","og_type":"article","og_title":"Kochfeste Kissen bis 95\u202f\u00b0C waschbar | OBB Oberbadische Bettfedernfabrik GmbH","og_description":"SALE Kochfeste Kissen: Hygienisch, strapazierf\u00e4hig und angenehm weich \u2013 ideal f\u00fcr Allergiker und f\u00fcr den anspruchsvollen Haushalt. Jetzt stark reduziert!","og_url":"https:\/\/obb.de\/en\/shop\/produkte\/kochfeste-kissen\/","og_site_name":"OBB Oberbadische Bettfedernfabrik GmbH","article_modified_time":"2026-03-12T10:01:35+00:00","og_image":[{"width":2560,"height":1578,"url":"https:\/\/obb.de\/wp-content\/uploads\/2025\/12\/Traumwohl.jpg","type":"image\/jpeg"}],"twitter_card":"summary_large_image","twitter_misc":{"Est. reading time":"1 minute"},"schema":{"@context":"https:\/\/schema.org","@graph":[{"@type":"WebPage","@id":"https:\/\/obb.de\/en\/shop\/produkte\/kochfeste-kissen\/","url":"https:\/\/obb.de\/en\/shop\/produkte\/kochfeste-kissen\/","name":"Kochfeste Kissen bis 95\u202f\u00b0C waschbar | OBB Oberbadische Bettfedernfabrik GmbH","isPartOf":{"@id":"https:\/\/obb.de\/en\/oldsite\/#website"},"primaryImageOfPage":{"@id":"https:\/\/obb.de\/en\/shop\/produkte\/kochfeste-kissen\/#primaryimage"},"image":{"@id":"https:\/\/obb.de\/en\/shop\/produkte\/kochfeste-kissen\/#primaryimage"},"thumbnailUrl":"https:\/\/obb.de\/wp-content\/uploads\/2025\/12\/Traumwohl.jpg","datePublished":"2026-03-05T13:19:05+00:00","dateModified":"2026-03-12T10:01:35+00:00","description":"SALE Kochfeste Kissen: Hygienisch, strapazierf\u00e4hig und angenehm weich \u2013 ideal f\u00fcr Allergiker und f\u00fcr den anspruchsvollen Haushalt. Jetzt stark reduziert!","breadcrumb":{"@id":"https:\/\/obb.de\/en\/shop\/produkte\/kochfeste-kissen\/#breadcrumb"},"inLanguage":"en-US","potentialAction":[{"@type":"ReadAction","target":["https:\/\/obb.de\/en\/shop\/produkte\/kochfeste-kissen\/"]}]},{"@type":"ImageObject","inLanguage":"en-US","@id":"https:\/\/obb.de\/en\/shop\/produkte\/kochfeste-kissen\/#primaryimage","url":"https:\/\/obb.de\/wp-content\/uploads\/2025\/12\/Traumwohl.jpg","contentUrl":"https:\/\/obb.de\/wp-content\/uploads\/2025\/12\/Traumwohl.jpg","width":2560,"height":1578},{"@type":"BreadcrumbList","@id":"https:\/\/obb.de\/en\/shop\/produkte\/kochfeste-kissen\/#breadcrumb","itemListElement":[{"@type":"ListItem","position":1,"name":"Startseite","item":"https:\/\/obb.de\/en\/home\/"},{"@type":"ListItem","position":2,"name":"Products","item":"https:\/\/obb.de\/en\/shop\/"},{"@type":"ListItem","position":3,"name":"Kochfeste Kissen bis 95\u202f\u00b0C waschbar"}]},{"@type":"WebSite","@id":"https:\/\/obb.de\/en\/oldsite\/#website","url":"https:\/\/obb.de\/en\/oldsite\/","name":"OBB Oberbadische Bettfedernfabrik GmbH","description":"Traumhaft Seit 1900","publisher":{"@id":"https:\/\/obb.de\/en\/oldsite\/#organization"},"potentialAction":[{"@type":"SearchAction","target":{"@type":"EntryPoint","urlTemplate":"https:\/\/obb.de\/en\/oldsite\/?s={search_term_string}"},"query-input":{"@type":"PropertyValueSpecification","valueRequired":true,"valueName":"search_term_string"}}],"inLanguage":"en-US"},{"@type":"Organization","@id":"https:\/\/obb.de\/en\/oldsite\/#organization","name":"OBB GmbH","url":"https:\/\/obb.de\/en\/oldsite\/","logo":{"@type":"ImageObject","inLanguage":"en-US","@id":"https:\/\/obb.de\/en\/oldsite\/#\/schema\/logo\/image\/","url":"https:\/\/obb.de\/wp-content\/uploads\/2019\/07\/OBB_Logo_4c_Deutsch_Signatur-2.jpg","contentUrl":"https:\/\/obb.de\/wp-content\/uploads\/2019\/07\/OBB_Logo_4c_Deutsch_Signatur-2.jpg","width":707,"height":230,"caption":"OBB GmbH"},"image":{"@id":"https:\/\/obb.de\/en\/oldsite\/#\/schema\/logo\/image\/"}}]}},"_links":{"self":[{"href":"https:\/\/obb.de\/en\/wp-json\/wp\/v2\/product\/18738","targetHints":{"allow":["GET"]}}],"collection":[{"href":"https:\/\/obb.de\/en\/wp-json\/wp\/v2\/product"}],"about":[{"href":"https:\/\/obb.de\/en\/wp-json\/wp\/v2\/types\/product"}],"replies":[{"embeddable":true,"href":"https:\/\/obb.de\/en\/wp-json\/wp\/v2\/comments?post=18738"}],"wp:featuredmedia":[{"embeddable":true,"href":"https:\/\/obb.de\/en\/wp-json\/wp\/v2\/media\/18735"}],"wp:attachment":[{"href":"https:\/\/obb.de\/en\/wp-json\/wp\/v2\/media?parent=18738"}],"wp:term":[{"taxonomy":"product_brand","embeddable":true,"href":"https:\/\/obb.de\/en\/wp-json\/wp\/v2\/product_brand?post=18738"},{"taxonomy":"product_cat","embeddable":true,"href":"https:\/\/obb.de\/en\/wp-json\/wp\/v2\/product_cat?post=18738"},{"taxonomy":"product_tag","embeddable":true,"href":"https:\/\/obb.de\/en\/wp-json\/wp\/v2\/product_tag?post=18738"}],"curies":[{"name":"wp","href":"https:\/\/api.w.org\/{rel}","templated":true}]}}