{"id":16444,"date":"2025-01-23T13:00:38","date_gmt":"2025-01-23T11:00:38","guid":{"rendered":"https:\/\/obb.de\/?post_type=product&#038;p=16444"},"modified":"2026-05-06T11:15:36","modified_gmt":"2026-05-06T09:15:36","slug":"schwarzwald-aktiv-daunendecke","status":"publish","type":"product","link":"https:\/\/obb.de\/en\/shop\/produkte\/schwarzwald-aktiv-daunendecke\/","title":{"rendered":"Schwarzwald AKTIV Daunendecke"},"content":{"rendered":"<div class=\"wpb-content-wrapper\"><p>[vc_row][vc_column][vc_column_text css=&#8221;&#8221; woodmart_inline=&#8221;no&#8221; text_larger=&#8221;no&#8221;]Die OBB Schwarzwald AKTIV Kollektion, wurde von uns entwickelt um unseren aktiven Mitmenschen einen besonders erholsamen und l\u00e4ngeren Tiefschlaf zu erm\u00f6glichen. Neben den europ\u00e4ischen Federn und Daunen der Klasse 1, besteht der Bezug aus <a href=\"https:\/\/celliant.com\/\">CELLIANT\u00ae<\/a>. Es ist eine Mischung ungef\u00e4hrlicher, nat\u00fcrlich vorkommender thermoreaktiver Mineralien, die in Garne, Textilfasern oder Stoffe eingearbeitet werden. Durch die Kombination der verwendeten Celliant Faser, kann eine gute Erholung im Schlaf eintreten. Hinzu ist ein Schlaf dank der unterst\u00fctzter Thermoregulierung wie auf Wolke 7 sicher.<\/p>\n<p>Alle unsere Kollektionen sind NOMITE ausgestattet, was sie besonders allergikerfreundlich macht. Daunen sind zudem sehr atmungsaktiv, feuchtigkeitsregulierend und temperaturregulierend, was f\u00fcr eine gute Schlafhygiene sehr wichtig ist. F\u00fcr den einheitlichen Look empfehlen wir die Kassettendecken &#8220;AKTIV&#8221;.<\/p>\n<p>Unterschied zu den Produkten von unseren Mitbewerbern: nur bei uns wird die Celliant Faser direkt in den Bezug miteingewoben, wie bei Sensitive bzw. Smartcel auch. Der Bezug von Schwarzwald Aktiv besteht aus 25%Celliant\/25%Modal\/50%Polyester<\/p>\n<p>[\/vc_column_text][\/vc_column][\/vc_row]<\/p>\n<\/div>","protected":false},"excerpt":{"rendered":"<p>[vc_row][vc_column][vc_column_text css=&#8221;&#8221; woodmart_inline=&#8221;no&#8221; text_larger=&#8221;no&#8221;]Die OBB Schwarzwald AKTIV Kollektion, wurde von uns entwickelt um unseren aktiven Mitmenschen einen besonders erholsamen und<\/p>\n","protected":false},"featured_media":16426,"comment_status":"closed","ping_status":"closed","template":"","meta":[],"product_brand":[],"product_cat":[390,768,798,799],"product_tag":[],"class_list":{"0":"post-16444","1":"product","2":"type-product","3":"status-publish","4":"has-post-thumbnail","6":"product_cat-daunendecken","7":"product_cat-schwarzwald-aktiv","8":"product_cat-135x200","9":"product_cat-155x220","11":"first","12":"instock","13":"taxable","14":"shipping-taxable","15":"purchasable","16":"product-type-variable","17":"has-default-attributes"},"yoast_head":"<!-- This site is optimized with the Yoast SEO plugin v27.5 - https:\/\/yoast.com\/product\/yoast-seo-wordpress\/ -->\n<title>Schwarzwald AKTIV Daunendecke<\/title>\n<meta name=\"description\" content=\"Schwarzwald AKTIV Daunendecke f\u00fcr einen besonders erholsamen und L\u00c4NGEREN TIEFSCHLAF! Erhole dich, damit du so aktiv sein kannst, wie du m\u00f6chtest!\" \/>\n<meta name=\"robots\" content=\"index, follow, max-snippet:-1, max-image-preview:large, max-video-preview:-1\" \/>\n<link rel=\"canonical\" href=\"https:\/\/obb.de\/en\/shop\/produkte\/schwarzwald-aktiv-daunendecke\/\" \/>\n<meta property=\"og:locale\" content=\"en_US\" \/>\n<meta property=\"og:type\" content=\"article\" \/>\n<meta property=\"og:title\" content=\"Schwarzwald AKTIV Daunendecke\" \/>\n<meta property=\"og:description\" content=\"Schwarzwald AKTIV Daunendecke f\u00fcr einen besonders erholsamen und L\u00c4NGEREN TIEFSCHLAF! Erhole dich, damit du so aktiv sein kannst, wie du m\u00f6chtest!\" \/>\n<meta property=\"og:url\" content=\"https:\/\/obb.de\/en\/shop\/produkte\/schwarzwald-aktiv-daunendecke\/\" \/>\n<meta property=\"og:site_name\" content=\"OBB Oberbadische Bettfedernfabrik GmbH\" \/>\n<meta property=\"article:modified_time\" content=\"2026-05-06T09:15:36+00:00\" \/>\n<meta property=\"og:image\" content=\"https:\/\/obb.de\/wp-content\/uploads\/2025\/01\/Schwarzwald_Aktiv_40x80_80x80_Decke_03.jpg\" \/>\n\t<meta property=\"og:image:width\" content=\"1266\" \/>\n\t<meta property=\"og:image:height\" content=\"844\" \/>\n\t<meta property=\"og:image:type\" content=\"image\/jpeg\" \/>\n<meta name=\"twitter:card\" content=\"summary_large_image\" \/>\n<meta name=\"twitter:label1\" content=\"Est. reading time\" \/>\n\t<meta name=\"twitter:data1\" content=\"2 minutes\" \/>\n<script type=\"application\/ld+json\" class=\"yoast-schema-graph\">{\"@context\":\"https:\\\/\\\/schema.org\",\"@graph\":[{\"@type\":\"WebPage\",\"@id\":\"https:\\\/\\\/obb.de\\\/en\\\/shop\\\/produkte\\\/schwarzwald-aktiv-daunendecke\\\/\",\"url\":\"https:\\\/\\\/obb.de\\\/en\\\/shop\\\/produkte\\\/schwarzwald-aktiv-daunendecke\\\/\",\"name\":\"Schwarzwald AKTIV Daunendecke\",\"isPartOf\":{\"@id\":\"https:\\\/\\\/obb.de\\\/en\\\/oldsite\\\/#website\"},\"primaryImageOfPage\":{\"@id\":\"https:\\\/\\\/obb.de\\\/en\\\/shop\\\/produkte\\\/schwarzwald-aktiv-daunendecke\\\/#primaryimage\"},\"image\":{\"@id\":\"https:\\\/\\\/obb.de\\\/en\\\/shop\\\/produkte\\\/schwarzwald-aktiv-daunendecke\\\/#primaryimage\"},\"thumbnailUrl\":\"https:\\\/\\\/obb.de\\\/wp-content\\\/uploads\\\/2025\\\/01\\\/Schwarzwald_Aktiv_40x80_80x80_Decke_03.jpg\",\"datePublished\":\"2025-01-23T11:00:38+00:00\",\"dateModified\":\"2026-05-06T09:15:36+00:00\",\"description\":\"Schwarzwald AKTIV Daunendecke f\u00fcr einen besonders erholsamen und L\u00c4NGEREN TIEFSCHLAF! Erhole dich, damit du so aktiv sein kannst, wie du m\u00f6chtest!\",\"breadcrumb\":{\"@id\":\"https:\\\/\\\/obb.de\\\/en\\\/shop\\\/produkte\\\/schwarzwald-aktiv-daunendecke\\\/#breadcrumb\"},\"inLanguage\":\"en-US\",\"potentialAction\":[{\"@type\":\"ReadAction\",\"target\":[\"https:\\\/\\\/obb.de\\\/en\\\/shop\\\/produkte\\\/schwarzwald-aktiv-daunendecke\\\/\"]}]},{\"@type\":\"ImageObject\",\"inLanguage\":\"en-US\",\"@id\":\"https:\\\/\\\/obb.de\\\/en\\\/shop\\\/produkte\\\/schwarzwald-aktiv-daunendecke\\\/#primaryimage\",\"url\":\"https:\\\/\\\/obb.de\\\/wp-content\\\/uploads\\\/2025\\\/01\\\/Schwarzwald_Aktiv_40x80_80x80_Decke_03.jpg\",\"contentUrl\":\"https:\\\/\\\/obb.de\\\/wp-content\\\/uploads\\\/2025\\\/01\\\/Schwarzwald_Aktiv_40x80_80x80_Decke_03.jpg\",\"width\":1266,\"height\":844},{\"@type\":\"BreadcrumbList\",\"@id\":\"https:\\\/\\\/obb.de\\\/en\\\/shop\\\/produkte\\\/schwarzwald-aktiv-daunendecke\\\/#breadcrumb\",\"itemListElement\":[{\"@type\":\"ListItem\",\"position\":1,\"name\":\"Startseite\",\"item\":\"https:\\\/\\\/obb.de\\\/en\\\/home\\\/\"},{\"@type\":\"ListItem\",\"position\":2,\"name\":\"Products\",\"item\":\"https:\\\/\\\/obb.de\\\/en\\\/shop\\\/\"},{\"@type\":\"ListItem\",\"position\":3,\"name\":\"Schwarzwald AKTIV Daunendecke\"}]},{\"@type\":\"WebSite\",\"@id\":\"https:\\\/\\\/obb.de\\\/en\\\/oldsite\\\/#website\",\"url\":\"https:\\\/\\\/obb.de\\\/en\\\/oldsite\\\/\",\"name\":\"OBB Oberbadische Bettfedernfabrik GmbH\",\"description\":\"Traumhaft Seit 1900\",\"publisher\":{\"@id\":\"https:\\\/\\\/obb.de\\\/en\\\/oldsite\\\/#organization\"},\"potentialAction\":[{\"@type\":\"SearchAction\",\"target\":{\"@type\":\"EntryPoint\",\"urlTemplate\":\"https:\\\/\\\/obb.de\\\/en\\\/oldsite\\\/?s={search_term_string}\"},\"query-input\":{\"@type\":\"PropertyValueSpecification\",\"valueRequired\":true,\"valueName\":\"search_term_string\"}}],\"inLanguage\":\"en-US\"},{\"@type\":\"Organization\",\"@id\":\"https:\\\/\\\/obb.de\\\/en\\\/oldsite\\\/#organization\",\"name\":\"OBB GmbH\",\"url\":\"https:\\\/\\\/obb.de\\\/en\\\/oldsite\\\/\",\"logo\":{\"@type\":\"ImageObject\",\"inLanguage\":\"en-US\",\"@id\":\"https:\\\/\\\/obb.de\\\/en\\\/oldsite\\\/#\\\/schema\\\/logo\\\/image\\\/\",\"url\":\"https:\\\/\\\/obb.de\\\/wp-content\\\/uploads\\\/2019\\\/07\\\/OBB_Logo_4c_Deutsch_Signatur-2.jpg\",\"contentUrl\":\"https:\\\/\\\/obb.de\\\/wp-content\\\/uploads\\\/2019\\\/07\\\/OBB_Logo_4c_Deutsch_Signatur-2.jpg\",\"width\":707,\"height\":230,\"caption\":\"OBB GmbH\"},\"image\":{\"@id\":\"https:\\\/\\\/obb.de\\\/en\\\/oldsite\\\/#\\\/schema\\\/logo\\\/image\\\/\"}}]}<\/script>\n<!-- \/ Yoast SEO plugin. -->","yoast_head_json":{"title":"Schwarzwald AKTIV Daunendecke","description":"Schwarzwald AKTIV Daunendecke f\u00fcr einen besonders erholsamen und L\u00c4NGEREN TIEFSCHLAF! Erhole dich, damit du so aktiv sein kannst, wie du m\u00f6chtest!","robots":{"index":"index","follow":"follow","max-snippet":"max-snippet:-1","max-image-preview":"max-image-preview:large","max-video-preview":"max-video-preview:-1"},"canonical":"https:\/\/obb.de\/en\/shop\/produkte\/schwarzwald-aktiv-daunendecke\/","og_locale":"en_US","og_type":"article","og_title":"Schwarzwald AKTIV Daunendecke","og_description":"Schwarzwald AKTIV Daunendecke f\u00fcr einen besonders erholsamen und L\u00c4NGEREN TIEFSCHLAF! Erhole dich, damit du so aktiv sein kannst, wie du m\u00f6chtest!","og_url":"https:\/\/obb.de\/en\/shop\/produkte\/schwarzwald-aktiv-daunendecke\/","og_site_name":"OBB Oberbadische Bettfedernfabrik GmbH","article_modified_time":"2026-05-06T09:15:36+00:00","og_image":[{"width":1266,"height":844,"url":"https:\/\/obb.de\/wp-content\/uploads\/2025\/01\/Schwarzwald_Aktiv_40x80_80x80_Decke_03.jpg","type":"image\/jpeg"}],"twitter_card":"summary_large_image","twitter_misc":{"Est. reading time":"2 minutes"},"schema":{"@context":"https:\/\/schema.org","@graph":[{"@type":"WebPage","@id":"https:\/\/obb.de\/en\/shop\/produkte\/schwarzwald-aktiv-daunendecke\/","url":"https:\/\/obb.de\/en\/shop\/produkte\/schwarzwald-aktiv-daunendecke\/","name":"Schwarzwald AKTIV Daunendecke","isPartOf":{"@id":"https:\/\/obb.de\/en\/oldsite\/#website"},"primaryImageOfPage":{"@id":"https:\/\/obb.de\/en\/shop\/produkte\/schwarzwald-aktiv-daunendecke\/#primaryimage"},"image":{"@id":"https:\/\/obb.de\/en\/shop\/produkte\/schwarzwald-aktiv-daunendecke\/#primaryimage"},"thumbnailUrl":"https:\/\/obb.de\/wp-content\/uploads\/2025\/01\/Schwarzwald_Aktiv_40x80_80x80_Decke_03.jpg","datePublished":"2025-01-23T11:00:38+00:00","dateModified":"2026-05-06T09:15:36+00:00","description":"Schwarzwald AKTIV Daunendecke f\u00fcr einen besonders erholsamen und L\u00c4NGEREN TIEFSCHLAF! Erhole dich, damit du so aktiv sein kannst, wie du m\u00f6chtest!","breadcrumb":{"@id":"https:\/\/obb.de\/en\/shop\/produkte\/schwarzwald-aktiv-daunendecke\/#breadcrumb"},"inLanguage":"en-US","potentialAction":[{"@type":"ReadAction","target":["https:\/\/obb.de\/en\/shop\/produkte\/schwarzwald-aktiv-daunendecke\/"]}]},{"@type":"ImageObject","inLanguage":"en-US","@id":"https:\/\/obb.de\/en\/shop\/produkte\/schwarzwald-aktiv-daunendecke\/#primaryimage","url":"https:\/\/obb.de\/wp-content\/uploads\/2025\/01\/Schwarzwald_Aktiv_40x80_80x80_Decke_03.jpg","contentUrl":"https:\/\/obb.de\/wp-content\/uploads\/2025\/01\/Schwarzwald_Aktiv_40x80_80x80_Decke_03.jpg","width":1266,"height":844},{"@type":"BreadcrumbList","@id":"https:\/\/obb.de\/en\/shop\/produkte\/schwarzwald-aktiv-daunendecke\/#breadcrumb","itemListElement":[{"@type":"ListItem","position":1,"name":"Startseite","item":"https:\/\/obb.de\/en\/home\/"},{"@type":"ListItem","position":2,"name":"Products","item":"https:\/\/obb.de\/en\/shop\/"},{"@type":"ListItem","position":3,"name":"Schwarzwald AKTIV Daunendecke"}]},{"@type":"WebSite","@id":"https:\/\/obb.de\/en\/oldsite\/#website","url":"https:\/\/obb.de\/en\/oldsite\/","name":"OBB Oberbadische Bettfedernfabrik GmbH","description":"Traumhaft Seit 1900","publisher":{"@id":"https:\/\/obb.de\/en\/oldsite\/#organization"},"potentialAction":[{"@type":"SearchAction","target":{"@type":"EntryPoint","urlTemplate":"https:\/\/obb.de\/en\/oldsite\/?s={search_term_string}"},"query-input":{"@type":"PropertyValueSpecification","valueRequired":true,"valueName":"search_term_string"}}],"inLanguage":"en-US"},{"@type":"Organization","@id":"https:\/\/obb.de\/en\/oldsite\/#organization","name":"OBB GmbH","url":"https:\/\/obb.de\/en\/oldsite\/","logo":{"@type":"ImageObject","inLanguage":"en-US","@id":"https:\/\/obb.de\/en\/oldsite\/#\/schema\/logo\/image\/","url":"https:\/\/obb.de\/wp-content\/uploads\/2019\/07\/OBB_Logo_4c_Deutsch_Signatur-2.jpg","contentUrl":"https:\/\/obb.de\/wp-content\/uploads\/2019\/07\/OBB_Logo_4c_Deutsch_Signatur-2.jpg","width":707,"height":230,"caption":"OBB GmbH"},"image":{"@id":"https:\/\/obb.de\/en\/oldsite\/#\/schema\/logo\/image\/"}}]}},"_links":{"self":[{"href":"https:\/\/obb.de\/en\/wp-json\/wp\/v2\/product\/16444","targetHints":{"allow":["GET"]}}],"collection":[{"href":"https:\/\/obb.de\/en\/wp-json\/wp\/v2\/product"}],"about":[{"href":"https:\/\/obb.de\/en\/wp-json\/wp\/v2\/types\/product"}],"replies":[{"embeddable":true,"href":"https:\/\/obb.de\/en\/wp-json\/wp\/v2\/comments?post=16444"}],"wp:featuredmedia":[{"embeddable":true,"href":"https:\/\/obb.de\/en\/wp-json\/wp\/v2\/media\/16426"}],"wp:attachment":[{"href":"https:\/\/obb.de\/en\/wp-json\/wp\/v2\/media?parent=16444"}],"wp:term":[{"taxonomy":"product_brand","embeddable":true,"href":"https:\/\/obb.de\/en\/wp-json\/wp\/v2\/product_brand?post=16444"},{"taxonomy":"product_cat","embeddable":true,"href":"https:\/\/obb.de\/en\/wp-json\/wp\/v2\/product_cat?post=16444"},{"taxonomy":"product_tag","embeddable":true,"href":"https:\/\/obb.de\/en\/wp-json\/wp\/v2\/product_tag?post=16444"}],"curies":[{"name":"wp","href":"https:\/\/api.w.org\/{rel}","templated":true}]}}