{"id":14231,"date":"2024-02-02T13:06:10","date_gmt":"2024-02-02T12:06:10","guid":{"rendered":"https:\/\/obb.de\/?post_type=product&#038;p=14231"},"modified":"2024-12-02T00:55:49","modified_gmt":"2024-12-01T22:55:49","slug":"weiss-und-edel","status":"publish","type":"product","link":"https:\/\/obb.de\/en\/shop\/produkte\/weiss-und-edel\/","title":{"rendered":"Wei\u00df &#038; Edel Daunendecke"},"content":{"rendered":"<p>Unsere hochwertige Kollektion &#8220;Wei\u00df &amp; Edel&#8221; \u00fcberzeugt durch softe und anschmiegsame H\u00fcllen und einer F\u00fcllung aus hochwertigen neuen, wei\u00dfen Daunen (Typ Eiderdaune) der Klasse 1 . Die Klettstruktur der Daunen macht die Decke sehr warm und leicht. Die Decken sind besonders atmungsaktiv und feuchtigkeitsausgleichend und sorgen damit f\u00fcr ein ausgeglichenes Betth\u00f6hlenklima. Durch die Ausstattung mit Nomite ist die Daunendecke auch f\u00fcr Hausstauballergiker bestens geeignet.<\/p>\n","protected":false},"excerpt":{"rendered":"<p>Unsere hochwertige Kollektion &#8220;Wei\u00df &amp; Edel&#8221; \u00fcberzeugt durch softe und anschmiegsame H\u00fcllen und einer F\u00fcllung aus hochwertigen neuen, wei\u00dfen Daunen<\/p>\n","protected":false},"featured_media":14244,"comment_status":"closed","ping_status":"closed","template":"","meta":[],"product_brand":[],"product_cat":[603,720,390],"product_tag":[],"class_list":{"0":"post-14231","1":"product","2":"type-product","3":"status-publish","4":"has-post-thumbnail","6":"product_cat-winterdecken","7":"product_cat-sale","8":"product_cat-daunendecken","10":"first","11":"outofstock","12":"featured","13":"taxable","14":"shipping-taxable","15":"product-type-variable","16":"has-default-attributes"},"yoast_head":"<!-- This site is optimized with the Yoast SEO plugin v27.2 - https:\/\/yoast.com\/product\/yoast-seo-wordpress\/ -->\n<title>Wei\u00df &amp; Edel Daunendecke<\/title>\n<meta name=\"description\" content=\"Sehr hochwertige Wei\u00df &amp; Edel Daunendecke mit besonders gro\u00dfen Daunen - Typ Eiderdaune. Anschmiegsamer Bezug kombiniert mit Leichtigkeit der Daunen.\" \/>\n<meta name=\"robots\" content=\"index, follow, max-snippet:-1, max-image-preview:large, max-video-preview:-1\" \/>\n<link rel=\"canonical\" href=\"https:\/\/obb.de\/en\/shop\/produkte\/weiss-und-edel\/\" \/>\n<meta property=\"og:locale\" content=\"en_US\" \/>\n<meta property=\"og:type\" content=\"article\" \/>\n<meta property=\"og:title\" content=\"Wei\u00df &amp; Edel Daunendecke\" \/>\n<meta property=\"og:description\" content=\"Sehr hochwertige Wei\u00df &amp; Edel Daunendecke mit besonders gro\u00dfen Daunen - Typ Eiderdaune. Anschmiegsamer Bezug kombiniert mit Leichtigkeit der Daunen.\" \/>\n<meta property=\"og:url\" content=\"https:\/\/obb.de\/en\/shop\/produkte\/weiss-und-edel\/\" \/>\n<meta property=\"og:site_name\" content=\"OBB Oberbadische Bettfedernfabrik GmbH\" \/>\n<meta property=\"article:modified_time\" content=\"2024-12-01T22:55:49+00:00\" \/>\n<meta property=\"og:image\" content=\"https:\/\/obb.de\/wp-content\/uploads\/2024\/02\/edel_weiss_Milieu_1-scaled.jpg\" \/>\n\t<meta property=\"og:image:width\" content=\"2560\" \/>\n\t<meta property=\"og:image:height\" content=\"1707\" \/>\n\t<meta property=\"og:image:type\" content=\"image\/jpeg\" \/>\n<meta name=\"twitter:card\" content=\"summary_large_image\" \/>\n<meta name=\"twitter:label1\" content=\"Est. reading time\" \/>\n\t<meta name=\"twitter:data1\" content=\"1 minute\" \/>\n<script type=\"application\/ld+json\" class=\"yoast-schema-graph\">{\"@context\":\"https:\/\/schema.org\",\"@graph\":[{\"@type\":\"WebPage\",\"@id\":\"https:\/\/obb.de\/en\/shop\/produkte\/weiss-und-edel\/\",\"url\":\"https:\/\/obb.de\/en\/shop\/produkte\/weiss-und-edel\/\",\"name\":\"Wei\u00df & Edel Daunendecke\",\"isPartOf\":{\"@id\":\"https:\/\/obb.de\/en\/oldsite\/#website\"},\"primaryImageOfPage\":{\"@id\":\"https:\/\/obb.de\/en\/shop\/produkte\/weiss-und-edel\/#primaryimage\"},\"image\":{\"@id\":\"https:\/\/obb.de\/en\/shop\/produkte\/weiss-und-edel\/#primaryimage\"},\"thumbnailUrl\":\"https:\/\/obb.de\/wp-content\/uploads\/2024\/02\/edel_weiss_Milieu_1-scaled.jpg\",\"datePublished\":\"2024-02-02T12:06:10+00:00\",\"dateModified\":\"2024-12-01T22:55:49+00:00\",\"description\":\"Sehr hochwertige Wei\u00df & Edel Daunendecke mit besonders gro\u00dfen Daunen - Typ Eiderdaune. Anschmiegsamer Bezug kombiniert mit Leichtigkeit der Daunen.\",\"breadcrumb\":{\"@id\":\"https:\/\/obb.de\/en\/shop\/produkte\/weiss-und-edel\/#breadcrumb\"},\"inLanguage\":\"en-US\",\"potentialAction\":[{\"@type\":\"ReadAction\",\"target\":[\"https:\/\/obb.de\/en\/shop\/produkte\/weiss-und-edel\/\"]}]},{\"@type\":\"ImageObject\",\"inLanguage\":\"en-US\",\"@id\":\"https:\/\/obb.de\/en\/shop\/produkte\/weiss-und-edel\/#primaryimage\",\"url\":\"https:\/\/obb.de\/wp-content\/uploads\/2024\/02\/edel_weiss_Milieu_1-scaled.jpg\",\"contentUrl\":\"https:\/\/obb.de\/wp-content\/uploads\/2024\/02\/edel_weiss_Milieu_1-scaled.jpg\",\"width\":2560,\"height\":1707},{\"@type\":\"BreadcrumbList\",\"@id\":\"https:\/\/obb.de\/en\/shop\/produkte\/weiss-und-edel\/#breadcrumb\",\"itemListElement\":[{\"@type\":\"ListItem\",\"position\":1,\"name\":\"Startseite\",\"item\":\"https:\/\/obb.de\/en\/home\/\"},{\"@type\":\"ListItem\",\"position\":2,\"name\":\"Products\",\"item\":\"https:\/\/obb.de\/en\/shop\/\"},{\"@type\":\"ListItem\",\"position\":3,\"name\":\"Wei\u00df &#038; Edel Daunendecke\"}]},{\"@type\":\"WebSite\",\"@id\":\"https:\/\/obb.de\/en\/oldsite\/#website\",\"url\":\"https:\/\/obb.de\/en\/oldsite\/\",\"name\":\"OBB Oberbadische Bettfedernfabrik GmbH\",\"description\":\"Traumhaft Seit 1900\",\"publisher\":{\"@id\":\"https:\/\/obb.de\/en\/oldsite\/#organization\"},\"potentialAction\":[{\"@type\":\"SearchAction\",\"target\":{\"@type\":\"EntryPoint\",\"urlTemplate\":\"https:\/\/obb.de\/en\/oldsite\/?s={search_term_string}\"},\"query-input\":{\"@type\":\"PropertyValueSpecification\",\"valueRequired\":true,\"valueName\":\"search_term_string\"}}],\"inLanguage\":\"en-US\"},{\"@type\":\"Organization\",\"@id\":\"https:\/\/obb.de\/en\/oldsite\/#organization\",\"name\":\"OBB GmbH\",\"url\":\"https:\/\/obb.de\/en\/oldsite\/\",\"logo\":{\"@type\":\"ImageObject\",\"inLanguage\":\"en-US\",\"@id\":\"https:\/\/obb.de\/en\/oldsite\/#\/schema\/logo\/image\/\",\"url\":\"https:\/\/obb.de\/wp-content\/uploads\/2019\/07\/OBB_Logo_4c_Deutsch_Signatur-2.jpg\",\"contentUrl\":\"https:\/\/obb.de\/wp-content\/uploads\/2019\/07\/OBB_Logo_4c_Deutsch_Signatur-2.jpg\",\"width\":707,\"height\":230,\"caption\":\"OBB GmbH\"},\"image\":{\"@id\":\"https:\/\/obb.de\/en\/oldsite\/#\/schema\/logo\/image\/\"}}]}<\/script>\n<!-- \/ Yoast SEO plugin. -->","yoast_head_json":{"title":"Wei\u00df & Edel Daunendecke","description":"Sehr hochwertige Wei\u00df & Edel Daunendecke mit besonders gro\u00dfen Daunen - Typ Eiderdaune. Anschmiegsamer Bezug kombiniert mit Leichtigkeit der Daunen.","robots":{"index":"index","follow":"follow","max-snippet":"max-snippet:-1","max-image-preview":"max-image-preview:large","max-video-preview":"max-video-preview:-1"},"canonical":"https:\/\/obb.de\/en\/shop\/produkte\/weiss-und-edel\/","og_locale":"en_US","og_type":"article","og_title":"Wei\u00df & Edel Daunendecke","og_description":"Sehr hochwertige Wei\u00df & Edel Daunendecke mit besonders gro\u00dfen Daunen - Typ Eiderdaune. Anschmiegsamer Bezug kombiniert mit Leichtigkeit der Daunen.","og_url":"https:\/\/obb.de\/en\/shop\/produkte\/weiss-und-edel\/","og_site_name":"OBB Oberbadische Bettfedernfabrik GmbH","article_modified_time":"2024-12-01T22:55:49+00:00","og_image":[{"width":2560,"height":1707,"url":"https:\/\/obb.de\/wp-content\/uploads\/2024\/02\/edel_weiss_Milieu_1-scaled.jpg","type":"image\/jpeg"}],"twitter_card":"summary_large_image","twitter_misc":{"Est. reading time":"1 minute"},"schema":{"@context":"https:\/\/schema.org","@graph":[{"@type":"WebPage","@id":"https:\/\/obb.de\/en\/shop\/produkte\/weiss-und-edel\/","url":"https:\/\/obb.de\/en\/shop\/produkte\/weiss-und-edel\/","name":"Wei\u00df & Edel Daunendecke","isPartOf":{"@id":"https:\/\/obb.de\/en\/oldsite\/#website"},"primaryImageOfPage":{"@id":"https:\/\/obb.de\/en\/shop\/produkte\/weiss-und-edel\/#primaryimage"},"image":{"@id":"https:\/\/obb.de\/en\/shop\/produkte\/weiss-und-edel\/#primaryimage"},"thumbnailUrl":"https:\/\/obb.de\/wp-content\/uploads\/2024\/02\/edel_weiss_Milieu_1-scaled.jpg","datePublished":"2024-02-02T12:06:10+00:00","dateModified":"2024-12-01T22:55:49+00:00","description":"Sehr hochwertige Wei\u00df & Edel Daunendecke mit besonders gro\u00dfen Daunen - Typ Eiderdaune. Anschmiegsamer Bezug kombiniert mit Leichtigkeit der Daunen.","breadcrumb":{"@id":"https:\/\/obb.de\/en\/shop\/produkte\/weiss-und-edel\/#breadcrumb"},"inLanguage":"en-US","potentialAction":[{"@type":"ReadAction","target":["https:\/\/obb.de\/en\/shop\/produkte\/weiss-und-edel\/"]}]},{"@type":"ImageObject","inLanguage":"en-US","@id":"https:\/\/obb.de\/en\/shop\/produkte\/weiss-und-edel\/#primaryimage","url":"https:\/\/obb.de\/wp-content\/uploads\/2024\/02\/edel_weiss_Milieu_1-scaled.jpg","contentUrl":"https:\/\/obb.de\/wp-content\/uploads\/2024\/02\/edel_weiss_Milieu_1-scaled.jpg","width":2560,"height":1707},{"@type":"BreadcrumbList","@id":"https:\/\/obb.de\/en\/shop\/produkte\/weiss-und-edel\/#breadcrumb","itemListElement":[{"@type":"ListItem","position":1,"name":"Startseite","item":"https:\/\/obb.de\/en\/home\/"},{"@type":"ListItem","position":2,"name":"Products","item":"https:\/\/obb.de\/en\/shop\/"},{"@type":"ListItem","position":3,"name":"Wei\u00df &#038; Edel Daunendecke"}]},{"@type":"WebSite","@id":"https:\/\/obb.de\/en\/oldsite\/#website","url":"https:\/\/obb.de\/en\/oldsite\/","name":"OBB Oberbadische Bettfedernfabrik GmbH","description":"Traumhaft Seit 1900","publisher":{"@id":"https:\/\/obb.de\/en\/oldsite\/#organization"},"potentialAction":[{"@type":"SearchAction","target":{"@type":"EntryPoint","urlTemplate":"https:\/\/obb.de\/en\/oldsite\/?s={search_term_string}"},"query-input":{"@type":"PropertyValueSpecification","valueRequired":true,"valueName":"search_term_string"}}],"inLanguage":"en-US"},{"@type":"Organization","@id":"https:\/\/obb.de\/en\/oldsite\/#organization","name":"OBB GmbH","url":"https:\/\/obb.de\/en\/oldsite\/","logo":{"@type":"ImageObject","inLanguage":"en-US","@id":"https:\/\/obb.de\/en\/oldsite\/#\/schema\/logo\/image\/","url":"https:\/\/obb.de\/wp-content\/uploads\/2019\/07\/OBB_Logo_4c_Deutsch_Signatur-2.jpg","contentUrl":"https:\/\/obb.de\/wp-content\/uploads\/2019\/07\/OBB_Logo_4c_Deutsch_Signatur-2.jpg","width":707,"height":230,"caption":"OBB GmbH"},"image":{"@id":"https:\/\/obb.de\/en\/oldsite\/#\/schema\/logo\/image\/"}}]}},"_links":{"self":[{"href":"https:\/\/obb.de\/en\/wp-json\/wp\/v2\/product\/14231","targetHints":{"allow":["GET"]}}],"collection":[{"href":"https:\/\/obb.de\/en\/wp-json\/wp\/v2\/product"}],"about":[{"href":"https:\/\/obb.de\/en\/wp-json\/wp\/v2\/types\/product"}],"replies":[{"embeddable":true,"href":"https:\/\/obb.de\/en\/wp-json\/wp\/v2\/comments?post=14231"}],"wp:featuredmedia":[{"embeddable":true,"href":"https:\/\/obb.de\/en\/wp-json\/wp\/v2\/media\/14244"}],"wp:attachment":[{"href":"https:\/\/obb.de\/en\/wp-json\/wp\/v2\/media?parent=14231"}],"wp:term":[{"taxonomy":"product_brand","embeddable":true,"href":"https:\/\/obb.de\/en\/wp-json\/wp\/v2\/product_brand?post=14231"},{"taxonomy":"product_cat","embeddable":true,"href":"https:\/\/obb.de\/en\/wp-json\/wp\/v2\/product_cat?post=14231"},{"taxonomy":"product_tag","embeddable":true,"href":"https:\/\/obb.de\/en\/wp-json\/wp\/v2\/product_tag?post=14231"}],"curies":[{"name":"wp","href":"https:\/\/api.w.org\/{rel}","templated":true}]}}