{"id":12680,"date":"2023-03-28T15:18:14","date_gmt":"2023-03-28T13:18:14","guid":{"rendered":"https:\/\/obb.de\/?post_type=product&#038;p=12680"},"modified":"2025-12-01T12:43:06","modified_gmt":"2025-12-01T10:43:06","slug":"obbs-sommerdeal-daunendecke","status":"publish","type":"product","link":"https:\/\/obb.de\/en\/shop\/produkte\/obbs-sommerdeal-daunendecke\/","title":{"rendered":"OBB&#8217;s Sommerdeal Daunendecke"},"content":{"rendered":"<p>Viele Menschen glauben, dass eine Daunendecke im Sommer viel zu warm ist. Aber: Daunen sind kleine Wunderwerke der Natur und gelten als Klimaanlage f\u00fcr das Bett. Sie haben ein wunderbares W\u00e4rmer\u00fcckhalteverm\u00f6gen, aber sie sind auch sehr atmungsaktiv und feuchtigkeitsregulierend. F\u00fcr die gew\u00fcnschte Leichtigkeit im Sommer kommt es nat\u00fcrlich auf die F\u00fcllmenge an und auch auf die Qualit\u00e4t der Daunen. Es gilt f\u00fcr Daunendecken grunds\u00e4tzlich, dass je h\u00f6her der Daunenanteil in der F\u00fcllung ist, desto hochwertiger ist die Daunendecke. Die hochwertigste Daunendecke ist zu 100% mit Daunen gef\u00fcllt \u2013 dann ist sie am leichtesten, bietet aber gleichzeitig alles, was es f\u00fcr eine wunderbare, kuschelige und angenehm warme Schlafh\u00f6hle ben\u00f6tigt.<\/p>\n<p>Diese Sommerdaunendecke besticht zum einen durch den au\u00dfergew\u00f6hnlich anschmiegsamen Bezug aus einem feinen Daunen-Batist und zum anderen durch die besonders hochwertige Daunenf\u00fcllung.<\/p>\n<p>Selbstverst\u00e4ndlich stammen die Daunen f\u00fcr dieses Produkt (und bei ALLEN unseren Produkten!) garantiert nicht aus Lebendrupf. Bei unseren Daunenprodukten verarbeiten wir garantiert nur Neuware, Klasse 1 nach EN 12934. Alle verwendeten Daunen und Federn stammen kompromisslos nur von geschlachteten Tieren. Lebendrupf und Daunen\/Federn aus Stopfleberproduktion werden bei uns nachweislich nicht verarbeitet. Wir arbeiten nur mit Lieferanten zusammen, die die Herkunft des Rohmaterials transparent und l\u00fcckenlos dokumentieren k\u00f6nnen.<\/p>\n","protected":false},"excerpt":{"rendered":"<p>Viele Menschen glauben, dass eine Daunendecke im Sommer viel zu warm ist. Aber: Daunen sind kleine Wunderwerke der Natur und<\/p>\n","protected":false},"featured_media":12697,"comment_status":"closed","ping_status":"closed","template":"","meta":[],"product_brand":[],"product_cat":[800,601,390,798,799],"product_tag":[],"class_list":{"0":"post-12680","1":"product","2":"type-product","3":"status-publish","4":"has-post-thumbnail","6":"product_cat-200x200","7":"product_cat-sommerdecken","8":"product_cat-daunendecken","9":"product_cat-135x200","10":"product_cat-155x220","12":"first","13":"instock","14":"taxable","15":"shipping-taxable","16":"purchasable","17":"product-type-variable","18":"has-default-attributes"},"yoast_head":"<!-- This site is optimized with the Yoast SEO plugin v27.2 - https:\/\/yoast.com\/product\/yoast-seo-wordpress\/ -->\n<title>OBB`s Sommerdeal Daunendecke<\/title>\n<meta name=\"description\" content=\"OBB`s Sommerdeal Daunendecke\" \/>\n<meta name=\"robots\" content=\"index, follow, max-snippet:-1, max-image-preview:large, max-video-preview:-1\" \/>\n<link rel=\"canonical\" href=\"https:\/\/obb.de\/en\/shop\/produkte\/obbs-sommerdeal-daunendecke\/\" \/>\n<meta property=\"og:locale\" content=\"en_US\" \/>\n<meta property=\"og:type\" content=\"article\" \/>\n<meta property=\"og:title\" content=\"OBB`s Sommerdeal Daunendecke\" \/>\n<meta property=\"og:description\" content=\"OBB`s Sommerdeal Daunendecke\" \/>\n<meta property=\"og:url\" content=\"https:\/\/obb.de\/en\/shop\/produkte\/obbs-sommerdeal-daunendecke\/\" \/>\n<meta property=\"og:site_name\" content=\"OBB Oberbadische Bettfedernfabrik GmbH\" \/>\n<meta property=\"article:modified_time\" content=\"2025-12-01T10:43:06+00:00\" \/>\n<meta property=\"og:image\" content=\"https:\/\/obb.de\/wp-content\/uploads\/2023\/03\/OBB-18003_Gold_Edition_1-ohne-Ecklabel-scaled.jpg\" \/>\n\t<meta property=\"og:image:width\" content=\"2560\" \/>\n\t<meta property=\"og:image:height\" content=\"1707\" \/>\n\t<meta property=\"og:image:type\" content=\"image\/jpeg\" \/>\n<meta name=\"twitter:card\" content=\"summary_large_image\" \/>\n<meta name=\"twitter:label1\" content=\"Est. reading time\" \/>\n\t<meta name=\"twitter:data1\" content=\"2 minutes\" \/>\n<script type=\"application\/ld+json\" class=\"yoast-schema-graph\">{\"@context\":\"https:\/\/schema.org\",\"@graph\":[{\"@type\":\"WebPage\",\"@id\":\"https:\/\/obb.de\/en\/shop\/produkte\/obbs-sommerdeal-daunendecke\/\",\"url\":\"https:\/\/obb.de\/en\/shop\/produkte\/obbs-sommerdeal-daunendecke\/\",\"name\":\"OBB`s Sommerdeal Daunendecke\",\"isPartOf\":{\"@id\":\"https:\/\/obb.de\/en\/oldsite\/#website\"},\"primaryImageOfPage\":{\"@id\":\"https:\/\/obb.de\/en\/shop\/produkte\/obbs-sommerdeal-daunendecke\/#primaryimage\"},\"image\":{\"@id\":\"https:\/\/obb.de\/en\/shop\/produkte\/obbs-sommerdeal-daunendecke\/#primaryimage\"},\"thumbnailUrl\":\"https:\/\/obb.de\/wp-content\/uploads\/2023\/03\/OBB-18003_Gold_Edition_1-ohne-Ecklabel-scaled.jpg\",\"datePublished\":\"2023-03-28T13:18:14+00:00\",\"dateModified\":\"2025-12-01T10:43:06+00:00\",\"description\":\"OBB`s Sommerdeal Daunendecke\",\"breadcrumb\":{\"@id\":\"https:\/\/obb.de\/en\/shop\/produkte\/obbs-sommerdeal-daunendecke\/#breadcrumb\"},\"inLanguage\":\"en-US\",\"potentialAction\":[{\"@type\":\"ReadAction\",\"target\":[\"https:\/\/obb.de\/en\/shop\/produkte\/obbs-sommerdeal-daunendecke\/\"]}]},{\"@type\":\"ImageObject\",\"inLanguage\":\"en-US\",\"@id\":\"https:\/\/obb.de\/en\/shop\/produkte\/obbs-sommerdeal-daunendecke\/#primaryimage\",\"url\":\"https:\/\/obb.de\/wp-content\/uploads\/2023\/03\/OBB-18003_Gold_Edition_1-ohne-Ecklabel-scaled.jpg\",\"contentUrl\":\"https:\/\/obb.de\/wp-content\/uploads\/2023\/03\/OBB-18003_Gold_Edition_1-ohne-Ecklabel-scaled.jpg\",\"width\":2560,\"height\":1707},{\"@type\":\"BreadcrumbList\",\"@id\":\"https:\/\/obb.de\/en\/shop\/produkte\/obbs-sommerdeal-daunendecke\/#breadcrumb\",\"itemListElement\":[{\"@type\":\"ListItem\",\"position\":1,\"name\":\"Startseite\",\"item\":\"https:\/\/obb.de\/en\/home\/\"},{\"@type\":\"ListItem\",\"position\":2,\"name\":\"Products\",\"item\":\"https:\/\/obb.de\/en\/shop\/\"},{\"@type\":\"ListItem\",\"position\":3,\"name\":\"OBB&#8217;s Sommerdeal Daunendecke\"}]},{\"@type\":\"WebSite\",\"@id\":\"https:\/\/obb.de\/en\/oldsite\/#website\",\"url\":\"https:\/\/obb.de\/en\/oldsite\/\",\"name\":\"OBB Oberbadische Bettfedernfabrik GmbH\",\"description\":\"Traumhaft Seit 1900\",\"publisher\":{\"@id\":\"https:\/\/obb.de\/en\/oldsite\/#organization\"},\"potentialAction\":[{\"@type\":\"SearchAction\",\"target\":{\"@type\":\"EntryPoint\",\"urlTemplate\":\"https:\/\/obb.de\/en\/oldsite\/?s={search_term_string}\"},\"query-input\":{\"@type\":\"PropertyValueSpecification\",\"valueRequired\":true,\"valueName\":\"search_term_string\"}}],\"inLanguage\":\"en-US\"},{\"@type\":\"Organization\",\"@id\":\"https:\/\/obb.de\/en\/oldsite\/#organization\",\"name\":\"OBB GmbH\",\"url\":\"https:\/\/obb.de\/en\/oldsite\/\",\"logo\":{\"@type\":\"ImageObject\",\"inLanguage\":\"en-US\",\"@id\":\"https:\/\/obb.de\/en\/oldsite\/#\/schema\/logo\/image\/\",\"url\":\"https:\/\/obb.de\/wp-content\/uploads\/2019\/07\/OBB_Logo_4c_Deutsch_Signatur-2.jpg\",\"contentUrl\":\"https:\/\/obb.de\/wp-content\/uploads\/2019\/07\/OBB_Logo_4c_Deutsch_Signatur-2.jpg\",\"width\":707,\"height\":230,\"caption\":\"OBB GmbH\"},\"image\":{\"@id\":\"https:\/\/obb.de\/en\/oldsite\/#\/schema\/logo\/image\/\"}}]}<\/script>\n<!-- \/ Yoast SEO plugin. -->","yoast_head_json":{"title":"OBB`s Sommerdeal Daunendecke","description":"OBB`s Sommerdeal Daunendecke","robots":{"index":"index","follow":"follow","max-snippet":"max-snippet:-1","max-image-preview":"max-image-preview:large","max-video-preview":"max-video-preview:-1"},"canonical":"https:\/\/obb.de\/en\/shop\/produkte\/obbs-sommerdeal-daunendecke\/","og_locale":"en_US","og_type":"article","og_title":"OBB`s Sommerdeal Daunendecke","og_description":"OBB`s Sommerdeal Daunendecke","og_url":"https:\/\/obb.de\/en\/shop\/produkte\/obbs-sommerdeal-daunendecke\/","og_site_name":"OBB Oberbadische Bettfedernfabrik GmbH","article_modified_time":"2025-12-01T10:43:06+00:00","og_image":[{"width":2560,"height":1707,"url":"https:\/\/obb.de\/wp-content\/uploads\/2023\/03\/OBB-18003_Gold_Edition_1-ohne-Ecklabel-scaled.jpg","type":"image\/jpeg"}],"twitter_card":"summary_large_image","twitter_misc":{"Est. reading time":"2 minutes"},"schema":{"@context":"https:\/\/schema.org","@graph":[{"@type":"WebPage","@id":"https:\/\/obb.de\/en\/shop\/produkte\/obbs-sommerdeal-daunendecke\/","url":"https:\/\/obb.de\/en\/shop\/produkte\/obbs-sommerdeal-daunendecke\/","name":"OBB`s Sommerdeal Daunendecke","isPartOf":{"@id":"https:\/\/obb.de\/en\/oldsite\/#website"},"primaryImageOfPage":{"@id":"https:\/\/obb.de\/en\/shop\/produkte\/obbs-sommerdeal-daunendecke\/#primaryimage"},"image":{"@id":"https:\/\/obb.de\/en\/shop\/produkte\/obbs-sommerdeal-daunendecke\/#primaryimage"},"thumbnailUrl":"https:\/\/obb.de\/wp-content\/uploads\/2023\/03\/OBB-18003_Gold_Edition_1-ohne-Ecklabel-scaled.jpg","datePublished":"2023-03-28T13:18:14+00:00","dateModified":"2025-12-01T10:43:06+00:00","description":"OBB`s Sommerdeal Daunendecke","breadcrumb":{"@id":"https:\/\/obb.de\/en\/shop\/produkte\/obbs-sommerdeal-daunendecke\/#breadcrumb"},"inLanguage":"en-US","potentialAction":[{"@type":"ReadAction","target":["https:\/\/obb.de\/en\/shop\/produkte\/obbs-sommerdeal-daunendecke\/"]}]},{"@type":"ImageObject","inLanguage":"en-US","@id":"https:\/\/obb.de\/en\/shop\/produkte\/obbs-sommerdeal-daunendecke\/#primaryimage","url":"https:\/\/obb.de\/wp-content\/uploads\/2023\/03\/OBB-18003_Gold_Edition_1-ohne-Ecklabel-scaled.jpg","contentUrl":"https:\/\/obb.de\/wp-content\/uploads\/2023\/03\/OBB-18003_Gold_Edition_1-ohne-Ecklabel-scaled.jpg","width":2560,"height":1707},{"@type":"BreadcrumbList","@id":"https:\/\/obb.de\/en\/shop\/produkte\/obbs-sommerdeal-daunendecke\/#breadcrumb","itemListElement":[{"@type":"ListItem","position":1,"name":"Startseite","item":"https:\/\/obb.de\/en\/home\/"},{"@type":"ListItem","position":2,"name":"Products","item":"https:\/\/obb.de\/en\/shop\/"},{"@type":"ListItem","position":3,"name":"OBB&#8217;s Sommerdeal Daunendecke"}]},{"@type":"WebSite","@id":"https:\/\/obb.de\/en\/oldsite\/#website","url":"https:\/\/obb.de\/en\/oldsite\/","name":"OBB Oberbadische Bettfedernfabrik GmbH","description":"Traumhaft Seit 1900","publisher":{"@id":"https:\/\/obb.de\/en\/oldsite\/#organization"},"potentialAction":[{"@type":"SearchAction","target":{"@type":"EntryPoint","urlTemplate":"https:\/\/obb.de\/en\/oldsite\/?s={search_term_string}"},"query-input":{"@type":"PropertyValueSpecification","valueRequired":true,"valueName":"search_term_string"}}],"inLanguage":"en-US"},{"@type":"Organization","@id":"https:\/\/obb.de\/en\/oldsite\/#organization","name":"OBB GmbH","url":"https:\/\/obb.de\/en\/oldsite\/","logo":{"@type":"ImageObject","inLanguage":"en-US","@id":"https:\/\/obb.de\/en\/oldsite\/#\/schema\/logo\/image\/","url":"https:\/\/obb.de\/wp-content\/uploads\/2019\/07\/OBB_Logo_4c_Deutsch_Signatur-2.jpg","contentUrl":"https:\/\/obb.de\/wp-content\/uploads\/2019\/07\/OBB_Logo_4c_Deutsch_Signatur-2.jpg","width":707,"height":230,"caption":"OBB GmbH"},"image":{"@id":"https:\/\/obb.de\/en\/oldsite\/#\/schema\/logo\/image\/"}}]}},"_links":{"self":[{"href":"https:\/\/obb.de\/en\/wp-json\/wp\/v2\/product\/12680","targetHints":{"allow":["GET"]}}],"collection":[{"href":"https:\/\/obb.de\/en\/wp-json\/wp\/v2\/product"}],"about":[{"href":"https:\/\/obb.de\/en\/wp-json\/wp\/v2\/types\/product"}],"replies":[{"embeddable":true,"href":"https:\/\/obb.de\/en\/wp-json\/wp\/v2\/comments?post=12680"}],"wp:featuredmedia":[{"embeddable":true,"href":"https:\/\/obb.de\/en\/wp-json\/wp\/v2\/media\/12697"}],"wp:attachment":[{"href":"https:\/\/obb.de\/en\/wp-json\/wp\/v2\/media?parent=12680"}],"wp:term":[{"taxonomy":"product_brand","embeddable":true,"href":"https:\/\/obb.de\/en\/wp-json\/wp\/v2\/product_brand?post=12680"},{"taxonomy":"product_cat","embeddable":true,"href":"https:\/\/obb.de\/en\/wp-json\/wp\/v2\/product_cat?post=12680"},{"taxonomy":"product_tag","embeddable":true,"href":"https:\/\/obb.de\/en\/wp-json\/wp\/v2\/product_tag?post=12680"}],"curies":[{"name":"wp","href":"https:\/\/api.w.org\/{rel}","templated":true}]}}