{"id":12494,"date":"2023-02-28T17:41:11","date_gmt":"2023-02-28T15:41:11","guid":{"rendered":"https:\/\/obb.de\/?post_type=product&#038;p=12494"},"modified":"2025-11-25T17:28:25","modified_gmt":"2025-11-25T15:28:25","slug":"obb-one-only-3-kammer-daunenkissen","status":"publish","type":"product","link":"https:\/\/obb.de\/en\/shop\/produkte\/obb-one-only-3-kammer-daunenkissen\/","title":{"rendered":"OBB One &#038; Only 3-Kammer Daunenkissen"},"content":{"rendered":"<p>Mit diesem sch\u00f6nen 3-Kammerkissen in Kombination mit der passenden One &amp; Only Daunendecke steht Ihrem kuscheligen Schlaf nichts mehr im Weg. Die Kissen sind im Kern mit europ\u00e4ischen Federn (100%) und in den Au\u00dfenkammern mit europ\u00e4ischen Daunen (90%) der Klasse 1 gef\u00fcllt. Der Bezug ist aus Baumwolle (100%) und unterst\u00fctzt die feuchtigkeitsausgleichenden und atmungsaktiven Eigenschaften der nat\u00fcrlichen F\u00fcllung. Durch den Nomite zertifizierten Bezug sind diese Daunenkissen besonders gut f\u00fcr Hausstauballergiker geeignet.<\/p>\n","protected":false},"excerpt":{"rendered":"<p>Mit diesem sch\u00f6nen 3-Kammerkissen in Kombination mit der passenden One &amp; Only Daunendecke steht Ihrem kuscheligen Schlaf nichts mehr im<\/p>\n","protected":false},"featured_media":12603,"comment_status":"closed","ping_status":"closed","template":"","meta":[],"product_brand":[],"product_cat":[797,396],"product_tag":[],"class_list":{"0":"post-12494","1":"product","2":"type-product","3":"status-publish","4":"has-post-thumbnail","6":"product_cat-80x80","7":"product_cat-daunenkissen","9":"first","10":"instock","11":"taxable","12":"shipping-taxable","13":"purchasable","14":"product-type-variable","15":"has-default-attributes"},"yoast_head":"<!-- This site is optimized with the Yoast SEO plugin v27.4 - https:\/\/yoast.com\/product\/yoast-seo-wordpress\/ -->\n<title>OBB One &amp; Only 3-Kammer Daunenkissen<\/title>\n<meta name=\"description\" content=\"OBB One &amp; Only 3-Kammer Daunenkissen\" \/>\n<meta name=\"robots\" content=\"index, follow, max-snippet:-1, max-image-preview:large, max-video-preview:-1\" \/>\n<link rel=\"canonical\" href=\"https:\/\/obb.de\/en\/shop\/produkte\/obb-one-only-3-kammer-daunenkissen\/\" \/>\n<meta property=\"og:locale\" content=\"en_US\" \/>\n<meta property=\"og:type\" content=\"article\" \/>\n<meta property=\"og:title\" content=\"OBB One &amp; Only 3-Kammer Daunenkissen\" \/>\n<meta property=\"og:description\" content=\"OBB One &amp; Only 3-Kammer Daunenkissen\" \/>\n<meta property=\"og:url\" content=\"https:\/\/obb.de\/en\/shop\/produkte\/obb-one-only-3-kammer-daunenkissen\/\" \/>\n<meta property=\"og:site_name\" content=\"OBB Oberbadische Bettfedernfabrik GmbH\" \/>\n<meta property=\"article:modified_time\" content=\"2025-11-25T15:28:25+00:00\" \/>\n<meta property=\"og:image\" content=\"https:\/\/obb.de\/wp-content\/uploads\/2023\/02\/OneOnly-Kissen-scaled.jpg\" \/>\n\t<meta property=\"og:image:width\" content=\"2560\" \/>\n\t<meta property=\"og:image:height\" content=\"1707\" \/>\n\t<meta property=\"og:image:type\" content=\"image\/jpeg\" \/>\n<meta name=\"twitter:card\" content=\"summary_large_image\" \/>\n<meta name=\"twitter:label1\" content=\"Est. reading time\" \/>\n\t<meta name=\"twitter:data1\" content=\"1 minute\" \/>\n<script type=\"application\/ld+json\" class=\"yoast-schema-graph\">{\"@context\":\"https:\\\/\\\/schema.org\",\"@graph\":[{\"@type\":\"WebPage\",\"@id\":\"https:\\\/\\\/obb.de\\\/en\\\/shop\\\/produkte\\\/obb-one-only-3-kammer-daunenkissen\\\/\",\"url\":\"https:\\\/\\\/obb.de\\\/en\\\/shop\\\/produkte\\\/obb-one-only-3-kammer-daunenkissen\\\/\",\"name\":\"OBB One & Only 3-Kammer Daunenkissen\",\"isPartOf\":{\"@id\":\"https:\\\/\\\/obb.de\\\/en\\\/oldsite\\\/#website\"},\"primaryImageOfPage\":{\"@id\":\"https:\\\/\\\/obb.de\\\/en\\\/shop\\\/produkte\\\/obb-one-only-3-kammer-daunenkissen\\\/#primaryimage\"},\"image\":{\"@id\":\"https:\\\/\\\/obb.de\\\/en\\\/shop\\\/produkte\\\/obb-one-only-3-kammer-daunenkissen\\\/#primaryimage\"},\"thumbnailUrl\":\"https:\\\/\\\/obb.de\\\/wp-content\\\/uploads\\\/2023\\\/02\\\/OneOnly-Kissen-scaled.jpg\",\"datePublished\":\"2023-02-28T15:41:11+00:00\",\"dateModified\":\"2025-11-25T15:28:25+00:00\",\"description\":\"OBB One & Only 3-Kammer Daunenkissen\",\"breadcrumb\":{\"@id\":\"https:\\\/\\\/obb.de\\\/en\\\/shop\\\/produkte\\\/obb-one-only-3-kammer-daunenkissen\\\/#breadcrumb\"},\"inLanguage\":\"en-US\",\"potentialAction\":[{\"@type\":\"ReadAction\",\"target\":[\"https:\\\/\\\/obb.de\\\/en\\\/shop\\\/produkte\\\/obb-one-only-3-kammer-daunenkissen\\\/\"]}]},{\"@type\":\"ImageObject\",\"inLanguage\":\"en-US\",\"@id\":\"https:\\\/\\\/obb.de\\\/en\\\/shop\\\/produkte\\\/obb-one-only-3-kammer-daunenkissen\\\/#primaryimage\",\"url\":\"https:\\\/\\\/obb.de\\\/wp-content\\\/uploads\\\/2023\\\/02\\\/OneOnly-Kissen-scaled.jpg\",\"contentUrl\":\"https:\\\/\\\/obb.de\\\/wp-content\\\/uploads\\\/2023\\\/02\\\/OneOnly-Kissen-scaled.jpg\",\"width\":2560,\"height\":1707},{\"@type\":\"BreadcrumbList\",\"@id\":\"https:\\\/\\\/obb.de\\\/en\\\/shop\\\/produkte\\\/obb-one-only-3-kammer-daunenkissen\\\/#breadcrumb\",\"itemListElement\":[{\"@type\":\"ListItem\",\"position\":1,\"name\":\"Startseite\",\"item\":\"https:\\\/\\\/obb.de\\\/en\\\/home\\\/\"},{\"@type\":\"ListItem\",\"position\":2,\"name\":\"Products\",\"item\":\"https:\\\/\\\/obb.de\\\/en\\\/shop\\\/\"},{\"@type\":\"ListItem\",\"position\":3,\"name\":\"OBB One &#038; Only 3-Kammer Daunenkissen\"}]},{\"@type\":\"WebSite\",\"@id\":\"https:\\\/\\\/obb.de\\\/en\\\/oldsite\\\/#website\",\"url\":\"https:\\\/\\\/obb.de\\\/en\\\/oldsite\\\/\",\"name\":\"OBB Oberbadische Bettfedernfabrik GmbH\",\"description\":\"Traumhaft Seit 1900\",\"publisher\":{\"@id\":\"https:\\\/\\\/obb.de\\\/en\\\/oldsite\\\/#organization\"},\"potentialAction\":[{\"@type\":\"SearchAction\",\"target\":{\"@type\":\"EntryPoint\",\"urlTemplate\":\"https:\\\/\\\/obb.de\\\/en\\\/oldsite\\\/?s={search_term_string}\"},\"query-input\":{\"@type\":\"PropertyValueSpecification\",\"valueRequired\":true,\"valueName\":\"search_term_string\"}}],\"inLanguage\":\"en-US\"},{\"@type\":\"Organization\",\"@id\":\"https:\\\/\\\/obb.de\\\/en\\\/oldsite\\\/#organization\",\"name\":\"OBB GmbH\",\"url\":\"https:\\\/\\\/obb.de\\\/en\\\/oldsite\\\/\",\"logo\":{\"@type\":\"ImageObject\",\"inLanguage\":\"en-US\",\"@id\":\"https:\\\/\\\/obb.de\\\/en\\\/oldsite\\\/#\\\/schema\\\/logo\\\/image\\\/\",\"url\":\"https:\\\/\\\/obb.de\\\/wp-content\\\/uploads\\\/2019\\\/07\\\/OBB_Logo_4c_Deutsch_Signatur-2.jpg\",\"contentUrl\":\"https:\\\/\\\/obb.de\\\/wp-content\\\/uploads\\\/2019\\\/07\\\/OBB_Logo_4c_Deutsch_Signatur-2.jpg\",\"width\":707,\"height\":230,\"caption\":\"OBB GmbH\"},\"image\":{\"@id\":\"https:\\\/\\\/obb.de\\\/en\\\/oldsite\\\/#\\\/schema\\\/logo\\\/image\\\/\"}}]}<\/script>\n<!-- \/ Yoast SEO plugin. -->","yoast_head_json":{"title":"OBB One & Only 3-Kammer Daunenkissen","description":"OBB One & Only 3-Kammer Daunenkissen","robots":{"index":"index","follow":"follow","max-snippet":"max-snippet:-1","max-image-preview":"max-image-preview:large","max-video-preview":"max-video-preview:-1"},"canonical":"https:\/\/obb.de\/en\/shop\/produkte\/obb-one-only-3-kammer-daunenkissen\/","og_locale":"en_US","og_type":"article","og_title":"OBB One & Only 3-Kammer Daunenkissen","og_description":"OBB One & Only 3-Kammer Daunenkissen","og_url":"https:\/\/obb.de\/en\/shop\/produkte\/obb-one-only-3-kammer-daunenkissen\/","og_site_name":"OBB Oberbadische Bettfedernfabrik GmbH","article_modified_time":"2025-11-25T15:28:25+00:00","og_image":[{"width":2560,"height":1707,"url":"https:\/\/obb.de\/wp-content\/uploads\/2023\/02\/OneOnly-Kissen-scaled.jpg","type":"image\/jpeg"}],"twitter_card":"summary_large_image","twitter_misc":{"Est. reading time":"1 minute"},"schema":{"@context":"https:\/\/schema.org","@graph":[{"@type":"WebPage","@id":"https:\/\/obb.de\/en\/shop\/produkte\/obb-one-only-3-kammer-daunenkissen\/","url":"https:\/\/obb.de\/en\/shop\/produkte\/obb-one-only-3-kammer-daunenkissen\/","name":"OBB One & Only 3-Kammer Daunenkissen","isPartOf":{"@id":"https:\/\/obb.de\/en\/oldsite\/#website"},"primaryImageOfPage":{"@id":"https:\/\/obb.de\/en\/shop\/produkte\/obb-one-only-3-kammer-daunenkissen\/#primaryimage"},"image":{"@id":"https:\/\/obb.de\/en\/shop\/produkte\/obb-one-only-3-kammer-daunenkissen\/#primaryimage"},"thumbnailUrl":"https:\/\/obb.de\/wp-content\/uploads\/2023\/02\/OneOnly-Kissen-scaled.jpg","datePublished":"2023-02-28T15:41:11+00:00","dateModified":"2025-11-25T15:28:25+00:00","description":"OBB One & Only 3-Kammer Daunenkissen","breadcrumb":{"@id":"https:\/\/obb.de\/en\/shop\/produkte\/obb-one-only-3-kammer-daunenkissen\/#breadcrumb"},"inLanguage":"en-US","potentialAction":[{"@type":"ReadAction","target":["https:\/\/obb.de\/en\/shop\/produkte\/obb-one-only-3-kammer-daunenkissen\/"]}]},{"@type":"ImageObject","inLanguage":"en-US","@id":"https:\/\/obb.de\/en\/shop\/produkte\/obb-one-only-3-kammer-daunenkissen\/#primaryimage","url":"https:\/\/obb.de\/wp-content\/uploads\/2023\/02\/OneOnly-Kissen-scaled.jpg","contentUrl":"https:\/\/obb.de\/wp-content\/uploads\/2023\/02\/OneOnly-Kissen-scaled.jpg","width":2560,"height":1707},{"@type":"BreadcrumbList","@id":"https:\/\/obb.de\/en\/shop\/produkte\/obb-one-only-3-kammer-daunenkissen\/#breadcrumb","itemListElement":[{"@type":"ListItem","position":1,"name":"Startseite","item":"https:\/\/obb.de\/en\/home\/"},{"@type":"ListItem","position":2,"name":"Products","item":"https:\/\/obb.de\/en\/shop\/"},{"@type":"ListItem","position":3,"name":"OBB One &#038; Only 3-Kammer Daunenkissen"}]},{"@type":"WebSite","@id":"https:\/\/obb.de\/en\/oldsite\/#website","url":"https:\/\/obb.de\/en\/oldsite\/","name":"OBB Oberbadische Bettfedernfabrik GmbH","description":"Traumhaft Seit 1900","publisher":{"@id":"https:\/\/obb.de\/en\/oldsite\/#organization"},"potentialAction":[{"@type":"SearchAction","target":{"@type":"EntryPoint","urlTemplate":"https:\/\/obb.de\/en\/oldsite\/?s={search_term_string}"},"query-input":{"@type":"PropertyValueSpecification","valueRequired":true,"valueName":"search_term_string"}}],"inLanguage":"en-US"},{"@type":"Organization","@id":"https:\/\/obb.de\/en\/oldsite\/#organization","name":"OBB GmbH","url":"https:\/\/obb.de\/en\/oldsite\/","logo":{"@type":"ImageObject","inLanguage":"en-US","@id":"https:\/\/obb.de\/en\/oldsite\/#\/schema\/logo\/image\/","url":"https:\/\/obb.de\/wp-content\/uploads\/2019\/07\/OBB_Logo_4c_Deutsch_Signatur-2.jpg","contentUrl":"https:\/\/obb.de\/wp-content\/uploads\/2019\/07\/OBB_Logo_4c_Deutsch_Signatur-2.jpg","width":707,"height":230,"caption":"OBB GmbH"},"image":{"@id":"https:\/\/obb.de\/en\/oldsite\/#\/schema\/logo\/image\/"}}]}},"_links":{"self":[{"href":"https:\/\/obb.de\/en\/wp-json\/wp\/v2\/product\/12494","targetHints":{"allow":["GET"]}}],"collection":[{"href":"https:\/\/obb.de\/en\/wp-json\/wp\/v2\/product"}],"about":[{"href":"https:\/\/obb.de\/en\/wp-json\/wp\/v2\/types\/product"}],"replies":[{"embeddable":true,"href":"https:\/\/obb.de\/en\/wp-json\/wp\/v2\/comments?post=12494"}],"wp:featuredmedia":[{"embeddable":true,"href":"https:\/\/obb.de\/en\/wp-json\/wp\/v2\/media\/12603"}],"wp:attachment":[{"href":"https:\/\/obb.de\/en\/wp-json\/wp\/v2\/media?parent=12494"}],"wp:term":[{"taxonomy":"product_brand","embeddable":true,"href":"https:\/\/obb.de\/en\/wp-json\/wp\/v2\/product_brand?post=12494"},{"taxonomy":"product_cat","embeddable":true,"href":"https:\/\/obb.de\/en\/wp-json\/wp\/v2\/product_cat?post=12494"},{"taxonomy":"product_tag","embeddable":true,"href":"https:\/\/obb.de\/en\/wp-json\/wp\/v2\/product_tag?post=12494"}],"curies":[{"name":"wp","href":"https:\/\/api.w.org\/{rel}","templated":true}]}}