{"id":12493,"date":"2023-02-28T17:41:10","date_gmt":"2023-02-28T15:41:10","guid":{"rendered":"https:\/\/obb.de\/?post_type=product&#038;p=12493"},"modified":"2025-12-01T12:31:35","modified_gmt":"2025-12-01T10:31:35","slug":"obb-one-only-daunendecke","status":"publish","type":"product","link":"https:\/\/obb.de\/en\/shop\/produkte\/obb-one-only-daunendecke\/","title":{"rendered":"OBB One &#038; Only Daunendecke"},"content":{"rendered":"<p>One &amp; Only &#8211; Hier ist der Name Programm. Nach dem Kauf dieser hervorragender Daunendecke, werden Sie nie wieder unter einer anderen Bettdecke n\u00e4chtigen wollen!<br \/>\nDiese sch\u00f6ne Daunendecke ist gef\u00fcllt mit europ\u00e4ischen neuen Daunen (100% Daunen) der Klasse 1. Die H\u00fclle besteht aus einem sehr feinen Baumwollbezug (100% Baumwolle), welcher die feuchtigkeitsausgleichenden und atmungsaktiven Eigenschaften der hochwertigen Daunenf\u00fcllung unterst\u00fctzt. Zudem ist die Daunendecke durch den Nomite zertifizierten Bezug besonders gut f\u00fcr Hausstauballergiker geeignet. Erh\u00e4ltlich ist diese Daunendecke in 2 Gr\u00f6\u00dfen. F\u00fcr den einheitlichen Look empfehlen wir das dazu passende Kissen.<\/p>\n","protected":false},"excerpt":{"rendered":"<p>One &amp; Only &#8211; Hier ist der Name Programm. Nach dem Kauf dieser hervorragender Daunendecke, werden Sie nie wieder unter<\/p>\n","protected":false},"featured_media":12607,"comment_status":"closed","ping_status":"closed","template":"","meta":[],"product_brand":[],"product_cat":[390,798,799],"product_tag":[],"class_list":{"0":"post-12493","1":"product","2":"type-product","3":"status-publish","4":"has-post-thumbnail","6":"product_cat-daunendecken","7":"product_cat-135x200","8":"product_cat-155x220","10":"first","11":"instock","12":"taxable","13":"shipping-taxable","14":"purchasable","15":"product-type-variable","16":"has-default-attributes"},"yoast_head":"<!-- This site is optimized with the Yoast SEO plugin v27.4 - https:\/\/yoast.com\/product\/yoast-seo-wordpress\/ -->\n<title>OBB One &amp; Only Daunendecke<\/title>\n<meta name=\"description\" content=\"OBB One &amp; Only Daunendecke\" \/>\n<meta name=\"robots\" content=\"index, follow, max-snippet:-1, max-image-preview:large, max-video-preview:-1\" \/>\n<link rel=\"canonical\" href=\"https:\/\/obb.de\/en\/shop\/produkte\/obb-one-only-daunendecke\/\" \/>\n<meta property=\"og:locale\" content=\"en_US\" \/>\n<meta property=\"og:type\" content=\"article\" \/>\n<meta property=\"og:title\" content=\"OBB One &amp; Only Daunendecke\" \/>\n<meta property=\"og:description\" content=\"OBB One &amp; Only Daunendecke\" \/>\n<meta property=\"og:url\" content=\"https:\/\/obb.de\/en\/shop\/produkte\/obb-one-only-daunendecke\/\" \/>\n<meta property=\"og:site_name\" content=\"OBB Oberbadische Bettfedernfabrik GmbH\" \/>\n<meta property=\"article:modified_time\" content=\"2025-12-01T10:31:35+00:00\" \/>\n<meta property=\"og:image\" content=\"https:\/\/obb.de\/wp-content\/uploads\/2023\/02\/OneOnly-scaled-e1712653905388.jpg\" \/>\n\t<meta property=\"og:image:width\" content=\"1000\" \/>\n\t<meta property=\"og:image:height\" content=\"667\" \/>\n\t<meta property=\"og:image:type\" content=\"image\/jpeg\" \/>\n<meta name=\"twitter:card\" content=\"summary_large_image\" \/>\n<meta name=\"twitter:label1\" content=\"Est. reading time\" \/>\n\t<meta name=\"twitter:data1\" content=\"1 minute\" \/>\n<script type=\"application\/ld+json\" class=\"yoast-schema-graph\">{\"@context\":\"https:\\\/\\\/schema.org\",\"@graph\":[{\"@type\":\"WebPage\",\"@id\":\"https:\\\/\\\/obb.de\\\/en\\\/shop\\\/produkte\\\/obb-one-only-daunendecke\\\/\",\"url\":\"https:\\\/\\\/obb.de\\\/en\\\/shop\\\/produkte\\\/obb-one-only-daunendecke\\\/\",\"name\":\"OBB One & Only Daunendecke\",\"isPartOf\":{\"@id\":\"https:\\\/\\\/obb.de\\\/en\\\/oldsite\\\/#website\"},\"primaryImageOfPage\":{\"@id\":\"https:\\\/\\\/obb.de\\\/en\\\/shop\\\/produkte\\\/obb-one-only-daunendecke\\\/#primaryimage\"},\"image\":{\"@id\":\"https:\\\/\\\/obb.de\\\/en\\\/shop\\\/produkte\\\/obb-one-only-daunendecke\\\/#primaryimage\"},\"thumbnailUrl\":\"https:\\\/\\\/obb.de\\\/wp-content\\\/uploads\\\/2023\\\/02\\\/OneOnly-scaled-e1712653905388.jpg\",\"datePublished\":\"2023-02-28T15:41:10+00:00\",\"dateModified\":\"2025-12-01T10:31:35+00:00\",\"description\":\"OBB One & Only Daunendecke\",\"breadcrumb\":{\"@id\":\"https:\\\/\\\/obb.de\\\/en\\\/shop\\\/produkte\\\/obb-one-only-daunendecke\\\/#breadcrumb\"},\"inLanguage\":\"en-US\",\"potentialAction\":[{\"@type\":\"ReadAction\",\"target\":[\"https:\\\/\\\/obb.de\\\/en\\\/shop\\\/produkte\\\/obb-one-only-daunendecke\\\/\"]}]},{\"@type\":\"ImageObject\",\"inLanguage\":\"en-US\",\"@id\":\"https:\\\/\\\/obb.de\\\/en\\\/shop\\\/produkte\\\/obb-one-only-daunendecke\\\/#primaryimage\",\"url\":\"https:\\\/\\\/obb.de\\\/wp-content\\\/uploads\\\/2023\\\/02\\\/OneOnly-scaled-e1712653905388.jpg\",\"contentUrl\":\"https:\\\/\\\/obb.de\\\/wp-content\\\/uploads\\\/2023\\\/02\\\/OneOnly-scaled-e1712653905388.jpg\",\"width\":1000,\"height\":667},{\"@type\":\"BreadcrumbList\",\"@id\":\"https:\\\/\\\/obb.de\\\/en\\\/shop\\\/produkte\\\/obb-one-only-daunendecke\\\/#breadcrumb\",\"itemListElement\":[{\"@type\":\"ListItem\",\"position\":1,\"name\":\"Startseite\",\"item\":\"https:\\\/\\\/obb.de\\\/en\\\/home\\\/\"},{\"@type\":\"ListItem\",\"position\":2,\"name\":\"Products\",\"item\":\"https:\\\/\\\/obb.de\\\/en\\\/shop\\\/\"},{\"@type\":\"ListItem\",\"position\":3,\"name\":\"OBB One &#038; Only Daunendecke\"}]},{\"@type\":\"WebSite\",\"@id\":\"https:\\\/\\\/obb.de\\\/en\\\/oldsite\\\/#website\",\"url\":\"https:\\\/\\\/obb.de\\\/en\\\/oldsite\\\/\",\"name\":\"OBB Oberbadische Bettfedernfabrik GmbH\",\"description\":\"Traumhaft Seit 1900\",\"publisher\":{\"@id\":\"https:\\\/\\\/obb.de\\\/en\\\/oldsite\\\/#organization\"},\"potentialAction\":[{\"@type\":\"SearchAction\",\"target\":{\"@type\":\"EntryPoint\",\"urlTemplate\":\"https:\\\/\\\/obb.de\\\/en\\\/oldsite\\\/?s={search_term_string}\"},\"query-input\":{\"@type\":\"PropertyValueSpecification\",\"valueRequired\":true,\"valueName\":\"search_term_string\"}}],\"inLanguage\":\"en-US\"},{\"@type\":\"Organization\",\"@id\":\"https:\\\/\\\/obb.de\\\/en\\\/oldsite\\\/#organization\",\"name\":\"OBB GmbH\",\"url\":\"https:\\\/\\\/obb.de\\\/en\\\/oldsite\\\/\",\"logo\":{\"@type\":\"ImageObject\",\"inLanguage\":\"en-US\",\"@id\":\"https:\\\/\\\/obb.de\\\/en\\\/oldsite\\\/#\\\/schema\\\/logo\\\/image\\\/\",\"url\":\"https:\\\/\\\/obb.de\\\/wp-content\\\/uploads\\\/2019\\\/07\\\/OBB_Logo_4c_Deutsch_Signatur-2.jpg\",\"contentUrl\":\"https:\\\/\\\/obb.de\\\/wp-content\\\/uploads\\\/2019\\\/07\\\/OBB_Logo_4c_Deutsch_Signatur-2.jpg\",\"width\":707,\"height\":230,\"caption\":\"OBB GmbH\"},\"image\":{\"@id\":\"https:\\\/\\\/obb.de\\\/en\\\/oldsite\\\/#\\\/schema\\\/logo\\\/image\\\/\"}}]}<\/script>\n<!-- \/ Yoast SEO plugin. -->","yoast_head_json":{"title":"OBB One & Only Daunendecke","description":"OBB One & Only Daunendecke","robots":{"index":"index","follow":"follow","max-snippet":"max-snippet:-1","max-image-preview":"max-image-preview:large","max-video-preview":"max-video-preview:-1"},"canonical":"https:\/\/obb.de\/en\/shop\/produkte\/obb-one-only-daunendecke\/","og_locale":"en_US","og_type":"article","og_title":"OBB One & Only Daunendecke","og_description":"OBB One & Only Daunendecke","og_url":"https:\/\/obb.de\/en\/shop\/produkte\/obb-one-only-daunendecke\/","og_site_name":"OBB Oberbadische Bettfedernfabrik GmbH","article_modified_time":"2025-12-01T10:31:35+00:00","og_image":[{"width":1000,"height":667,"url":"https:\/\/obb.de\/wp-content\/uploads\/2023\/02\/OneOnly-scaled-e1712653905388.jpg","type":"image\/jpeg"}],"twitter_card":"summary_large_image","twitter_misc":{"Est. reading time":"1 minute"},"schema":{"@context":"https:\/\/schema.org","@graph":[{"@type":"WebPage","@id":"https:\/\/obb.de\/en\/shop\/produkte\/obb-one-only-daunendecke\/","url":"https:\/\/obb.de\/en\/shop\/produkte\/obb-one-only-daunendecke\/","name":"OBB One & Only Daunendecke","isPartOf":{"@id":"https:\/\/obb.de\/en\/oldsite\/#website"},"primaryImageOfPage":{"@id":"https:\/\/obb.de\/en\/shop\/produkte\/obb-one-only-daunendecke\/#primaryimage"},"image":{"@id":"https:\/\/obb.de\/en\/shop\/produkte\/obb-one-only-daunendecke\/#primaryimage"},"thumbnailUrl":"https:\/\/obb.de\/wp-content\/uploads\/2023\/02\/OneOnly-scaled-e1712653905388.jpg","datePublished":"2023-02-28T15:41:10+00:00","dateModified":"2025-12-01T10:31:35+00:00","description":"OBB One & Only Daunendecke","breadcrumb":{"@id":"https:\/\/obb.de\/en\/shop\/produkte\/obb-one-only-daunendecke\/#breadcrumb"},"inLanguage":"en-US","potentialAction":[{"@type":"ReadAction","target":["https:\/\/obb.de\/en\/shop\/produkte\/obb-one-only-daunendecke\/"]}]},{"@type":"ImageObject","inLanguage":"en-US","@id":"https:\/\/obb.de\/en\/shop\/produkte\/obb-one-only-daunendecke\/#primaryimage","url":"https:\/\/obb.de\/wp-content\/uploads\/2023\/02\/OneOnly-scaled-e1712653905388.jpg","contentUrl":"https:\/\/obb.de\/wp-content\/uploads\/2023\/02\/OneOnly-scaled-e1712653905388.jpg","width":1000,"height":667},{"@type":"BreadcrumbList","@id":"https:\/\/obb.de\/en\/shop\/produkte\/obb-one-only-daunendecke\/#breadcrumb","itemListElement":[{"@type":"ListItem","position":1,"name":"Startseite","item":"https:\/\/obb.de\/en\/home\/"},{"@type":"ListItem","position":2,"name":"Products","item":"https:\/\/obb.de\/en\/shop\/"},{"@type":"ListItem","position":3,"name":"OBB One &#038; Only Daunendecke"}]},{"@type":"WebSite","@id":"https:\/\/obb.de\/en\/oldsite\/#website","url":"https:\/\/obb.de\/en\/oldsite\/","name":"OBB Oberbadische Bettfedernfabrik GmbH","description":"Traumhaft Seit 1900","publisher":{"@id":"https:\/\/obb.de\/en\/oldsite\/#organization"},"potentialAction":[{"@type":"SearchAction","target":{"@type":"EntryPoint","urlTemplate":"https:\/\/obb.de\/en\/oldsite\/?s={search_term_string}"},"query-input":{"@type":"PropertyValueSpecification","valueRequired":true,"valueName":"search_term_string"}}],"inLanguage":"en-US"},{"@type":"Organization","@id":"https:\/\/obb.de\/en\/oldsite\/#organization","name":"OBB GmbH","url":"https:\/\/obb.de\/en\/oldsite\/","logo":{"@type":"ImageObject","inLanguage":"en-US","@id":"https:\/\/obb.de\/en\/oldsite\/#\/schema\/logo\/image\/","url":"https:\/\/obb.de\/wp-content\/uploads\/2019\/07\/OBB_Logo_4c_Deutsch_Signatur-2.jpg","contentUrl":"https:\/\/obb.de\/wp-content\/uploads\/2019\/07\/OBB_Logo_4c_Deutsch_Signatur-2.jpg","width":707,"height":230,"caption":"OBB GmbH"},"image":{"@id":"https:\/\/obb.de\/en\/oldsite\/#\/schema\/logo\/image\/"}}]}},"_links":{"self":[{"href":"https:\/\/obb.de\/en\/wp-json\/wp\/v2\/product\/12493","targetHints":{"allow":["GET"]}}],"collection":[{"href":"https:\/\/obb.de\/en\/wp-json\/wp\/v2\/product"}],"about":[{"href":"https:\/\/obb.de\/en\/wp-json\/wp\/v2\/types\/product"}],"replies":[{"embeddable":true,"href":"https:\/\/obb.de\/en\/wp-json\/wp\/v2\/comments?post=12493"}],"wp:featuredmedia":[{"embeddable":true,"href":"https:\/\/obb.de\/en\/wp-json\/wp\/v2\/media\/12607"}],"wp:attachment":[{"href":"https:\/\/obb.de\/en\/wp-json\/wp\/v2\/media?parent=12493"}],"wp:term":[{"taxonomy":"product_brand","embeddable":true,"href":"https:\/\/obb.de\/en\/wp-json\/wp\/v2\/product_brand?post=12493"},{"taxonomy":"product_cat","embeddable":true,"href":"https:\/\/obb.de\/en\/wp-json\/wp\/v2\/product_cat?post=12493"},{"taxonomy":"product_tag","embeddable":true,"href":"https:\/\/obb.de\/en\/wp-json\/wp\/v2\/product_tag?post=12493"}],"curies":[{"name":"wp","href":"https:\/\/api.w.org\/{rel}","templated":true}]}}