{"id":10757,"date":"2022-03-02T15:21:10","date_gmt":"2022-03-02T13:21:10","guid":{"rendered":"https:\/\/obb.de\/?post_type=product&#038;p=10757"},"modified":"2025-11-25T17:15:22","modified_gmt":"2025-11-25T15:15:22","slug":"mediflow-antiallergen-schonbezug-mit-aegis","status":"publish","type":"product","link":"https:\/\/obb.de\/en\/shop\/produkte\/mediflow-antiallergen-schonbezug-mit-aegis\/","title":{"rendered":"Mediflow Antiallergen Schonbezug mit aegis"},"content":{"rendered":"<p>Sch\u00fctzen Sie Ihr wertvolles Mediflow Kissen und sich selbst vor den g\u00e4ngigsten Allergenen, die allergische Reaktionen und Asthma ausl\u00f6sen k\u00f6nnen. Allergene k\u00f6nnen die Qualit\u00e4t Ihres Schlafes negativ beeintr\u00e4chtigen. Selbst das sauberste Schlafzimmer kann voller Haushaltsallergenen sein. Eine wirksame Ma\u00dfnahme gegen Allergieausl\u00f6ser ist der entsprechende Schutz Ihres Kopfkissens. Dieser sichere, komfortable und aus 100% Baumwolle bestehende Schonbezug sorgt f\u00fcr eine bessere Nachtruhe. Der Schonbezug wird unter dem normalen Kissenbezug aufgezogen und kann dann anstelle des Kissens gewaschen werden.<\/p>\n","protected":false},"excerpt":{"rendered":"<p>Sch\u00fctzen Sie Ihr wertvolles Mediflow Kissen und sich selbst vor den g\u00e4ngigsten Allergenen, die allergische Reaktionen und Asthma ausl\u00f6sen k\u00f6nnen.<\/p>\n","protected":false},"featured_media":10838,"comment_status":"closed","ping_status":"closed","template":"","meta":[],"product_brand":[],"product_cat":[795,796,572,576],"product_tag":[],"class_list":{"0":"post-10757","1":"product","2":"type-product","3":"status-publish","4":"has-post-thumbnail","6":"product_cat-40x80","7":"product_cat-50x70","8":"product_cat-zubehoer","9":"product_cat-wasserkissen","11":"first","12":"instock","13":"taxable","14":"shipping-taxable","15":"purchasable","16":"product-type-variable","17":"has-default-attributes"},"yoast_head":"<!-- This site is optimized with the Yoast SEO plugin v27.2 - https:\/\/yoast.com\/product\/yoast-seo-wordpress\/ -->\n<title>Mediflow Antiallergen Schonbezug mit aegis<\/title>\n<meta name=\"description\" content=\"Antiallergener Schonbezug passend f\u00fcr Ihr Mediflow Kissen\" \/>\n<meta name=\"robots\" content=\"index, follow, max-snippet:-1, max-image-preview:large, max-video-preview:-1\" \/>\n<link rel=\"canonical\" href=\"https:\/\/obb.de\/en\/shop\/produkte\/mediflow-antiallergen-schonbezug-mit-aegis\/\" \/>\n<meta property=\"og:locale\" content=\"en_US\" \/>\n<meta property=\"og:type\" content=\"article\" \/>\n<meta property=\"og:title\" content=\"Mediflow Antiallergen Schonbezug mit aegis\" \/>\n<meta property=\"og:description\" content=\"Antiallergener Schonbezug passend f\u00fcr Ihr Mediflow Kissen\" \/>\n<meta property=\"og:url\" content=\"https:\/\/obb.de\/en\/shop\/produkte\/mediflow-antiallergen-schonbezug-mit-aegis\/\" \/>\n<meta property=\"og:site_name\" content=\"OBB Oberbadische Bettfedernfabrik GmbH\" \/>\n<meta property=\"article:modified_time\" content=\"2025-11-25T15:15:22+00:00\" \/>\n<meta property=\"og:image\" content=\"https:\/\/obb.de\/wp-content\/uploads\/2022\/03\/5030-Mediflow-AegisB009O761F8.MAIN_.jpg\" \/>\n\t<meta property=\"og:image:width\" content=\"1500\" \/>\n\t<meta property=\"og:image:height\" content=\"779\" \/>\n\t<meta property=\"og:image:type\" content=\"image\/jpeg\" \/>\n<meta name=\"twitter:card\" content=\"summary_large_image\" \/>\n<meta name=\"twitter:label1\" content=\"Est. reading time\" \/>\n\t<meta name=\"twitter:data1\" content=\"1 minute\" \/>\n<script type=\"application\/ld+json\" class=\"yoast-schema-graph\">{\"@context\":\"https:\/\/schema.org\",\"@graph\":[{\"@type\":\"WebPage\",\"@id\":\"https:\/\/obb.de\/en\/shop\/produkte\/mediflow-antiallergen-schonbezug-mit-aegis\/\",\"url\":\"https:\/\/obb.de\/en\/shop\/produkte\/mediflow-antiallergen-schonbezug-mit-aegis\/\",\"name\":\"Mediflow Antiallergen Schonbezug mit aegis\",\"isPartOf\":{\"@id\":\"https:\/\/obb.de\/en\/oldsite\/#website\"},\"primaryImageOfPage\":{\"@id\":\"https:\/\/obb.de\/en\/shop\/produkte\/mediflow-antiallergen-schonbezug-mit-aegis\/#primaryimage\"},\"image\":{\"@id\":\"https:\/\/obb.de\/en\/shop\/produkte\/mediflow-antiallergen-schonbezug-mit-aegis\/#primaryimage\"},\"thumbnailUrl\":\"https:\/\/obb.de\/wp-content\/uploads\/2022\/03\/5030-Mediflow-AegisB009O761F8.MAIN_.jpg\",\"datePublished\":\"2022-03-02T13:21:10+00:00\",\"dateModified\":\"2025-11-25T15:15:22+00:00\",\"description\":\"Antiallergener Schonbezug passend f\u00fcr Ihr Mediflow Kissen\",\"breadcrumb\":{\"@id\":\"https:\/\/obb.de\/en\/shop\/produkte\/mediflow-antiallergen-schonbezug-mit-aegis\/#breadcrumb\"},\"inLanguage\":\"en-US\",\"potentialAction\":[{\"@type\":\"ReadAction\",\"target\":[\"https:\/\/obb.de\/en\/shop\/produkte\/mediflow-antiallergen-schonbezug-mit-aegis\/\"]}]},{\"@type\":\"ImageObject\",\"inLanguage\":\"en-US\",\"@id\":\"https:\/\/obb.de\/en\/shop\/produkte\/mediflow-antiallergen-schonbezug-mit-aegis\/#primaryimage\",\"url\":\"https:\/\/obb.de\/wp-content\/uploads\/2022\/03\/5030-Mediflow-AegisB009O761F8.MAIN_.jpg\",\"contentUrl\":\"https:\/\/obb.de\/wp-content\/uploads\/2022\/03\/5030-Mediflow-AegisB009O761F8.MAIN_.jpg\",\"width\":1500,\"height\":779},{\"@type\":\"BreadcrumbList\",\"@id\":\"https:\/\/obb.de\/en\/shop\/produkte\/mediflow-antiallergen-schonbezug-mit-aegis\/#breadcrumb\",\"itemListElement\":[{\"@type\":\"ListItem\",\"position\":1,\"name\":\"Startseite\",\"item\":\"https:\/\/obb.de\/en\/home\/\"},{\"@type\":\"ListItem\",\"position\":2,\"name\":\"Products\",\"item\":\"https:\/\/obb.de\/en\/shop\/\"},{\"@type\":\"ListItem\",\"position\":3,\"name\":\"Mediflow Antiallergen Schonbezug mit aegis\"}]},{\"@type\":\"WebSite\",\"@id\":\"https:\/\/obb.de\/en\/oldsite\/#website\",\"url\":\"https:\/\/obb.de\/en\/oldsite\/\",\"name\":\"OBB Oberbadische Bettfedernfabrik GmbH\",\"description\":\"Traumhaft Seit 1900\",\"publisher\":{\"@id\":\"https:\/\/obb.de\/en\/oldsite\/#organization\"},\"potentialAction\":[{\"@type\":\"SearchAction\",\"target\":{\"@type\":\"EntryPoint\",\"urlTemplate\":\"https:\/\/obb.de\/en\/oldsite\/?s={search_term_string}\"},\"query-input\":{\"@type\":\"PropertyValueSpecification\",\"valueRequired\":true,\"valueName\":\"search_term_string\"}}],\"inLanguage\":\"en-US\"},{\"@type\":\"Organization\",\"@id\":\"https:\/\/obb.de\/en\/oldsite\/#organization\",\"name\":\"OBB GmbH\",\"url\":\"https:\/\/obb.de\/en\/oldsite\/\",\"logo\":{\"@type\":\"ImageObject\",\"inLanguage\":\"en-US\",\"@id\":\"https:\/\/obb.de\/en\/oldsite\/#\/schema\/logo\/image\/\",\"url\":\"https:\/\/obb.de\/wp-content\/uploads\/2019\/07\/OBB_Logo_4c_Deutsch_Signatur-2.jpg\",\"contentUrl\":\"https:\/\/obb.de\/wp-content\/uploads\/2019\/07\/OBB_Logo_4c_Deutsch_Signatur-2.jpg\",\"width\":707,\"height\":230,\"caption\":\"OBB GmbH\"},\"image\":{\"@id\":\"https:\/\/obb.de\/en\/oldsite\/#\/schema\/logo\/image\/\"}}]}<\/script>\n<!-- \/ Yoast SEO plugin. -->","yoast_head_json":{"title":"Mediflow Antiallergen Schonbezug mit aegis","description":"Antiallergener Schonbezug passend f\u00fcr Ihr Mediflow Kissen","robots":{"index":"index","follow":"follow","max-snippet":"max-snippet:-1","max-image-preview":"max-image-preview:large","max-video-preview":"max-video-preview:-1"},"canonical":"https:\/\/obb.de\/en\/shop\/produkte\/mediflow-antiallergen-schonbezug-mit-aegis\/","og_locale":"en_US","og_type":"article","og_title":"Mediflow Antiallergen Schonbezug mit aegis","og_description":"Antiallergener Schonbezug passend f\u00fcr Ihr Mediflow Kissen","og_url":"https:\/\/obb.de\/en\/shop\/produkte\/mediflow-antiallergen-schonbezug-mit-aegis\/","og_site_name":"OBB Oberbadische Bettfedernfabrik GmbH","article_modified_time":"2025-11-25T15:15:22+00:00","og_image":[{"width":1500,"height":779,"url":"https:\/\/obb.de\/wp-content\/uploads\/2022\/03\/5030-Mediflow-AegisB009O761F8.MAIN_.jpg","type":"image\/jpeg"}],"twitter_card":"summary_large_image","twitter_misc":{"Est. reading time":"1 minute"},"schema":{"@context":"https:\/\/schema.org","@graph":[{"@type":"WebPage","@id":"https:\/\/obb.de\/en\/shop\/produkte\/mediflow-antiallergen-schonbezug-mit-aegis\/","url":"https:\/\/obb.de\/en\/shop\/produkte\/mediflow-antiallergen-schonbezug-mit-aegis\/","name":"Mediflow Antiallergen Schonbezug mit aegis","isPartOf":{"@id":"https:\/\/obb.de\/en\/oldsite\/#website"},"primaryImageOfPage":{"@id":"https:\/\/obb.de\/en\/shop\/produkte\/mediflow-antiallergen-schonbezug-mit-aegis\/#primaryimage"},"image":{"@id":"https:\/\/obb.de\/en\/shop\/produkte\/mediflow-antiallergen-schonbezug-mit-aegis\/#primaryimage"},"thumbnailUrl":"https:\/\/obb.de\/wp-content\/uploads\/2022\/03\/5030-Mediflow-AegisB009O761F8.MAIN_.jpg","datePublished":"2022-03-02T13:21:10+00:00","dateModified":"2025-11-25T15:15:22+00:00","description":"Antiallergener Schonbezug passend f\u00fcr Ihr Mediflow Kissen","breadcrumb":{"@id":"https:\/\/obb.de\/en\/shop\/produkte\/mediflow-antiallergen-schonbezug-mit-aegis\/#breadcrumb"},"inLanguage":"en-US","potentialAction":[{"@type":"ReadAction","target":["https:\/\/obb.de\/en\/shop\/produkte\/mediflow-antiallergen-schonbezug-mit-aegis\/"]}]},{"@type":"ImageObject","inLanguage":"en-US","@id":"https:\/\/obb.de\/en\/shop\/produkte\/mediflow-antiallergen-schonbezug-mit-aegis\/#primaryimage","url":"https:\/\/obb.de\/wp-content\/uploads\/2022\/03\/5030-Mediflow-AegisB009O761F8.MAIN_.jpg","contentUrl":"https:\/\/obb.de\/wp-content\/uploads\/2022\/03\/5030-Mediflow-AegisB009O761F8.MAIN_.jpg","width":1500,"height":779},{"@type":"BreadcrumbList","@id":"https:\/\/obb.de\/en\/shop\/produkte\/mediflow-antiallergen-schonbezug-mit-aegis\/#breadcrumb","itemListElement":[{"@type":"ListItem","position":1,"name":"Startseite","item":"https:\/\/obb.de\/en\/home\/"},{"@type":"ListItem","position":2,"name":"Products","item":"https:\/\/obb.de\/en\/shop\/"},{"@type":"ListItem","position":3,"name":"Mediflow Antiallergen Schonbezug mit aegis"}]},{"@type":"WebSite","@id":"https:\/\/obb.de\/en\/oldsite\/#website","url":"https:\/\/obb.de\/en\/oldsite\/","name":"OBB Oberbadische Bettfedernfabrik GmbH","description":"Traumhaft Seit 1900","publisher":{"@id":"https:\/\/obb.de\/en\/oldsite\/#organization"},"potentialAction":[{"@type":"SearchAction","target":{"@type":"EntryPoint","urlTemplate":"https:\/\/obb.de\/en\/oldsite\/?s={search_term_string}"},"query-input":{"@type":"PropertyValueSpecification","valueRequired":true,"valueName":"search_term_string"}}],"inLanguage":"en-US"},{"@type":"Organization","@id":"https:\/\/obb.de\/en\/oldsite\/#organization","name":"OBB GmbH","url":"https:\/\/obb.de\/en\/oldsite\/","logo":{"@type":"ImageObject","inLanguage":"en-US","@id":"https:\/\/obb.de\/en\/oldsite\/#\/schema\/logo\/image\/","url":"https:\/\/obb.de\/wp-content\/uploads\/2019\/07\/OBB_Logo_4c_Deutsch_Signatur-2.jpg","contentUrl":"https:\/\/obb.de\/wp-content\/uploads\/2019\/07\/OBB_Logo_4c_Deutsch_Signatur-2.jpg","width":707,"height":230,"caption":"OBB GmbH"},"image":{"@id":"https:\/\/obb.de\/en\/oldsite\/#\/schema\/logo\/image\/"}}]}},"_links":{"self":[{"href":"https:\/\/obb.de\/en\/wp-json\/wp\/v2\/product\/10757","targetHints":{"allow":["GET"]}}],"collection":[{"href":"https:\/\/obb.de\/en\/wp-json\/wp\/v2\/product"}],"about":[{"href":"https:\/\/obb.de\/en\/wp-json\/wp\/v2\/types\/product"}],"replies":[{"embeddable":true,"href":"https:\/\/obb.de\/en\/wp-json\/wp\/v2\/comments?post=10757"}],"wp:featuredmedia":[{"embeddable":true,"href":"https:\/\/obb.de\/en\/wp-json\/wp\/v2\/media\/10838"}],"wp:attachment":[{"href":"https:\/\/obb.de\/en\/wp-json\/wp\/v2\/media?parent=10757"}],"wp:term":[{"taxonomy":"product_brand","embeddable":true,"href":"https:\/\/obb.de\/en\/wp-json\/wp\/v2\/product_brand?post=10757"},{"taxonomy":"product_cat","embeddable":true,"href":"https:\/\/obb.de\/en\/wp-json\/wp\/v2\/product_cat?post=10757"},{"taxonomy":"product_tag","embeddable":true,"href":"https:\/\/obb.de\/en\/wp-json\/wp\/v2\/product_tag?post=10757"}],"curies":[{"name":"wp","href":"https:\/\/api.w.org\/{rel}","templated":true}]}}