{"id":10755,"date":"2022-03-02T15:21:10","date_gmt":"2022-03-02T14:21:10","guid":{"rendered":"https:\/\/obb.de\/?post_type=product&#038;p=10755"},"modified":"2025-11-25T17:17:06","modified_gmt":"2025-11-25T15:17:06","slug":"mediflow-luxus-kombipack","status":"publish","type":"product","link":"https:\/\/obb.de\/en\/shop\/produkte\/mediflow-luxus-kombipack\/","title":{"rendered":"Mediflow Luxus Kombipack"},"content":{"rendered":"<p>Traumhaft durchschlafen mit den innovativen und komfortablen Wasserkissen von Mediflow. Das Mediflow Original Wasserkissen ist durch den Wasserkern stufenlos in St\u00fctzkraft und H\u00e4rte anpassbar. Auf die Bewegungen w\u00e4hrend dem Schlaf reagiert das Kissen verz\u00f6gerungsfrei und gew\u00e4hrleistet die optimale Unterst\u00fctzung. Der hochwertige Faservlies und die Kissenh\u00fclle aus Baumwolle (100%) sorgen f\u00fcr ein kuscheliges Liegegef\u00fchl. In Kombination mit dem Luxusschonbezug sch\u00fctzen Sie Ihr wertvolles Wasserkissen und genie\u00dfen zudem die komfortable Steppung, sowie die 3-Lagen Verarbeitung des Materials.<\/p>\n","protected":false},"excerpt":{"rendered":"<p>Traumhaft durchschlafen mit den innovativen und komfortablen Wasserkissen von Mediflow. Das Mediflow Original Wasserkissen ist durch den Wasserkern stufenlos in<\/p>\n","protected":false},"featured_media":14102,"comment_status":"closed","ping_status":"closed","template":"","meta":[],"product_brand":[],"product_cat":[796,576,795],"product_tag":[],"class_list":{"0":"post-10755","1":"product","2":"type-product","3":"status-publish","4":"has-post-thumbnail","6":"product_cat-50x70","7":"product_cat-wasserkissen","8":"product_cat-40x80","10":"first","11":"instock","12":"taxable","13":"shipping-taxable","14":"purchasable","15":"product-type-variable","16":"has-default-attributes"},"yoast_head":"<!-- This site is optimized with the Yoast SEO plugin v27.5 - https:\/\/yoast.com\/product\/yoast-seo-wordpress\/ -->\n<title>Mediflow Wasserkissen im Luxus Kombipack<\/title>\n<meta name=\"description\" content=\"Das Mediflow Original Wasserkissen mit gestepptem Luxus Schonbezug aus 100% Baumwolle, \u00d6ko Tex 100 zertifiziert.\" \/>\n<meta name=\"robots\" content=\"index, follow, max-snippet:-1, max-image-preview:large, max-video-preview:-1\" \/>\n<link rel=\"canonical\" href=\"https:\/\/obb.de\/en\/shop\/produkte\/mediflow-luxus-kombipack\/\" \/>\n<meta property=\"og:locale\" content=\"en_US\" \/>\n<meta property=\"og:type\" content=\"article\" \/>\n<meta property=\"og:title\" content=\"Mediflow Wasserkissen im Luxus Kombipack\" \/>\n<meta property=\"og:description\" content=\"Das Mediflow Original Wasserkissen mit gestepptem Luxus Schonbezug aus 100% Baumwolle, \u00d6ko Tex 100 zertifiziert.\" \/>\n<meta property=\"og:url\" content=\"https:\/\/obb.de\/en\/shop\/produkte\/mediflow-luxus-kombipack\/\" \/>\n<meta property=\"og:site_name\" content=\"OBB Oberbadische Bettfedernfabrik GmbH\" \/>\n<meta property=\"article:modified_time\" content=\"2025-11-25T15:17:06+00:00\" \/>\n<meta property=\"og:image\" content=\"https:\/\/obb.de\/wp-content\/uploads\/2022\/03\/OG-Fiber-1-40x80-2-scaled.jpg\" \/>\n\t<meta property=\"og:image:width\" content=\"2560\" \/>\n\t<meta property=\"og:image:height\" content=\"1941\" \/>\n\t<meta property=\"og:image:type\" content=\"image\/jpeg\" \/>\n<meta name=\"twitter:card\" content=\"summary_large_image\" \/>\n<meta name=\"twitter:label1\" content=\"Est. reading time\" \/>\n\t<meta name=\"twitter:data1\" content=\"1 minute\" \/>\n<script type=\"application\/ld+json\" class=\"yoast-schema-graph\">{\"@context\":\"https:\\\/\\\/schema.org\",\"@graph\":[{\"@type\":\"WebPage\",\"@id\":\"https:\\\/\\\/obb.de\\\/en\\\/shop\\\/produkte\\\/mediflow-luxus-kombipack\\\/\",\"url\":\"https:\\\/\\\/obb.de\\\/en\\\/shop\\\/produkte\\\/mediflow-luxus-kombipack\\\/\",\"name\":\"Mediflow Wasserkissen im Luxus Kombipack\",\"isPartOf\":{\"@id\":\"https:\\\/\\\/obb.de\\\/en\\\/oldsite\\\/#website\"},\"primaryImageOfPage\":{\"@id\":\"https:\\\/\\\/obb.de\\\/en\\\/shop\\\/produkte\\\/mediflow-luxus-kombipack\\\/#primaryimage\"},\"image\":{\"@id\":\"https:\\\/\\\/obb.de\\\/en\\\/shop\\\/produkte\\\/mediflow-luxus-kombipack\\\/#primaryimage\"},\"thumbnailUrl\":\"https:\\\/\\\/obb.de\\\/wp-content\\\/uploads\\\/2022\\\/03\\\/OG-Fiber-1-40x80-2-scaled.jpg\",\"datePublished\":\"2022-03-02T14:21:10+00:00\",\"dateModified\":\"2025-11-25T15:17:06+00:00\",\"description\":\"Das Mediflow Original Wasserkissen mit gestepptem Luxus Schonbezug aus 100% Baumwolle, \u00d6ko Tex 100 zertifiziert.\",\"breadcrumb\":{\"@id\":\"https:\\\/\\\/obb.de\\\/en\\\/shop\\\/produkte\\\/mediflow-luxus-kombipack\\\/#breadcrumb\"},\"inLanguage\":\"en-US\",\"potentialAction\":[{\"@type\":\"ReadAction\",\"target\":[\"https:\\\/\\\/obb.de\\\/en\\\/shop\\\/produkte\\\/mediflow-luxus-kombipack\\\/\"]}]},{\"@type\":\"ImageObject\",\"inLanguage\":\"en-US\",\"@id\":\"https:\\\/\\\/obb.de\\\/en\\\/shop\\\/produkte\\\/mediflow-luxus-kombipack\\\/#primaryimage\",\"url\":\"https:\\\/\\\/obb.de\\\/wp-content\\\/uploads\\\/2022\\\/03\\\/OG-Fiber-1-40x80-2-scaled.jpg\",\"contentUrl\":\"https:\\\/\\\/obb.de\\\/wp-content\\\/uploads\\\/2022\\\/03\\\/OG-Fiber-1-40x80-2-scaled.jpg\",\"width\":2560,\"height\":1941},{\"@type\":\"BreadcrumbList\",\"@id\":\"https:\\\/\\\/obb.de\\\/en\\\/shop\\\/produkte\\\/mediflow-luxus-kombipack\\\/#breadcrumb\",\"itemListElement\":[{\"@type\":\"ListItem\",\"position\":1,\"name\":\"Startseite\",\"item\":\"https:\\\/\\\/obb.de\\\/en\\\/home\\\/\"},{\"@type\":\"ListItem\",\"position\":2,\"name\":\"Products\",\"item\":\"https:\\\/\\\/obb.de\\\/en\\\/shop\\\/\"},{\"@type\":\"ListItem\",\"position\":3,\"name\":\"Mediflow Luxus Kombipack\"}]},{\"@type\":\"WebSite\",\"@id\":\"https:\\\/\\\/obb.de\\\/en\\\/oldsite\\\/#website\",\"url\":\"https:\\\/\\\/obb.de\\\/en\\\/oldsite\\\/\",\"name\":\"OBB Oberbadische Bettfedernfabrik GmbH\",\"description\":\"Traumhaft Seit 1900\",\"publisher\":{\"@id\":\"https:\\\/\\\/obb.de\\\/en\\\/oldsite\\\/#organization\"},\"potentialAction\":[{\"@type\":\"SearchAction\",\"target\":{\"@type\":\"EntryPoint\",\"urlTemplate\":\"https:\\\/\\\/obb.de\\\/en\\\/oldsite\\\/?s={search_term_string}\"},\"query-input\":{\"@type\":\"PropertyValueSpecification\",\"valueRequired\":true,\"valueName\":\"search_term_string\"}}],\"inLanguage\":\"en-US\"},{\"@type\":\"Organization\",\"@id\":\"https:\\\/\\\/obb.de\\\/en\\\/oldsite\\\/#organization\",\"name\":\"OBB GmbH\",\"url\":\"https:\\\/\\\/obb.de\\\/en\\\/oldsite\\\/\",\"logo\":{\"@type\":\"ImageObject\",\"inLanguage\":\"en-US\",\"@id\":\"https:\\\/\\\/obb.de\\\/en\\\/oldsite\\\/#\\\/schema\\\/logo\\\/image\\\/\",\"url\":\"https:\\\/\\\/obb.de\\\/wp-content\\\/uploads\\\/2019\\\/07\\\/OBB_Logo_4c_Deutsch_Signatur-2.jpg\",\"contentUrl\":\"https:\\\/\\\/obb.de\\\/wp-content\\\/uploads\\\/2019\\\/07\\\/OBB_Logo_4c_Deutsch_Signatur-2.jpg\",\"width\":707,\"height\":230,\"caption\":\"OBB GmbH\"},\"image\":{\"@id\":\"https:\\\/\\\/obb.de\\\/en\\\/oldsite\\\/#\\\/schema\\\/logo\\\/image\\\/\"}}]}<\/script>\n<!-- \/ Yoast SEO plugin. -->","yoast_head_json":{"title":"Mediflow Wasserkissen im Luxus Kombipack","description":"Das Mediflow Original Wasserkissen mit gestepptem Luxus Schonbezug aus 100% Baumwolle, \u00d6ko Tex 100 zertifiziert.","robots":{"index":"index","follow":"follow","max-snippet":"max-snippet:-1","max-image-preview":"max-image-preview:large","max-video-preview":"max-video-preview:-1"},"canonical":"https:\/\/obb.de\/en\/shop\/produkte\/mediflow-luxus-kombipack\/","og_locale":"en_US","og_type":"article","og_title":"Mediflow Wasserkissen im Luxus Kombipack","og_description":"Das Mediflow Original Wasserkissen mit gestepptem Luxus Schonbezug aus 100% Baumwolle, \u00d6ko Tex 100 zertifiziert.","og_url":"https:\/\/obb.de\/en\/shop\/produkte\/mediflow-luxus-kombipack\/","og_site_name":"OBB Oberbadische Bettfedernfabrik GmbH","article_modified_time":"2025-11-25T15:17:06+00:00","og_image":[{"width":2560,"height":1941,"url":"https:\/\/obb.de\/wp-content\/uploads\/2022\/03\/OG-Fiber-1-40x80-2-scaled.jpg","type":"image\/jpeg"}],"twitter_card":"summary_large_image","twitter_misc":{"Est. reading time":"1 minute"},"schema":{"@context":"https:\/\/schema.org","@graph":[{"@type":"WebPage","@id":"https:\/\/obb.de\/en\/shop\/produkte\/mediflow-luxus-kombipack\/","url":"https:\/\/obb.de\/en\/shop\/produkte\/mediflow-luxus-kombipack\/","name":"Mediflow Wasserkissen im Luxus Kombipack","isPartOf":{"@id":"https:\/\/obb.de\/en\/oldsite\/#website"},"primaryImageOfPage":{"@id":"https:\/\/obb.de\/en\/shop\/produkte\/mediflow-luxus-kombipack\/#primaryimage"},"image":{"@id":"https:\/\/obb.de\/en\/shop\/produkte\/mediflow-luxus-kombipack\/#primaryimage"},"thumbnailUrl":"https:\/\/obb.de\/wp-content\/uploads\/2022\/03\/OG-Fiber-1-40x80-2-scaled.jpg","datePublished":"2022-03-02T14:21:10+00:00","dateModified":"2025-11-25T15:17:06+00:00","description":"Das Mediflow Original Wasserkissen mit gestepptem Luxus Schonbezug aus 100% Baumwolle, \u00d6ko Tex 100 zertifiziert.","breadcrumb":{"@id":"https:\/\/obb.de\/en\/shop\/produkte\/mediflow-luxus-kombipack\/#breadcrumb"},"inLanguage":"en-US","potentialAction":[{"@type":"ReadAction","target":["https:\/\/obb.de\/en\/shop\/produkte\/mediflow-luxus-kombipack\/"]}]},{"@type":"ImageObject","inLanguage":"en-US","@id":"https:\/\/obb.de\/en\/shop\/produkte\/mediflow-luxus-kombipack\/#primaryimage","url":"https:\/\/obb.de\/wp-content\/uploads\/2022\/03\/OG-Fiber-1-40x80-2-scaled.jpg","contentUrl":"https:\/\/obb.de\/wp-content\/uploads\/2022\/03\/OG-Fiber-1-40x80-2-scaled.jpg","width":2560,"height":1941},{"@type":"BreadcrumbList","@id":"https:\/\/obb.de\/en\/shop\/produkte\/mediflow-luxus-kombipack\/#breadcrumb","itemListElement":[{"@type":"ListItem","position":1,"name":"Startseite","item":"https:\/\/obb.de\/en\/home\/"},{"@type":"ListItem","position":2,"name":"Products","item":"https:\/\/obb.de\/en\/shop\/"},{"@type":"ListItem","position":3,"name":"Mediflow Luxus Kombipack"}]},{"@type":"WebSite","@id":"https:\/\/obb.de\/en\/oldsite\/#website","url":"https:\/\/obb.de\/en\/oldsite\/","name":"OBB Oberbadische Bettfedernfabrik GmbH","description":"Traumhaft Seit 1900","publisher":{"@id":"https:\/\/obb.de\/en\/oldsite\/#organization"},"potentialAction":[{"@type":"SearchAction","target":{"@type":"EntryPoint","urlTemplate":"https:\/\/obb.de\/en\/oldsite\/?s={search_term_string}"},"query-input":{"@type":"PropertyValueSpecification","valueRequired":true,"valueName":"search_term_string"}}],"inLanguage":"en-US"},{"@type":"Organization","@id":"https:\/\/obb.de\/en\/oldsite\/#organization","name":"OBB GmbH","url":"https:\/\/obb.de\/en\/oldsite\/","logo":{"@type":"ImageObject","inLanguage":"en-US","@id":"https:\/\/obb.de\/en\/oldsite\/#\/schema\/logo\/image\/","url":"https:\/\/obb.de\/wp-content\/uploads\/2019\/07\/OBB_Logo_4c_Deutsch_Signatur-2.jpg","contentUrl":"https:\/\/obb.de\/wp-content\/uploads\/2019\/07\/OBB_Logo_4c_Deutsch_Signatur-2.jpg","width":707,"height":230,"caption":"OBB GmbH"},"image":{"@id":"https:\/\/obb.de\/en\/oldsite\/#\/schema\/logo\/image\/"}}]}},"_links":{"self":[{"href":"https:\/\/obb.de\/en\/wp-json\/wp\/v2\/product\/10755","targetHints":{"allow":["GET"]}}],"collection":[{"href":"https:\/\/obb.de\/en\/wp-json\/wp\/v2\/product"}],"about":[{"href":"https:\/\/obb.de\/en\/wp-json\/wp\/v2\/types\/product"}],"replies":[{"embeddable":true,"href":"https:\/\/obb.de\/en\/wp-json\/wp\/v2\/comments?post=10755"}],"wp:featuredmedia":[{"embeddable":true,"href":"https:\/\/obb.de\/en\/wp-json\/wp\/v2\/media\/14102"}],"wp:attachment":[{"href":"https:\/\/obb.de\/en\/wp-json\/wp\/v2\/media?parent=10755"}],"wp:term":[{"taxonomy":"product_brand","embeddable":true,"href":"https:\/\/obb.de\/en\/wp-json\/wp\/v2\/product_brand?post=10755"},{"taxonomy":"product_cat","embeddable":true,"href":"https:\/\/obb.de\/en\/wp-json\/wp\/v2\/product_cat?post=10755"},{"taxonomy":"product_tag","embeddable":true,"href":"https:\/\/obb.de\/en\/wp-json\/wp\/v2\/product_tag?post=10755"}],"curies":[{"name":"wp","href":"https:\/\/api.w.org\/{rel}","templated":true}]}}