{"id":10753,"date":"2022-03-02T15:21:10","date_gmt":"2022-03-02T14:21:10","guid":{"rendered":"https:\/\/obb.de\/?post_type=product&#038;p=10753"},"modified":"2025-11-25T17:19:14","modified_gmt":"2025-11-25T15:19:14","slug":"mediflow-daunenwasserkissen","status":"publish","type":"product","link":"https:\/\/obb.de\/en\/shop\/produkte\/mediflow-daunenwasserkissen\/","title":{"rendered":"Mediflow Daunenwasserkissen"},"content":{"rendered":"<p>Traumhaft durchschlafen mit den innovativen und komfortablen Wasserkissen von Mediflow. Das Mediflow Wasserkissen mit Daunen ist durch den Wasserkern stufenlos und verz\u00f6gerungsfrei anpassbar in St\u00fctzkraft und H\u00e4rte. Auf die Bewegungen w\u00e4hrend dem Schlaf reagiert das Kissen verz\u00f6gerungsfrei und gew\u00e4hrleistet die optimale Unterst\u00fctzung. Die Daunenf\u00fcllung aus 60% Daunen und 40% Federn sorgt zudem f\u00fcr ein besonderes kuscheliges Liegegef\u00fchl. Dieses Kissen ist perfekt f\u00fcr alle Schl\u00e4fer, welche die Vorz\u00fcge der Mediflow-Wassertechnologie nutzen m\u00f6chten, aber dennoch nicht auf das Gef\u00fchl von einem Daunenkissen verzichten wollen.<\/p>\n","protected":false},"excerpt":{"rendered":"<p>Traumhaft durchschlafen mit den innovativen und komfortablen Wasserkissen von Mediflow. Das Mediflow Wasserkissen mit Daunen ist durch den Wasserkern stufenlos<\/p>\n","protected":false},"featured_media":14069,"comment_status":"closed","ping_status":"closed","template":"","meta":[],"product_brand":[],"product_cat":[795,796,576],"product_tag":[],"class_list":{"0":"post-10753","1":"product","2":"type-product","3":"status-publish","4":"has-post-thumbnail","6":"product_cat-40x80","7":"product_cat-50x70","8":"product_cat-wasserkissen","10":"first","11":"instock","12":"taxable","13":"shipping-taxable","14":"purchasable","15":"product-type-variable","16":"has-default-attributes"},"yoast_head":"<!-- This site is optimized with the Yoast SEO plugin v27.5 - https:\/\/yoast.com\/product\/yoast-seo-wordpress\/ -->\n<title>Mediflow Daunenwasserkissen<\/title>\n<meta name=\"description\" content=\"Das Mediflow Daunen Wasserkissen mit stufenlos verstellbarem Wasserkern und kuscheligen Daunen\" \/>\n<meta name=\"robots\" content=\"index, follow, max-snippet:-1, max-image-preview:large, max-video-preview:-1\" \/>\n<link rel=\"canonical\" href=\"https:\/\/obb.de\/en\/shop\/produkte\/mediflow-daunenwasserkissen\/\" \/>\n<meta property=\"og:locale\" content=\"en_US\" \/>\n<meta property=\"og:type\" content=\"article\" \/>\n<meta property=\"og:title\" content=\"Mediflow Daunenwasserkissen\" \/>\n<meta property=\"og:description\" content=\"Das Mediflow Daunen Wasserkissen mit stufenlos verstellbarem Wasserkern und kuscheligen Daunen\" \/>\n<meta property=\"og:url\" content=\"https:\/\/obb.de\/en\/shop\/produkte\/mediflow-daunenwasserkissen\/\" \/>\n<meta property=\"og:site_name\" content=\"OBB Oberbadische Bettfedernfabrik GmbH\" \/>\n<meta property=\"article:modified_time\" content=\"2025-11-25T15:19:14+00:00\" \/>\n<meta property=\"og:image\" content=\"https:\/\/obb.de\/wp-content\/uploads\/2022\/03\/OG-Down-1-40x80-1-scaled.jpg\" \/>\n\t<meta property=\"og:image:width\" content=\"2560\" \/>\n\t<meta property=\"og:image:height\" content=\"1941\" \/>\n\t<meta property=\"og:image:type\" content=\"image\/jpeg\" \/>\n<meta name=\"twitter:card\" content=\"summary_large_image\" \/>\n<meta name=\"twitter:label1\" content=\"Est. reading time\" \/>\n\t<meta name=\"twitter:data1\" content=\"1 minute\" \/>\n<script type=\"application\/ld+json\" class=\"yoast-schema-graph\">{\"@context\":\"https:\\\/\\\/schema.org\",\"@graph\":[{\"@type\":\"WebPage\",\"@id\":\"https:\\\/\\\/obb.de\\\/en\\\/shop\\\/produkte\\\/mediflow-daunenwasserkissen\\\/\",\"url\":\"https:\\\/\\\/obb.de\\\/en\\\/shop\\\/produkte\\\/mediflow-daunenwasserkissen\\\/\",\"name\":\"Mediflow Daunenwasserkissen\",\"isPartOf\":{\"@id\":\"https:\\\/\\\/obb.de\\\/en\\\/oldsite\\\/#website\"},\"primaryImageOfPage\":{\"@id\":\"https:\\\/\\\/obb.de\\\/en\\\/shop\\\/produkte\\\/mediflow-daunenwasserkissen\\\/#primaryimage\"},\"image\":{\"@id\":\"https:\\\/\\\/obb.de\\\/en\\\/shop\\\/produkte\\\/mediflow-daunenwasserkissen\\\/#primaryimage\"},\"thumbnailUrl\":\"https:\\\/\\\/obb.de\\\/wp-content\\\/uploads\\\/2022\\\/03\\\/OG-Down-1-40x80-1-scaled.jpg\",\"datePublished\":\"2022-03-02T14:21:10+00:00\",\"dateModified\":\"2025-11-25T15:19:14+00:00\",\"description\":\"Das Mediflow Daunen Wasserkissen mit stufenlos verstellbarem Wasserkern und kuscheligen Daunen\",\"breadcrumb\":{\"@id\":\"https:\\\/\\\/obb.de\\\/en\\\/shop\\\/produkte\\\/mediflow-daunenwasserkissen\\\/#breadcrumb\"},\"inLanguage\":\"en-US\",\"potentialAction\":[{\"@type\":\"ReadAction\",\"target\":[\"https:\\\/\\\/obb.de\\\/en\\\/shop\\\/produkte\\\/mediflow-daunenwasserkissen\\\/\"]}]},{\"@type\":\"ImageObject\",\"inLanguage\":\"en-US\",\"@id\":\"https:\\\/\\\/obb.de\\\/en\\\/shop\\\/produkte\\\/mediflow-daunenwasserkissen\\\/#primaryimage\",\"url\":\"https:\\\/\\\/obb.de\\\/wp-content\\\/uploads\\\/2022\\\/03\\\/OG-Down-1-40x80-1-scaled.jpg\",\"contentUrl\":\"https:\\\/\\\/obb.de\\\/wp-content\\\/uploads\\\/2022\\\/03\\\/OG-Down-1-40x80-1-scaled.jpg\",\"width\":2560,\"height\":1941},{\"@type\":\"BreadcrumbList\",\"@id\":\"https:\\\/\\\/obb.de\\\/en\\\/shop\\\/produkte\\\/mediflow-daunenwasserkissen\\\/#breadcrumb\",\"itemListElement\":[{\"@type\":\"ListItem\",\"position\":1,\"name\":\"Startseite\",\"item\":\"https:\\\/\\\/obb.de\\\/en\\\/home\\\/\"},{\"@type\":\"ListItem\",\"position\":2,\"name\":\"Products\",\"item\":\"https:\\\/\\\/obb.de\\\/en\\\/shop\\\/\"},{\"@type\":\"ListItem\",\"position\":3,\"name\":\"Mediflow Daunenwasserkissen\"}]},{\"@type\":\"WebSite\",\"@id\":\"https:\\\/\\\/obb.de\\\/en\\\/oldsite\\\/#website\",\"url\":\"https:\\\/\\\/obb.de\\\/en\\\/oldsite\\\/\",\"name\":\"OBB Oberbadische Bettfedernfabrik GmbH\",\"description\":\"Traumhaft Seit 1900\",\"publisher\":{\"@id\":\"https:\\\/\\\/obb.de\\\/en\\\/oldsite\\\/#organization\"},\"potentialAction\":[{\"@type\":\"SearchAction\",\"target\":{\"@type\":\"EntryPoint\",\"urlTemplate\":\"https:\\\/\\\/obb.de\\\/en\\\/oldsite\\\/?s={search_term_string}\"},\"query-input\":{\"@type\":\"PropertyValueSpecification\",\"valueRequired\":true,\"valueName\":\"search_term_string\"}}],\"inLanguage\":\"en-US\"},{\"@type\":\"Organization\",\"@id\":\"https:\\\/\\\/obb.de\\\/en\\\/oldsite\\\/#organization\",\"name\":\"OBB GmbH\",\"url\":\"https:\\\/\\\/obb.de\\\/en\\\/oldsite\\\/\",\"logo\":{\"@type\":\"ImageObject\",\"inLanguage\":\"en-US\",\"@id\":\"https:\\\/\\\/obb.de\\\/en\\\/oldsite\\\/#\\\/schema\\\/logo\\\/image\\\/\",\"url\":\"https:\\\/\\\/obb.de\\\/wp-content\\\/uploads\\\/2019\\\/07\\\/OBB_Logo_4c_Deutsch_Signatur-2.jpg\",\"contentUrl\":\"https:\\\/\\\/obb.de\\\/wp-content\\\/uploads\\\/2019\\\/07\\\/OBB_Logo_4c_Deutsch_Signatur-2.jpg\",\"width\":707,\"height\":230,\"caption\":\"OBB GmbH\"},\"image\":{\"@id\":\"https:\\\/\\\/obb.de\\\/en\\\/oldsite\\\/#\\\/schema\\\/logo\\\/image\\\/\"}}]}<\/script>\n<!-- \/ Yoast SEO plugin. -->","yoast_head_json":{"title":"Mediflow Daunenwasserkissen","description":"Das Mediflow Daunen Wasserkissen mit stufenlos verstellbarem Wasserkern und kuscheligen Daunen","robots":{"index":"index","follow":"follow","max-snippet":"max-snippet:-1","max-image-preview":"max-image-preview:large","max-video-preview":"max-video-preview:-1"},"canonical":"https:\/\/obb.de\/en\/shop\/produkte\/mediflow-daunenwasserkissen\/","og_locale":"en_US","og_type":"article","og_title":"Mediflow Daunenwasserkissen","og_description":"Das Mediflow Daunen Wasserkissen mit stufenlos verstellbarem Wasserkern und kuscheligen Daunen","og_url":"https:\/\/obb.de\/en\/shop\/produkte\/mediflow-daunenwasserkissen\/","og_site_name":"OBB Oberbadische Bettfedernfabrik GmbH","article_modified_time":"2025-11-25T15:19:14+00:00","og_image":[{"width":2560,"height":1941,"url":"https:\/\/obb.de\/wp-content\/uploads\/2022\/03\/OG-Down-1-40x80-1-scaled.jpg","type":"image\/jpeg"}],"twitter_card":"summary_large_image","twitter_misc":{"Est. reading time":"1 minute"},"schema":{"@context":"https:\/\/schema.org","@graph":[{"@type":"WebPage","@id":"https:\/\/obb.de\/en\/shop\/produkte\/mediflow-daunenwasserkissen\/","url":"https:\/\/obb.de\/en\/shop\/produkte\/mediflow-daunenwasserkissen\/","name":"Mediflow Daunenwasserkissen","isPartOf":{"@id":"https:\/\/obb.de\/en\/oldsite\/#website"},"primaryImageOfPage":{"@id":"https:\/\/obb.de\/en\/shop\/produkte\/mediflow-daunenwasserkissen\/#primaryimage"},"image":{"@id":"https:\/\/obb.de\/en\/shop\/produkte\/mediflow-daunenwasserkissen\/#primaryimage"},"thumbnailUrl":"https:\/\/obb.de\/wp-content\/uploads\/2022\/03\/OG-Down-1-40x80-1-scaled.jpg","datePublished":"2022-03-02T14:21:10+00:00","dateModified":"2025-11-25T15:19:14+00:00","description":"Das Mediflow Daunen Wasserkissen mit stufenlos verstellbarem Wasserkern und kuscheligen Daunen","breadcrumb":{"@id":"https:\/\/obb.de\/en\/shop\/produkte\/mediflow-daunenwasserkissen\/#breadcrumb"},"inLanguage":"en-US","potentialAction":[{"@type":"ReadAction","target":["https:\/\/obb.de\/en\/shop\/produkte\/mediflow-daunenwasserkissen\/"]}]},{"@type":"ImageObject","inLanguage":"en-US","@id":"https:\/\/obb.de\/en\/shop\/produkte\/mediflow-daunenwasserkissen\/#primaryimage","url":"https:\/\/obb.de\/wp-content\/uploads\/2022\/03\/OG-Down-1-40x80-1-scaled.jpg","contentUrl":"https:\/\/obb.de\/wp-content\/uploads\/2022\/03\/OG-Down-1-40x80-1-scaled.jpg","width":2560,"height":1941},{"@type":"BreadcrumbList","@id":"https:\/\/obb.de\/en\/shop\/produkte\/mediflow-daunenwasserkissen\/#breadcrumb","itemListElement":[{"@type":"ListItem","position":1,"name":"Startseite","item":"https:\/\/obb.de\/en\/home\/"},{"@type":"ListItem","position":2,"name":"Products","item":"https:\/\/obb.de\/en\/shop\/"},{"@type":"ListItem","position":3,"name":"Mediflow Daunenwasserkissen"}]},{"@type":"WebSite","@id":"https:\/\/obb.de\/en\/oldsite\/#website","url":"https:\/\/obb.de\/en\/oldsite\/","name":"OBB Oberbadische Bettfedernfabrik GmbH","description":"Traumhaft Seit 1900","publisher":{"@id":"https:\/\/obb.de\/en\/oldsite\/#organization"},"potentialAction":[{"@type":"SearchAction","target":{"@type":"EntryPoint","urlTemplate":"https:\/\/obb.de\/en\/oldsite\/?s={search_term_string}"},"query-input":{"@type":"PropertyValueSpecification","valueRequired":true,"valueName":"search_term_string"}}],"inLanguage":"en-US"},{"@type":"Organization","@id":"https:\/\/obb.de\/en\/oldsite\/#organization","name":"OBB GmbH","url":"https:\/\/obb.de\/en\/oldsite\/","logo":{"@type":"ImageObject","inLanguage":"en-US","@id":"https:\/\/obb.de\/en\/oldsite\/#\/schema\/logo\/image\/","url":"https:\/\/obb.de\/wp-content\/uploads\/2019\/07\/OBB_Logo_4c_Deutsch_Signatur-2.jpg","contentUrl":"https:\/\/obb.de\/wp-content\/uploads\/2019\/07\/OBB_Logo_4c_Deutsch_Signatur-2.jpg","width":707,"height":230,"caption":"OBB GmbH"},"image":{"@id":"https:\/\/obb.de\/en\/oldsite\/#\/schema\/logo\/image\/"}}]}},"_links":{"self":[{"href":"https:\/\/obb.de\/en\/wp-json\/wp\/v2\/product\/10753","targetHints":{"allow":["GET"]}}],"collection":[{"href":"https:\/\/obb.de\/en\/wp-json\/wp\/v2\/product"}],"about":[{"href":"https:\/\/obb.de\/en\/wp-json\/wp\/v2\/types\/product"}],"replies":[{"embeddable":true,"href":"https:\/\/obb.de\/en\/wp-json\/wp\/v2\/comments?post=10753"}],"wp:featuredmedia":[{"embeddable":true,"href":"https:\/\/obb.de\/en\/wp-json\/wp\/v2\/media\/14069"}],"wp:attachment":[{"href":"https:\/\/obb.de\/en\/wp-json\/wp\/v2\/media?parent=10753"}],"wp:term":[{"taxonomy":"product_brand","embeddable":true,"href":"https:\/\/obb.de\/en\/wp-json\/wp\/v2\/product_brand?post=10753"},{"taxonomy":"product_cat","embeddable":true,"href":"https:\/\/obb.de\/en\/wp-json\/wp\/v2\/product_cat?post=10753"},{"taxonomy":"product_tag","embeddable":true,"href":"https:\/\/obb.de\/en\/wp-json\/wp\/v2\/product_tag?post=10753"}],"curies":[{"name":"wp","href":"https:\/\/api.w.org\/{rel}","templated":true}]}}