{"id":10309,"date":"2022-03-02T11:29:30","date_gmt":"2022-03-02T10:29:30","guid":{"rendered":"https:\/\/obb.de\/?post_type=product&#038;p=10309"},"modified":"2025-12-01T12:43:14","modified_gmt":"2025-12-01T10:43:14","slug":"schwarzwald-hanne-biodecke","status":"publish","type":"product","link":"https:\/\/obb.de\/en\/shop\/produkte\/schwarzwald-hanne-biodecke\/","title":{"rendered":"Schwarzwald &#8220;Hanne&#8221; Biodecke"},"content":{"rendered":"<p>Unsere Schwarzwald Bio Kollektion entstand aus unserer Heimat- und Naturverbundenheit und vereint die nachhaltigsten Rohstoffe, die die Natur zu bieten hat. Die Kollektion ist mit dem &#8220;<a href=\"https:\/\/global-standard.org\/de\">GOTS<\/a>&#8221; (Global Organic Standard) ausgezeichnet. GOTS pr\u00fcft die Produkte und die Unternehmen nach strengsten Vorgaben im Hinblick auf chemische Zusatzstoffe und R\u00fcckst\u00e4nde, Umwelt \u2013 und Sozialmanagement, sowie Dokumentation und R\u00fcckverfolgbarkeit. &#8220;<a href=\"https:\/\/global-standard.org\/de\">GOTS<\/a>&#8221; gilt als der umfassendste textile Nachhaltigkeitsstandard weltweit. &#8220;Hanne&#8221; vereint ein Inlett aus Bio-Baumwolle (100%) mit einer Mischung aus Bio-Hanf (70%) und Bio-Baumwolle (30%) aus kontrolliert biologischem Anbau.<\/p>\n","protected":false},"excerpt":{"rendered":"<p>Unsere Schwarzwald Bio Kollektion entstand aus unserer Heimat- und Naturverbundenheit und vereint die nachhaltigsten Rohstoffe, die die Natur zu bieten<\/p>\n","protected":false},"featured_media":12827,"comment_status":"closed","ping_status":"closed","template":"","meta":[],"product_brand":[],"product_cat":[798,799,800,430],"product_tag":[],"class_list":{"0":"post-10309","1":"product","2":"type-product","3":"status-publish","4":"has-post-thumbnail","6":"product_cat-135x200","7":"product_cat-155x220","8":"product_cat-200x200","9":"product_cat-naturfaserdecken","11":"first","12":"instock","13":"taxable","14":"shipping-taxable","15":"purchasable","16":"product-type-variable","17":"has-default-attributes"},"yoast_head":"<!-- This site is optimized with the Yoast SEO plugin v27.2 - https:\/\/yoast.com\/product\/yoast-seo-wordpress\/ -->\n<title>Schwarzwald &quot;Hanne&quot; Biodecke<\/title>\n<meta name=\"description\" content=\"\u201cGOTS\u201d zertifizierte Biodecken aus der OBB Schwarzwald Bio \u201cHanne\u201d Produktlinie\" \/>\n<meta name=\"robots\" content=\"index, follow, max-snippet:-1, max-image-preview:large, max-video-preview:-1\" \/>\n<link rel=\"canonical\" href=\"https:\/\/obb.de\/en\/shop\/produkte\/schwarzwald-hanne-biodecke\/\" \/>\n<meta property=\"og:locale\" content=\"en_US\" \/>\n<meta property=\"og:type\" content=\"article\" \/>\n<meta property=\"og:title\" content=\"Schwarzwald &quot;Hanne&quot; Biodecke\" \/>\n<meta property=\"og:description\" content=\"\u201cGOTS\u201d zertifizierte Biodecken aus der OBB Schwarzwald Bio \u201cHanne\u201d Produktlinie\" \/>\n<meta property=\"og:url\" content=\"https:\/\/obb.de\/en\/shop\/produkte\/schwarzwald-hanne-biodecke\/\" \/>\n<meta property=\"og:site_name\" content=\"OBB Oberbadische Bettfedernfabrik GmbH\" \/>\n<meta property=\"article:modified_time\" content=\"2025-12-01T10:43:14+00:00\" \/>\n<meta property=\"og:image\" content=\"https:\/\/obb.de\/wp-content\/uploads\/2023\/05\/Schwarld-Bio.jpg\" \/>\n\t<meta property=\"og:image:width\" content=\"1500\" \/>\n\t<meta property=\"og:image:height\" content=\"1000\" \/>\n\t<meta property=\"og:image:type\" content=\"image\/jpeg\" \/>\n<meta name=\"twitter:card\" content=\"summary_large_image\" \/>\n<meta name=\"twitter:label1\" content=\"Est. reading time\" \/>\n\t<meta name=\"twitter:data1\" content=\"1 minute\" \/>\n<script type=\"application\/ld+json\" class=\"yoast-schema-graph\">{\"@context\":\"https:\/\/schema.org\",\"@graph\":[{\"@type\":\"WebPage\",\"@id\":\"https:\/\/obb.de\/en\/shop\/produkte\/schwarzwald-hanne-biodecke\/\",\"url\":\"https:\/\/obb.de\/en\/shop\/produkte\/schwarzwald-hanne-biodecke\/\",\"name\":\"Schwarzwald \\\"Hanne\\\" Biodecke\",\"isPartOf\":{\"@id\":\"https:\/\/obb.de\/en\/oldsite\/#website\"},\"primaryImageOfPage\":{\"@id\":\"https:\/\/obb.de\/en\/shop\/produkte\/schwarzwald-hanne-biodecke\/#primaryimage\"},\"image\":{\"@id\":\"https:\/\/obb.de\/en\/shop\/produkte\/schwarzwald-hanne-biodecke\/#primaryimage\"},\"thumbnailUrl\":\"https:\/\/obb.de\/wp-content\/uploads\/2023\/05\/Schwarld-Bio.jpg\",\"datePublished\":\"2022-03-02T10:29:30+00:00\",\"dateModified\":\"2025-12-01T10:43:14+00:00\",\"description\":\"\u201cGOTS\u201d zertifizierte Biodecken aus der OBB Schwarzwald Bio \u201cHanne\u201d Produktlinie\",\"breadcrumb\":{\"@id\":\"https:\/\/obb.de\/en\/shop\/produkte\/schwarzwald-hanne-biodecke\/#breadcrumb\"},\"inLanguage\":\"en-US\",\"potentialAction\":[{\"@type\":\"ReadAction\",\"target\":[\"https:\/\/obb.de\/en\/shop\/produkte\/schwarzwald-hanne-biodecke\/\"]}]},{\"@type\":\"ImageObject\",\"inLanguage\":\"en-US\",\"@id\":\"https:\/\/obb.de\/en\/shop\/produkte\/schwarzwald-hanne-biodecke\/#primaryimage\",\"url\":\"https:\/\/obb.de\/wp-content\/uploads\/2023\/05\/Schwarld-Bio.jpg\",\"contentUrl\":\"https:\/\/obb.de\/wp-content\/uploads\/2023\/05\/Schwarld-Bio.jpg\",\"width\":1500,\"height\":1000,\"caption\":\"Schwarzwald Bio\"},{\"@type\":\"BreadcrumbList\",\"@id\":\"https:\/\/obb.de\/en\/shop\/produkte\/schwarzwald-hanne-biodecke\/#breadcrumb\",\"itemListElement\":[{\"@type\":\"ListItem\",\"position\":1,\"name\":\"Startseite\",\"item\":\"https:\/\/obb.de\/en\/home\/\"},{\"@type\":\"ListItem\",\"position\":2,\"name\":\"Products\",\"item\":\"https:\/\/obb.de\/en\/shop\/\"},{\"@type\":\"ListItem\",\"position\":3,\"name\":\"Schwarzwald &#8222;Hanne&#8220; Biodecke\"}]},{\"@type\":\"WebSite\",\"@id\":\"https:\/\/obb.de\/en\/oldsite\/#website\",\"url\":\"https:\/\/obb.de\/en\/oldsite\/\",\"name\":\"OBB Oberbadische Bettfedernfabrik GmbH\",\"description\":\"Traumhaft Seit 1900\",\"publisher\":{\"@id\":\"https:\/\/obb.de\/en\/oldsite\/#organization\"},\"potentialAction\":[{\"@type\":\"SearchAction\",\"target\":{\"@type\":\"EntryPoint\",\"urlTemplate\":\"https:\/\/obb.de\/en\/oldsite\/?s={search_term_string}\"},\"query-input\":{\"@type\":\"PropertyValueSpecification\",\"valueRequired\":true,\"valueName\":\"search_term_string\"}}],\"inLanguage\":\"en-US\"},{\"@type\":\"Organization\",\"@id\":\"https:\/\/obb.de\/en\/oldsite\/#organization\",\"name\":\"OBB GmbH\",\"url\":\"https:\/\/obb.de\/en\/oldsite\/\",\"logo\":{\"@type\":\"ImageObject\",\"inLanguage\":\"en-US\",\"@id\":\"https:\/\/obb.de\/en\/oldsite\/#\/schema\/logo\/image\/\",\"url\":\"https:\/\/obb.de\/wp-content\/uploads\/2019\/07\/OBB_Logo_4c_Deutsch_Signatur-2.jpg\",\"contentUrl\":\"https:\/\/obb.de\/wp-content\/uploads\/2019\/07\/OBB_Logo_4c_Deutsch_Signatur-2.jpg\",\"width\":707,\"height\":230,\"caption\":\"OBB GmbH\"},\"image\":{\"@id\":\"https:\/\/obb.de\/en\/oldsite\/#\/schema\/logo\/image\/\"}}]}<\/script>\n<!-- \/ Yoast SEO plugin. -->","yoast_head_json":{"title":"Schwarzwald \"Hanne\" Biodecke","description":"\u201cGOTS\u201d zertifizierte Biodecken aus der OBB Schwarzwald Bio \u201cHanne\u201d Produktlinie","robots":{"index":"index","follow":"follow","max-snippet":"max-snippet:-1","max-image-preview":"max-image-preview:large","max-video-preview":"max-video-preview:-1"},"canonical":"https:\/\/obb.de\/en\/shop\/produkte\/schwarzwald-hanne-biodecke\/","og_locale":"en_US","og_type":"article","og_title":"Schwarzwald \"Hanne\" Biodecke","og_description":"\u201cGOTS\u201d zertifizierte Biodecken aus der OBB Schwarzwald Bio \u201cHanne\u201d Produktlinie","og_url":"https:\/\/obb.de\/en\/shop\/produkte\/schwarzwald-hanne-biodecke\/","og_site_name":"OBB Oberbadische Bettfedernfabrik GmbH","article_modified_time":"2025-12-01T10:43:14+00:00","og_image":[{"width":1500,"height":1000,"url":"https:\/\/obb.de\/wp-content\/uploads\/2023\/05\/Schwarld-Bio.jpg","type":"image\/jpeg"}],"twitter_card":"summary_large_image","twitter_misc":{"Est. reading time":"1 minute"},"schema":{"@context":"https:\/\/schema.org","@graph":[{"@type":"WebPage","@id":"https:\/\/obb.de\/en\/shop\/produkte\/schwarzwald-hanne-biodecke\/","url":"https:\/\/obb.de\/en\/shop\/produkte\/schwarzwald-hanne-biodecke\/","name":"Schwarzwald \"Hanne\" Biodecke","isPartOf":{"@id":"https:\/\/obb.de\/en\/oldsite\/#website"},"primaryImageOfPage":{"@id":"https:\/\/obb.de\/en\/shop\/produkte\/schwarzwald-hanne-biodecke\/#primaryimage"},"image":{"@id":"https:\/\/obb.de\/en\/shop\/produkte\/schwarzwald-hanne-biodecke\/#primaryimage"},"thumbnailUrl":"https:\/\/obb.de\/wp-content\/uploads\/2023\/05\/Schwarld-Bio.jpg","datePublished":"2022-03-02T10:29:30+00:00","dateModified":"2025-12-01T10:43:14+00:00","description":"\u201cGOTS\u201d zertifizierte Biodecken aus der OBB Schwarzwald Bio \u201cHanne\u201d Produktlinie","breadcrumb":{"@id":"https:\/\/obb.de\/en\/shop\/produkte\/schwarzwald-hanne-biodecke\/#breadcrumb"},"inLanguage":"en-US","potentialAction":[{"@type":"ReadAction","target":["https:\/\/obb.de\/en\/shop\/produkte\/schwarzwald-hanne-biodecke\/"]}]},{"@type":"ImageObject","inLanguage":"en-US","@id":"https:\/\/obb.de\/en\/shop\/produkte\/schwarzwald-hanne-biodecke\/#primaryimage","url":"https:\/\/obb.de\/wp-content\/uploads\/2023\/05\/Schwarld-Bio.jpg","contentUrl":"https:\/\/obb.de\/wp-content\/uploads\/2023\/05\/Schwarld-Bio.jpg","width":1500,"height":1000,"caption":"Schwarzwald Bio"},{"@type":"BreadcrumbList","@id":"https:\/\/obb.de\/en\/shop\/produkte\/schwarzwald-hanne-biodecke\/#breadcrumb","itemListElement":[{"@type":"ListItem","position":1,"name":"Startseite","item":"https:\/\/obb.de\/en\/home\/"},{"@type":"ListItem","position":2,"name":"Products","item":"https:\/\/obb.de\/en\/shop\/"},{"@type":"ListItem","position":3,"name":"Schwarzwald &#8222;Hanne&#8220; Biodecke"}]},{"@type":"WebSite","@id":"https:\/\/obb.de\/en\/oldsite\/#website","url":"https:\/\/obb.de\/en\/oldsite\/","name":"OBB Oberbadische Bettfedernfabrik GmbH","description":"Traumhaft Seit 1900","publisher":{"@id":"https:\/\/obb.de\/en\/oldsite\/#organization"},"potentialAction":[{"@type":"SearchAction","target":{"@type":"EntryPoint","urlTemplate":"https:\/\/obb.de\/en\/oldsite\/?s={search_term_string}"},"query-input":{"@type":"PropertyValueSpecification","valueRequired":true,"valueName":"search_term_string"}}],"inLanguage":"en-US"},{"@type":"Organization","@id":"https:\/\/obb.de\/en\/oldsite\/#organization","name":"OBB GmbH","url":"https:\/\/obb.de\/en\/oldsite\/","logo":{"@type":"ImageObject","inLanguage":"en-US","@id":"https:\/\/obb.de\/en\/oldsite\/#\/schema\/logo\/image\/","url":"https:\/\/obb.de\/wp-content\/uploads\/2019\/07\/OBB_Logo_4c_Deutsch_Signatur-2.jpg","contentUrl":"https:\/\/obb.de\/wp-content\/uploads\/2019\/07\/OBB_Logo_4c_Deutsch_Signatur-2.jpg","width":707,"height":230,"caption":"OBB GmbH"},"image":{"@id":"https:\/\/obb.de\/en\/oldsite\/#\/schema\/logo\/image\/"}}]}},"_links":{"self":[{"href":"https:\/\/obb.de\/en\/wp-json\/wp\/v2\/product\/10309","targetHints":{"allow":["GET"]}}],"collection":[{"href":"https:\/\/obb.de\/en\/wp-json\/wp\/v2\/product"}],"about":[{"href":"https:\/\/obb.de\/en\/wp-json\/wp\/v2\/types\/product"}],"replies":[{"embeddable":true,"href":"https:\/\/obb.de\/en\/wp-json\/wp\/v2\/comments?post=10309"}],"wp:featuredmedia":[{"embeddable":true,"href":"https:\/\/obb.de\/en\/wp-json\/wp\/v2\/media\/12827"}],"wp:attachment":[{"href":"https:\/\/obb.de\/en\/wp-json\/wp\/v2\/media?parent=10309"}],"wp:term":[{"taxonomy":"product_brand","embeddable":true,"href":"https:\/\/obb.de\/en\/wp-json\/wp\/v2\/product_brand?post=10309"},{"taxonomy":"product_cat","embeddable":true,"href":"https:\/\/obb.de\/en\/wp-json\/wp\/v2\/product_cat?post=10309"},{"taxonomy":"product_tag","embeddable":true,"href":"https:\/\/obb.de\/en\/wp-json\/wp\/v2\/product_tag?post=10309"}],"curies":[{"name":"wp","href":"https:\/\/api.w.org\/{rel}","templated":true}]}}