{"id":8697,"date":"2019-07-15T09:47:09","date_gmt":"2019-07-15T08:47:09","guid":{"rendered":"https:\/\/www.obb.de\/?page_id=8697"},"modified":"2019-08-26T16:38:25","modified_gmt":"2019-08-26T15:38:25","slug":"important-information-news","status":"publish","type":"page","link":"https:\/\/obb.de\/en\/important-information-news\/","title":{"rendered":"Important information\/news"},"content":{"rendered":"<div class=\"wpb-content-wrapper\"><p>[vc_row full_width=&#8221;stretch_row&#8221; css=&#8221;.vc_custom_1554733490649{margin-bottom: 75px !important;padding-top: 65px !important;padding-bottom: 65px !important;background-image: url(https:\/\/www.obb.de\/wp-content\/uploads\/2019\/04\/Bett_Laptop.jpeg?id=8297) !important;background-position: center !important;background-repeat: no-repeat !important;background-size: cover !important;}&#8221; mobile_bg_img_hidden=&#8221;no&#8221; woodmart_parallax=&#8221;0&#8243; woodmart_gradient_switch=&#8221;no&#8221; row_reverse_mobile=&#8221;0&#8243; row_reverse_tablet=&#8221;0&#8243; woodmart_disable_overflow=&#8221;0&#8243;][vc_column]\n\t\t<div id=\"wd-5d2868e492ccf\" class=\"title-wrapper wd-wpb wd-set-mb reset-last-child  wd-rs-5d2868e492ccf wd-title-color-primary wd-title-style-simple text-left  wd-underline-colored\">\n\t\t\t\n\t\t\t<div class=\"liner-continer\">\n\t\t\t\t<h4 class=\"woodmart-title-container title  wd-font-weight- wd-fontsize-xxxl\" >Important information and news<\/h4>\n\t\t\t\t\t\t\t<\/div>\n\t\t\t\n\t\t\t\n\t\t\t\n\t\t<\/div>\n\t\t\n\t\t[\/vc_column][\/vc_row][vc_row css=&#8221;.vc_custom_1545123669797{margin-top: 70px !important;}&#8221; mobile_bg_img_hidden=&#8221;no&#8221; woodmart_parallax=&#8221;0&#8243; woodmart_gradient_switch=&#8221;no&#8221; row_reverse_mobile=&#8221;0&#8243; row_reverse_tablet=&#8221;0&#8243; woodmart_disable_overflow=&#8221;0&#8243;][vc_column width=&#8221;2\/5&#8243; mobile_bg_img_hidden=&#8221;no&#8221; woodmart_parallax=&#8221;0&#8243; woodmart_sticky_column=&#8221;false&#8221; parallax_scroll=&#8221;no&#8221; mobile_reset_margin=&#8221;no&#8221; tablet_reset_margin=&#8221;no&#8221;]\n\t\t<div id=\"wd-5d286941c4262\" class=\"title-wrapper wd-wpb wd-set-mb reset-last-child  wd-rs-5d286941c4262 wd-title-color-primary wd-title-style-simple text-left  wd-underline-colored\">\n\t\t\t\n\t\t\t<div class=\"liner-continer\">\n\t\t\t\t<h4 class=\"woodmart-title-container title  wd-font-weight- wd-fontsize-xxl\" >BLOG \/ News<\/h4>\n\t\t\t\t\t\t\t<\/div>\n\t\t\t\n\t\t\t\n\t\t\t\n\t\t<\/div>\n\t\t\n\t\t[\/vc_column][vc_column width=&#8221;3\/5&#8243; mobile_bg_img_hidden=&#8221;no&#8221; woodmart_parallax=&#8221;0&#8243; woodmart_sticky_column=&#8221;false&#8221; parallax_scroll=&#8221;no&#8221; mobile_reset_margin=&#8221;no&#8221; tablet_reset_margin=&#8221;no&#8221;][\/vc_column][\/vc_row][vc_row gap=&#8221;25&#8243; equal_height=&#8221;yes&#8221; el_class=&#8221;custom-blog-2&#8243; mobile_bg_img_hidden=&#8221;no&#8221; tablet_bg_img_hidden=&#8221;no&#8221; woodmart_parallax=&#8221;0&#8243; woodmart_gradient_switch=&#8221;no&#8221; row_reverse_mobile=&#8221;0&#8243; row_reverse_tablet=&#8221;0&#8243; woodmart_disable_overflow=&#8221;0&#8243;][vc_column css=&#8221;.vc_custom_1566832853024{border-top-width: 1px !important;border-right-width: 1px !important;border-bottom-width: 1px !important;border-left-width: 1px !important;padding-top: 35px !important;padding-bottom: 35px !important;border-left-color: #878787 !important;border-left-style: solid !important;border-right-color: #878787 !important;border-right-style: solid !important;border-top-color: #878787 !important;border-top-style: solid !important;border-bottom-color: #878787 !important;border-bottom-style: solid !important;}&#8221; mobile_bg_img_hidden=&#8221;no&#8221; woodmart_parallax=&#8221;0&#8243; woodmart_sticky_column=&#8221;false&#8221; parallax_scroll=&#8221;no&#8221; mobile_reset_margin=&#8221;no&#8221; tablet_reset_margin=&#8221;no&#8221; tablet_bg_img_hidden=&#8221;no&#8221;][vc_row_inner][vc_column_inner width=&#8221;3\/4&#8243;]<div id=\"69efa6acb1a1f\" class=\"wd-blog-element wd-wpb\"><div class=\"wd-posts wd-blog-holder wd-grid-g\" data-paged=\"1\" data-atts=\"{&quot;carousel_id&quot;:&quot;5000&quot;,&quot;speed&quot;:&quot;5000&quot;,&quot;slides_per_view&quot;:&quot;3&quot;,&quot;slides_per_view_tablet&quot;:&quot;auto&quot;,&quot;slides_per_view_mobile&quot;:&quot;auto&quot;,&quot;wrap&quot;:&quot;&quot;,&quot;loop&quot;:false,&quot;autoplay&quot;:&quot;no&quot;,&quot;autoheight&quot;:&quot;no&quot;,&quot;hide_pagination_control&quot;:&quot;&quot;,&quot;hide_pagination_control_tablet&quot;:&quot;yes&quot;,&quot;hide_pagination_control_mobile&quot;:&quot;yes&quot;,&quot;dynamic_pagination_control&quot;:&quot;no&quot;,&quot;hide_prev_next_buttons&quot;:&quot;&quot;,&quot;hide_prev_next_buttons_tablet&quot;:&quot;&quot;,&quot;hide_prev_next_buttons_mobile&quot;:&quot;&quot;,&quot;carousel_arrows_position&quot;:&quot;&quot;,&quot;hide_scrollbar&quot;:&quot;yes&quot;,&quot;hide_scrollbar_tablet&quot;:&quot;yes&quot;,&quot;hide_scrollbar_mobile&quot;:&quot;yes&quot;,&quot;scroll_per_page&quot;:&quot;yes&quot;,&quot;dragEndSpeed&quot;:200,&quot;center_mode&quot;:&quot;no&quot;,&quot;custom_sizes&quot;:&quot;&quot;,&quot;sliding_speed&quot;:false,&quot;animation&quot;:false,&quot;content_animation&quot;:false,&quot;post_type&quot;:&quot;post&quot;,&quot;slider&quot;:&quot;&quot;,&quot;library&quot;:&quot;&quot;,&quot;css&quot;:&quot;&quot;,&quot;effect&quot;:&quot;&quot;,&quot;spacing&quot;:&quot;&quot;,&quot;spacing_tablet&quot;:&quot;&quot;,&quot;spacing_mobile&quot;:&quot;&quot;,&quot;carousel_sync&quot;:&quot;&quot;,&quot;sync_parent_id&quot;:&quot;&quot;,&quot;sync_child_id&quot;:&quot;&quot;,&quot;scroll_carousel_init&quot;:&quot;no&quot;,&quot;disable_overflow_carousel&quot;:&quot;no&quot;,&quot;include&quot;:&quot;&quot;,&quot;custom_query&quot;:&quot;&quot;,&quot;taxonomies&quot;:&quot;&quot;,&quot;pagination&quot;:&quot;&quot;,&quot;parts_media&quot;:true,&quot;parts_title&quot;:&quot;1&quot;,&quot;parts_meta&quot;:&quot;1&quot;,&quot;parts_text&quot;:&quot;1&quot;,&quot;parts_btn&quot;:&quot;1&quot;,&quot;parts_published_date&quot;:true,&quot;items_per_page&quot;:&quot;1&quot;,&quot;offset&quot;:&quot;&quot;,&quot;orderby&quot;:&quot;date&quot;,&quot;order&quot;:&quot;DESC&quot;,&quot;meta_key&quot;:&quot;&quot;,&quot;exclude&quot;:&quot;&quot;,&quot;class&quot;:&quot;&quot;,&quot;ajax_page&quot;:&quot;&quot;,&quot;img_size&quot;:&quot;medium&quot;,&quot;img_size_custom&quot;:[],&quot;blog_design&quot;:&quot;default-alt&quot;,&quot;blog_masonry&quot;:false,&quot;blog_carousel_design&quot;:&quot;masonry&quot;,&quot;blog_columns&quot;:3,&quot;blog_columns_tablet&quot;:&quot;auto&quot;,&quot;blog_columns_mobile&quot;:&quot;auto&quot;,&quot;blog_spacing&quot;:&quot;&quot;,&quot;blog_spacing_tablet&quot;:&quot;&quot;,&quot;blog_spacing_mobile&quot;:&quot;&quot;,&quot;lazy_loading&quot;:&quot;no&quot;,&quot;search&quot;:&quot;&quot;,&quot;woodmart_css_id&quot;:&quot;&quot;,&quot;element_title&quot;:&quot;&quot;,&quot;element_title_tag&quot;:&quot;h3&quot;,&quot;inner_content&quot;:&quot;&quot;,&quot;el_id&quot;:&quot;&quot;,&quot;el_class&quot;:&quot;&quot;,&quot;wrapper_classes&quot;:&quot;&quot;}\" data-source=\"shortcode\">\n<article id=\"post-9048\" class=\"wd-post blog-design-default-alt blog-post-loop blog-style-bg wd-add-shadow wd-col post-9048 post type-post status-publish format-standard has-post-thumbnail hentry category-nachhaltigkeit-en category-produktion-von-bettwaren-en tag-bettfedern-en tag-bettwaren-en tag-daunen-en tag-din-en-12935-en tag-downafresh-en tag-downasan-en tag-federn-en tag-hygiene-en tag-oekologie-en tag-umwelt-en tag-umweltschutz-en tag-vollstufige-produktion-en tag-waschen-en\">\n\t<div class=\"wd-post-inner article-inner\">\n\t\t\t\t\t<div class=\"wd-post-cat wd-style-with-bg meta-post-categories\">\n\t\t\t\t<a href=\"https:\/\/obb.de\/en\/category\/nachhaltigkeit-en\/\" rel=\"category tag\">Nachhaltigkeit<\/a>, <a href=\"https:\/\/obb.de\/en\/category\/produktion-von-bettwaren-en\/\" rel=\"category tag\">Produktion von Bettwaren<\/a>\t\t\t<\/div>\n\t\t\n\t\t\t\t\t<h3 class=\"wd-post-title wd-entities-title title post-title\">\n\t\t\t\t<a href=\"https:\/\/obb.de\/en\/2019\/09\/09\/daunasan-downafresh-downafreshgreenline\/\" rel=\"bookmark\">Daunasan\u00ae \/ Downafresh\u00ae \/ Downafresh\u00aegreenline<\/a>\n\t\t\t<\/h3>\n\t\t\n\t\t\t\t\t<div class=\"wd-post-meta\">\n\t\t\t\t\t\t\t\t\t\t\t\t<div class=\"wd-post-author\">\n\t\t\t\t\t\t\t\t\t\t<span>Posted by<\/span>\n\t\t\n\t\t\t\t\t<img alt='author-avatar' src='https:\/\/secure.gravatar.com\/avatar\/26a6513cf6dd63ebce616f8bb5f5df626adc6de37c0bfc68ad80764670b6fbdb?s=18&#038;d=mm&#038;r=g' srcset='https:\/\/secure.gravatar.com\/avatar\/26a6513cf6dd63ebce616f8bb5f5df626adc6de37c0bfc68ad80764670b6fbdb?s=36&#038;d=mm&#038;r=g 2x' class='avatar avatar-18 photo' height='18' width='18' \/>\t\t\n\t\t\t\t\t<a href=\"https:\/\/obb.de\/en\/author\/pschweigert\/\" class=\"author\" rel=\"author\">Petra Schweigert<\/a>\n\t\t\t\t\t\t\t\t<\/div>\n\t\t\t\t<div class=\"wd-modified-date\">\n\t\t\t\t\t\t\t<time class=\"updated\" datetime=\"2024-04-09T12:20:10+02:00\">\n\t\t\t9. April 2024\t\t<\/time>\n\t\t\t\t\t\t<\/div>\n\n\t\t\t\t\t\t\t\t\t\t\t\t\t\t<div class=\"wd-post-reply wd-style-1\">\n\t\t\t\t\t\t<a href=\"https:\/\/obb.de\/en\/2019\/09\/09\/daunasan-downafresh-downafreshgreenline\/#respond\"><span class=\"wd-replies-count\">0<\/span><\/a>\t\t\t\t\t<\/div>\n\t\t\t\t\t\t\t<\/div>\n\t\t\n\t\t\t\t\t<div class=\"wd-post-thumb entry-header\">\n\t\t\t\t\t\t\t\t\t<div class=\"wd-post-img post-img-wrapp\">\n\t\t\t\t\t\t<img decoding=\"async\" width=\"300\" height=\"200\" src=\"https:\/\/obb.de\/wp-content\/uploads\/2020\/05\/BLOG-POST-300x200.png\" class=\"attachment-medium size-medium\" alt=\"\" srcset=\"https:\/\/obb.de\/wp-content\/uploads\/2020\/05\/BLOG-POST-300x200.png 300w, https:\/\/obb.de\/wp-content\/uploads\/2020\/05\/BLOG-POST-1024x683.png 1024w, https:\/\/obb.de\/wp-content\/uploads\/2020\/05\/BLOG-POST-768x512.png 768w, https:\/\/obb.de\/wp-content\/uploads\/2020\/05\/BLOG-POST-1200x800.png 1200w, https:\/\/obb.de\/wp-content\/uploads\/2020\/05\/BLOG-POST-600x400.png 600w, https:\/\/obb.de\/wp-content\/uploads\/2020\/05\/BLOG-POST-150x100.png 150w, https:\/\/obb.de\/wp-content\/uploads\/2020\/05\/BLOG-POST.png 1500w\" sizes=\"(max-width: 300px) 100vw, 300px\" \/>\t\t\t\t\t<\/div>\n\t\t\t\t\t\t\t\t\t\t<a class=\"wd-fill\" tabindex=\"-1\" href=\"https:\/\/obb.de\/en\/2019\/09\/09\/daunasan-downafresh-downafreshgreenline\/\" aria-label=\"Link on post Daunasan\u00ae \/ Downafresh\u00ae \/ Downafresh\u00aegreenline\"><\/a>\n\t\t\t\t\t\t\t\t\t\t\t\t\t\t\t\t<div class=\"wd-post-date wd-style-with-bg\">\n\t\t\t\t<span class=\"post-date-day\">\n\t\t\t\t\t09\t\t\t\t<\/span>\n\t\t\t\t<span class=\"post-date-month\">\n\t\t\t\t\tSep\t\t\t\t<\/span>\n\t\t\t<\/div>\n\t\t\t\t\t\t\t\t\t<\/div>\n\t\t\n\t\t<div class=\"wd-post-content article-body-container\">\n\t\t\t\t\t\t\t\t\t\t\t\t<div class=\"wd-post-excerpt entry-content\">\n\t\t\t\t\t\t<p><img decoding=\"async\" class=\"aligncenter wp-image-9042 size-large\" src=\"https:\/\/obb.de\/wp-content\/uploads\/2019\/09\/Waschanleitung-1024x768.jpg\" alt=\"\" width=\"1024\" height=\"768\" srcset=\"https:\/\/obb.de\/wp-content\/uploads\/2019\/09\/Waschanleitung-1024x768.jpg 1024w, https:\/\/obb.de\/wp-content\/uploads\/2019\/09\/Waschanleitung-600x450.jpg 600w, https:\/\/obb.de\/wp-content\/uploads\/2019\/09\/Waschanleitung-150x113.jpg 150w, https:\/\/obb.de\/wp-content\/uploads\/2019\/09\/Waschanleitung-1200x900.jpg 1200w, https:\/\/obb.de\/wp-content\/uploads\/2019\/09\/Waschanleitung-300x225.jpg 300w, https:\/\/obb.de\/wp-content\/uploads\/2019\/09\/Waschanleitung-768x576.jpg 768w, https:\/\/obb.de\/wp-content\/uploads\/2019\/09\/Waschanleitung.jpg 2016w\" sizes=\"(max-width: 1024px) 100vw, 1024px\" \/><\/p>\n<p>Dieses Foto zeigt die handgeschriebene Waschanleitung des damaligen Mitarbeiters, der f\u00fcr die W\u00e4scherei zust\u00e4ndig war. Sie ist schon viele Jahrzehnte alt&#8230;<\/p>\n<p>Heute erfolgt das Waschen und die Weiterbearbeitung unserer Rohware streng nach DIN EN 12935 und den Anforderungen, die an die Hygiene von Federn und Daunen als F\u00fcllmaterial gestellt werden.<\/p>\n<div class=\"wrapper\">\n<div id=\"\" class=\"column-section clearfix spaced-normal \">\n<div class=\"column one-full last-col \">\n<p>Unsere Bettwaren sind mit dem Siegel von Downafresh\u00ae und Daunasan\u00ae versehen. Dies dokumentiert, dass die als F\u00fcllmaterial verwendeten Federn und Daunen der DIN EN 12935 entsprechen.<\/p>\n<p>Dar\u00fcber hinaus zeichnet Downafresh\u00ae greenLine F\u00fcllungen der damit gekennzeichneten Bettwaren aus, die nach \u00f6kologischen Kriterien bearbeitet wurden. Dabei d\u00fcrfen nur Waschmittel verwendet werden, die die Umwelt schonen und die Nat\u00fcrlichkeit des F\u00fcllmaterials erhalten.<\/p>\n<p>Unsere Daunen und Federn werden ca. eine Stunde lang in 6 bis 8 Sp\u00fclg\u00e4ngen gewaschen. Anschlie\u00dfend werden sie bei \u00fcber 130 \u00b0C getrocknet; dabei werden auch die Erreger wie z. B. der Vogelgrippe zuverl\u00e4ssig abget\u00f6tet.<\/p>\n<\/div>\n<\/div>\n<\/div>\n\t\t\t\t\t<\/div>\n\t\t\t\t\n\t\t\t\t\t\t\t\n\t\t\t\t\t\t\t<div class=\"wd-share-with-lines\">\n\t\t\t\t\t<span><\/span>\n\t\t\t\t\t\t\t\t\t\t<span><\/span>\n\t\t\t\t<\/div>\n\t\t\t\t\t<\/div>\n\t<\/div>\n<\/article>\n\n\n<\/div><\/div>[vc_empty_space height=&#8221;0px&#8221; css=&#8221;.vc_custom_1566833577031{margin-top: -60px !important;}&#8221; woodmart_hide_large=&#8221;0&#8243; woodmart_hide_medium=&#8221;0&#8243; woodmart_hide_small=&#8221;0&#8243; woodmart_hide_extra_small=&#8221;0&#8243;][\/vc_column_inner][vc_column_inner width=&#8221;1\/4&#8243;][vc_widget_sidebar sidebar_id=&#8221;sidebar-204&#8243;][vc_empty_space height=&#8221;0px&#8221; css=&#8221;.vc_custom_1566833896639{margin-top: -50px !important;}&#8221; woodmart_hide_large=&#8221;0&#8243; woodmart_hide_medium=&#8221;0&#8243; woodmart_hide_small=&#8221;0&#8243; woodmart_hide_extra_small=&#8221;0&#8243;][\/vc_column_inner][\/vc_row_inner][\/vc_column][\/vc_row][vc_row gap=&#8221;25&#8243; mobile_bg_img_hidden=&#8221;no&#8221; tablet_bg_img_hidden=&#8221;no&#8221; woodmart_parallax=&#8221;0&#8243; woodmart_gradient_switch=&#8221;no&#8221; row_reverse_mobile=&#8221;0&#8243; row_reverse_tablet=&#8221;0&#8243; woodmart_disable_overflow=&#8221;0&#8243;][vc_column width=&#8221;1\/3&#8243; css=&#8221;.vc_custom_1545123239503{border-top-width: 1px !important;border-right-width: 1px !important;border-bottom-width: 1px !important;border-left-width: 1px !important;padding-top: 15px !important;border-left-color: #878787 !important;border-left-style: solid !important;border-right-color: #878787 !important;border-right-style: solid !important;border-top-color: #878787 !important;border-top-style: solid !important;border-bottom-color: #878787 !important;border-bottom-style: solid !important;}&#8221; mobile_bg_img_hidden=&#8221;no&#8221; woodmart_parallax=&#8221;0&#8243; woodmart_sticky_column=&#8221;false&#8221; parallax_scroll=&#8221;no&#8221; mobile_reset_margin=&#8221;no&#8221; tablet_reset_margin=&#8221;no&#8221;][vc_single_image image=&#8221;8843&#8243; img_size=&#8221;900X600&#8243; alignment=&#8221;center&#8221; onclick=&#8221;custom_link&#8221; link=&#8221;https:\/\/www.obb.de\/en\/important-information-news\/bedding-care-and-maintenance\/&#8221; parallax_scroll=&#8221;no&#8221;]\n\t\t<div id=\"wd-5d2868f0001fa\" class=\"title-wrapper wd-wpb wd-set-mb reset-last-child  wd-rs-5d2868f0001fa wd-title-color-alt wd-title-style-simple text-center  wd-underline-colored\">\n\t\t\t\n\t\t\t<div class=\"liner-continer\">\n\t\t\t\t<h4 class=\"woodmart-title-container title  wd-font-weight- wd-fontsize-xl\" >Bedding care and maintenance<\/h4>\n\t\t\t\t\t\t\t<\/div>\n\t\t\t\n\t\t\t\n\t\t\t\n\t\t<\/div>\n\t\t\n\t\t[\/vc_column][vc_column width=&#8221;1\/3&#8243; css=&#8221;.vc_custom_1545123244350{border-top-width: 1px !important;border-right-width: 1px !important;border-bottom-width: 1px !important;border-left-width: 1px !important;padding-top: 15px !important;border-left-color: #878787 !important;border-left-style: solid !important;border-right-color: #878787 !important;border-right-style: solid !important;border-top-color: #878787 !important;border-top-style: solid !important;border-bottom-color: #878787 !important;border-bottom-style: solid !important;}&#8221; mobile_bg_img_hidden=&#8221;no&#8221; woodmart_parallax=&#8221;0&#8243; woodmart_sticky_column=&#8221;false&#8221; parallax_scroll=&#8221;no&#8221; mobile_reset_margin=&#8221;no&#8221; tablet_reset_margin=&#8221;no&#8221;][vc_single_image image=&#8221;8699&#8243; img_size=&#8221;full&#8221; alignment=&#8221;center&#8221; onclick=&#8221;custom_link&#8221; link=&#8221;https:\/\/www.obb.de\/en\/important-information-news\/sources-and-processing\/&#8221; parallax_scroll=&#8221;no&#8221;]\n\t\t<div id=\"wd-5d28692837bd7\" class=\"title-wrapper wd-wpb wd-set-mb reset-last-child  wd-rs-5d28692837bd7 wd-title-color-alt wd-title-style-simple text-center  wd-underline-colored\">\n\t\t\t\n\t\t\t<div class=\"liner-continer\">\n\t\t\t\t<h4 class=\"woodmart-title-container title  wd-font-weight- wd-fontsize-xl\" >Sources and processing<\/h4>\n\t\t\t\t\t\t\t<\/div>\n\t\t\t\n\t\t\t\n\t\t\t\n\t\t<\/div>\n\t\t\n\t\t[\/vc_column][vc_column width=&#8221;1\/3&#8243; css=&#8221;.vc_custom_1545123249671{border-top-width: 1px !important;border-right-width: 1px !important;border-bottom-width: 1px !important;border-left-width: 1px !important;padding-top: 15px !important;border-left-color: #878787 !important;border-left-style: solid !important;border-right-color: #878787 !important;border-right-style: solid !important;border-top-color: #878787 !important;border-top-style: solid !important;border-bottom-color: #878787 !important;border-bottom-style: solid !important;}&#8221; mobile_bg_img_hidden=&#8221;no&#8221; woodmart_parallax=&#8221;0&#8243; woodmart_sticky_column=&#8221;false&#8221; parallax_scroll=&#8221;no&#8221; mobile_reset_margin=&#8221;no&#8221; tablet_reset_margin=&#8221;no&#8221;][vc_single_image image=&#8221;8705&#8243; img_size=&#8221;900&#215;600&#8243; alignment=&#8221;center&#8221; onclick=&#8221;custom_link&#8221; link=&#8221;https:\/\/www.obb.de\/en\/important-information-news\/our-quality-seals\/&#8221; parallax_scroll=&#8221;no&#8221;]\n\t\t<div id=\"wd-5d28698d6be78\" class=\"title-wrapper wd-wpb wd-set-mb reset-last-child  wd-rs-5d28698d6be78 wd-title-color-alt wd-title-style-simple text-center  wd-underline-colored\">\n\t\t\t\n\t\t\t<div class=\"liner-continer\">\n\t\t\t\t<h4 class=\"woodmart-title-container title  wd-font-weight- wd-fontsize-xl\" >Our quality seals<\/h4>\n\t\t\t\t\t\t\t<\/div>\n\t\t\t\n\t\t\t\n\t\t\t\n\t\t<\/div>\n\t\t\n\t\t[\/vc_column][\/vc_row]<\/p>\n<\/div>","protected":false},"excerpt":{"rendered":"<p>[vc_row full_width=&#8221;stretch_row&#8221; css=&#8221;.vc_custom_1554733490649{margin-bottom: 75px !important;padding-top: 65px !important;padding-bottom: 65px !important;background-image: url(https:\/\/www.obb.de\/wp-content\/uploads\/2019\/04\/Bett_Laptop.jpeg?id=8297) !important;background-position: center !important;background-repeat: no-repeat !important;background-size: cover !important;}&#8221; mobile_bg_img_hidden=&#8221;no&#8221; woodmart_parallax=&#8221;0&#8243; woodmart_gradient_switch=&#8221;no&#8221;<\/p>\n","protected":false},"author":2,"featured_media":0,"parent":0,"menu_order":3,"comment_status":"closed","ping_status":"closed","template":"","meta":{"footnotes":""},"class_list":["post-8697","page","type-page","status-publish","hentry"],"featured_image_src":null,"yoast_head":"<!-- This site is optimized with the Yoast SEO plugin v27.4 - https:\/\/yoast.com\/product\/yoast-seo-wordpress\/ -->\n<title>Important information\/news | OBB Oberbadische Bettfedernfabrik GmbH<\/title>\n<meta name=\"robots\" content=\"noindex, nofollow\" \/>\n<meta property=\"og:locale\" content=\"en_US\" \/>\n<meta property=\"og:type\" content=\"article\" \/>\n<meta property=\"og:title\" content=\"Important information\/news | OBB Oberbadische Bettfedernfabrik GmbH\" \/>\n<meta property=\"og:description\" content=\"[vc_row full_width=&#8221;stretch_row&#8221; css=&#8221;.vc_custom_1554733490649{margin-bottom: 75px !important;padding-top: 65px !important;padding-bottom: 65px !important;background-image: url(https:\/\/www.obb.de\/wp-content\/uploads\/2019\/04\/Bett_Laptop.jpeg?id=8297) !important;background-position: center !important;background-repeat: no-repeat !important;background-size: cover !important;}&#8221; mobile_bg_img_hidden=&#8221;no&#8221; woodmart_parallax=&#8221;0&#8243; woodmart_gradient_switch=&#8221;no&#8221;\" \/>\n<meta property=\"og:url\" content=\"https:\/\/obb.de\/en\/important-information-news\/\" \/>\n<meta property=\"og:site_name\" content=\"OBB Oberbadische Bettfedernfabrik GmbH\" \/>\n<meta property=\"article:modified_time\" content=\"2019-08-26T15:38:25+00:00\" \/>\n<meta name=\"twitter:card\" content=\"summary_large_image\" \/>\n<meta name=\"twitter:label1\" content=\"Est. reading time\" \/>\n\t<meta name=\"twitter:data1\" content=\"4 minutes\" \/>\n<script type=\"application\/ld+json\" class=\"yoast-schema-graph\">{\"@context\":\"https:\\\/\\\/schema.org\",\"@graph\":[{\"@type\":\"WebPage\",\"@id\":\"https:\\\/\\\/obb.de\\\/en\\\/important-information-news\\\/\",\"url\":\"https:\\\/\\\/obb.de\\\/en\\\/important-information-news\\\/\",\"name\":\"Important information\\\/news | OBB Oberbadische Bettfedernfabrik GmbH\",\"isPartOf\":{\"@id\":\"https:\\\/\\\/obb.de\\\/en\\\/oldsite\\\/#website\"},\"datePublished\":\"2019-07-15T08:47:09+00:00\",\"dateModified\":\"2019-08-26T15:38:25+00:00\",\"breadcrumb\":{\"@id\":\"https:\\\/\\\/obb.de\\\/en\\\/important-information-news\\\/#breadcrumb\"},\"inLanguage\":\"en-US\",\"potentialAction\":[{\"@type\":\"ReadAction\",\"target\":[\"https:\\\/\\\/obb.de\\\/en\\\/important-information-news\\\/\"]}]},{\"@type\":\"BreadcrumbList\",\"@id\":\"https:\\\/\\\/obb.de\\\/en\\\/important-information-news\\\/#breadcrumb\",\"itemListElement\":[{\"@type\":\"ListItem\",\"position\":1,\"name\":\"Startseite\",\"item\":\"https:\\\/\\\/obb.de\\\/en\\\/home\\\/\"},{\"@type\":\"ListItem\",\"position\":2,\"name\":\"Important information\\\/news\"}]},{\"@type\":\"WebSite\",\"@id\":\"https:\\\/\\\/obb.de\\\/en\\\/oldsite\\\/#website\",\"url\":\"https:\\\/\\\/obb.de\\\/en\\\/oldsite\\\/\",\"name\":\"OBB Oberbadische Bettfedernfabrik GmbH\",\"description\":\"Traumhaft Seit 1900\",\"publisher\":{\"@id\":\"https:\\\/\\\/obb.de\\\/en\\\/oldsite\\\/#organization\"},\"potentialAction\":[{\"@type\":\"SearchAction\",\"target\":{\"@type\":\"EntryPoint\",\"urlTemplate\":\"https:\\\/\\\/obb.de\\\/en\\\/oldsite\\\/?s={search_term_string}\"},\"query-input\":{\"@type\":\"PropertyValueSpecification\",\"valueRequired\":true,\"valueName\":\"search_term_string\"}}],\"inLanguage\":\"en-US\"},{\"@type\":\"Organization\",\"@id\":\"https:\\\/\\\/obb.de\\\/en\\\/oldsite\\\/#organization\",\"name\":\"OBB GmbH\",\"url\":\"https:\\\/\\\/obb.de\\\/en\\\/oldsite\\\/\",\"logo\":{\"@type\":\"ImageObject\",\"inLanguage\":\"en-US\",\"@id\":\"https:\\\/\\\/obb.de\\\/en\\\/oldsite\\\/#\\\/schema\\\/logo\\\/image\\\/\",\"url\":\"https:\\\/\\\/obb.de\\\/wp-content\\\/uploads\\\/2019\\\/07\\\/OBB_Logo_4c_Deutsch_Signatur-2.jpg\",\"contentUrl\":\"https:\\\/\\\/obb.de\\\/wp-content\\\/uploads\\\/2019\\\/07\\\/OBB_Logo_4c_Deutsch_Signatur-2.jpg\",\"width\":707,\"height\":230,\"caption\":\"OBB GmbH\"},\"image\":{\"@id\":\"https:\\\/\\\/obb.de\\\/en\\\/oldsite\\\/#\\\/schema\\\/logo\\\/image\\\/\"}}]}<\/script>\n<!-- \/ Yoast SEO plugin. -->","yoast_head_json":{"title":"Important information\/news | OBB Oberbadische Bettfedernfabrik GmbH","robots":{"index":"noindex","follow":"nofollow"},"og_locale":"en_US","og_type":"article","og_title":"Important information\/news | OBB Oberbadische Bettfedernfabrik GmbH","og_description":"[vc_row full_width=&#8221;stretch_row&#8221; css=&#8221;.vc_custom_1554733490649{margin-bottom: 75px !important;padding-top: 65px !important;padding-bottom: 65px !important;background-image: url(https:\/\/www.obb.de\/wp-content\/uploads\/2019\/04\/Bett_Laptop.jpeg?id=8297) !important;background-position: center !important;background-repeat: no-repeat !important;background-size: cover !important;}&#8221; mobile_bg_img_hidden=&#8221;no&#8221; woodmart_parallax=&#8221;0&#8243; woodmart_gradient_switch=&#8221;no&#8221;","og_url":"https:\/\/obb.de\/en\/important-information-news\/","og_site_name":"OBB Oberbadische Bettfedernfabrik GmbH","article_modified_time":"2019-08-26T15:38:25+00:00","twitter_card":"summary_large_image","twitter_misc":{"Est. reading time":"4 minutes"},"schema":{"@context":"https:\/\/schema.org","@graph":[{"@type":"WebPage","@id":"https:\/\/obb.de\/en\/important-information-news\/","url":"https:\/\/obb.de\/en\/important-information-news\/","name":"Important information\/news | OBB Oberbadische Bettfedernfabrik GmbH","isPartOf":{"@id":"https:\/\/obb.de\/en\/oldsite\/#website"},"datePublished":"2019-07-15T08:47:09+00:00","dateModified":"2019-08-26T15:38:25+00:00","breadcrumb":{"@id":"https:\/\/obb.de\/en\/important-information-news\/#breadcrumb"},"inLanguage":"en-US","potentialAction":[{"@type":"ReadAction","target":["https:\/\/obb.de\/en\/important-information-news\/"]}]},{"@type":"BreadcrumbList","@id":"https:\/\/obb.de\/en\/important-information-news\/#breadcrumb","itemListElement":[{"@type":"ListItem","position":1,"name":"Startseite","item":"https:\/\/obb.de\/en\/home\/"},{"@type":"ListItem","position":2,"name":"Important information\/news"}]},{"@type":"WebSite","@id":"https:\/\/obb.de\/en\/oldsite\/#website","url":"https:\/\/obb.de\/en\/oldsite\/","name":"OBB Oberbadische Bettfedernfabrik GmbH","description":"Traumhaft Seit 1900","publisher":{"@id":"https:\/\/obb.de\/en\/oldsite\/#organization"},"potentialAction":[{"@type":"SearchAction","target":{"@type":"EntryPoint","urlTemplate":"https:\/\/obb.de\/en\/oldsite\/?s={search_term_string}"},"query-input":{"@type":"PropertyValueSpecification","valueRequired":true,"valueName":"search_term_string"}}],"inLanguage":"en-US"},{"@type":"Organization","@id":"https:\/\/obb.de\/en\/oldsite\/#organization","name":"OBB GmbH","url":"https:\/\/obb.de\/en\/oldsite\/","logo":{"@type":"ImageObject","inLanguage":"en-US","@id":"https:\/\/obb.de\/en\/oldsite\/#\/schema\/logo\/image\/","url":"https:\/\/obb.de\/wp-content\/uploads\/2019\/07\/OBB_Logo_4c_Deutsch_Signatur-2.jpg","contentUrl":"https:\/\/obb.de\/wp-content\/uploads\/2019\/07\/OBB_Logo_4c_Deutsch_Signatur-2.jpg","width":707,"height":230,"caption":"OBB GmbH"},"image":{"@id":"https:\/\/obb.de\/en\/oldsite\/#\/schema\/logo\/image\/"}}]}},"_links":{"self":[{"href":"https:\/\/obb.de\/en\/wp-json\/wp\/v2\/pages\/8697","targetHints":{"allow":["GET"]}}],"collection":[{"href":"https:\/\/obb.de\/en\/wp-json\/wp\/v2\/pages"}],"about":[{"href":"https:\/\/obb.de\/en\/wp-json\/wp\/v2\/types\/page"}],"author":[{"embeddable":true,"href":"https:\/\/obb.de\/en\/wp-json\/wp\/v2\/users\/2"}],"replies":[{"embeddable":true,"href":"https:\/\/obb.de\/en\/wp-json\/wp\/v2\/comments?post=8697"}],"version-history":[{"count":0,"href":"https:\/\/obb.de\/en\/wp-json\/wp\/v2\/pages\/8697\/revisions"}],"wp:attachment":[{"href":"https:\/\/obb.de\/en\/wp-json\/wp\/v2\/media?parent=8697"}],"curies":[{"name":"wp","href":"https:\/\/api.w.org\/{rel}","templated":true}]}}